{"id":3562,"date":"2024-04-25T11:04:46","date_gmt":"2024-04-25T11:04:46","guid":{"rendered":"https:\/\/kdt-machinery.com\/?page_id=3562"},"modified":"2025-10-28T15:11:24","modified_gmt":"2025-10-28T15:11:24","slug":"dostava-i-montaza","status":"publish","type":"page","link":"https:\/\/kdt-machinery.com\/bs\/dostava-i-montaza\/","title":{"rendered":"Dostava i monta\u017ea"},"content":{"rendered":"<div class=\"is-divider divider clearfix\" style=\"margin-top:0px;margin-bottom:0px;max-width:100%;height:1px;background-color:#6d94c7;\"><\/div>\n\n\t<section class=\"section bg-grad mcol\" id=\"section_924591728\">\n\t\t<div class=\"section-bg fill\" >\n\t\t\t\t\t\t\t\t\t\n\t\t\t\n\n\t\t<\/div>\n\n\t\t\n\n\t\t<div class=\"section-content relative\">\n\t\t\t\n<div class=\"row\"  id=\"row-1355961666\">\n\n\t<div id=\"col-598686425\" class=\"col pb-0 small-12 large-12\"  >\n\t\t\t\t<div class=\"col-inner\"  >\n\t\t\t\n\t\t\t\n\t<div id=\"text-3825147405\" class=\"text\">\n\t\t\n<h1 class=\"page-m-tit\">Dostava i monta\u017ea<\/h1>\n\t\t\n<style>\n#text-3825147405 {\n  color: rgb(255,255,255);\n}\n#text-3825147405 > * {\n  color: rgb(255,255,255);\n}\n<\/style>\n\t<\/div>\n\t\n\n<nav aria-label=\"breadcrumbs\" class=\"rank-math-breadcrumb\"><p><span class=\"last\">Domov<\/span><\/p><\/nav>\n\n\t\t<\/div>\n\t\t\t\t\t<\/div>\n\n\t\n<\/div>\n\t\t<\/div>\n\n\t\t\n<style>\n#section_924591728 {\n  padding-top: 45px;\n  padding-bottom: 45px;\n}\n<\/style>\n\t<\/section>\n\t\n\n\t<section class=\"section pb-0\" id=\"section_2003548265\">\n\t\t<div class=\"section-bg fill\" >\n\t\t\t\t\t\t\t\t\t\n\t\t\t\n\n\t\t<\/div>\n\n\t\t\n\n\t\t<div class=\"section-content relative\">\n\t\t\t\n<div class=\"row\"  id=\"row-1223617355\">\n\n\t<div id=\"col-1578812263\" class=\"col pb-0 medium-6 small-6 large-3\"  >\n\t\t\t\t<div class=\"col-inner\"  >\n\t\t\t\n\t\t\t\n\n\t\t<div class=\"icon-box featured-box ic-box icon-box-left text-left\"  >\n\t\t\t\t\t<div class=\"icon-box-img\" style=\"width: 65px\">\n\t\t\t\t<div class=\"icon\">\n\t\t\t\t\t<div class=\"icon-inner\" >\n\t\t\t\t\t\t<img loading=\"lazy\" decoding=\"async\" width=\"200\" height=\"200\" src=\"https:\/\/kdt-machinery.com\/wp-content\/uploads\/2024\/04\/izkusnje.svg\" class=\"attachment-medium size-medium\" alt=\"\" \/>\t\t\t\t\t<\/div>\n\t\t\t\t<\/div>\n\t\t\t<\/div>\n\t\t\t\t<div class=\"icon-box-text last-reset\">\n\t\t\t\t\t\t\t\t\t\n<p class=\"ic-tit\">Vi\u0161e od 30 godina<\/p>\n<p class=\"ic-desc\">iskustvo i kvalitet<\/p>\n\t\t<\/div>\n\t<\/div>\n\t\n\t\n\t\t<\/div>\n\t\t\t\t\t<\/div>\n\n\t\n\n\t<div id=\"col-1302048150\" class=\"col pb-0 medium-6 small-6 large-3\"  >\n\t\t\t\t<div class=\"col-inner\"  >\n\t\t\t\n\t\t\t\n\n\t\t<div class=\"icon-box featured-box ic-box icon-box-left text-left\"  >\n\t\t\t\t\t<div class=\"icon-box-img\" style=\"width: 65px\">\n\t\t\t\t<div class=\"icon\">\n\t\t\t\t\t<div class=\"icon-inner\" >\n\t\t\t\t\t\t<img loading=\"lazy\" decoding=\"async\" width=\"200\" height=\"200\" src=\"https:\/\/kdt-machinery.com\/wp-content\/uploads\/2024\/04\/svetovanje-in-podpora.svg\" class=\"attachment-medium size-medium\" alt=\"\" \/>\t\t\t\t\t<\/div>\n\t\t\t\t<\/div>\n\t\t\t<\/div>\n\t\t\t\t<div class=\"icon-box-text last-reset\">\n\t\t\t\t\t\t\t\t\t\n<p class=\"ic-tit\">Savjeti i podr\u0161ka<\/p>\n<p class=\"ic-desc\">za pomo\u0107 korisnicima<\/p>\n\t\t<\/div>\n\t<\/div>\n\t\n\t\n\t\t<\/div>\n\t\t\t\t\t<\/div>\n\n\t\n\n\t<div id=\"col-1715741671\" class=\"col pb-0 medium-6 small-6 large-3\"  >\n\t\t\t\t<div class=\"col-inner\"  >\n\t\t\t\n\t\t\t\n\n\t\t<div class=\"icon-box featured-box ic-box icon-box-left text-left\"  >\n\t\t\t\t\t<div class=\"icon-box-img\" style=\"width: 65px\">\n\t\t\t\t<div class=\"icon\">\n\t\t\t\t\t<div class=\"icon-inner\" >\n\t\t\t\t\t\t<img loading=\"lazy\" decoding=\"async\" width=\"200\" height=\"200\" src=\"https:\/\/kdt-machinery.com\/wp-content\/uploads\/2024\/04\/servis.svg\" class=\"attachment-medium size-medium\" alt=\"\" \/>\t\t\t\t\t<\/div>\n\t\t\t\t<\/div>\n\t\t\t<\/div>\n\t\t\t\t<div class=\"icon-box-text last-reset\">\n\t\t\t\t\t\t\t\t\t\n<p class=\"ic-tit\">Vlastiti servis<\/p>\n<p class=\"ic-desc\">za pouzdane popravke<\/p>\n\t\t<\/div>\n\t<\/div>\n\t\n\t\n\t\t<\/div>\n\t\t\t\t\n<style>\n#col-1715741671 > .col-inner {\n  margin: 15px 0px 0px 0px;\n}\n@media (min-width:850px) {\n  #col-1715741671 > .col-inner {\n    margin: 0px 0px 0px 0px;\n  }\n}\n<\/style>\n\t<\/div>\n\n\t\n\n\t<div id=\"col-974154785\" class=\"col pb-0 medium-6 small-6 large-3\"  >\n\t\t\t\t<div class=\"col-inner\"  >\n\t\t\t\n\t\t\t\n\n\t\t<div class=\"icon-box featured-box ic-box icon-box-left text-left\"  >\n\t\t\t\t\t<div class=\"icon-box-img\" style=\"width: 65px\">\n\t\t\t\t<div class=\"icon\">\n\t\t\t\t\t<div class=\"icon-inner\" >\n\t\t\t\t\t\t<img loading=\"lazy\" decoding=\"async\" width=\"200\" height=\"200\" src=\"https:\/\/kdt-machinery.com\/wp-content\/uploads\/2024\/04\/zadovoljstvo.svg\" class=\"attachment-medium size-medium\" alt=\"\" \/>\t\t\t\t\t<\/div>\n\t\t\t\t<\/div>\n\t\t\t<\/div>\n\t\t\t\t<div class=\"icon-box-text last-reset\">\n\t\t\t\t\t\t\t\t\t\n<p class=\"ic-tit\">Garancija zadovoljstva<\/p>\n<p class=\"ic-desc\">na\u0161im uslugama<\/p>\n\t\t<\/div>\n\t<\/div>\n\t\n\t\n\t\t<\/div>\n\t\t\t\t\n<style>\n#col-974154785 > .col-inner {\n  margin: 15px 0px 0px 0px;\n}\n@media (min-width:850px) {\n  #col-974154785 > .col-inner {\n    margin: 0px 0px 0px 0px;\n  }\n}\n<\/style>\n\t<\/div>\n\n\t\n<\/div>\n\t\t<\/div>\n\n\t\t\n<style>\n#section_2003548265 {\n  padding-top: 30px;\n  padding-bottom: 30px;\n}\n<\/style>\n\t<\/section>\n\t\n\n\t<section class=\"section\" id=\"section_1578510403\">\n\t\t<div class=\"section-bg fill\" >\n\t\t\t\t\t\t\t\t\t\n\t\t\t\n\n\t\t<\/div>\n\n\t\t\n\n\t\t<div class=\"section-content relative\">\n\t\t\t\n<div class=\"row\"  id=\"row-988780260\">\n\n\t<div id=\"col-1793473923\" class=\"col pb-0 small-12 large-12\"  >\n\t\t\t\t<div class=\"col-inner\"  >\n\t\t\t\n\t\t\t\n<h2 class=\"scnd-tit\">Va\u0161 partner u svijetu KDT ma\u0161ina za obradu drveta<\/h2>\n\t<div id=\"gap-459535508\" class=\"gap-element clearfix show-for-small\" style=\"display:block; height:auto;\">\n\t\t\n<style>\n#gap-459535508 {\n  padding-top: 15px;\n}\n@media (min-width:550px) {\n  #gap-459535508 {\n    padding-top: 30px;\n  }\n}\n<\/style>\n\t<\/div>\n\t\n<p>U kompaniji Lestroj d.o.o. posve\u0107eni smo pru\u017eanju vrhunske usluge isporuke i monta\u017ee za sve va\u0161e potrebe ma\u0161ina za obradu drveta. Na\u0161 tim stru\u010dnjaka s bogatim iskustvom i specifi\u010dnim znanjem tu je da vam osigura besprijekorno iskustvo od po\u010detka do kraja.<\/p>\n<h3>1. Profesionalni servisni tehni\u010dari s bogatim iskustvom<\/h3>\n<p>Na\u0161i serviseri su stru\u010dnjaci u podru\u010dju CNC, proto\u010dnih i nesting CNC ma\u0161ina, kao i reza\u010da i rubnih lepilica. Zahvaljuju\u0107i dugogodi\u0161njem iskustvu, garantujemo da je svaka ma\u0161ina koja napusti na\u0161e prostorije spremna za dugi niz godina pouzdanog rada.<\/p>\n<h3>2. Sveobuhvatna instalacija i pu\u0161tanje ma\u0161ine u rad<\/h3>\n<p>Kada ma\u0161inu isporu\u010dimo na va\u0161u lokaciju, ne samo da je instaliramo, ve\u0107 je detaljno pregledamo, pravilno postavimo i pustimo u rad. Osim toga, nudimo i obuku za kori\u0161tenje ma\u0161ine kako bismo osigurali da ste potpuno spremni za efikasan i siguran rad.<\/p>\n<h3>3. Bezbri\u017ena monta\u017ea od strane na\u0161ih servisera<\/h3>\n<p>Na\u0161i stru\u010dnjaci brinu se o cijelom procesu sklapanja va\u0161e nove ma\u0161ine. Od pravilne instalacije do preciznog pode\u0161avanja i pripreme za trenutnu upotrebu, garantujemo da \u0107e sve biti ura\u0111eno prema najvi\u0161im standardima.<\/p>\n<h3>4. Fleksibilne mogu\u0107nosti isporuke<\/h3>\n<p>Za isporuku koristimo eksterni transport, uklju\u010duju\u0107i kamione, ako kupac posjeduje odgovaraju\u0107i vilju\u0161kar. Po potrebi mo\u017eemo obezbijediti vilju\u0161kar ili kamion s dizalicom za istovar ma\u0161ina te\u017eine do 8 tona. Ovakav pristup omogu\u0107ava nam da isporu\u010dimo va\u0161u ma\u0161inu bilo gdje i u bilo koje vrijeme, uz potpunu sigurnost i pouzdanost transporta.<\/p>\n<p>Vjerujte nam i osigurajte bezbri\u017enu isporuku i monta\u017eu va\u0161ih KDT ma\u0161ina za obradu drveta. S nama je va\u0161a oprema u sigurnim rukama \u2013 od na\u0161ih servisnih prostorija do va\u0161e radionice.<\/p>\n<h2>Kontakt:<\/h2>\n<p>Za sva pitanja ili nejasno\u0107e obratite se na\u0161em timu!<\/p>\n<div class=\"row\"  id=\"row-427438114\">\n\n\t<div id=\"col-875305989\" class=\"col pb-0 medium-12 small-12 large-3\"  >\n\t\t\t\t<div class=\"col-inner\"  >\n\t\t\t\n\t\t\t\n\t<div id=\"gap-1725534651\" class=\"gap-element clearfix\" style=\"display:block; height:auto;\">\n\t\t\n<style>\n#gap-1725534651 {\n  padding-top: 10px;\n}\n<\/style>\n\t<\/div>\n\t\n<a href=\"tel:+386%2051%20671%20007\" class=\"button primary is-link is-small ikonca\" >\n\t<i class=\"icon-phone\" aria-hidden=\"true\"><\/i>\t<span>+386 51 671 007<\/span>\n\t<\/a>\n\n\t\t<\/div>\n\t\t\t\t\t<\/div>\n\n\t\n\n\t<div id=\"col-437151927\" class=\"col pb-0 medium-12 small-12 large-3\"  >\n\t\t\t\t<div class=\"col-inner\"  >\n\t\t\t\n\t\t\t\n\t<div id=\"gap-1389849474\" class=\"gap-element clearfix\" style=\"display:block; height:auto;\">\n\t\t\n<style>\n#gap-1389849474 {\n  padding-top: 10px;\n}\n<\/style>\n\t<\/div>\n\t\n<a href=\"tel:+386%201%20561%2005%2030\" class=\"button primary is-link is-small ikonca\" >\n\t<i class=\"icon-phone\" aria-hidden=\"true\"><\/i>\t<span>+386 1 561 05 30<\/span>\n\t<\/a>\n\n\t\t<\/div>\n\t\t\t\t\t<\/div>\n\n\t\n\n\t<div id=\"col-948208413\" class=\"col pb-0 medium-12 small-12 large-3\"  >\n\t\t\t\t<div class=\"col-inner\"  >\n\t\t\t\n\t\t\t\n\t<div id=\"gap-1812877287\" class=\"gap-element clearfix\" style=\"display:block; height:auto;\">\n\t\t\n<style>\n#gap-1812877287 {\n  padding-top: 10px;\n}\n<\/style>\n\t<\/div>\n\t\n<a href=\"mailto:info@kdt-machinery.com\" class=\"button primary is-link is-small ikonca\" >\n\t<i class=\"icon-envelop\" aria-hidden=\"true\"><\/i>\t<span>info@kdt-machinery.com<\/span>\n\t<\/a>\n\n\t\t<\/div>\n\t\t\t\t\t<\/div>\n\n\t\n<\/div>\n\t\t<\/div>\n\t\t\t\t\t<\/div>\n\n\t\n<\/div>\n\t\t<\/div>\n\n\t\t\n<style>\n#section_1578510403 {\n  padding-top: 45px;\n  padding-bottom: 45px;\n}\n<\/style>\n\t<\/section>\n\t\n","protected":false},"excerpt":{"rendered":"","protected":false},"author":7,"featured_media":3577,"parent":0,"menu_order":0,"comment_status":"closed","ping_status":"closed","template":"page-blank.php","meta":{"_acf_changed":false,"footnotes":""},"class_list":["post-3562","page","type-page","status-publish","has-post-thumbnail","hentry"],"acf":[],"_links":{"self":[{"href":"https:\/\/kdt-machinery.com\/bs\/wp-json\/wp\/v2\/pages\/3562","targetHints":{"allow":["GET"]}}],"collection":[{"href":"https:\/\/kdt-machinery.com\/bs\/wp-json\/wp\/v2\/pages"}],"about":[{"href":"https:\/\/kdt-machinery.com\/bs\/wp-json\/wp\/v2\/types\/page"}],"author":[{"embeddable":true,"href":"https:\/\/kdt-machinery.com\/bs\/wp-json\/wp\/v2\/users\/7"}],"replies":[{"embeddable":true,"href":"https:\/\/kdt-machinery.com\/bs\/wp-json\/wp\/v2\/comments?post=3562"}],"version-history":[{"count":2,"href":"https:\/\/kdt-machinery.com\/bs\/wp-json\/wp\/v2\/pages\/3562\/revisions"}],"predecessor-version":[{"id":4271,"href":"https:\/\/kdt-machinery.com\/bs\/wp-json\/wp\/v2\/pages\/3562\/revisions\/4271"}],"wp:featuredmedia":[{"embeddable":true,"href":"https:\/\/kdt-machinery.com\/bs\/wp-json\/wp\/v2\/media\/3577"}],"wp:attachment":[{"href":"https:\/\/kdt-machinery.com\/bs\/wp-json\/wp\/v2\/media?parent=3562"}],"curies":[{"name":"wp","href":"https:\/\/api.w.org\/{rel}","templated":true}]}}