{"id":3563,"date":"2024-04-25T11:29:40","date_gmt":"2024-04-25T11:29:40","guid":{"rendered":"https:\/\/kdt-machinery.com\/?page_id=3563"},"modified":"2025-10-28T15:12:27","modified_gmt":"2025-10-28T15:12:27","slug":"finansiranje","status":"publish","type":"page","link":"https:\/\/kdt-machinery.com\/bs\/finansiranje\/","title":{"rendered":"Finansiranje"},"content":{"rendered":"<div class=\"is-divider divider clearfix\" style=\"margin-top:0px;margin-bottom:0px;max-width:100%;height:1px;background-color:#6d94c7;\"><\/div>\n\n\t<section class=\"section bg-grad mcol\" id=\"section_1073364361\">\n\t\t<div class=\"section-bg fill\" >\n\t\t\t\t\t\t\t\t\t\n\t\t\t\n\n\t\t<\/div>\n\n\t\t\n\n\t\t<div class=\"section-content relative\">\n\t\t\t\n<div class=\"row\"  id=\"row-264400491\">\n\n\t<div id=\"col-1323851439\" class=\"col pb-0 small-12 large-12\"  >\n\t\t\t\t<div class=\"col-inner\"  >\n\t\t\t\n\t\t\t\n\t<div id=\"text-3304643404\" class=\"text\">\n\t\t\n<h1 class=\"page-m-tit\">Finansiranje<\/h1>\n\t\t\n<style>\n#text-3304643404 {\n  color: rgb(255,255,255);\n}\n#text-3304643404 > * {\n  color: rgb(255,255,255);\n}\n<\/style>\n\t<\/div>\n\t\n\n<nav aria-label=\"breadcrumbs\" class=\"rank-math-breadcrumb\"><p><span class=\"last\">Domov<\/span><\/p><\/nav>\n\n\t\t<\/div>\n\t\t\t\t\t<\/div>\n\n\t\n<\/div>\n\t\t<\/div>\n\n\t\t\n<style>\n#section_1073364361 {\n  padding-top: 45px;\n  padding-bottom: 45px;\n}\n<\/style>\n\t<\/section>\n\t\n\n\t<section class=\"section pb-0\" id=\"section_350676402\">\n\t\t<div class=\"section-bg fill\" >\n\t\t\t\t\t\t\t\t\t\n\t\t\t\n\n\t\t<\/div>\n\n\t\t\n\n\t\t<div class=\"section-content relative\">\n\t\t\t\n<div class=\"row\"  id=\"row-1328216018\">\n\n\t<div id=\"col-1165457047\" class=\"col pb-0 medium-6 small-6 large-3\"  >\n\t\t\t\t<div class=\"col-inner\"  >\n\t\t\t\n\t\t\t\n\n\t\t<div class=\"icon-box featured-box ic-box icon-box-left text-left\"  >\n\t\t\t\t\t<div class=\"icon-box-img\" style=\"width: 65px\">\n\t\t\t\t<div class=\"icon\">\n\t\t\t\t\t<div class=\"icon-inner\" >\n\t\t\t\t\t\t<img loading=\"lazy\" decoding=\"async\" width=\"200\" height=\"200\" src=\"https:\/\/kdt-machinery.com\/wp-content\/uploads\/2024\/04\/izkusnje.svg\" class=\"attachment-medium size-medium\" alt=\"\" \/>\t\t\t\t\t<\/div>\n\t\t\t\t<\/div>\n\t\t\t<\/div>\n\t\t\t\t<div class=\"icon-box-text last-reset\">\n\t\t\t\t\t\t\t\t\t\n<p class=\"ic-tit\">Vi\u0161e od 30 godina<\/p>\n<p class=\"ic-desc\">iskustvo i kvalitet<\/p>\n\t\t<\/div>\n\t<\/div>\n\t\n\t\n\t\t<\/div>\n\t\t\t\t\t<\/div>\n\n\t\n\n\t<div id=\"col-570949564\" class=\"col pb-0 medium-6 small-6 large-3\"  >\n\t\t\t\t<div class=\"col-inner\"  >\n\t\t\t\n\t\t\t\n\n\t\t<div class=\"icon-box featured-box ic-box icon-box-left text-left\"  >\n\t\t\t\t\t<div class=\"icon-box-img\" style=\"width: 65px\">\n\t\t\t\t<div class=\"icon\">\n\t\t\t\t\t<div class=\"icon-inner\" >\n\t\t\t\t\t\t<img loading=\"lazy\" decoding=\"async\" width=\"200\" height=\"200\" src=\"https:\/\/kdt-machinery.com\/wp-content\/uploads\/2024\/04\/svetovanje-in-podpora.svg\" class=\"attachment-medium size-medium\" alt=\"\" \/>\t\t\t\t\t<\/div>\n\t\t\t\t<\/div>\n\t\t\t<\/div>\n\t\t\t\t<div class=\"icon-box-text last-reset\">\n\t\t\t\t\t\t\t\t\t\n<p class=\"ic-tit\">Savjeti i podr\u0161ka<\/p>\n<p class=\"ic-desc\">za pomo\u0107 korisnicima<\/p>\n\t\t<\/div>\n\t<\/div>\n\t\n\t\n\t\t<\/div>\n\t\t\t\t\t<\/div>\n\n\t\n\n\t<div id=\"col-2129844742\" class=\"col pb-0 medium-6 small-6 large-3\"  >\n\t\t\t\t<div class=\"col-inner\"  >\n\t\t\t\n\t\t\t\n\n\t\t<div class=\"icon-box featured-box ic-box icon-box-left text-left\"  >\n\t\t\t\t\t<div class=\"icon-box-img\" style=\"width: 65px\">\n\t\t\t\t<div class=\"icon\">\n\t\t\t\t\t<div class=\"icon-inner\" >\n\t\t\t\t\t\t<img loading=\"lazy\" decoding=\"async\" width=\"200\" height=\"200\" src=\"https:\/\/kdt-machinery.com\/wp-content\/uploads\/2024\/04\/servis.svg\" class=\"attachment-medium size-medium\" alt=\"\" \/>\t\t\t\t\t<\/div>\n\t\t\t\t<\/div>\n\t\t\t<\/div>\n\t\t\t\t<div class=\"icon-box-text last-reset\">\n\t\t\t\t\t\t\t\t\t\n<p class=\"ic-tit\">Vlastiti servis<\/p>\n<p class=\"ic-desc\">za pouzdane popravke<\/p>\n\t\t<\/div>\n\t<\/div>\n\t\n\t\n\t\t<\/div>\n\t\t\t\t\n<style>\n#col-2129844742 > .col-inner {\n  margin: 15px 0px 0px 0px;\n}\n@media (min-width:850px) {\n  #col-2129844742 > .col-inner {\n    margin: 0px 0px 0px 0px;\n  }\n}\n<\/style>\n\t<\/div>\n\n\t\n\n\t<div id=\"col-1203597982\" class=\"col pb-0 medium-6 small-6 large-3\"  >\n\t\t\t\t<div class=\"col-inner\"  >\n\t\t\t\n\t\t\t\n\n\t\t<div class=\"icon-box featured-box ic-box icon-box-left text-left\"  >\n\t\t\t\t\t<div class=\"icon-box-img\" style=\"width: 65px\">\n\t\t\t\t<div class=\"icon\">\n\t\t\t\t\t<div class=\"icon-inner\" >\n\t\t\t\t\t\t<img loading=\"lazy\" decoding=\"async\" width=\"200\" height=\"200\" src=\"https:\/\/kdt-machinery.com\/wp-content\/uploads\/2024\/04\/zadovoljstvo.svg\" class=\"attachment-medium size-medium\" alt=\"\" \/>\t\t\t\t\t<\/div>\n\t\t\t\t<\/div>\n\t\t\t<\/div>\n\t\t\t\t<div class=\"icon-box-text last-reset\">\n\t\t\t\t\t\t\t\t\t\n<p class=\"ic-tit\">Garancija zadovoljstva<\/p>\n<p class=\"ic-desc\">na\u0161im uslugama<\/p>\n\t\t<\/div>\n\t<\/div>\n\t\n\t\n\t\t<\/div>\n\t\t\t\t\n<style>\n#col-1203597982 > .col-inner {\n  margin: 15px 0px 0px 0px;\n}\n@media (min-width:850px) {\n  #col-1203597982 > .col-inner {\n    margin: 0px 0px 0px 0px;\n  }\n}\n<\/style>\n\t<\/div>\n\n\t\n<\/div>\n\t\t<\/div>\n\n\t\t\n<style>\n#section_350676402 {\n  padding-top: 30px;\n  padding-bottom: 30px;\n}\n<\/style>\n\t<\/section>\n\t\n\n\t<section class=\"section\" id=\"section_687320243\">\n\t\t<div class=\"section-bg fill\" >\n\t\t\t\t\t\t\t\t\t\n\t\t\t\n\n\t\t<\/div>\n\n\t\t\n\n\t\t<div class=\"section-content relative\">\n\t\t\t\n<div class=\"row\"  id=\"row-1757961945\">\n\n\t<div id=\"col-544210591\" class=\"col pb-0 small-12 large-12\"  >\n\t\t\t\t<div class=\"col-inner\"  >\n\t\t\t\n\t\t\t\n<h2 class=\"scnd-tit\">Sveobuhvatna podr\u0161ka u ostvarivanju povoljnog finansiranja<\/h2>\n\t<div id=\"gap-772363821\" class=\"gap-element clearfix show-for-small\" style=\"display:block; height:auto;\">\n\t\t\n<style>\n#gap-772363821 {\n  padding-top: 15px;\n}\n@media (min-width:550px) {\n  #gap-772363821 {\n    padding-top: 30px;\n  }\n}\n<\/style>\n\t<\/div>\n\t\n<p>Pru\u017eamo vam mogu\u0107nost povoljnog finansiranja putem nekog od na\u0161ih renomiranih poslovnih partnera. Na\u0161 cilj je olak\u0161ati vam proces pribavljanja potrebnih sredstava, zato vam nudimo sveobuhvatnu podr\u0161ku u dogovaranju finansijskih aran\u017emana. <strong>Zajedno s vama analiziramo va\u0161e potrebe i ciljeve te vas savjetujemo o najprikladnijem finansijskom rje\u0161enju.<\/strong><\/p>\n<p>Osim toga, stojimo uz vas u pripremi sve potrebne dokumentacije koja je klju\u010dna za uspje\u0161no odobrenje finansiranja. Na\u0161 tim stru\u010dnjaka pomo\u0107i \u0107e vam da ispunite sve zahtjeve i pobrinete se da proces bude \u0161to efikasniji i bezbri\u017eniji za vas. Ra\u010dunajte na nas da \u0107emo zajedno prona\u0107i optimalno rje\u0161enje koje \u0107e zadovoljiti va\u0161e potrebe i omogu\u0107iti uspje\u0161nu realizaciju va\u0161ih projekata.<\/p>\n<h2>Kontakt:<\/h2>\n<p>Za sva pitanja ili nejasno\u0107e obratite se na\u0161em timu!<\/p>\n\t\t<\/div>\n\t\t\t\t\t<\/div>\n\n\t\n<\/div>\n<div class=\"row\"  id=\"row-1977057272\">\n\n\t<div id=\"col-517578935\" class=\"col pb-0 medium-12 small-12 large-3\"  >\n\t\t\t\t<div class=\"col-inner\"  >\n\t\t\t\n\t\t\t\n\t<div id=\"gap-711070759\" class=\"gap-element clearfix\" style=\"display:block; height:auto;\">\n\t\t\n<style>\n#gap-711070759 {\n  padding-top: 10px;\n}\n<\/style>\n\t<\/div>\n\t\n<a href=\"tel:+386%2051%20671%20007\" class=\"button primary is-link is-small ikonca\" >\n\t<i class=\"icon-phone\" aria-hidden=\"true\"><\/i>\t<span>+386 51 671 007<\/span>\n\t<\/a>\n\n\t\t<\/div>\n\t\t\t\t\t<\/div>\n\n\t\n\n\t<div id=\"col-533498472\" class=\"col pb-0 medium-12 small-12 large-3\"  >\n\t\t\t\t<div class=\"col-inner\"  >\n\t\t\t\n\t\t\t\n\t<div id=\"gap-465786165\" class=\"gap-element clearfix\" style=\"display:block; height:auto;\">\n\t\t\n<style>\n#gap-465786165 {\n  padding-top: 10px;\n}\n<\/style>\n\t<\/div>\n\t\n<a href=\"tel:+386%201%20561%2005%2030\" class=\"button primary is-link is-small ikonca\" >\n\t<i class=\"icon-phone\" aria-hidden=\"true\"><\/i>\t<span>+386 1 561 05 30<\/span>\n\t<\/a>\n\n\t\t<\/div>\n\t\t\t\t\t<\/div>\n\n\t\n\n\t<div id=\"col-784282034\" class=\"col pb-0 medium-12 small-12 large-3\"  >\n\t\t\t\t<div class=\"col-inner\"  >\n\t\t\t\n\t\t\t\n\t<div id=\"gap-816629052\" class=\"gap-element clearfix\" style=\"display:block; height:auto;\">\n\t\t\n<style>\n#gap-816629052 {\n  padding-top: 10px;\n}\n<\/style>\n\t<\/div>\n\t\n<a href=\"mailto:info@kdt-machinery.com\" class=\"button primary is-link is-small ikonca\" >\n\t<i class=\"icon-envelop\" aria-hidden=\"true\"><\/i>\t<span>info@kdt-machinery.com<\/span>\n\t<\/a>\n\n\t\t<\/div>\n\t\t\t\t\t<\/div>\n\n\t\n<\/div>\n\t\t<\/div>\n\n\t\t\n<style>\n#section_687320243 {\n  padding-top: 45px;\n  padding-bottom: 45px;\n}\n<\/style>\n\t<\/section>\n\t\n","protected":false},"excerpt":{"rendered":"","protected":false},"author":7,"featured_media":3577,"parent":0,"menu_order":0,"comment_status":"closed","ping_status":"closed","template":"page-blank.php","meta":{"_acf_changed":false,"footnotes":""},"class_list":["post-3563","page","type-page","status-publish","has-post-thumbnail","hentry"],"acf":[],"_links":{"self":[{"href":"https:\/\/kdt-machinery.com\/bs\/wp-json\/wp\/v2\/pages\/3563","targetHints":{"allow":["GET"]}}],"collection":[{"href":"https:\/\/kdt-machinery.com\/bs\/wp-json\/wp\/v2\/pages"}],"about":[{"href":"https:\/\/kdt-machinery.com\/bs\/wp-json\/wp\/v2\/types\/page"}],"author":[{"embeddable":true,"href":"https:\/\/kdt-machinery.com\/bs\/wp-json\/wp\/v2\/users\/7"}],"replies":[{"embeddable":true,"href":"https:\/\/kdt-machinery.com\/bs\/wp-json\/wp\/v2\/comments?post=3563"}],"version-history":[{"count":5,"href":"https:\/\/kdt-machinery.com\/bs\/wp-json\/wp\/v2\/pages\/3563\/revisions"}],"predecessor-version":[{"id":4272,"href":"https:\/\/kdt-machinery.com\/bs\/wp-json\/wp\/v2\/pages\/3563\/revisions\/4272"}],"wp:featuredmedia":[{"embeddable":true,"href":"https:\/\/kdt-machinery.com\/bs\/wp-json\/wp\/v2\/media\/3577"}],"wp:attachment":[{"href":"https:\/\/kdt-machinery.com\/bs\/wp-json\/wp\/v2\/media?parent=3563"}],"curies":[{"name":"wp","href":"https:\/\/api.w.org\/{rel}","templated":true}]}}