{"id":3566,"date":"2024-04-26T06:20:23","date_gmt":"2024-04-26T06:20:23","guid":{"rendered":"https:\/\/kdt-machinery.com\/?page_id=3566"},"modified":"2025-10-28T15:46:33","modified_gmt":"2025-10-28T15:46:33","slug":"kolacici","status":"publish","type":"page","link":"https:\/\/kdt-machinery.com\/bs\/kolacici\/","title":{"rendered":"Kola\u010di\u0107i"},"content":{"rendered":"<div class=\"is-divider divider clearfix\" style=\"margin-top:0px;margin-bottom:0px;max-width:100%;height:1px;background-color:#6d94c7;\"><\/div>\n\n\t<section class=\"section bg-grad mcol\" id=\"section_2084349111\">\n\t\t<div class=\"section-bg fill\" >\n\t\t\t\t\t\t\t\t\t\n\t\t\t\n\n\t\t<\/div>\n\n\t\t\n\n\t\t<div class=\"section-content relative\">\n\t\t\t\n<div class=\"row\"  id=\"row-578732241\">\n\n\t<div id=\"col-982995929\" class=\"col pb-0 small-12 large-12\"  >\n\t\t\t\t<div class=\"col-inner\"  >\n\t\t\t\n\t\t\t\n\t<div id=\"text-2182277636\" class=\"text\">\n\t\t\n<h1 class=\"page-m-tit\">Kola\u010di\u0107i<\/h1>\n\t\t\n<style>\n#text-2182277636 {\n  color: rgb(255,255,255);\n}\n#text-2182277636 > * {\n  color: rgb(255,255,255);\n}\n<\/style>\n\t<\/div>\n\t\n\n<nav aria-label=\"breadcrumbs\" class=\"rank-math-breadcrumb\"><p><span class=\"last\">Domov<\/span><\/p><\/nav>\n\n\t\t<\/div>\n\t\t\t\t\t<\/div>\n\n\t\n<\/div>\n\t\t<\/div>\n\n\t\t\n<style>\n#section_2084349111 {\n  padding-top: 45px;\n  padding-bottom: 45px;\n}\n<\/style>\n\t<\/section>\n\t\n\n\t<section class=\"section\" id=\"section_395544128\">\n\t\t<div class=\"section-bg fill\" >\n\t\t\t\t\t\t\t\t\t\n\t\t\t\n\n\t\t<\/div>\n\n\t\t\n\n\t\t<div class=\"section-content relative\">\n\t\t\t\n<div class=\"row\"  id=\"row-938737820\">\n\n\t<div id=\"col-1122757725\" class=\"col pb-0 small-12 large-12\"  >\n\t\t\t\t<div class=\"col-inner\"  >\n\t\t\t\n\t\t\t\n<h2>\u0160ta su kola\u010di\u0107i i za\u0161to su potrebni?<\/h2>\n<p>Kola\u010di\u0107i su male jedinice podataka koje omogu\u0107avaju bolje korisni\u010dko iskustvo na na\u0161oj web stranici.<\/p>\n<p>Kola\u010di\u0107 je kratki tekst koji web stranica \u0161alje va\u0161em pretra\u017eiva\u010du kada je posjetite. To omogu\u0107ava stranici da prepozna korisnika, zapamti njegove postavke i u\u010dini kori\u0161tenje stranice jednostavnijim i br\u017eim. Bez kola\u010di\u0107a, korisni\u010dko iskustvo bi bilo znatno lo\u0161ije.<\/p>\n<p>Kola\u010di\u0107e koristimo radi prilago\u0111avanja sadr\u017eaja, osiguranja funkcionalnosti i sigurnosti web stranice, analize posjeta te prikazivanja personaliziranih oglasa (ukoliko se s tim sla\u017eete).<\/p>\n\t<div id=\"gap-1212738125\" class=\"gap-element clearfix\" style=\"display:block; height:auto;\">\n\t\t\n<style>\n#gap-1212738125 {\n  padding-top: 30px;\n}\n<\/style>\n\t<\/div>\n\t\n<div class=\"accordion acs\">\n\t<div id=\"accordion-2426199542\" class=\"accordion-item\">\n\t\t<a id=\"accordion-2426199542-label\" class=\"accordion-title plain\" href=\"#accordion-item-vrste-kola\u010di\u0107a-koje-upotrebljavamo\" aria-expanded=\"false\" aria-controls=\"accordion-2426199542-content\">\n\t\t\t<button class=\"toggle\" aria-label=\"Toggle\"><i class=\"icon-angle-down\" aria-hidden=\"true\"><\/i><\/button>\n\t\t\t<span>Vrste kola\u010di\u0107a koje upotrebljavamo<\/span>\n\t\t<\/a>\n\t\t<div id=\"accordion-2426199542-content\" class=\"accordion-inner\" aria-labelledby=\"accordion-2426199542-label\">\n\t\t\t\n<p>Na\u0161a web stranica koristi sljede\u0107e vrste kola\u010di\u0107a:<\/p>\n<ul>\n<li><b>Osnovni kola\u010di\u0107i<\/b> \u2013 neophodni su za osnovno funkcionisanje web stranice (npr. \u010duvanje postavki saglasnosti, siguran rad obrasca).<\/li>\n<li><b>Funkcionalni kola\u010di\u0107i<\/b> \u2013 omogu\u0107avaju dodatne funkcije poput prikazivanja videa, integracije sa dru\u0161tvenim mre\u017eama ili chata u\u017eivo.<\/li>\n<li><b>Analiti\u010dki kola\u010di\u0107i<\/b> \u2013 poma\u017eu nam da razumijemo kako posjetioci koriste web stranicu i time pobolj\u0161avamo njene performanse.<\/li>\n<li><b>Reklamni kola\u010di\u0107i<\/b> \u2013 omogu\u0107avaju prikaz oglasa na osnovu va\u0161ih interesa i mjerenje efikasnosti ogla\u0161avanja.<\/li>\n<\/ul>\n<p>Detaljan i uvijek a\u017euriran popis svih aktivnih kola\u010di\u0107a mo\u017eete u svakom trenutku pogledati u CookieYes banneru pod opcijom &#8220;Prilagodi postavke saglasnosti&#8221;.<\/p>\n\t\t<\/div>\n\t<\/div>\n\t\n\t<div id=\"accordion-4102060832\" class=\"accordion-item\">\n\t\t<a id=\"accordion-4102060832-label\" class=\"accordion-title plain\" href=\"#accordion-item-kontrola-i-pode\u0161avanje-kola\u010di\u0107a\" aria-expanded=\"false\" aria-controls=\"accordion-4102060832-content\">\n\t\t\t<button class=\"toggle\" aria-label=\"Toggle\"><i class=\"icon-angle-down\" aria-hidden=\"true\"><\/i><\/button>\n\t\t\t<span>Kontrola i pode\u0161avanje kola\u010di\u0107a<\/span>\n\t\t<\/a>\n\t\t<div id=\"accordion-4102060832-content\" class=\"accordion-inner\" aria-labelledby=\"accordion-4102060832-label\">\n\t\t\t\n<p>Kola\u010di\u0107ima mo\u017eete upravljati u bilo kojem trenutku putem <b>CookieYes<\/b> bannera, koji se nalazi u donjem lijevom ili desnom uglu stranice (ovisno o va\u0161im postavkama). Tamo mo\u017eete:<\/p>\n<ul>\n<li>dozvoliti ili odbiti pojedine kategorije kola\u010di\u0107a,<\/li>\n<li>promijeniti ili povu\u0107i svoju saglasnost,<\/li>\n<li>uvijek pristupiti informacijama o kola\u010di\u0107ima koji se koriste.<\/li>\n<\/ul>\n<p>Svoju saglasnost mo\u017eete promijeniti ili povu\u0107i u bilo kojem trenutku klikom na poveznicu <a class=\"cky-btn-revisit\" href=\"https:\/\/kdt-machinery.com\/piskotki\/#\">postavke kola\u010di\u0107a<\/a>.<\/p>\n<p>Kola\u010di\u0107e mo\u017eete i izbrisati ili blokirati u svom pretra\u017eiva\u010du. U nastavku su linkovi s uputama za naj\u010de\u0161\u0107e kori\u0161tene pretra\u017eiva\u010de:<\/p>\n<ul>\n<li><a href=\"https:\/\/support.microsoft.com\/sl-si\/help\/17442\/windows-internet-explorer-delete-manage-cookies\" target=\"_blank\" rel=\"noopener\">Internet Explorer<\/a><\/li>\n<li><a href=\"https:\/\/support.google.com\/chrome\/answer\/95647?hl=sl-sl&amp;p=cpn_cookies\" target=\"_blank\" rel=\"noopener\">Chrome<\/a><\/li>\n<li><a href=\"https:\/\/support.mozilla.org\/sl\/kb\/kako-omogocite-onemogocite-piskotke\" target=\"_blank\" rel=\"noopener\">Firefox<\/a><\/li>\n<li><a href=\"https:\/\/help.opera.com\/en\/latest\/web-preferences\/#cookies\" target=\"_blank\" rel=\"noopener\">Opera (na engleskom jeziku)<\/a><\/li>\n<li><a href=\"https:\/\/support.apple.com\/sl-si\/guide\/safari\/manage-cookies-and-website-data-sfri11471\/mac\" target=\"_blank\" rel=\"noopener\">Safari (na engleskom jeziku)<\/a><\/li>\n<\/ul>\n\t\t<\/div>\n\t<\/div>\n\t\n\t<div id=\"accordion-2811749431\" class=\"accordion-item\">\n\t\t<a id=\"accordion-2811749431-label\" class=\"accordion-title plain\" href=\"#accordion-item-dodatne-informacije\" aria-expanded=\"false\" aria-controls=\"accordion-2811749431-content\">\n\t\t\t<button class=\"toggle\" aria-label=\"Toggle\"><i class=\"icon-angle-down\" aria-hidden=\"true\"><\/i><\/button>\n\t\t\t<span>Dodatne informacije<\/span>\n\t\t<\/a>\n\t\t<div id=\"accordion-2811749431-content\" class=\"accordion-inner\" aria-labelledby=\"accordion-2811749431-label\">\n\t\t\t\n<p>Operater web stranice po\u0161tuje va\u0161u privatnost i obavezuje se da \u0107e prikupljene podatke koristiti isklju\u010divo u svrhu pobolj\u0161anja korisni\u010dkog iskustva i analitike, u skladu sa va\u017ee\u0107im zakonodavstvom (GDPR, ZVOP-2).<\/p>\n\t\t<\/div>\n\t<\/div>\n\t\n<\/div>\n\t\t<\/div>\n\t\t\t\t\t<\/div>\n\n\t\n<\/div>\n\t\t<\/div>\n\n\t\t\n<style>\n#section_395544128 {\n  padding-top: 45px;\n  padding-bottom: 45px;\n}\n<\/style>\n\t<\/section>\n\t\n","protected":false},"excerpt":{"rendered":"","protected":false},"author":7,"featured_media":3577,"parent":0,"menu_order":0,"comment_status":"closed","ping_status":"closed","template":"page-blank.php","meta":{"_acf_changed":false,"footnotes":""},"class_list":["post-3566","page","type-page","status-publish","has-post-thumbnail","hentry"],"acf":[],"_links":{"self":[{"href":"https:\/\/kdt-machinery.com\/bs\/wp-json\/wp\/v2\/pages\/3566","targetHints":{"allow":["GET"]}}],"collection":[{"href":"https:\/\/kdt-machinery.com\/bs\/wp-json\/wp\/v2\/pages"}],"about":[{"href":"https:\/\/kdt-machinery.com\/bs\/wp-json\/wp\/v2\/types\/page"}],"author":[{"embeddable":true,"href":"https:\/\/kdt-machinery.com\/bs\/wp-json\/wp\/v2\/users\/7"}],"replies":[{"embeddable":true,"href":"https:\/\/kdt-machinery.com\/bs\/wp-json\/wp\/v2\/comments?post=3566"}],"version-history":[{"count":2,"href":"https:\/\/kdt-machinery.com\/bs\/wp-json\/wp\/v2\/pages\/3566\/revisions"}],"predecessor-version":[{"id":4280,"href":"https:\/\/kdt-machinery.com\/bs\/wp-json\/wp\/v2\/pages\/3566\/revisions\/4280"}],"wp:featuredmedia":[{"embeddable":true,"href":"https:\/\/kdt-machinery.com\/bs\/wp-json\/wp\/v2\/media\/3577"}],"wp:attachment":[{"href":"https:\/\/kdt-machinery.com\/bs\/wp-json\/wp\/v2\/media?parent=3566"}],"curies":[{"name":"wp","href":"https:\/\/api.w.org\/{rel}","templated":true}]}}