{"id":3568,"date":"2024-04-12T06:10:06","date_gmt":"2024-04-12T06:10:06","guid":{"rendered":"https:\/\/kdt-machinery.com\/?page_id=3568"},"modified":"2025-10-28T15:18:04","modified_gmt":"2025-10-28T15:18:04","slug":"o-nama","status":"publish","type":"page","link":"https:\/\/kdt-machinery.com\/bs\/o-nama\/","title":{"rendered":"O nama"},"content":{"rendered":"<div class=\"is-divider divider clearfix\" style=\"margin-top:0px;margin-bottom:0px;max-width:100%;height:1px;background-color:#6d94c7;\"><\/div>\n\n\t<section class=\"section bg-grad mcol\" id=\"section_552003558\">\n\t\t<div class=\"section-bg fill\" >\n\t\t\t\t\t\t\t\t\t\n\t\t\t\n\n\t\t<\/div>\n\n\t\t\n\n\t\t<div class=\"section-content relative\">\n\t\t\t\n<div class=\"row\"  id=\"row-2024830498\">\n\n\t<div id=\"col-1629032176\" class=\"col pb-0 small-12 large-12\"  >\n\t\t\t\t<div class=\"col-inner\"  >\n\t\t\t\n\t\t\t\n\t<div id=\"text-296430521\" class=\"text\">\n\t\t\n<h1 class=\"page-m-tit\">O tvrtki<\/h1>\n\t\t\n<style>\n#text-296430521 {\n  color: rgb(255,255,255);\n}\n#text-296430521 > * {\n  color: rgb(255,255,255);\n}\n<\/style>\n\t<\/div>\n\t\n\n<nav aria-label=\"breadcrumbs\" class=\"rank-math-breadcrumb\"><p><span class=\"last\">Domov<\/span><\/p><\/nav>\n\n\t\t<\/div>\n\t\t\t\t\t<\/div>\n\n\t\n<\/div>\n\t\t<\/div>\n\n\t\t\n<style>\n#section_552003558 {\n  padding-top: 45px;\n  padding-bottom: 45px;\n}\n<\/style>\n\t<\/section>\n\t\n\n\t<section class=\"section pb-0\" id=\"section_285912620\">\n\t\t<div class=\"section-bg fill\" >\n\t\t\t\t\t\t\t\t\t\n\t\t\t\n\n\t\t<\/div>\n\n\t\t\n\n\t\t<div class=\"section-content relative\">\n\t\t\t\n<div class=\"row\"  id=\"row-1714838352\">\n\n\t<div id=\"col-1713822967\" class=\"col pb-0 medium-6 small-6 large-3\"  >\n\t\t\t\t<div class=\"col-inner\"  >\n\t\t\t\n\t\t\t\n\n\t\t<div class=\"icon-box featured-box ic-box icon-box-left text-left\"  >\n\t\t\t\t\t<div class=\"icon-box-img\" style=\"width: 65px\">\n\t\t\t\t<div class=\"icon\">\n\t\t\t\t\t<div class=\"icon-inner\" >\n\t\t\t\t\t\t<img loading=\"lazy\" decoding=\"async\" width=\"200\" height=\"200\" src=\"https:\/\/kdt-machinery.com\/wp-content\/uploads\/2024\/04\/izkusnje.svg\" class=\"attachment-medium size-medium\" alt=\"\" \/>\t\t\t\t\t<\/div>\n\t\t\t\t<\/div>\n\t\t\t<\/div>\n\t\t\t\t<div class=\"icon-box-text last-reset\">\n\t\t\t\t\t\t\t\t\t\n<p class=\"ic-tit\">Vi\u0161e od 30 godina<\/p>\n<p class=\"ic-desc\">iskustvo i kvalitet<\/p>\n\t\t<\/div>\n\t<\/div>\n\t\n\t\n\t\t<\/div>\n\t\t\t\t\t<\/div>\n\n\t\n\n\t<div id=\"col-1858671723\" class=\"col pb-0 medium-6 small-6 large-3\"  >\n\t\t\t\t<div class=\"col-inner\"  >\n\t\t\t\n\t\t\t\n\n\t\t<div class=\"icon-box featured-box ic-box icon-box-left text-left\"  >\n\t\t\t\t\t<div class=\"icon-box-img\" style=\"width: 65px\">\n\t\t\t\t<div class=\"icon\">\n\t\t\t\t\t<div class=\"icon-inner\" >\n\t\t\t\t\t\t<img loading=\"lazy\" decoding=\"async\" width=\"200\" height=\"200\" src=\"https:\/\/kdt-machinery.com\/wp-content\/uploads\/2024\/04\/svetovanje-in-podpora.svg\" class=\"attachment-medium size-medium\" alt=\"\" \/>\t\t\t\t\t<\/div>\n\t\t\t\t<\/div>\n\t\t\t<\/div>\n\t\t\t\t<div class=\"icon-box-text last-reset\">\n\t\t\t\t\t\t\t\t\t\n<p class=\"ic-tit\">Savjeti i podr\u0161ka<\/p>\n<p class=\"ic-desc\">za pomo\u0107 korisnicima<\/p>\n\t\t<\/div>\n\t<\/div>\n\t\n\t\n\t\t<\/div>\n\t\t\t\t\t<\/div>\n\n\t\n\n\t<div id=\"col-847929023\" class=\"col pb-0 medium-6 small-6 large-3\"  >\n\t\t\t\t<div class=\"col-inner\"  >\n\t\t\t\n\t\t\t\n\n\t\t<div class=\"icon-box featured-box ic-box icon-box-left text-left\"  >\n\t\t\t\t\t<div class=\"icon-box-img\" style=\"width: 65px\">\n\t\t\t\t<div class=\"icon\">\n\t\t\t\t\t<div class=\"icon-inner\" >\n\t\t\t\t\t\t<img loading=\"lazy\" decoding=\"async\" width=\"200\" height=\"200\" src=\"https:\/\/kdt-machinery.com\/wp-content\/uploads\/2024\/04\/servis.svg\" class=\"attachment-medium size-medium\" alt=\"\" \/>\t\t\t\t\t<\/div>\n\t\t\t\t<\/div>\n\t\t\t<\/div>\n\t\t\t\t<div class=\"icon-box-text last-reset\">\n\t\t\t\t\t\t\t\t\t\n<p class=\"ic-tit\">Vlastiti servis<\/p>\n<p class=\"ic-desc\">za pouzdane popravke<\/p>\n\t\t<\/div>\n\t<\/div>\n\t\n\t\n\t\t<\/div>\n\t\t\t\t\n<style>\n#col-847929023 > .col-inner {\n  margin: 15px 0px 0px 0px;\n}\n@media (min-width:850px) {\n  #col-847929023 > .col-inner {\n    margin: 0px 0px 0px 0px;\n  }\n}\n<\/style>\n\t<\/div>\n\n\t\n\n\t<div id=\"col-193105085\" class=\"col pb-0 medium-6 small-6 large-3\"  >\n\t\t\t\t<div class=\"col-inner\"  >\n\t\t\t\n\t\t\t\n\n\t\t<div class=\"icon-box featured-box ic-box icon-box-left text-left\"  >\n\t\t\t\t\t<div class=\"icon-box-img\" style=\"width: 65px\">\n\t\t\t\t<div class=\"icon\">\n\t\t\t\t\t<div class=\"icon-inner\" >\n\t\t\t\t\t\t<img loading=\"lazy\" decoding=\"async\" width=\"200\" height=\"200\" src=\"https:\/\/kdt-machinery.com\/wp-content\/uploads\/2024\/04\/zadovoljstvo.svg\" class=\"attachment-medium size-medium\" alt=\"\" \/>\t\t\t\t\t<\/div>\n\t\t\t\t<\/div>\n\t\t\t<\/div>\n\t\t\t\t<div class=\"icon-box-text last-reset\">\n\t\t\t\t\t\t\t\t\t\n<p class=\"ic-tit\">Garancija zadovoljstva<\/p>\n<p class=\"ic-desc\">na\u0161im uslugama<\/p>\n\t\t<\/div>\n\t<\/div>\n\t\n\t\n\t\t<\/div>\n\t\t\t\t\n<style>\n#col-193105085 > .col-inner {\n  margin: 15px 0px 0px 0px;\n}\n@media (min-width:850px) {\n  #col-193105085 > .col-inner {\n    margin: 0px 0px 0px 0px;\n  }\n}\n<\/style>\n\t<\/div>\n\n\t\n<\/div>\n\t\t<\/div>\n\n\t\t\n<style>\n#section_285912620 {\n  padding-top: 30px;\n  padding-bottom: 30px;\n}\n<\/style>\n\t<\/section>\n\t\n\n\t<section class=\"section\" id=\"section_412743639\">\n\t\t<div class=\"section-bg fill\" >\n\t\t\t\t\t\t\t\t\t\n\t\t\t\n\n\t\t<\/div>\n\n\t\t\n\n\t\t<div class=\"section-content relative\">\n\t\t\t\n<div class=\"row\"  id=\"row-1127930339\">\n\n\t<div id=\"col-1509667263\" class=\"col pb-0 small-12 large-12\"  >\n\t\t\t\t<div class=\"col-inner\"  >\n\t\t\t\n\t\t\t\n<h2 class=\"scnd-tit\">Na\u0161 dobavlja\u010d \u2013 KDT Machinery Co., Ltd.<\/h2>\n\t<div id=\"gap-1164361197\" class=\"gap-element clearfix show-for-small\" style=\"display:block; height:auto;\">\n\t\t\n<style>\n#gap-1164361197 {\n  padding-top: 15px;\n}\n@media (min-width:550px) {\n  #gap-1164361197 {\n    padding-top: 30px;\n  }\n}\n<\/style>\n\t<\/div>\n\t\n<p>KDT Machinery Co., Ltd., osnovana 2006. godine kao Guangzhou Hongya CNC Machinery Co., Ltd., <strong>specijalizovana je za istra\u017eivanje, razvoj, proizvodnju i servis visokokvalitetnih ma\u0161ina i tehnolo\u0161kih rje\u0161enja za industriju obrade namje\u0161taja.<\/strong> Sjedi\u0161te kompanije i softverski R&amp;D centar nalaze se u Ekonomsko-tehnolo\u0161koj razvojnoj zoni Guangzhou, s razvojnim centrima u Italiji i Ju\u017enoj Koreji.<\/p>\n<p>KDT je kotirana na SME odboru Berze u Shenzhenu (oznaka 002833) i posluje u vi\u0161e od 70 zemalja \u0161irom svijeta. <strong>Klju\u010dni proizvodni program obuhvata ma\u0161ine za kantiranje, formatne pile, CNC obradne centre, NC bu\u0161ilice, fleksibilne automatizovane linije i rje\u0161enja za pakovanje.<\/strong> Kompanija je prepoznata kao jedna od 500 najve\u0107ih kineskih ma\u0161inskih kompanija zahvaljuju\u0107i svojoj posve\u0107enosti inovacijama, vrhunskom kvalitetu i pouzdanoj globalnoj podr\u0161ci.<\/p>\n<p>Prodajna mre\u017ea KDT-a pokriva vi\u0161e od 70 zemalja, uklju\u010duju\u0107i Bosnu i Hercegovinu, Hrvatsku, Sloveniju, Srbiju, Sjevernu Makedoniju i Crnu Goru.<\/p>\n<p>KDT Machinery Co., Ltd. posluje pod motom <strong>\u201eWin-win saradnja i stvaranje vrijednosti za kupce\u201c<\/strong>, s ciljem da partnerima i korisnicima pru\u017ei <strong>najsavremenija i najpouzdanija rje\u0161enja u industriji obrade namje\u0161taja.<\/strong><\/p>\n<div class=\"cms-block\">\n<p><span style=\"text-decoration: underline;\">Na\u0161a misija je ponuditi:<\/span><\/p>\n<ul class=\"list-1\">\n<li>Inovativne ma\u0161ine vrhunskog kvaliteta, dizajnirane prema najstro\u017eim industrijskim standardima<\/li>\n<li>Globalnu tehni\u010dku i korisni\u010dku podr\u0161ku s lokalnim servisnim timovima<\/li>\n<li>Detaljna uputstva, obuke i edukativne materijale za optimalno kori\u0161tenje opreme<\/li>\n<\/ul>\n<\/div>\n<h2>Tim<\/h2>\n<p>Stru\u010dni tim in\u017eenjera i dizajnera KDT-a kontinuirano radi na unapre\u0111enju automatizacije i inteligentnih rje\u0161enja, kako bismo zajedno s vama vodili industriju obrade namje\u0161taja u novo doba inovacija.<\/p>\n<p><strong>Ne propustite stalne promocije i novosti!<\/strong><\/p>\n<a href=\"\/bs\/trgovina\/\" class=\"button primary btn-b\" >\n\t\t<span>Online trgovina<\/span>\n\t<\/a>\n\n<h2>Kontakt:<\/h2>\n<p>Za sva pitanja ili nejasno\u0107e obratite se na\u0161em timu!<\/p>\n\t\t<\/div>\n\t\t\t\t\t<\/div>\n\n\t\n<\/div>\n<div class=\"row\"  id=\"row-1204319270\">\n\n\t<div id=\"col-341549880\" class=\"col pb-0 medium-12 small-12 large-3\"  >\n\t\t\t\t<div class=\"col-inner\"  >\n\t\t\t\n\t\t\t\n\t<div id=\"gap-942819759\" class=\"gap-element clearfix\" style=\"display:block; height:auto;\">\n\t\t\n<style>\n#gap-942819759 {\n  padding-top: 10px;\n}\n<\/style>\n\t<\/div>\n\t\n<a href=\"tel:+386%2051%20671%20007\" class=\"button primary is-link is-small ikonca\" >\n\t<i class=\"icon-phone\" aria-hidden=\"true\"><\/i>\t<span>+386 51 671 007<\/span>\n\t<\/a>\n\n\t\t<\/div>\n\t\t\t\t\t<\/div>\n\n\t\n\n\t<div id=\"col-796357227\" class=\"col pb-0 medium-12 small-12 large-3\"  >\n\t\t\t\t<div class=\"col-inner\"  >\n\t\t\t\n\t\t\t\n\t<div id=\"gap-1697010757\" class=\"gap-element clearfix\" style=\"display:block; height:auto;\">\n\t\t\n<style>\n#gap-1697010757 {\n  padding-top: 10px;\n}\n<\/style>\n\t<\/div>\n\t\n<a href=\"tel:+386%201%20561%2005%2030\" class=\"button primary is-link is-small ikonca\" >\n\t<i class=\"icon-phone\" aria-hidden=\"true\"><\/i>\t<span>+386 1 561 05 30<\/span>\n\t<\/a>\n\n\t\t<\/div>\n\t\t\t\t\t<\/div>\n\n\t\n\n\t<div id=\"col-1973742554\" class=\"col pb-0 medium-12 small-12 large-3\"  >\n\t\t\t\t<div class=\"col-inner\"  >\n\t\t\t\n\t\t\t\n\t<div id=\"gap-38289959\" class=\"gap-element clearfix\" style=\"display:block; height:auto;\">\n\t\t\n<style>\n#gap-38289959 {\n  padding-top: 10px;\n}\n<\/style>\n\t<\/div>\n\t\n<a href=\"mailto:info@kdt-machinery.com\" class=\"button primary is-link is-small ikonca\" >\n\t<i class=\"icon-envelop\" aria-hidden=\"true\"><\/i>\t<span>info@kdt-machinery.com<\/span>\n\t<\/a>\n\n\t\t<\/div>\n\t\t\t\t\t<\/div>\n\n\t\n<\/div>\n\t\t<\/div>\n\n\t\t\n<style>\n#section_412743639 {\n  padding-top: 45px;\n  padding-bottom: 45px;\n}\n<\/style>\n\t<\/section>\n\t\n","protected":false},"excerpt":{"rendered":"","protected":false},"author":7,"featured_media":3577,"parent":0,"menu_order":0,"comment_status":"closed","ping_status":"closed","template":"page-blank.php","meta":{"_acf_changed":false,"footnotes":""},"class_list":["post-3568","page","type-page","status-publish","has-post-thumbnail","hentry"],"acf":[],"_links":{"self":[{"href":"https:\/\/kdt-machinery.com\/bs\/wp-json\/wp\/v2\/pages\/3568","targetHints":{"allow":["GET"]}}],"collection":[{"href":"https:\/\/kdt-machinery.com\/bs\/wp-json\/wp\/v2\/pages"}],"about":[{"href":"https:\/\/kdt-machinery.com\/bs\/wp-json\/wp\/v2\/types\/page"}],"author":[{"embeddable":true,"href":"https:\/\/kdt-machinery.com\/bs\/wp-json\/wp\/v2\/users\/7"}],"replies":[{"embeddable":true,"href":"https:\/\/kdt-machinery.com\/bs\/wp-json\/wp\/v2\/comments?post=3568"}],"version-history":[{"count":4,"href":"https:\/\/kdt-machinery.com\/bs\/wp-json\/wp\/v2\/pages\/3568\/revisions"}],"predecessor-version":[{"id":4275,"href":"https:\/\/kdt-machinery.com\/bs\/wp-json\/wp\/v2\/pages\/3568\/revisions\/4275"}],"wp:featuredmedia":[{"embeddable":true,"href":"https:\/\/kdt-machinery.com\/bs\/wp-json\/wp\/v2\/media\/3577"}],"wp:attachment":[{"href":"https:\/\/kdt-machinery.com\/bs\/wp-json\/wp\/v2\/media?parent=3568"}],"curies":[{"name":"wp","href":"https:\/\/api.w.org\/{rel}","templated":true}]}}