{"id":3570,"date":"2024-04-26T06:18:12","date_gmt":"2024-04-26T06:18:12","guid":{"rendered":"https:\/\/kdt-machinery.com\/?page_id=3570"},"modified":"2025-10-28T15:43:29","modified_gmt":"2025-10-28T15:43:29","slug":"opci-uslovi-poslovanja","status":"publish","type":"page","link":"https:\/\/kdt-machinery.com\/bs\/opci-uslovi-poslovanja\/","title":{"rendered":"Op\u0107i uslovi poslovanja"},"content":{"rendered":"<div class=\"is-divider divider clearfix\" style=\"margin-top:0px;margin-bottom:0px;max-width:100%;height:1px;background-color:#6d94c7;\"><\/div>\n\n\t<section class=\"section bg-grad mcol\" id=\"section_921701712\">\n\t\t<div class=\"section-bg fill\" >\n\t\t\t\t\t\t\t\t\t\n\t\t\t\n\n\t\t<\/div>\n\n\t\t\n\n\t\t<div class=\"section-content relative\">\n\t\t\t\n<div class=\"row\"  id=\"row-1007760407\">\n\n\t<div id=\"col-9079360\" class=\"col pb-0 small-12 large-12\"  >\n\t\t\t\t<div class=\"col-inner\"  >\n\t\t\t\n\t\t\t\n\t<div id=\"text-3664219301\" class=\"text\">\n\t\t\n<h1 class=\"page-m-tit\">Op\u0107i uslovi poslovanja<\/h1>\n\t\t\n<style>\n#text-3664219301 {\n  color: rgb(255,255,255);\n}\n#text-3664219301 > * {\n  color: rgb(255,255,255);\n}\n<\/style>\n\t<\/div>\n\t\n\n<nav aria-label=\"breadcrumbs\" class=\"rank-math-breadcrumb\"><p><span class=\"last\">Domov<\/span><\/p><\/nav>\n\n\t\t<\/div>\n\t\t\t\t\t<\/div>\n\n\t\n<\/div>\n\t\t<\/div>\n\n\t\t\n<style>\n#section_921701712 {\n  padding-top: 45px;\n  padding-bottom: 45px;\n}\n<\/style>\n\t<\/section>\n\t\n\n\t<section class=\"section\" id=\"section_383787305\">\n\t\t<div class=\"section-bg fill\" >\n\t\t\t\t\t\t\t\t\t\n\t\t\t\n\n\t\t<\/div>\n\n\t\t\n\n\t\t<div class=\"section-content relative\">\n\t\t\t\n<div class=\"row\"  id=\"row-858434844\">\n\n\t<div id=\"col-1799108725\" class=\"col pb-0 small-12 large-12\"  >\n\t\t\t\t<div class=\"col-inner\"  >\n\t\t\t\n\t\t\t\n<p>Op\u0161ti uslovi poslovanja web stranice &#8211; <b>www.kdt-machinery.com<\/b> sastavljeni su u skladu sa Zakonom o za\u0161titi potro\u0161a\u010da (ZVPot), Zakonom o za\u0161titi li\u010dnih podataka (ZVOP-1), Zakonom o elektronskim komunikacijama (ZEKom-1), te sa op\u0107om uredbom o za\u0161titi li\u010dnih podataka (GDPR).<\/p>\n\t<div id=\"gap-1888728554\" class=\"gap-element clearfix\" style=\"display:block; height:auto;\">\n\t\t\n<style>\n#gap-1888728554 {\n  padding-top: 30px;\n}\n<\/style>\n\t<\/div>\n\t\n<div class=\"accordion acs\">\n\t<div id=\"accordion-1041199814\" class=\"accordion-item\">\n\t\t<a id=\"accordion-1041199814-label\" class=\"accordion-title plain\" href=\"#accordion-item-kori\u0161tenje-servisa\" aria-expanded=\"false\" aria-controls=\"accordion-1041199814-content\">\n\t\t\t<button class=\"toggle\" aria-label=\"Toggle\"><i class=\"icon-angle-down\" aria-hidden=\"true\"><\/i><\/button>\n\t\t\t<span>Kori\u0161tenje servisa<\/span>\n\t\t<\/a>\n\t\t<div id=\"accordion-1041199814-content\" class=\"accordion-inner\" aria-labelledby=\"accordion-1041199814-label\">\n\t\t\t\n<p>Nemojte zloupotrebljavati na\u0161u web stranicu ili usluge. Na primjer, ne poku\u0161avajte mijenjati stranicu i pristupajte joj samo putem zvani\u010dnog interfejsa, prate\u0107i upute koje pru\u017eamo. Stranicu smijete koristiti isklju\u010divo u skladu sa zakonom. Mo\u017eemo vam privremeno ili trajno uskratiti pristup ako se ne pridr\u017eavate na\u0161ih uslova ili pravila, ili ako istra\u017eujemo mogu\u0107e neovla\u0161teno pona\u0161anje.<\/p>\n<p>Kori\u0161tenjem stranice ne sti\u010dete nikakva prava intelektualnog vlasni\u0161tva nad stranicom ili sadr\u017eajem kojem pristupate. Ne smijete koristiti sadr\u017eaj stranice osim ako prethodno ne dobijete dozvolu vlasnika ili ako to nije druga\u010dije dozvoljeno zakonom. Ovi uslovi vam ne daju pravo kori\u0161tenja bilo kojeg za\u0161titnog znaka ili logotipa koji se koristi na na\u0161oj stranici. Nemojte uklanjati, skrivati ili mijenjati pravne napomene koje se pojavljuju na na\u0161im stranicama, u na\u0161im uslugama ili uz njih.<\/p>\n<p><b>www.kdt-machinery.com<\/b> mo\u017ee prikazivati i sadr\u017eaj koji nije u vlasni\u0161tvu web stranice. Za takav sadr\u017eaj isklju\u010divo je odgovoran subjekt koji ga objavljuje. Mo\u017eemo pregledati sadr\u017eaj kako bismo utvrdili da li je nezakonit ili kr\u0161i na\u0161a pravila, te ga mo\u017eemo ukloniti ili odbiti prikazati ako smatramo da nije u skladu sa zakonom ili pravilima. To, me\u0111utim, ne zna\u010di da redovno pregledavamo sav sadr\u017eaj, pa nemojte pretpostavljati da to \u010dinimo.<\/p>\n<p>U vezi s kori\u0161tenjem web stranice, mo\u017eemo vam slati obavje\u0161tenja, administrativne poruke ili druge informacije. Mo\u017eete odabrati da ne primate neke od tih poruka.<\/p>\n<p>Na\u0161a usluga dostupna je i putem mobilnih ure\u0111aja. Nemojte je koristiti na na\u010din koji bi vas ometao ili sprje\u010davao u po\u0161tovanju saobra\u0107ajnih i sigurnosnih propisa.<\/p>\n\t\t<\/div>\n\t<\/div>\n\t\n\t<div id=\"accordion-3352222798\" class=\"accordion-item\">\n\t\t<a id=\"accordion-3352222798-label\" class=\"accordion-title plain\" href=\"#accordion-item-servisni-nalog\" aria-expanded=\"false\" aria-controls=\"accordion-3352222798-content\">\n\t\t\t<button class=\"toggle\" aria-label=\"Toggle\"><i class=\"icon-angle-down\" aria-hidden=\"true\"><\/i><\/button>\n\t\t\t<span>Servisni nalog<\/span>\n\t\t<\/a>\n\t\t<div id=\"accordion-3352222798-content\" class=\"accordion-inner\" aria-labelledby=\"accordion-3352222798-label\">\n\t\t\t\n<p>Za naru\u010divanje usluga, kao \u0161to su npr. e-novosti, potrebno je ispuniti odgovaraju\u0107i obrazac. To mo\u017eete u\u010diniti posjetom stranici obrasca ili putem administratora, poput va\u0161eg poslodavca ili obrazovne ustanove.<\/p>\n<p>Odgovorni ste za sve aktivnosti koje nastanu prilikom naru\u010divanja usluga na web stranici <b>www.kdt-machinery.com<\/b>. Ako primijetite bilo kakvu neovla\u0161tenu upotrebu va\u0161ih podataka, molimo vas da nas odmah kontaktirate.<\/p>\n\t\t<\/div>\n\t<\/div>\n\t\n\t<div id=\"accordion-2286778079\" class=\"accordion-item\">\n\t\t<a id=\"accordion-2286778079-label\" class=\"accordion-title plain\" href=\"#accordion-item-za\u0161tita-privatnosti-i-autorskih-prava\" aria-expanded=\"false\" aria-controls=\"accordion-2286778079-content\">\n\t\t\t<button class=\"toggle\" aria-label=\"Toggle\"><i class=\"icon-angle-down\" aria-hidden=\"true\"><\/i><\/button>\n\t\t\t<span>Za\u0161tita privatnosti i autorskih prava<\/span>\n\t\t<\/a>\n\t\t<div id=\"accordion-2286778079-content\" class=\"accordion-inner\" aria-labelledby=\"accordion-2286778079-label\">\n\t\t\t\n<p><b>www.kdt-machinery.com<\/b> i Politika privatnosti obja\u0161njavaju kako postupamo s va\u0161im li\u010dnim podacima i kako \u0161titimo va\u0161u privatnost prilikom kori\u0161tenja web stranice. Kori\u0161tenjem web stranice, sla\u017eete se da mo\u017eemo koristiti te podatke u skladu s na\u0161om Politikom privatnosti.<\/p>\n<p>Na osnovu prijava o mogu\u0107em kr\u0161enju autorskih prava, postupamo u skladu sa zakonom i primjenjujemo odgovaraju\u0107e mjere, uklju\u010duju\u0107i i ukidanje pristupa korisnicima koji vi\u0161estruko kr\u0161e pravila.<\/p>\n<p>Pru\u017eamo informacije nosiocima autorskih prava kako bismo im pomogli u za\u0161titi i upravljanju njihovim intelektualnim vlasni\u0161tvom na internetu. Ako smatrate da neko kr\u0161i va\u0161a autorska prava, molimo vas da nas kontaktirate.<\/p>\n\t\t<\/div>\n\t<\/div>\n\t\n\t<div id=\"accordion-3169492883\" class=\"accordion-item\">\n\t\t<a id=\"accordion-3169492883-label\" class=\"accordion-title plain\" href=\"#accordion-item-va\u0161-sadr\u017eaj-u-okviru-na\u0161e-usluge\" aria-expanded=\"false\" aria-controls=\"accordion-3169492883-content\">\n\t\t\t<button class=\"toggle\" aria-label=\"Toggle\"><i class=\"icon-angle-down\" aria-hidden=\"true\"><\/i><\/button>\n\t\t\t<span>Va\u0161 sadr\u017eaj u okviru na\u0161e usluge<\/span>\n\t\t<\/a>\n\t\t<div id=\"accordion-3169492883-content\" class=\"accordion-inner\" aria-labelledby=\"accordion-3169492883-label\">\n\t\t\t\n<p>Na\u0161a web stranica omogu\u0107ava vam da u\u010ditavate, \u0161aljete, pohranjujete, prenosite ili primate sadr\u017eaj. Zadr\u017eavate sva prava intelektualnog vlasni\u0161tva nad tim sadr\u017eajem. Ukratko \u2013 ono \u0161to je va\u0161e, ostaje va\u0161e.<\/p>\n<p>Kada prenosite, pohranjujete, \u0161aljete ili primate sadr\u017eaj putem na\u0161e web stranice <b>www.kdt-machinery.com<\/b>, dajete nam dozvolu da taj sadr\u017eaj koristimo, hostujemo, pohranjujemo, reproduciramo, mijenjamo, izra\u0111ujemo izvedene radove (kao \u0161to su prijevodi, adaptacije ili druge promjene radi kompatibilnosti s na\u0161im uslugama), komuniciramo, objavljujemo, javno prikazujemo, emitujemo i distribuiramo taj sadr\u017eaj \u0161irom svijeta. Prava koja nam dajete ovom licencom koriste se isklju\u010divo u svrhu rada, promocije i unapre\u0111enja na\u0161ih usluga, kao i razvoja novih. Ova dozvola ostaje va\u017ee\u0107a \u010dak i ako prestanete koristiti na\u0161e usluge. Web stranica <b>www.kdt-machinery.com<\/b> u potpunosti po\u0161tuje sva ograni\u010denja ili postavke koje odre\u0111uju obim kori\u0161tenja sadr\u017eaja. Prije slanja bilo kakvog materijala, provjerite imate li prava da nam dodijelite ovu dozvolu.<\/p>\n<p>Na\u0161i automatizovani sistemi mogu analizirati va\u0161 sadr\u017eaj (uklju\u010duju\u0107i e-mail) kako bi vam pru\u017eili relevantne funkcionalnosti, poput prilago\u0111enih rezultata pretrage, personalizovanog ogla\u0161avanja te otkrivanja ne\u017eeljene po\u0161te i zlonamjernog softvera. Ova analiza se vr\u0161i prilikom slanja, primanja i pohrane sadr\u017eaja.<\/p>\n<p>Ako ste koristili web stranicu <b>www.kdt-machinery.com<\/b>, va\u0161i podaci mogu biti prikazani na na\u0161oj stranici ili kori\u0161teni u promotivne svrhe, uklju\u010duju\u0107i oglase i druge oblike marketinga.<\/p>\n<p>Po\u0161tovat \u0107emo va\u0161a ograni\u010denja i \u017eelje u vezi sa kori\u0161tenjem va\u0161ih podataka. Kontaktirajte nas ako ne \u017eelite da se va\u0161i podaci koriste u oglasima ili promotivnim materijalima.<\/p>\n<p>Vi\u0161e informacija o tome kako <b>www.kdt-machinery.com<\/b> koristi i pohranjuje sadr\u017eaj mo\u017eete prona\u0107i u na\u0161oj Politici privatnosti ili dodatnim uslovima koji se odnose na pojedina\u010dne usluge. Ako nam po\u0161aljete povratne informacije ili prijedloge, mo\u017eemo ih koristiti bez bilo kakvih obaveza prema vama.<\/p>\n\t\t<\/div>\n\t<\/div>\n\t\n\t<div id=\"accordion-220800962\" class=\"accordion-item\">\n\t\t<a id=\"accordion-220800962-label\" class=\"accordion-title plain\" href=\"#accordion-item-o-na\u0161em-servisnom-softveru\" aria-expanded=\"false\" aria-controls=\"accordion-220800962-content\">\n\t\t\t<button class=\"toggle\" aria-label=\"Toggle\"><i class=\"icon-angle-down\" aria-hidden=\"true\"><\/i><\/button>\n\t\t\t<span>O na\u0161em servisnom softveru<\/span>\n\t\t<\/a>\n\t\t<div id=\"accordion-220800962-content\" class=\"accordion-inner\" aria-labelledby=\"accordion-220800962-label\">\n\t\t\t\n<p>Ako usluga zahtijeva preuzimanje softvera na va\u0161 ure\u0111aj ili uklju\u010duje kori\u0161tenje takvog softvera, on se mo\u017ee automatski a\u017eurirati na va\u0161em ure\u0111aju kada postane dostupna nova verzija ili funkcionalnost. Za odre\u0111ene usluge mo\u017eete prilagoditi postavke automatskog a\u017euriranja prema vlastitim \u017eeljama.<\/p>\n<p><b>www.kdt-machinery.com<\/b> vam daje li\u010dnu, besplatnu, neprenosivu i neekskluzivnu licencu koja va\u017ei \u0161irom svijeta za kori\u0161tenje web stranice kao dijela usluga koje pru\u017eamo. Ova licenca vam omogu\u0107ava kori\u0161tenje i u\u017eivanje u pogodnostima stranice u skladu s va\u017ee\u0107im uslovima. Nije dozvoljeno kopirati, mijenjati, distribuirati, prodavati ili iznajmljivati bilo koji dio stranice ili pripadaju\u0107eg softvera, niti poku\u0161avati obrnuti in\u017eenjering ili otkriti izvorni kod, osim u mjeri dopu\u0161tenoj zakonom ili uz na\u0161 pismeni pristanak.<\/p>\n<p>Softver otvorenog koda nam je veoma va\u017ean. Neki softver koji koristimo na na\u0161im stranicama mo\u017ee biti dostupan pod licencom otvorenog koda, koju \u0107emo vam u\u010diniti dostupnom. Licenca otvorenog koda mo\u017ee sadr\u017eavati odredbe koje imaju prednost nad odre\u0111enim dijelovima ovih Uslova kori\u0161tenja.<\/p>\n\t\t<\/div>\n\t<\/div>\n\t\n\t<div id=\"accordion-387960996\" class=\"accordion-item\">\n\t\t<a id=\"accordion-387960996-label\" class=\"accordion-title plain\" href=\"#accordion-item-mijenjanje-i-ukidanje-na\u0161ih-usluga-i-ponuda\" aria-expanded=\"false\" aria-controls=\"accordion-387960996-content\">\n\t\t\t<button class=\"toggle\" aria-label=\"Toggle\"><i class=\"icon-angle-down\" aria-hidden=\"true\"><\/i><\/button>\n\t\t\t<span>Mijenjanje i ukidanje na\u0161ih usluga i ponuda<\/span>\n\t\t<\/a>\n\t\t<div id=\"accordion-387960996-content\" class=\"accordion-inner\" aria-labelledby=\"accordion-387960996-label\">\n\t\t\t\n<p>Stalno unapre\u0111ujemo i pobolj\u0161avamo na\u0161u web stranicu i ponudu. Mo\u017eemo dodavati ili uklanjati funkcije i opcije, te po potrebi privremeno ili trajno obustaviti rad cijele web stranice, usluge ili ukloniti odre\u0111ene dijelove ponude.<\/p>\n<p>Mo\u017eete prestati koristiti uslugu u bilo kojem trenutku. <b>www.kdt-machinery.com<\/b> tako\u0111er mo\u017ee u bilo kojem trenutku prestati pru\u017eati uslugu ili ponudu, kao i uvesti nova ograni\u010denja ili izmjene.<\/p>\n<p>Smatramo da je o\u010duvanje i pristup va\u0161im podacima veoma va\u017eno. Ako odlu\u010dimo trajno prekinuti pru\u017eanje usluge, obavijestit \u0107emo vas na vrijeme i omogu\u0107iti vam da preuzmete svoje podatke p<\/p>\n\t\t<\/div>\n\t<\/div>\n\t\n\t<div id=\"accordion-3225470810\" class=\"accordion-item\">\n\t\t<a id=\"accordion-3225470810-label\" class=\"accordion-title plain\" href=\"#accordion-item-na\u0161a-jamstva-i-odricanja-od-odgovornosti\" aria-expanded=\"false\" aria-controls=\"accordion-3225470810-content\">\n\t\t\t<button class=\"toggle\" aria-label=\"Toggle\"><i class=\"icon-angle-down\" aria-hidden=\"true\"><\/i><\/button>\n\t\t\t<span>Na\u0161a jamstva i odricanja od odgovornosti<\/span>\n\t\t<\/a>\n\t\t<div id=\"accordion-3225470810-content\" class=\"accordion-inner\" aria-labelledby=\"accordion-3225470810-label\">\n\t\t\t\n<p>Uslugu pru\u017eamo uz komercijalno razumnu razinu stru\u010dnosti i pa\u017enje, te se nadamo da \u0107ete u\u017eivati u njenom kori\u0161tenju. Ipak, postoje odre\u0111ene stvari koje ne mo\u017eemo garantovati u vezi s uslugom.<\/p>\n<p>Ni <b>www.kdt-machinery.com<\/b> ni njegovi dobavlja\u010di ili distributeri ne daju nikakva posebna obe\u0107anja osim onih koja su izri\u010dito navedena u ovim ili dodatnim uslovima. Na primjer, ne garantujemo da \u0107e sadr\u017eaj stranice ili pojedine funkcije uvijek biti pouzdane, dostupne ili prikladne za va\u0161e potrebe. Uslugu i ponudu pru\u017eamo \u201etakvu kakva jeste\u201c.<\/p>\n<p>U nekim jurisdikcijama odre\u0111ena jamstva su obavezna, poput garancije prodajnosti, prikladnosti za odre\u0111enu svrhu ili za\u0161tite od povrede prava. Isklju\u010dujemo sva druga jamstva u mjeri dopu\u0161tenoj zakonom.<\/p>\n\t\t<\/div>\n\t<\/div>\n\t\n\t<div id=\"accordion-1858353760\" class=\"accordion-item\">\n\t\t<a id=\"accordion-1858353760-label\" class=\"accordion-title plain\" href=\"#accordion-item-odgovornost-za-na\u0161u-uslugu\" aria-expanded=\"false\" aria-controls=\"accordion-1858353760-content\">\n\t\t\t<button class=\"toggle\" aria-label=\"Toggle\"><i class=\"icon-angle-down\" aria-hidden=\"true\"><\/i><\/button>\n\t\t\t<span>Odgovornost za na\u0161u uslugu<\/span>\n\t\t<\/a>\n\t\t<div id=\"accordion-1858353760-content\" class=\"accordion-inner\" aria-labelledby=\"accordion-1858353760-label\">\n\t\t\t\n<p>Kada je to dopu\u0161teno zakonom, <b>www.kdt-machinery.com<\/b>, njegovi dobavlja\u010di i distributeri ne snose odgovornost za gubitak dobiti, prihoda ili podataka, kao ni za bilo kakve finansijske gubitke ili neizravne, posebne, posljedi\u010dne, primjerene ili kaznene \u0161tete.<\/p>\n<p>U mjeri dopu\u0161tenoj zakonom, ukupna odgovornost web stranice <b>www.kdt-machinery.com<\/b>, njenih dobavlja\u010da i distributera za bilo kakve zahtjeve koji proizlaze iz ovih uslova, uklju\u010duju\u0107i i implicitne garancije, ograni\u010dava se na iznos koji ste platili za kori\u0161tenje usluge (ili, prema na\u0161em izboru, ponovno pru\u017eanje usluge).<\/p>\n<p><b>www.kdt-machinery.com<\/b>, njegovi dobavlja\u010di i distributeri ni u kom slu\u010daju ne mogu biti odgovorni za bilo kakav gubitak ili \u0161tetu koja se ne mo\u017ee razumno predvidjeti.<\/p>\n\t\t<\/div>\n\t<\/div>\n\t\n<\/div>\n\t<div id=\"gap-297186958\" class=\"gap-element clearfix\" style=\"display:block; height:auto;\">\n\t\t\n<style>\n#gap-297186958 {\n  padding-top: 30px;\n}\n<\/style>\n\t<\/div>\n\t\n\t<div id=\"text-1423451769\" class=\"text\">\n\t\t\n<h2>O ovim uslovima<\/h2>\n\t\t\n<style>\n#text-1423451769 {\n  font-size: 1.2rem;\n}\n<\/style>\n\t<\/div>\n\t\n<p>Mo\u017eemo mijenjati ove uslove ili dodatne odredbe koje se odnose na ovu web stranicu, na primjer kada ih moramo uskladiti sa zakonom ili promjenama u uslugama. Preporu\u010dujemo da redovno provjeravate a\u017eurirane uslove.<\/p>\n<ul>\n<li>Ako se ne sla\u017eete s izmijenjenim uslovima, prekinite kori\u0161tenje stranice.<\/li>\n<li>U slu\u010daju sukoba izme\u0111u ovih Uslova i Dodatnih odredbi, prednost imaju Dodatne odredbe.<\/li>\n<li>Ovi uslovi reguli\u0161u odnos izme\u0111u web stranice &#8211; www.kdt-machinery.com i vas kao korisnika. Uslovi ne stvaraju nikakva prava tre\u0107ih strana.<\/li>\n<li>Ako se ne pridr\u017eavate ovih uslova, a mi ne reagujemo odmah, to ne zna\u010di da se odri\u010demo bilo kojih prava koja imamo (npr. pravo da djelujemo kasnije).<\/li>\n<li>Ako se bilo koji od uslova ne mo\u017ee sprovesti, to ne uti\u010de na valjanost ostalih uslova.<\/li>\n<\/ul>\n<p><i>Ova pravila stupaju na snagu od: 22\/10\/2025<\/i><\/p>\n\t\t<\/div>\n\t\t\t\t\t<\/div>\n\n\t\n<\/div>\n\t\t<\/div>\n\n\t\t\n<style>\n#section_383787305 {\n  padding-top: 45px;\n  padding-bottom: 45px;\n}\n<\/style>\n\t<\/section>\n\t\n","protected":false},"excerpt":{"rendered":"","protected":false},"author":7,"featured_media":3577,"parent":0,"menu_order":0,"comment_status":"closed","ping_status":"closed","template":"page-blank.php","meta":{"_acf_changed":false,"footnotes":""},"class_list":["post-3570","page","type-page","status-publish","has-post-thumbnail","hentry"],"acf":[],"_links":{"self":[{"href":"https:\/\/kdt-machinery.com\/bs\/wp-json\/wp\/v2\/pages\/3570","targetHints":{"allow":["GET"]}}],"collection":[{"href":"https:\/\/kdt-machinery.com\/bs\/wp-json\/wp\/v2\/pages"}],"about":[{"href":"https:\/\/kdt-machinery.com\/bs\/wp-json\/wp\/v2\/types\/page"}],"author":[{"embeddable":true,"href":"https:\/\/kdt-machinery.com\/bs\/wp-json\/wp\/v2\/users\/7"}],"replies":[{"embeddable":true,"href":"https:\/\/kdt-machinery.com\/bs\/wp-json\/wp\/v2\/comments?post=3570"}],"version-history":[{"count":4,"href":"https:\/\/kdt-machinery.com\/bs\/wp-json\/wp\/v2\/pages\/3570\/revisions"}],"predecessor-version":[{"id":4279,"href":"https:\/\/kdt-machinery.com\/bs\/wp-json\/wp\/v2\/pages\/3570\/revisions\/4279"}],"wp:featuredmedia":[{"embeddable":true,"href":"https:\/\/kdt-machinery.com\/bs\/wp-json\/wp\/v2\/media\/3577"}],"wp:attachment":[{"href":"https:\/\/kdt-machinery.com\/bs\/wp-json\/wp\/v2\/media?parent=3570"}],"curies":[{"name":"wp","href":"https:\/\/api.w.org\/{rel}","templated":true}]}}