{"id":3572,"date":"2024-04-25T11:33:03","date_gmt":"2024-04-25T11:33:03","guid":{"rendered":"https:\/\/kdt-machinery.com\/?page_id=3572"},"modified":"2025-10-28T15:14:19","modified_gmt":"2025-10-28T15:14:19","slug":"programska-oprema","status":"publish","type":"page","link":"https:\/\/kdt-machinery.com\/bs\/programska-oprema\/","title":{"rendered":"Programska oprema"},"content":{"rendered":"<div class=\"is-divider divider clearfix\" style=\"margin-top:0px;margin-bottom:0px;max-width:100%;height:1px;background-color:#6d94c7;\"><\/div>\n\n\t<section class=\"section bg-grad mcol\" id=\"section_1065036104\">\n\t\t<div class=\"section-bg fill\" >\n\t\t\t\t\t\t\t\t\t\n\t\t\t\n\n\t\t<\/div>\n\n\t\t\n\n\t\t<div class=\"section-content relative\">\n\t\t\t\n<div class=\"row\"  id=\"row-1125035256\">\n\n\t<div id=\"col-1026994757\" class=\"col pb-0 small-12 large-12\"  >\n\t\t\t\t<div class=\"col-inner\"  >\n\t\t\t\n\t\t\t\n\t<div id=\"text-2794853678\" class=\"text\">\n\t\t\n<h1 class=\"page-m-tit\">Programska oprema<\/h1>\n\t\t\n<style>\n#text-2794853678 {\n  color: rgb(255,255,255);\n}\n#text-2794853678 > * {\n  color: rgb(255,255,255);\n}\n<\/style>\n\t<\/div>\n\t\n\n<nav aria-label=\"breadcrumbs\" class=\"rank-math-breadcrumb\"><p><span class=\"last\">Domov<\/span><\/p><\/nav>\n\n\t\t<\/div>\n\t\t\t\t\t<\/div>\n\n\t\n<\/div>\n\t\t<\/div>\n\n\t\t\n<style>\n#section_1065036104 {\n  padding-top: 45px;\n  padding-bottom: 45px;\n}\n<\/style>\n\t<\/section>\n\t\n\n\t<section class=\"section\" id=\"section_1346090197\">\n\t\t<div class=\"section-bg fill\" >\n\t\t\t\t\t\t\t\t\t\n\t\t\t\n\n\t\t<\/div>\n\n\t\t\n\n\t\t<div class=\"section-content relative\">\n\t\t\t\n<div class=\"row\"  id=\"row-850531207\">\n\n\t<div id=\"col-855861618\" class=\"col pb-0 small-12 large-12\"  >\n\t\t\t\t<div class=\"col-inner\"  >\n\t\t\t\n\t\t\t\n<h2>Upoznajte LestrojBox!<\/h2>\n<p>Predstavljamo <strong>LestrojBOX<\/strong> program za najjednostavniju izradu ravnog namje\u0161taja u kombinaciji s bar kodovima te pristupa\u010dnim i preciznim Startech cn plus CNC strojem. LestrojBox je program: &#8211; koji mo\u017eete savladati za samo nekoliko sati, &#8211; jednostavno birate tip ormara, &#8211; odabirete sve parametre poput dimenzija, polica, ladica, postolja, vrata itd&#8230;, &#8211; program automatski izra\u0111uje krojne liste, popis materijala, naljepnice s bar kodovima i CNC programe. Tako jednostavna priprema, a jo\u0161 lak\u0161i rad na CNC-u.<\/p>\n<p>Ne trebate iskusnog stolara za rad na CNC ma\u0161ini. Rad s bar kodovima omogu\u0107ava samostalan rad \u010dak i studentu ili neiskusnom radniku, koji mo\u017ee brzo savladati sistem. Dakle, vi\u0161e ne\u0107e biti problema s kadrovima, gre\u0161ke su zna\u010dajno smanjene, a proces rada mnogo br\u017ei!<\/p>\n<h3><strong>Video prezentacija:<\/strong><\/h3>\n<div class=\"video video-fit mb\" style=\"padding-top:56.25%;\"><p><iframe loading=\"lazy\" title=\"Program za konstruiranje pohi\u0161tva LestrojBOX\" width=\"1020\" height=\"765\" src=\"https:\/\/www.youtube.com\/embed\/uEg5o7h0YH4?feature=oembed\" frameborder=\"0\" allow=\"accelerometer; autoplay; clipboard-write; encrypted-media; gyroscope; picture-in-picture; web-share\" referrerpolicy=\"strict-origin-when-cross-origin\" allowfullscreen><\/iframe><\/p>\n<\/div>\n<h2>Kako bismo olak\u0161ali rad i stolarski posao, TPA softver je dio na\u0161e ponude!<\/h2>\n<p>Sa zadovoljstvom predstavljamo TPA softver na\u0161im sada\u0161njim i budu\u0107im kupcima, koji svakom stolaru uveliko olak\u0161ava rad! Za sve dodatne informacije o TPA opremi posjetite njihovu web stranicu!<\/p>\n<a href=\"https:\/\/www.tpaspa.com\/\" target=\"_blank\" class=\"button primary btn-b\" rel=\"noopener\">\n\t\t<span>Kliknite ovdje!<\/span>\n\t<\/a>\n\n<p>Nudimo aplikacije koje konfiguri\u0161u i programiraju automatizaciju ma\u0161ina, korisni\u010dka su\u010delja prilago\u0111ena razli\u010ditim vrstama aplikacija te softver za izvr\u0161ni rad (CAD\/CAM, gnije\u017e\u0111enje i drugi optimizatori).<\/p>\n<p>Softver TPA CAD italijanskog proizvo\u0111a\u010da dobro je poznat softverski alat koji koriste renomirani proizvo\u0111a\u010di CNC ma\u0161ina kao \u0161to su Felder, Brema, Vitap i Busellato. TPA CAD je parametarski program sa sna\u017enim 3D grafi\u010dkim su\u010deljem za izradu ravnog namje\u0161taja, jednostavan za kori\u0161tenje, a istovremeno dovoljno mo\u0107an i fleksibilan za zahtjevnije korisnike. Dodatni CADNESTING modul uklju\u010den je u standardnu opremu i omogu\u0107ava efikasnu optimizaciju rezanja komada pravilnih i nepravilnih oblika radi maksimalnog iskori\u0161tenja materijala.<\/p>\n<h2>Kontakt:<\/h2>\n<p>Za sva pitanja ili nejasno\u0107e obratite se na\u0161em timu!<\/p>\n\t\t<\/div>\n\t\t\t\t\t<\/div>\n\n\t\n<\/div>\n<div class=\"row\"  id=\"row-748712801\">\n\n\t<div id=\"col-1885118156\" class=\"col pb-0 medium-12 small-12 large-3\"  >\n\t\t\t\t<div class=\"col-inner\"  >\n\t\t\t\n\t\t\t\n\t<div id=\"gap-482273719\" class=\"gap-element clearfix\" style=\"display:block; height:auto;\">\n\t\t\n<style>\n#gap-482273719 {\n  padding-top: 10px;\n}\n<\/style>\n\t<\/div>\n\t\n<a href=\"tel:+386%2051%20671%20007\" class=\"button primary is-link is-small ikonca\" >\n\t<i class=\"icon-phone\" aria-hidden=\"true\"><\/i>\t<span>+386 51 671 007<\/span>\n\t<\/a>\n\n\t\t<\/div>\n\t\t\t\t\t<\/div>\n\n\t\n\n\t<div id=\"col-573541879\" class=\"col pb-0 medium-12 small-12 large-3\"  >\n\t\t\t\t<div class=\"col-inner\"  >\n\t\t\t\n\t\t\t\n\t<div id=\"gap-397766232\" class=\"gap-element clearfix\" style=\"display:block; height:auto;\">\n\t\t\n<style>\n#gap-397766232 {\n  padding-top: 10px;\n}\n<\/style>\n\t<\/div>\n\t\n<a href=\"tel:+386%201%20561%2005%2030\" class=\"button primary is-link is-small ikonca\" >\n\t<i class=\"icon-phone\" aria-hidden=\"true\"><\/i>\t<span>+386 1 561 05 30<\/span>\n\t<\/a>\n\n\t\t<\/div>\n\t\t\t\t\t<\/div>\n\n\t\n\n\t<div id=\"col-952745791\" class=\"col pb-0 medium-12 small-12 large-3\"  >\n\t\t\t\t<div class=\"col-inner\"  >\n\t\t\t\n\t\t\t\n\t<div id=\"gap-1853795074\" class=\"gap-element clearfix\" style=\"display:block; height:auto;\">\n\t\t\n<style>\n#gap-1853795074 {\n  padding-top: 10px;\n}\n<\/style>\n\t<\/div>\n\t\n<a href=\"mailto:info@kdt-machinery.com\" class=\"button primary is-link is-small ikonca\" >\n\t<i class=\"icon-envelop\" aria-hidden=\"true\"><\/i>\t<span>info@kdt-machinery.com<\/span>\n\t<\/a>\n\n\t\t<\/div>\n\t\t\t\t\t<\/div>\n\n\t\n<\/div>\n\t\t<\/div>\n\n\t\t\n<style>\n#section_1346090197 {\n  padding-top: 45px;\n  padding-bottom: 45px;\n}\n<\/style>\n\t<\/section>\n\t\n","protected":false},"excerpt":{"rendered":"","protected":false},"author":7,"featured_media":3577,"parent":0,"menu_order":0,"comment_status":"closed","ping_status":"closed","template":"page-blank.php","meta":{"_acf_changed":false,"footnotes":""},"class_list":["post-3572","page","type-page","status-publish","has-post-thumbnail","hentry"],"acf":[],"_links":{"self":[{"href":"https:\/\/kdt-machinery.com\/bs\/wp-json\/wp\/v2\/pages\/3572","targetHints":{"allow":["GET"]}}],"collection":[{"href":"https:\/\/kdt-machinery.com\/bs\/wp-json\/wp\/v2\/pages"}],"about":[{"href":"https:\/\/kdt-machinery.com\/bs\/wp-json\/wp\/v2\/types\/page"}],"author":[{"embeddable":true,"href":"https:\/\/kdt-machinery.com\/bs\/wp-json\/wp\/v2\/users\/7"}],"replies":[{"embeddable":true,"href":"https:\/\/kdt-machinery.com\/bs\/wp-json\/wp\/v2\/comments?post=3572"}],"version-history":[{"count":2,"href":"https:\/\/kdt-machinery.com\/bs\/wp-json\/wp\/v2\/pages\/3572\/revisions"}],"predecessor-version":[{"id":4273,"href":"https:\/\/kdt-machinery.com\/bs\/wp-json\/wp\/v2\/pages\/3572\/revisions\/4273"}],"wp:featuredmedia":[{"embeddable":true,"href":"https:\/\/kdt-machinery.com\/bs\/wp-json\/wp\/v2\/media\/3577"}],"wp:attachment":[{"href":"https:\/\/kdt-machinery.com\/bs\/wp-json\/wp\/v2\/media?parent=3572"}],"curies":[{"name":"wp","href":"https:\/\/api.w.org\/{rel}","templated":true}]}}