{"id":3575,"date":"2024-04-25T11:47:40","date_gmt":"2024-04-25T11:47:40","guid":{"rendered":"https:\/\/kdt-machinery.com\/?page_id=3575"},"modified":"2025-10-28T15:19:03","modified_gmt":"2025-10-28T15:19:03","slug":"vizija-kompanije","status":"publish","type":"page","link":"https:\/\/kdt-machinery.com\/bs\/vizija-kompanije\/","title":{"rendered":"Vizija kompanije"},"content":{"rendered":"<div class=\"is-divider divider clearfix\" style=\"margin-top:0px;margin-bottom:0px;max-width:100%;height:1px;background-color:#6d94c7;\"><\/div>\n\n\t<section class=\"section bg-grad mcol\" id=\"section_1143564846\">\n\t\t<div class=\"section-bg fill\" >\n\t\t\t\t\t\t\t\t\t\n\t\t\t\n\n\t\t<\/div>\n\n\t\t\n\n\t\t<div class=\"section-content relative\">\n\t\t\t\n<div class=\"row\"  id=\"row-112347836\">\n\n\t<div id=\"col-110119459\" class=\"col pb-0 small-12 large-12\"  >\n\t\t\t\t<div class=\"col-inner\"  >\n\t\t\t\n\t\t\t\n\t<div id=\"text-402004799\" class=\"text\">\n\t\t\n<h1 class=\"page-m-tit\">Vizija kompanije<\/h1>\n\t\t\n<style>\n#text-402004799 {\n  color: rgb(255,255,255);\n}\n#text-402004799 > * {\n  color: rgb(255,255,255);\n}\n<\/style>\n\t<\/div>\n\t\n\n<nav aria-label=\"breadcrumbs\" class=\"rank-math-breadcrumb\"><p><span class=\"last\">Domov<\/span><\/p><\/nav>\n\n\t\t<\/div>\n\t\t\t\t\t<\/div>\n\n\t\n<\/div>\n\t\t<\/div>\n\n\t\t\n<style>\n#section_1143564846 {\n  padding-top: 45px;\n  padding-bottom: 45px;\n}\n<\/style>\n\t<\/section>\n\t\n\n\t<section class=\"section pb-0\" id=\"section_583964491\">\n\t\t<div class=\"section-bg fill\" >\n\t\t\t\t\t\t\t\t\t\n\t\t\t\n\n\t\t<\/div>\n\n\t\t\n\n\t\t<div class=\"section-content relative\">\n\t\t\t\n<div class=\"row\"  id=\"row-1318360470\">\n\n\t<div id=\"col-134180990\" class=\"col pb-0 medium-6 small-6 large-3\"  >\n\t\t\t\t<div class=\"col-inner\"  >\n\t\t\t\n\t\t\t\n\n\t\t<div class=\"icon-box featured-box ic-box icon-box-left text-left\"  >\n\t\t\t\t\t<div class=\"icon-box-img\" style=\"width: 65px\">\n\t\t\t\t<div class=\"icon\">\n\t\t\t\t\t<div class=\"icon-inner\" >\n\t\t\t\t\t\t<img loading=\"lazy\" decoding=\"async\" width=\"200\" height=\"200\" src=\"https:\/\/kdt-machinery.com\/wp-content\/uploads\/2024\/04\/izkusnje.svg\" class=\"attachment-medium size-medium\" alt=\"\" \/>\t\t\t\t\t<\/div>\n\t\t\t\t<\/div>\n\t\t\t<\/div>\n\t\t\t\t<div class=\"icon-box-text last-reset\">\n\t\t\t\t\t\t\t\t\t\n<p class=\"ic-tit\">Vi\u0161e od 30 godina<\/p>\n<p class=\"ic-desc\">iskustvo i kvalitet<\/p>\n\t\t<\/div>\n\t<\/div>\n\t\n\t\n\t\t<\/div>\n\t\t\t\t\t<\/div>\n\n\t\n\n\t<div id=\"col-187521503\" class=\"col pb-0 medium-6 small-6 large-3\"  >\n\t\t\t\t<div class=\"col-inner\"  >\n\t\t\t\n\t\t\t\n\n\t\t<div class=\"icon-box featured-box ic-box icon-box-left text-left\"  >\n\t\t\t\t\t<div class=\"icon-box-img\" style=\"width: 65px\">\n\t\t\t\t<div class=\"icon\">\n\t\t\t\t\t<div class=\"icon-inner\" >\n\t\t\t\t\t\t<img loading=\"lazy\" decoding=\"async\" width=\"200\" height=\"200\" src=\"https:\/\/kdt-machinery.com\/wp-content\/uploads\/2024\/04\/svetovanje-in-podpora.svg\" class=\"attachment-medium size-medium\" alt=\"\" \/>\t\t\t\t\t<\/div>\n\t\t\t\t<\/div>\n\t\t\t<\/div>\n\t\t\t\t<div class=\"icon-box-text last-reset\">\n\t\t\t\t\t\t\t\t\t\n<p class=\"ic-tit\">Savjeti i podr\u0161ka<\/p>\n<p class=\"ic-desc\">za pomo\u0107 korisnicima<\/p>\n\t\t<\/div>\n\t<\/div>\n\t\n\t\n\t\t<\/div>\n\t\t\t\t\t<\/div>\n\n\t\n\n\t<div id=\"col-743857772\" class=\"col pb-0 medium-6 small-6 large-3\"  >\n\t\t\t\t<div class=\"col-inner\"  >\n\t\t\t\n\t\t\t\n\n\t\t<div class=\"icon-box featured-box ic-box icon-box-left text-left\"  >\n\t\t\t\t\t<div class=\"icon-box-img\" style=\"width: 65px\">\n\t\t\t\t<div class=\"icon\">\n\t\t\t\t\t<div class=\"icon-inner\" >\n\t\t\t\t\t\t<img loading=\"lazy\" decoding=\"async\" width=\"200\" height=\"200\" src=\"https:\/\/kdt-machinery.com\/wp-content\/uploads\/2024\/04\/servis.svg\" class=\"attachment-medium size-medium\" alt=\"\" \/>\t\t\t\t\t<\/div>\n\t\t\t\t<\/div>\n\t\t\t<\/div>\n\t\t\t\t<div class=\"icon-box-text last-reset\">\n\t\t\t\t\t\t\t\t\t\n<p class=\"ic-tit\">Vlastiti servis<\/p>\n<p class=\"ic-desc\">za pouzdane popravke<\/p>\n\t\t<\/div>\n\t<\/div>\n\t\n\t\n\t\t<\/div>\n\t\t\t\t\n<style>\n#col-743857772 > .col-inner {\n  margin: 15px 0px 0px 0px;\n}\n@media (min-width:850px) {\n  #col-743857772 > .col-inner {\n    margin: 0px 0px 0px 0px;\n  }\n}\n<\/style>\n\t<\/div>\n\n\t\n\n\t<div id=\"col-532561872\" class=\"col pb-0 medium-6 small-6 large-3\"  >\n\t\t\t\t<div class=\"col-inner\"  >\n\t\t\t\n\t\t\t\n\n\t\t<div class=\"icon-box featured-box ic-box icon-box-left text-left\"  >\n\t\t\t\t\t<div class=\"icon-box-img\" style=\"width: 65px\">\n\t\t\t\t<div class=\"icon\">\n\t\t\t\t\t<div class=\"icon-inner\" >\n\t\t\t\t\t\t<img loading=\"lazy\" decoding=\"async\" width=\"200\" height=\"200\" src=\"https:\/\/kdt-machinery.com\/wp-content\/uploads\/2024\/04\/zadovoljstvo.svg\" class=\"attachment-medium size-medium\" alt=\"\" \/>\t\t\t\t\t<\/div>\n\t\t\t\t<\/div>\n\t\t\t<\/div>\n\t\t\t\t<div class=\"icon-box-text last-reset\">\n\t\t\t\t\t\t\t\t\t\n<p class=\"ic-tit\">Garancija zadovoljstva<\/p>\n<p class=\"ic-desc\">na\u0161im uslugama<\/p>\n\t\t<\/div>\n\t<\/div>\n\t\n\t\n\t\t<\/div>\n\t\t\t\t\n<style>\n#col-532561872 > .col-inner {\n  margin: 15px 0px 0px 0px;\n}\n@media (min-width:850px) {\n  #col-532561872 > .col-inner {\n    margin: 0px 0px 0px 0px;\n  }\n}\n<\/style>\n\t<\/div>\n\n\t\n<\/div>\n\t\t<\/div>\n\n\t\t\n<style>\n#section_583964491 {\n  padding-top: 30px;\n  padding-bottom: 30px;\n}\n<\/style>\n\t<\/section>\n\t\n\n\t<section class=\"section\" id=\"section_431004940\">\n\t\t<div class=\"section-bg fill\" >\n\t\t\t\t\t\t\t\t\t\n\t\t\t\n\n\t\t<\/div>\n\n\t\t\n\n\t\t<div class=\"section-content relative\">\n\t\t\t\n<div class=\"row\"  id=\"row-461580706\">\n\n\t<div id=\"col-637642992\" class=\"col pb-0 small-12 large-12\"  >\n\t\t\t\t<div class=\"col-inner\"  >\n\t\t\t\n\t\t\t\n<h2 class=\"scnd-tit\">Na\u0161a vizija<\/h2>\n\t<div id=\"gap-1031688807\" class=\"gap-element clearfix show-for-small\" style=\"display:block; height:auto;\">\n\t\t\n<style>\n#gap-1031688807 {\n  padding-top: 15px;\n}\n@media (min-width:550px) {\n  #gap-1031688807 {\n    padding-top: 30px;\n  }\n}\n<\/style>\n\t<\/div>\n\t\n<p class=\"mb-0\">Na\u0161a kompanija te\u017ei da postane lider na tr\u017ei\u0161tu ma\u0161ina za obradu drveta, koje na\u0161im kupcima omogu\u0107avaju stvaranje kvalitetnih i inovativnih proizvoda. \u017delimo biti partner u dugoro\u010dnom uspjehu na\u0161ih kupaca i graditi svoj rast kroz saradnju s najboljim svjetskim brendovima, kao \u0161to je KDT Machinery.<\/p>\n\t\t<\/div>\n\t\t\t\t\t<\/div>\n\n\t\n<\/div>\n\t\t<\/div>\n\n\t\t\n<style>\n#section_431004940 {\n  padding-top: 45px;\n  padding-bottom: 45px;\n}\n<\/style>\n\t<\/section>\n\t\n","protected":false},"excerpt":{"rendered":"","protected":false},"author":7,"featured_media":3577,"parent":0,"menu_order":0,"comment_status":"closed","ping_status":"closed","template":"page-blank.php","meta":{"_acf_changed":false,"footnotes":""},"class_list":["post-3575","page","type-page","status-publish","has-post-thumbnail","hentry"],"acf":[],"_links":{"self":[{"href":"https:\/\/kdt-machinery.com\/bs\/wp-json\/wp\/v2\/pages\/3575","targetHints":{"allow":["GET"]}}],"collection":[{"href":"https:\/\/kdt-machinery.com\/bs\/wp-json\/wp\/v2\/pages"}],"about":[{"href":"https:\/\/kdt-machinery.com\/bs\/wp-json\/wp\/v2\/types\/page"}],"author":[{"embeddable":true,"href":"https:\/\/kdt-machinery.com\/bs\/wp-json\/wp\/v2\/users\/7"}],"replies":[{"embeddable":true,"href":"https:\/\/kdt-machinery.com\/bs\/wp-json\/wp\/v2\/comments?post=3575"}],"version-history":[{"count":5,"href":"https:\/\/kdt-machinery.com\/bs\/wp-json\/wp\/v2\/pages\/3575\/revisions"}],"predecessor-version":[{"id":4276,"href":"https:\/\/kdt-machinery.com\/bs\/wp-json\/wp\/v2\/pages\/3575\/revisions\/4276"}],"wp:featuredmedia":[{"embeddable":true,"href":"https:\/\/kdt-machinery.com\/bs\/wp-json\/wp\/v2\/media\/3577"}],"wp:attachment":[{"href":"https:\/\/kdt-machinery.com\/bs\/wp-json\/wp\/v2\/media?parent=3575"}],"curies":[{"name":"wp","href":"https:\/\/api.w.org\/{rel}","templated":true}]}}