{"id":3972,"date":"2024-06-12T12:41:45","date_gmt":"2024-06-12T12:41:45","guid":{"rendered":"https:\/\/kdt-machinery.com\/?post_type=product&#038;p=3972"},"modified":"2025-11-19T10:47:51","modified_gmt":"2025-11-19T10:47:51","slug":"5-osni-cnc-obradni-centar-kdt-kn-5510","status":"publish","type":"product","link":"https:\/\/kdt-machinery.com\/bs\/proizvod\/5-osni-cnc-obradni-centar-kdt-kn-5510\/","title":{"rendered":"5-osni CNC obradni centar KDT KN-5510"},"content":{"rendered":"<p><strong>TPA Rocker<\/strong> i <strong>TPA CAD\/CAM softver<\/strong> renomiranog italijanskog proizvo\u0111a\u010da.<\/p>\n<p>Program je rezultat dugogodi\u0161njeg razvoja i iskustva, te korisniku omogu\u0107ava jednostavno kori\u0161tenje, a istovremeno je dovoljno mo\u0107an i za zahtjevnije stolarske zadatke.<\/p>\n<p>Ma\u0161ina ima radno polje od 3250 \u00d7 1500 mm i 200 mm du\u017e Z ose. Opremljena je sa \u0160EST tubeless nosa\u010da, renomiranim <strong>SCHMALZ<\/strong> vakuum hvataljkama i sna\u017enom vakuum pumpom <strong>BECKER<\/strong> sa protokom od 250 m\u00b3\/h.<\/p>\n<p>Izvanredna glavna glodalica \u2013 <strong>5-osna HSD jedinica<\/strong> sa motorom snage <strong>13,2 kW<\/strong> i HSK F63 spojnicom, opremljena je brzim revolverskim magazinom sa 16 pozicija i linearnim magazinom sa 5 pozicija.<\/p>\n<p>Brzu izmjenu alata omogu\u0107ava brzi magazin od 22 pozicije + dodatni \u201elazy\u201c magazin od 5 pozicija, koji je postavljen na konzolu ma\u0161ine.<\/p>\n<p>Do <strong>20 bu\u0161ilica<\/strong> i jedna <strong>integrisana pila<\/strong> mogu se ugraditi na sna\u017enu <strong>Protean<\/strong> bu\u0161a\u0107u jedinicu. Standardna oprema modela <strong>KN-5510C<\/strong> uklju\u010duje pokretnu traku za otpad, koja omogu\u0107ava automatsko uklanjanje vi\u0161ka materijala iz ma\u0161ine.<\/p>\n<p><strong>TEHNI\u010cKI PODACI:<\/strong><\/p>\n<ul>\n<li>Industrijski mostni dizajn \u2013 dvostruke vodilice<\/li>\n<li>Radne dimenzije (ose X, Y, Z): 3250 \u00d7 1500 \u00d7 200 mm<\/li>\n<li>Nezavisna Z osa za bu\u0161a\u0107u i glodalnu jedinicu<\/li>\n<li>HSD glodalna jedinica s HSK-F63 prihvatom, maksimalna snaga 13,2 kW, maksimalna brzina 24.000 o\/min<\/li>\n<li>5-osna jedinica<\/li>\n<li>6 pokretnih tubeless nosa\u010da i 18 SCHMALZ vakuum hvataljki<\/li>\n<li>Pokretni elementi du\u017e prizmati\u010dnih vodilica (THK)<\/li>\n<li>20 pneumatskih nultih ta\u010daka<\/li>\n<li>Sna\u017ean TPA kontroler sa inovativnim TPA CAD softverom<\/li>\n<li>Bu\u0161a\u0107a jedinica s 20 Protean svrdla (12 vertikalnih, 8 horizontalnih) i integrisanom pilom od 120 mm za utore \u0161irine 4 mm<\/li>\n<li><strong>Dupla vodilica X ose<\/strong> \u2013 Hiwin zup\u010danik i zup\u010dasta letva; du\u017e Y i Z osa \u2013 TBI kugli\u010dni navoj<\/li>\n<li>Pokretna traka za odvo\u0111enje otpada<\/li>\n<li>Daljinski upravlja\u010d uklju\u010den<\/li>\n<li>Mjera\u010d du\u017eine alata<\/li>\n<li>Automatsko podmazivanje vodilica<\/li>\n<li>Brzina kretanja (X\/Y\/Z): 80\/80\/30 m\/min<\/li>\n<li>DELTA precizni servo motori za sve ose<\/li>\n<li>Suha lamelarna vakuum pumpa BECKER \u2013 protok 250 m\u00b3\/h<\/li>\n<li>Ukupna priklju\u010dna snaga: 29,5 kW<\/li>\n<li>Dimenzije ma\u0161ine: 5930 \u00d7 4365 \u00d7 3100 mm<\/li>\n<li>CE sigurnosni standardi (ograda + foto\u0107elije)<\/li>\n<\/ul>\n<p><iframe width=\"560\" height=\"315\" \nsrc=\"https:\/\/www.youtube.com\/embed\/RJrvHiIL1cE\" \ntitle=\"YouTube video player\" frameborder=\"0\" \nallow=\"accelerometer; autoplay; clipboard-write; encrypted-media; gyroscope; picture-in-picture; web-share\" \nallowfullscreen><\/iframe><\/p>\n","protected":false},"excerpt":{"rendered":"<p><strong>KDT CNC stroj KN-5510<\/strong> je industrijska CNC ma\u0161ina <strong>mostne konstrukcije<\/strong> (s obje strane opremljena dvostrukim vodilicama za pomjeranje mosta).<\/p>\n","protected":false},"featured_media":4000,"comment_status":"closed","ping_status":"closed","template":"","meta":{"_acf_changed":false},"product_brand":[],"product_cat":[112],"product_tag":[],"class_list":{"0":"post-3972","1":"product","2":"type-product","3":"status-publish","4":"has-post-thumbnail","6":"product_cat-univerzalne-cnc-masine","8":"first","9":"instock","10":"shipping-taxable","11":"product-type-simple"},"acf":[],"_links":{"self":[{"href":"https:\/\/kdt-machinery.com\/bs\/wp-json\/wp\/v2\/product\/3972","targetHints":{"allow":["GET"]}}],"collection":[{"href":"https:\/\/kdt-machinery.com\/bs\/wp-json\/wp\/v2\/product"}],"about":[{"href":"https:\/\/kdt-machinery.com\/bs\/wp-json\/wp\/v2\/types\/product"}],"replies":[{"embeddable":true,"href":"https:\/\/kdt-machinery.com\/bs\/wp-json\/wp\/v2\/comments?post=3972"}],"wp:featuredmedia":[{"embeddable":true,"href":"https:\/\/kdt-machinery.com\/bs\/wp-json\/wp\/v2\/media\/4000"}],"wp:attachment":[{"href":"https:\/\/kdt-machinery.com\/bs\/wp-json\/wp\/v2\/media?parent=3972"}],"wp:term":[{"taxonomy":"product_brand","embeddable":true,"href":"https:\/\/kdt-machinery.com\/bs\/wp-json\/wp\/v2\/product_brand?post=3972"},{"taxonomy":"product_cat","embeddable":true,"href":"https:\/\/kdt-machinery.com\/bs\/wp-json\/wp\/v2\/product_cat?post=3972"},{"taxonomy":"product_tag","embeddable":true,"href":"https:\/\/kdt-machinery.com\/bs\/wp-json\/wp\/v2\/product_tag?post=3972"}],"curies":[{"name":"wp","href":"https:\/\/api.w.org\/{rel}","templated":true}]}}