{"id":3973,"date":"2024-05-22T12:04:40","date_gmt":"2024-05-22T12:04:40","guid":{"rendered":"https:\/\/kdt-machinery.com\/?post_type=product&#038;p=3973"},"modified":"2025-11-19T08:07:32","modified_gmt":"2025-11-19T08:07:32","slug":"cnc-masina-za-obradu-vratnih-krila-kdt-tip-khm-660","status":"publish","type":"product","link":"https:\/\/kdt-machinery.com\/bs\/proizvod\/cnc-masina-za-obradu-vratnih-krila-kdt-tip-khm-660\/","title":{"rendered":"CNC ma\u0161ina za obradu vratnih krila KDT tip KHM-660"},"content":{"rendered":"<div class=\"row align-middle\"  id=\"row-501738304\">\r\n\r\n\n\t<div id=\"col-134124738\" class=\"col pb-0 medium-6 small-12 large-6\"  >\n\t\t\t\t<div class=\"col-inner\"  >\n\t\t\t\n\t\t\t\r\n\r\n\t<div id=\"gap-1895648897\" class=\"gap-element clearfix show-for-small\" style=\"display:block; height:auto;\">\n\t\t\n<style>\n#gap-1895648897 {\n  padding-top: 15px;\n}\n@media (min-width:550px) {\n  #gap-1895648897 {\n    padding-top: 30px;\n  }\n}\n<\/style>\n\t<\/div>\n\t\r\n\r\n<h2>CNC ma\u0161ina za obradu krila vrata KDT model KHM-660<\/h2>\r\n<p class=\"mb-0\">CNC ma\u0161ina za obradu krila vrata KDT model KHM-660 je specijalizovana ma\u0161ina namijenjena preciznoj i efikasnoj obradi krila vrata. Ma\u0161ina KHM-660 dizajnirana je za fleksibilnu obradu razli\u010ditih vrsta i dimenzija krila vrata, \u0161to je \u010dini idealnom i za serijsku proizvodnju i za pojedina\u010dne projekte. Njena robusna konstrukcija i automatizovani procesi omogu\u0107avaju ve\u0107u <strong>produktivnost<\/strong>, <strong>kra\u0107e vrijeme obrade<\/strong> i <strong>pobolj\u0161anu ukupnu efikasnost proizvodnog procesa<\/strong>.<\/p>\r\n\r\n\t\t<\/div>\n\t\t\t\t\t<\/div>\n\n\t\r\n\n\t<div id=\"col-661555769\" class=\"col pb-0 medium-6 small-12 large-6 small-col-first\"  >\n\t\t\t\t<div class=\"col-inner\"  >\n\t\t\t\n\t\t\t\r\n\r\n<div class=\"video video-fit mb mb-0\" style=\"padding-top:56.25%;\"><p><iframe loading=\"lazy\" title=\"\ud83d\udc4bKEY HOLE &amp;HINGE MACHINING CENTER KHM-660\" width=\"1020\" height=\"574\" src=\"https:\/\/www.youtube.com\/embed\/MPsKeE5REJw?feature=oembed\" frameborder=\"0\" allow=\"accelerometer; autoplay; clipboard-write; encrypted-media; gyroscope; picture-in-picture; web-share\" referrerpolicy=\"strict-origin-when-cross-origin\" allowfullscreen><\/iframe><\/p>\n<\/div>\r\n\r\n\t\t<\/div>\n\t\t\t\t\t<\/div>\n\n\t\r\n\r\n<\/div>\r\n\t<div id=\"gap-843806307\" class=\"gap-element clearfix\" style=\"display:block; height:auto;\">\n\t\t\n<style>\n#gap-843806307 {\n  padding-top: 15px;\n}\n@media (min-width:550px) {\n  #gap-843806307 {\n    padding-top: 30px;\n  }\n}\n<\/style>\n\t<\/div>\n\t\r\n\r\n\r\n\r\n<p class=\"divider-lesmak\"><\/p>\r\n\r\n\t<div id=\"gap-177487182\" class=\"gap-element clearfix\" style=\"display:block; height:auto;\">\n\t\t\n<style>\n#gap-177487182 {\n  padding-top: 15px;\n}\n@media (min-width:550px) {\n  #gap-177487182 {\n    padding-top: 30px;\n  }\n}\n<\/style>\n\t<\/div>\n\t\r\n\r\n\n\t<section class=\"section no-padding\" id=\"section_388547313\">\n\t\t<div class=\"section-bg fill\" >\n\t\t\t\t\t\t\t\t\t\n\t\t\t\n\n\t\t<\/div>\n\n\t\t\n\n\t\t<div class=\"section-content relative\">\n\t\t\t\r\n\r\n<div class=\"row\"  id=\"row-91472794\">\r\n\r\n\n\t<div id=\"col-201494251\" class=\"col pb-0 small-12 large-12\"  >\n\t\t\t\t<div class=\"col-inner\"  >\n\t\t\t\n\t\t\t\r\n\r\n<h3>Prednosti ma\u0161ine<\/h3>\r\n<p><strong>Automatski rad:<\/strong><\/p>\r\n<ul>\r\n<li>\u2022 automatsko mjerenje \u0161irine vrata i pode\u0161avanje radnog stola prema \u0161irini<\/li>\r\n<li>\u2022 automatsko mjerenje debljine<\/li>\r\n<li>\u2022 istovremena obrada s obje strane<\/li>\r\n<\/ul>\r\n<p><strong>Visoka produktivnost i skra\u0107eno vrijeme rada<\/strong><\/p>\r\n<p><strong>Smanjena potreba za ru\u010dnim radom<\/strong><\/p>\r\n\r\n\t<div id=\"gap-1245566977\" class=\"gap-element clearfix\" style=\"display:block; height:auto;\">\n\t\t\n<style>\n#gap-1245566977 {\n  padding-top: 15px;\n}\n@media (min-width:550px) {\n  #gap-1245566977 {\n    padding-top: 30px;\n  }\n}\n<\/style>\n\t<\/div>\n\t\r\n\r\n\t\t<\/div>\n\t\t\t\t\t<\/div>\n\n\t\r\n\r\n<\/div>\r\n\r\n\t\t<\/div>\n\n\t\t\n<style>\n#section_388547313 {\n  padding-top: 0px;\n  padding-bottom: 0px;\n}\n<\/style>\n\t<\/section>\n\t\r\n\n\t<section class=\"section no-padding\" id=\"section_929620902\">\n\t\t<div class=\"section-bg fill\" >\n\t\t\t\t\t\t\t\t\t\n\t\t\t\n\n\t\t<\/div>\n\n\t\t\n\n\t\t<div class=\"section-content relative\">\n\t\t\t\r\n\r\n<div class=\"row\"  id=\"row-1035975486\">\r\n\r\n\n\t<div id=\"col-657228655\" class=\"col pb-0 small-12 large-12\"  >\n\t\t\t\t<div class=\"col-inner\"  >\n\t\t\t\n\t\t\t\r\n\r\n\r\n\r\n<p class=\"divider-lesmak\"><\/p>\r\n\r\n\t<div id=\"gap-1296308556\" class=\"gap-element clearfix\" style=\"display:block; height:auto;\">\n\t\t\n<style>\n#gap-1296308556 {\n  padding-top: 23px;\n}\n@media (min-width:550px) {\n  #gap-1296308556 {\n    padding-top: 38px;\n  }\n}\n<\/style>\n\t<\/div>\n\t\r\n\r\n<h3>Klju\u010dne karakteristike KHM-660<\/h3>\r\n<ul>\r\n<li>Utor za bravu, ru\u010dku i \u0161arke opremljen je vretenom od 6 kW + 1,5 kW + 0,75 kW.<\/li>\r\n<li>Ma\u0161ina ima izuzetno \u010dvrst okvir koji osigurava stabilnost i preciznost obrade.<\/li>\r\n<li>Opremljena je inteligentnom pozicionom stezaljkom koja automatski prilago\u0111ava polo\u017eaj alata.<\/li>\r\n<li>Uklju\u010duje softver za inteligentno vizuelno ure\u0111ivanje i obradu.<\/li>\r\n<li>Omogu\u0107ava istovremenu obradu brava i \u0161arki.<\/li>\r\n<\/ul>\r\n\r\n\t<div id=\"gap-1865651265\" class=\"gap-element clearfix\" style=\"display:block; height:auto;\">\n\t\t\n<style>\n#gap-1865651265 {\n  padding-top: 15px;\n}\n@media (min-width:550px) {\n  #gap-1865651265 {\n    padding-top: 30px;\n  }\n}\n<\/style>\n\t<\/div>\n\t\r\n\r\n\t\t<\/div>\n\t\t\t\t\t<\/div>\n\n\t\r\n\r\n<\/div>\r\n\r\n\t\t<\/div>\n\n\t\t\n<style>\n#section_929620902 {\n  padding-top: 0px;\n  padding-bottom: 0px;\n}\n<\/style>\n\t<\/section>\n\t\r\n\n\t<section class=\"section no-padding\" id=\"section_856926082\">\n\t\t<div class=\"section-bg fill\" >\n\t\t\t\t\t\t\t\t\t\n\t\t\t\n\n\t\t<\/div>\n\n\t\t\n\n\t\t<div class=\"section-content relative\">\n\t\t\t\r\n\r\n<div class=\"row\"  id=\"row-1569409678\">\r\n\r\n\n\t<div id=\"col-1285395273\" class=\"col pb-0 small-12 large-12\"  >\n\t\t\t\t<div class=\"col-inner\"  >\n\t\t\t\n\t\t\t\r\n\r\n\r\n\r\n<p class=\"divider-lesmak\"><\/p>\r\n\r\n\t<div id=\"gap-2127801330\" class=\"gap-element clearfix\" style=\"display:block; height:auto;\">\n\t\t\n<style>\n#gap-2127801330 {\n  padding-top: 23px;\n}\n@media (min-width:550px) {\n  #gap-2127801330 {\n    padding-top: 38px;\n  }\n}\n<\/style>\n\t<\/div>\n\t\r\n\r\n<h3>Tehni\u010dke specifikacije<\/h3>\r\n<ul class=\"mb-0\">\r\n<li>Maksimalna brzina: 60 m\/min<\/li>\r\n<li>Minimalna dimenzija krila vrata (D\u00d7\u0160): 1800 \u00d7 400 mm<\/li>\r\n<li>Maksimalna dimenzija krila vrata (D\u00d7\u0160): 3000 \u00d7 1100 mm<\/li>\r\n<li>Debljina obrade: 30\u201360 mm<\/li>\r\n<li>Servo motori za X\/Y\/Z ose: 1,5 kW \/ 1,5 kW \/ 1,5 kW<\/li>\r\n<li>3 vertikalna agregata (kukica, cilindar): 6 kW (ER32), 1,5 kW (ER20), 0,75 kW (ER20)<\/li>\r\n<li>2 horizontalna agregata (okovi): 6 kW (ER32), 0,75 kW (ER20)<\/li>\r\n<li>Ukupne dimenzije (D\u00d7\u0160\u00d7V): 5585 \u00d7 3630 \u00d7 2150 mm<\/li>\r\n<li>Ukupna priklju\u010dna snaga: 36,8 kW<\/li>\r\n<li>Horizontalno vreteno \u0161arke 3: 0,75 kW (ER20)<\/li>\r\n<li>Dimenzije rasporeda ma\u0161ine: 5700 \u00d7 2300 \u00d7 2300 mm (X Y Z)<\/li>\r\n<li>Te\u017eina: 4600 kg<\/li>\r\n<\/ul>\r\n\r\n\t\t<\/div>\n\t\t\t\t\t<\/div>\n\n\t\r\n\r\n<\/div>\r\n\r\n\t\t<\/div>\n\n\t\t\n<style>\n#section_856926082 {\n  padding-top: 0px;\n  padding-bottom: 0px;\n}\n<\/style>\n\t<\/section>\n\t\r\n\n","protected":false},"excerpt":{"rendered":"<p><strong>CNC KDT<\/strong> model <strong>KHM-660<\/strong> je visokoproduktivna i izuzetno precizna proto\u010dna ma\u0161ina za obradu krila vrata \u2013 za <strong>\u017elijebljenje<\/strong> brava, ru\u010dki i okova.<\/p>\n<p>Ma\u0161ina ima mogu\u0107nost automatskog utovara i istovara, kao i povezivanja s proizvodnim linijama.<\/p>\n","protected":false},"featured_media":4006,"comment_status":"closed","ping_status":"closed","template":"","meta":{"_acf_changed":false},"product_brand":[],"product_cat":[111],"product_tag":[],"class_list":{"0":"post-3973","1":"product","2":"type-product","3":"status-publish","4":"has-post-thumbnail","6":"product_cat-masine-i-linije-za-proizvodnju-vratnih-krila","8":"first","9":"instock","10":"shipping-taxable","11":"product-type-simple"},"acf":[],"_links":{"self":[{"href":"https:\/\/kdt-machinery.com\/bs\/wp-json\/wp\/v2\/product\/3973","targetHints":{"allow":["GET"]}}],"collection":[{"href":"https:\/\/kdt-machinery.com\/bs\/wp-json\/wp\/v2\/product"}],"about":[{"href":"https:\/\/kdt-machinery.com\/bs\/wp-json\/wp\/v2\/types\/product"}],"replies":[{"embeddable":true,"href":"https:\/\/kdt-machinery.com\/bs\/wp-json\/wp\/v2\/comments?post=3973"}],"wp:featuredmedia":[{"embeddable":true,"href":"https:\/\/kdt-machinery.com\/bs\/wp-json\/wp\/v2\/media\/4006"}],"wp:attachment":[{"href":"https:\/\/kdt-machinery.com\/bs\/wp-json\/wp\/v2\/media?parent=3973"}],"wp:term":[{"taxonomy":"product_brand","embeddable":true,"href":"https:\/\/kdt-machinery.com\/bs\/wp-json\/wp\/v2\/product_brand?post=3973"},{"taxonomy":"product_cat","embeddable":true,"href":"https:\/\/kdt-machinery.com\/bs\/wp-json\/wp\/v2\/product_cat?post=3973"},{"taxonomy":"product_tag","embeddable":true,"href":"https:\/\/kdt-machinery.com\/bs\/wp-json\/wp\/v2\/product_tag?post=3973"}],"curies":[{"name":"wp","href":"https:\/\/api.w.org\/{rel}","templated":true}]}}