{"id":3974,"date":"2024-05-22T11:47:49","date_gmt":"2024-05-22T11:47:49","guid":{"rendered":"https:\/\/kdt-machinery.com\/?post_type=product&#038;p=3974"},"modified":"2025-10-28T17:18:59","modified_gmt":"2025-10-28T17:18:59","slug":"protocna-cnc-masina-612-khsa-s-robotskom-manipulacijom-i-transporterima","status":"publish","type":"product","link":"https:\/\/kdt-machinery.com\/bs\/proizvod\/protocna-cnc-masina-612-khsa-s-robotskom-manipulacijom-i-transporterima\/","title":{"rendered":"Proto\u010dna CNC ma\u0161ina 612 KHSA s robotskom manipulacijom i transporterima"},"content":{"rendered":"","protected":false},"excerpt":{"rendered":"<p><strong>Flow CNC ma\u0161ina 612 KHSA<\/strong> s robotskom manipulacijom i transporterima predstavlja napredni proizvodni sistem dizajniran za visoku preciznost i automatizaciju u industrijskim procesima. Ova ma\u0161ina omogu\u0107ava kontinuiranu obradu materijala uz integrisanu robotsku ruku koja obezbje\u0111uje precizno rukovanje obradcima. Transportne trake omogu\u0107avaju efikasan i brz protok materijala kroz razli\u010dite faze obrade, \u010dime se pove\u0107ava produktivnost i skra\u0107uje vrijeme ciklusa. Sistem je idealan za masovnu proizvodnju u kojoj su brzina, ta\u010dnost i pouzdanost od klju\u010dnog zna\u010daja.<\/p>\n","protected":false},"featured_media":4013,"comment_status":"closed","ping_status":"closed","template":"","meta":{"_acf_changed":false},"product_brand":[],"product_cat":[103],"product_tag":[],"class_list":{"0":"post-3974","1":"product","2":"type-product","3":"status-publish","4":"has-post-thumbnail","6":"product_cat-automatizacija","8":"first","9":"instock","10":"shipping-taxable","11":"product-type-simple"},"acf":[],"_links":{"self":[{"href":"https:\/\/kdt-machinery.com\/bs\/wp-json\/wp\/v2\/product\/3974","targetHints":{"allow":["GET"]}}],"collection":[{"href":"https:\/\/kdt-machinery.com\/bs\/wp-json\/wp\/v2\/product"}],"about":[{"href":"https:\/\/kdt-machinery.com\/bs\/wp-json\/wp\/v2\/types\/product"}],"replies":[{"embeddable":true,"href":"https:\/\/kdt-machinery.com\/bs\/wp-json\/wp\/v2\/comments?post=3974"}],"wp:featuredmedia":[{"embeddable":true,"href":"https:\/\/kdt-machinery.com\/bs\/wp-json\/wp\/v2\/media\/4013"}],"wp:attachment":[{"href":"https:\/\/kdt-machinery.com\/bs\/wp-json\/wp\/v2\/media?parent=3974"}],"wp:term":[{"taxonomy":"product_brand","embeddable":true,"href":"https:\/\/kdt-machinery.com\/bs\/wp-json\/wp\/v2\/product_brand?post=3974"},{"taxonomy":"product_cat","embeddable":true,"href":"https:\/\/kdt-machinery.com\/bs\/wp-json\/wp\/v2\/product_cat?post=3974"},{"taxonomy":"product_tag","embeddable":true,"href":"https:\/\/kdt-machinery.com\/bs\/wp-json\/wp\/v2\/product_tag?post=3974"}],"curies":[{"name":"wp","href":"https:\/\/api.w.org\/{rel}","templated":true}]}}