{"id":3975,"date":"2024-05-22T11:46:57","date_gmt":"2024-05-22T11:46:57","guid":{"rendered":"https:\/\/kdt-machinery.com\/?post_type=product&#038;p=3975"},"modified":"2025-10-28T17:19:55","modified_gmt":"2025-10-28T17:19:55","slug":"kdt-612-flow-cnc-masinska-linija-s-automatskim-skeniranjem-i-valjkom","status":"publish","type":"product","link":"https:\/\/kdt-machinery.com\/bs\/proizvod\/kdt-612-flow-cnc-masinska-linija-s-automatskim-skeniranjem-i-valjkom\/","title":{"rendered":"KDT 612 Flow CNC ma\u0161inska linija s automatskim skeniranjem i valjkom"},"content":{"rendered":"","protected":false},"excerpt":{"rendered":"<p><strong>KDT 612 linija Flow CNC ma\u0161ina s automatskim skeniranjem i valjkastom stazom predstavlja visoko efikasno rje\u0161enje za automatizovanu obradu materijala u industrijskom okru\u017eenju<\/strong>. Ova napredna linija omogu\u0107ava kontinuiranu i preciznu obradu zahvaljuju\u0107i integrisanom sistemu automatskog skeniranja koji obezbje\u0111uje optimalno pozicioniranje i obradu obradaka. Valjkasta staza omogu\u0107ava nesmetan transport materijala kroz razli\u010dite faze obrade, pove\u0107avaju\u0107i produktivnost i smanjuju\u0107i zastoje. Idealna je za masovnu proizvodnju u kojoj su brzina, ta\u010dnost i pouzdanost procesa od klju\u010dnog zna\u010daja.<\/p>\n","protected":false},"featured_media":4014,"comment_status":"closed","ping_status":"closed","template":"","meta":{"_acf_changed":false},"product_brand":[],"product_cat":[103],"product_tag":[],"class_list":{"0":"post-3975","1":"product","2":"type-product","3":"status-publish","4":"has-post-thumbnail","6":"product_cat-automatizacija","8":"first","9":"instock","10":"shipping-taxable","11":"product-type-simple"},"acf":[],"_links":{"self":[{"href":"https:\/\/kdt-machinery.com\/bs\/wp-json\/wp\/v2\/product\/3975","targetHints":{"allow":["GET"]}}],"collection":[{"href":"https:\/\/kdt-machinery.com\/bs\/wp-json\/wp\/v2\/product"}],"about":[{"href":"https:\/\/kdt-machinery.com\/bs\/wp-json\/wp\/v2\/types\/product"}],"replies":[{"embeddable":true,"href":"https:\/\/kdt-machinery.com\/bs\/wp-json\/wp\/v2\/comments?post=3975"}],"wp:featuredmedia":[{"embeddable":true,"href":"https:\/\/kdt-machinery.com\/bs\/wp-json\/wp\/v2\/media\/4014"}],"wp:attachment":[{"href":"https:\/\/kdt-machinery.com\/bs\/wp-json\/wp\/v2\/media?parent=3975"}],"wp:term":[{"taxonomy":"product_brand","embeddable":true,"href":"https:\/\/kdt-machinery.com\/bs\/wp-json\/wp\/v2\/product_brand?post=3975"},{"taxonomy":"product_cat","embeddable":true,"href":"https:\/\/kdt-machinery.com\/bs\/wp-json\/wp\/v2\/product_cat?post=3975"},{"taxonomy":"product_tag","embeddable":true,"href":"https:\/\/kdt-machinery.com\/bs\/wp-json\/wp\/v2\/product_tag?post=3975"}],"curies":[{"name":"wp","href":"https:\/\/api.w.org\/{rel}","templated":true}]}}