{"id":3976,"date":"2024-05-22T11:45:44","date_gmt":"2024-05-22T11:45:44","guid":{"rendered":"https:\/\/kdt-machinery.com\/?post_type=product&#038;p=3976"},"modified":"2025-10-28T17:21:38","modified_gmt":"2025-10-28T17:21:38","slug":"kdt-masina-za-nesting-s-kapacitetom-od-30-ploca-na-sat","status":"publish","type":"product","link":"https:\/\/kdt-machinery.com\/bs\/proizvod\/kdt-masina-za-nesting-s-kapacitetom-od-30-ploca-na-sat\/","title":{"rendered":"KDT ma\u0161ina za nesting s kapacitetom od 30 plo\u010da na sat"},"content":{"rendered":"","protected":false},"excerpt":{"rendered":"<p>KDT reza\u010d za gnijezda s kapacitetom od <strong>30 plo\u010da na sat<\/strong> je visokoperformansna ma\u0161ina dizajnirana za precizno i efikasno rezanje plo\u010da. Ova ma\u0161ina optimizuje iskori\u0161tenost materijala pomo\u0107u napredne tehnologije gnije\u017e\u0111enja koja omogu\u0107ava maksimalno kori\u0161tenje svake plo\u010de. Sa kapacitetom do 30 plo\u010da na sat, idealna je za intenzivnu proizvodnju u industrijskim okru\u017eenjima gdje su <strong>brzina<\/strong>, <strong>ta\u010dnost<\/strong> i <strong>smanjenje otpada<\/strong> od klju\u010dnog zna\u010daja. Sistem <strong>omogu\u0107ava visok stepen automatizacije i fleksibilnosti<\/strong>, prilago\u0111avaju\u0107i se razli\u010ditim zahtjevima i specifikacijama obrade.<\/p>\n","protected":false},"featured_media":4015,"comment_status":"closed","ping_status":"closed","template":"","meta":{"_acf_changed":false},"product_brand":[],"product_cat":[103],"product_tag":[],"class_list":{"0":"post-3976","1":"product","2":"type-product","3":"status-publish","4":"has-post-thumbnail","6":"product_cat-automatizacija","8":"first","9":"instock","10":"shipping-taxable","11":"product-type-simple"},"acf":[],"_links":{"self":[{"href":"https:\/\/kdt-machinery.com\/bs\/wp-json\/wp\/v2\/product\/3976","targetHints":{"allow":["GET"]}}],"collection":[{"href":"https:\/\/kdt-machinery.com\/bs\/wp-json\/wp\/v2\/product"}],"about":[{"href":"https:\/\/kdt-machinery.com\/bs\/wp-json\/wp\/v2\/types\/product"}],"replies":[{"embeddable":true,"href":"https:\/\/kdt-machinery.com\/bs\/wp-json\/wp\/v2\/comments?post=3976"}],"wp:featuredmedia":[{"embeddable":true,"href":"https:\/\/kdt-machinery.com\/bs\/wp-json\/wp\/v2\/media\/4015"}],"wp:attachment":[{"href":"https:\/\/kdt-machinery.com\/bs\/wp-json\/wp\/v2\/media?parent=3976"}],"wp:term":[{"taxonomy":"product_brand","embeddable":true,"href":"https:\/\/kdt-machinery.com\/bs\/wp-json\/wp\/v2\/product_brand?post=3976"},{"taxonomy":"product_cat","embeddable":true,"href":"https:\/\/kdt-machinery.com\/bs\/wp-json\/wp\/v2\/product_cat?post=3976"},{"taxonomy":"product_tag","embeddable":true,"href":"https:\/\/kdt-machinery.com\/bs\/wp-json\/wp\/v2\/product_tag?post=3976"}],"curies":[{"name":"wp","href":"https:\/\/api.w.org\/{rel}","templated":true}]}}