{"id":3979,"date":"2024-05-22T10:37:25","date_gmt":"2024-05-22T10:37:25","guid":{"rendered":"https:\/\/kdt-machinery.com\/?post_type=product&#038;p=3979"},"modified":"2025-11-19T09:33:19","modified_gmt":"2025-11-19T09:33:19","slug":"formatna-pila-kdt-ks-132pv","status":"publish","type":"product","link":"https:\/\/kdt-machinery.com\/bs\/proizvod\/formatna-pila-kdt-ks-132pv\/","title":{"rendered":"Formatna pila KDT KS-132PV"},"content":{"rendered":"<div class=\"row align-middle\"  id=\"row-778432818\">\r\n\r\n\n\t<div id=\"col-323423259\" class=\"col pb-0 medium-6 small-12 large-6\"  >\n\t\t\t\t<div class=\"col-inner\"  >\n\t\t\t\n\t\t\t\r\n\r\n\t<div id=\"gap-1011997449\" class=\"gap-element clearfix show-for-small\" style=\"display:block; height:auto;\">\n\t\t\n<style>\n#gap-1011997449 {\n  padding-top: 15px;\n}\n@media (min-width:550px) {\n  #gap-1011997449 {\n    padding-top: 30px;\n  }\n}\n<\/style>\n\t<\/div>\n\t\r\n\r\n<h2>Formatna pila KDT KS-132PV<\/h2> <p>Tra\u017eite bolju formatnu pilu <strong>s mogu\u0107no\u0161\u0107u optimizacije rezanja<\/strong> i kori\u0161tenjem bar kodova za <strong>maksimalno pove\u0107anje produktivnosti<\/strong>, ponavljanje procesa rezanja i smanjenje ljudske gre\u0161ke?<\/p> <p>KS-132PV je <strong>elektronski podesiva industrijska formatna pila<\/strong> s kontrolisane 3 ose (nagib pile, podizanje pile, desna vodilica) i digitalnim \u010dita\u010dem na desnoj vodilici. Ma\u0161ina je <strong>opremljena ra\u010dunarom i KDT softverom<\/strong> za upravljanje pilom, optimizaciju i vo\u0111enje procesa rezanja, te istovremeno ispisuje naljepnice s bar kodovima i svim podacima koje \u017eelite i unaprijed defini\u0161ete. Mogu\u0107nost <strong>povezivanja ma\u0161ine s komercijalnim programima kao \u0161to su MegaTiscler, Corpus 3D, IMOS, ...<\/strong><\/p>\r\n\r\n\t\t<\/div>\n\t\t\t\t\t<\/div>\n\n\t\r\n\n\t<div id=\"col-1718774303\" class=\"col pb-0 medium-6 small-12 large-6 small-col-first\"  >\n\t\t\t\t<div class=\"col-inner\"  >\n\t\t\t\n\t\t\t\r\n\r\n<div class=\"video video-fit mb mb-0\" style=\"padding-top:56.25%;\"><p><iframe loading=\"lazy\" title=\"Escuadradora KDT KS 132 PV\" width=\"1020\" height=\"574\" src=\"https:\/\/www.youtube.com\/embed\/ROyA0Y7lKnw?feature=oembed\" frameborder=\"0\" allow=\"accelerometer; autoplay; clipboard-write; encrypted-media; gyroscope; picture-in-picture; web-share\" referrerpolicy=\"strict-origin-when-cross-origin\" allowfullscreen><\/iframe><\/p>\n<\/div>\r\n\r\n\t\t<\/div>\n\t\t\t\t\t<\/div>\n\n\t\r\n\r\n<\/div>\r\n\n\t<section class=\"section no-padding\" id=\"section_1277902586\">\n\t\t<div class=\"section-bg fill\" >\n\t\t\t\t\t\t\t\t\t\n\t\t\t\n\n\t\t<\/div>\n\n\t\t\n\n\t\t<div class=\"section-content relative\">\n\t\t\t\r\n\r\n<div class=\"row\"  id=\"row-569953025\">\r\n\r\n\n\t<div id=\"col-999277846\" class=\"col pb-0 small-12 large-12\"  >\n\t\t\t\t<div class=\"col-inner\"  >\n\t\t\t\n\t\t\t\r\n\r\n\t<div id=\"gap-1089541313\" class=\"gap-element clearfix\" style=\"display:block; height:auto;\">\n\t\t\n<style>\n#gap-1089541313 {\n  padding-top: 15px;\n}\n@media (min-width:550px) {\n  #gap-1089541313 {\n    padding-top: 30px;\n  }\n}\n<\/style>\n\t<\/div>\n\t\r\n\r\n\t\t<\/div>\n\t\t\t\t\t<\/div>\n\n\t\r\n\r\n<\/div>\r\n\r\n\t\t<\/div>\n\n\t\t\n<style>\n#section_1277902586 {\n  padding-top: 0px;\n  padding-bottom: 0px;\n}\n<\/style>\n\t<\/section>\n\t\r\n\n\t<section class=\"section no-padding\" id=\"section_525954909\">\n\t\t<div class=\"section-bg fill\" >\n\t\t\t\t\t\t\t\t\t\n\t\t\t\n\n\t\t<\/div>\n\n\t\t\n\n\t\t<div class=\"section-content relative\">\n\t\t\t\r\n\r\n<div class=\"row\"  id=\"row-1744154178\">\r\n\r\n\n\t<div id=\"col-983509295\" class=\"col pb-0 small-12 large-12\"  >\n\t\t\t\t<div class=\"col-inner\"  >\n\t\t\t\n\t\t\t\r\n\r\n\r\n\r\n<p class=\"divider-lesmak\"><\/p>  <div class=\"row\"  id=\"row-2131230811\">\r\n\r\n\n\t<div id=\"col-165473994\" class=\"col pb-0 small-12 large-12\"  >\n\t\t\t\t<div class=\"col-inner\"  >\n\t\t\t\n\t\t\t\r\n\r\n\t<div id=\"gap-1434041821\" class=\"gap-element clearfix\" style=\"display:block; height:auto;\">\n\t\t\n<style>\n#gap-1434041821 {\n  padding-top: 23px;\n}\n@media (min-width:550px) {\n  #gap-1434041821 {\n    padding-top: 38px;\n  }\n}\n<\/style>\n\t<\/div>\n\t\r\n\r\n<h2>Prednosti i posebnosti formatne pile KDT KS-132PV<\/h2>\r\n\r\n\t<div id=\"gap-2089363405\" class=\"gap-element clearfix\" style=\"display:block; height:auto;\">\n\t\t\n<style>\n#gap-2089363405 {\n  padding-top: 15px;\n}\n<\/style>\n\t<\/div>\n\t\r\n\r\n<div class=\"accordion\">\r\n\r\n\t<div id=\"accordion-3406791940\" class=\"accordion-item\">\n\t\t<a id=\"accordion-3406791940-label\" class=\"accordion-title plain active\" href=\"#accordion-item-jednostavna-pode\u0161avanja-agregata-pile-i-desne-vodilice\" aria-expanded=\"true\" aria-controls=\"accordion-3406791940-content\">\n\t\t\t<button class=\"toggle\" aria-label=\"Toggle\"><i class=\"icon-angle-down\" aria-hidden=\"true\"><\/i><\/button>\n\t\t\t<span>Jednostavna pode\u0161avanja agregata pile i desne vodilice<\/span>\n\t\t<\/a>\n\t\t<div id=\"accordion-3406791940-content\" class=\"accordion-inner\" style=\"display: block;\" aria-labelledby=\"accordion-3406791940-label\">\n\t\t\t\r\n\r\n<div class=\"row align-middle\"  id=\"row-1276935361\">\r\n\r\n\n\t<div id=\"col-1748658836\" class=\"col pb-0 medium-4 small-12 large-4\"  >\n\t\t\t\t<div class=\"col-inner\"  >\n\t\t\t\n\t\t\t\r\n\r\n\t<div class=\"img has-hover im-single x md-x lg-x y md-y lg-y\" id=\"image_940411348\">\n\t\t\t\t\t\t\t\t<div class=\"img-inner dark\" >\n\t\t\t<img loading=\"lazy\" decoding=\"async\" width=\"800\" height=\"800\" src=\"https:\/\/kdt-machinery.com\/wp-content\/uploads\/2024\/05\/kdt-racunalniske-nastavitve-zagnega-agregata-in-mas.png\" class=\"attachment-original size-original\" alt=\"\" srcset=\"https:\/\/kdt-machinery.com\/wp-content\/uploads\/2024\/05\/kdt-racunalniske-nastavitve-zagnega-agregata-in-mas.png 800w, https:\/\/kdt-machinery.com\/wp-content\/uploads\/2024\/05\/kdt-racunalniske-nastavitve-zagnega-agregata-in-mas-400x400.png 400w, https:\/\/kdt-machinery.com\/wp-content\/uploads\/2024\/05\/kdt-racunalniske-nastavitve-zagnega-agregata-in-mas-280x280.png 280w, https:\/\/kdt-machinery.com\/wp-content\/uploads\/2024\/05\/kdt-racunalniske-nastavitve-zagnega-agregata-in-mas-768x768.png 768w, https:\/\/kdt-machinery.com\/wp-content\/uploads\/2024\/05\/kdt-racunalniske-nastavitve-zagnega-agregata-in-mas-350x350.png 350w, https:\/\/kdt-machinery.com\/wp-content\/uploads\/2024\/05\/kdt-racunalniske-nastavitve-zagnega-agregata-in-mas-100x100.png 100w\" sizes=\"auto, (max-width: 800px) 100vw, 800px\" \/>\t\t\t\t\t\t\n\t\t\t\t\t<\/div>\n\t\t\t\t\t\t\t\t\n<style>\n#image_940411348 {\n  width: 100%;\n}\n<\/style>\n\t<\/div>\n\t\r\n\r\n\t\t<\/div>\n\t\t\t\t\t<\/div>\n\n\t\r\n\n\t<div id=\"col-1588585630\" class=\"col pb-0 medium-8 small-12 large-8\"  >\n\t\t\t\t<div class=\"col-inner\"  >\n\t\t\t\n\t\t\t\r\n\r\n<p>Sva pode\u0161avanja agregata pile i desne vodilice vr\u0161e se pomo\u0107u ekrana osjetljivog na dodir.<\/p>\r\n\r\n\t\t<\/div>\n\t\t\t\t\t<\/div>\n\n\t\r\n\r\n<\/div>\r\n\r\n\t\t<\/div>\n\t<\/div>\n\t\r\n\t<div id=\"accordion-3594472378\" class=\"accordion-item\">\n\t\t<a id=\"accordion-3594472378-label\" class=\"accordion-title plain\" href=\"#accordion-item-vodilice-kvalitetnog-formata-kolica\" aria-expanded=\"false\" aria-controls=\"accordion-3594472378-content\">\n\t\t\t<button class=\"toggle\" aria-label=\"Toggle\"><i class=\"icon-angle-down\" aria-hidden=\"true\"><\/i><\/button>\n\t\t\t<span>Vodilice kvalitetnog formata kolica<\/span>\n\t\t<\/a>\n\t\t<div id=\"accordion-3594472378-content\" class=\"accordion-inner\" aria-labelledby=\"accordion-3594472378-label\">\n\t\t\t\r\n\r\n<div class=\"row align-middle\"  id=\"row-1242893696\">\r\n\r\n\n\t<div id=\"col-704712696\" class=\"col pb-0 medium-4 small-12 large-4\"  >\n\t\t\t\t<div class=\"col-inner\"  >\n\t\t\t\n\t\t\t\r\n\r\n\t<div class=\"img has-hover im-single x md-x lg-x y md-y lg-y\" id=\"image_1135468196\">\n\t\t\t\t\t\t\t\t<div class=\"img-inner dark\" >\n\t\t\t<img loading=\"lazy\" decoding=\"async\" width=\"800\" height=\"800\" src=\"https:\/\/kdt-machinery.com\/wp-content\/uploads\/2024\/05\/kdt-kvalitetna-vodila-formatnega-vozu.jpg\" class=\"attachment-original size-original\" alt=\"\" srcset=\"https:\/\/kdt-machinery.com\/wp-content\/uploads\/2024\/05\/kdt-kvalitetna-vodila-formatnega-vozu.jpg 800w, https:\/\/kdt-machinery.com\/wp-content\/uploads\/2024\/05\/kdt-kvalitetna-vodila-formatnega-vozu-400x400.jpg 400w, https:\/\/kdt-machinery.com\/wp-content\/uploads\/2024\/05\/kdt-kvalitetna-vodila-formatnega-vozu-280x280.jpg 280w, https:\/\/kdt-machinery.com\/wp-content\/uploads\/2024\/05\/kdt-kvalitetna-vodila-formatnega-vozu-768x768.jpg 768w, https:\/\/kdt-machinery.com\/wp-content\/uploads\/2024\/05\/kdt-kvalitetna-vodila-formatnega-vozu-350x350.jpg 350w, https:\/\/kdt-machinery.com\/wp-content\/uploads\/2024\/05\/kdt-kvalitetna-vodila-formatnega-vozu-100x100.jpg 100w\" sizes=\"auto, (max-width: 800px) 100vw, 800px\" \/>\t\t\t\t\t\t\n\t\t\t\t\t<\/div>\n\t\t\t\t\t\t\t\t\n<style>\n#image_1135468196 {\n  width: 100%;\n}\n<\/style>\n\t<\/div>\n\t\r\n\r\n\t\t<\/div>\n\t\t\t\t\t<\/div>\n\n\t\r\n\n\t<div id=\"col-629436088\" class=\"col pb-0 medium-8 small-12 large-8\"  >\n\t\t\t\t<div class=\"col-inner\"  >\n\t\t\t\n\t\t\t\r\n\r\n<p>Zbog svog oblika, vodilice kolica su vrlo \u010dvrste i precizne. Prednost ovih vodilica je \u0161to su zbog svoje veli\u010dine pogodne za piljenje te\u017eih komada, a zahvaljuju\u0107i preciznosti idealne su i za piljenje iverice i drugih kompozitnih materijala.<\/p>\r\n\r\n\t\t<\/div>\n\t\t\t\t\t<\/div>\n\n\t\r\n\r\n<\/div>\r\n\r\n\t\t<\/div>\n\t<\/div>\n\t\r\n\t<div id=\"accordion-2760839735\" class=\"accordion-item\">\n\t\t<a id=\"accordion-2760839735-label\" class=\"accordion-title plain\" href=\"#accordion-item-motorizirano-podizanje\/spu\u0161tanje-lista-pile\" aria-expanded=\"false\" aria-controls=\"accordion-2760839735-content\">\n\t\t\t<button class=\"toggle\" aria-label=\"Toggle\"><i class=\"icon-angle-down\" aria-hidden=\"true\"><\/i><\/button>\n\t\t\t<span>Motorizirano podizanje\/spu\u0161tanje lista pile<\/span>\n\t\t<\/a>\n\t\t<div id=\"accordion-2760839735-content\" class=\"accordion-inner\" aria-labelledby=\"accordion-2760839735-label\">\n\t\t\t\r\n\r\n<div class=\"row align-middle\"  id=\"row-855820165\">\r\n\r\n\n\t<div id=\"col-1341030725\" class=\"col pb-0 medium-4 small-12 large-4\"  >\n\t\t\t\t<div class=\"col-inner\"  >\n\t\t\t\n\t\t\t\r\n\r\n\t<div class=\"img has-hover im-single x md-x lg-x y md-y lg-y\" id=\"image_711448509\">\n\t\t\t\t\t\t\t\t<div class=\"img-inner dark\" >\n\t\t\t<img loading=\"lazy\" decoding=\"async\" width=\"800\" height=\"800\" src=\"https:\/\/kdt-machinery.com\/wp-content\/uploads\/2024\/05\/kdt-linearna-vodila-za-hitro-nastavitev-visine.png\" class=\"attachment-original size-original\" alt=\"\" srcset=\"https:\/\/kdt-machinery.com\/wp-content\/uploads\/2024\/05\/kdt-linearna-vodila-za-hitro-nastavitev-visine.png 800w, https:\/\/kdt-machinery.com\/wp-content\/uploads\/2024\/05\/kdt-linearna-vodila-za-hitro-nastavitev-visine-400x400.png 400w, https:\/\/kdt-machinery.com\/wp-content\/uploads\/2024\/05\/kdt-linearna-vodila-za-hitro-nastavitev-visine-280x280.png 280w, https:\/\/kdt-machinery.com\/wp-content\/uploads\/2024\/05\/kdt-linearna-vodila-za-hitro-nastavitev-visine-768x768.png 768w, https:\/\/kdt-machinery.com\/wp-content\/uploads\/2024\/05\/kdt-linearna-vodila-za-hitro-nastavitev-visine-350x350.png 350w, https:\/\/kdt-machinery.com\/wp-content\/uploads\/2024\/05\/kdt-linearna-vodila-za-hitro-nastavitev-visine-100x100.png 100w\" sizes=\"auto, (max-width: 800px) 100vw, 800px\" \/>\t\t\t\t\t\t\n\t\t\t\t\t<\/div>\n\t\t\t\t\t\t\t\t\n<style>\n#image_711448509 {\n  width: 100%;\n}\n<\/style>\n\t<\/div>\n\t\r\n\r\n\t\t<\/div>\n\t\t\t\t\t<\/div>\n\n\t\r\n\n\t<div id=\"col-1972032336\" class=\"col pb-0 medium-8 small-12 large-8\"  >\n\t\t\t\t<div class=\"col-inner\"  >\n\t\t\t\n\t\t\t\r\n\r\n<p>Jednostavno pode\u0161avanje visine lista pile uz pomo\u0107 sna\u017enih linearnih vodilica.<\/p>\r\n\r\n\t\t<\/div>\n\t\t\t\t\t<\/div>\n\n\t\r\n\r\n<\/div>\r\n\r\n\t\t<\/div>\n\t<\/div>\n\t\r\n\t<div id=\"accordion-2807979077\" class=\"accordion-item\">\n\t\t<a id=\"accordion-2807979077-label\" class=\"accordion-title plain\" href=\"#accordion-item-mnogo-prostora-za-brzu-i-jednostavnu-zamjenu-o\u0161trice\" aria-expanded=\"false\" aria-controls=\"accordion-2807979077-content\">\n\t\t\t<button class=\"toggle\" aria-label=\"Toggle\"><i class=\"icon-angle-down\" aria-hidden=\"true\"><\/i><\/button>\n\t\t\t<span>Mnogo prostora za brzu i jednostavnu zamjenu o\u0161trice<\/span>\n\t\t<\/a>\n\t\t<div id=\"accordion-2807979077-content\" class=\"accordion-inner\" aria-labelledby=\"accordion-2807979077-label\">\n\t\t\t\r\n\r\n<div class=\"row align-middle\"  id=\"row-1679983980\">\r\n\r\n\n\t<div id=\"col-1783700543\" class=\"col pb-0 medium-4 small-12 large-4\"  >\n\t\t\t\t<div class=\"col-inner\"  >\n\t\t\t\n\t\t\t\r\n\r\n\t<div class=\"img has-hover im-single x md-x lg-x y md-y lg-y\" id=\"image_1648384399\">\n\t\t\t\t\t\t\t\t<div class=\"img-inner dark\" >\n\t\t\t<img loading=\"lazy\" decoding=\"async\" width=\"800\" height=\"799\" src=\"https:\/\/kdt-machinery.com\/wp-content\/uploads\/2024\/05\/kdt-zagna-enota-formatne-zage.png\" class=\"attachment-original size-original\" alt=\"\" srcset=\"https:\/\/kdt-machinery.com\/wp-content\/uploads\/2024\/05\/kdt-zagna-enota-formatne-zage.png 800w, https:\/\/kdt-machinery.com\/wp-content\/uploads\/2024\/05\/kdt-zagna-enota-formatne-zage-401x400.png 401w, https:\/\/kdt-machinery.com\/wp-content\/uploads\/2024\/05\/kdt-zagna-enota-formatne-zage-280x280.png 280w, https:\/\/kdt-machinery.com\/wp-content\/uploads\/2024\/05\/kdt-zagna-enota-formatne-zage-768x767.png 768w, https:\/\/kdt-machinery.com\/wp-content\/uploads\/2024\/05\/kdt-zagna-enota-formatne-zage-350x350.png 350w, https:\/\/kdt-machinery.com\/wp-content\/uploads\/2024\/05\/kdt-zagna-enota-formatne-zage-100x100.png 100w\" sizes=\"auto, (max-width: 800px) 100vw, 800px\" \/>\t\t\t\t\t\t\n\t\t\t\t\t<\/div>\n\t\t\t\t\t\t\t\t\n<style>\n#image_1648384399 {\n  width: 100%;\n}\n<\/style>\n\t<\/div>\n\t\r\n\r\n\t\t<\/div>\n\t\t\t\t\t<\/div>\n\n\t\r\n\n\t<div id=\"col-727469997\" class=\"col pb-0 medium-8 small-12 large-8\"  >\n\t\t\t\t<div class=\"col-inner\"  >\n\t\t\t\n\t\t\t\r\n\r\n<p>Zahvaljuju\u0107i pametnom dizajnu ma\u0161ine, sigurnosna vrata su velika, \u0161to omogu\u0107ava jednostavno i brzo pode\u0161avanje i zamjenu o\u0161trica.<\/p>\r\n\r\n\t\t<\/div>\n\t\t\t\t\t<\/div>\n\n\t\r\n\r\n<\/div>\r\n\r\n\t\t<\/div>\n\t<\/div>\n\t\r\n\t<div id=\"accordion-706268958\" class=\"accordion-item\">\n\t\t<a id=\"accordion-706268958-label\" class=\"accordion-title plain\" href=\"#accordion-item-sna\u017ena-konstrukcija-pile\" aria-expanded=\"false\" aria-controls=\"accordion-706268958-content\">\n\t\t\t<button class=\"toggle\" aria-label=\"Toggle\"><i class=\"icon-angle-down\" aria-hidden=\"true\"><\/i><\/button>\n\t\t\t<span>Sna\u017ena konstrukcija pile<\/span>\n\t\t<\/a>\n\t\t<div id=\"accordion-706268958-content\" class=\"accordion-inner\" aria-labelledby=\"accordion-706268958-label\">\n\t\t\t\r\n\r\n<div class=\"row align-middle\"  id=\"row-1532121385\">\r\n\r\n\n\t<div id=\"col-1779327146\" class=\"col pb-0 medium-4 small-12 large-4\"  >\n\t\t\t\t<div class=\"col-inner\"  >\n\t\t\t\n\t\t\t\r\n\r\n\t<div class=\"img has-hover im-single x md-x lg-x y md-y lg-y\" id=\"image_1385131083\">\n\t\t\t\t\t\t\t\t<div class=\"img-inner dark\" >\n\t\t\t<img loading=\"lazy\" decoding=\"async\" width=\"800\" height=\"800\" src=\"https:\/\/kdt-machinery.com\/wp-content\/uploads\/2024\/05\/mocna-konstrukcija-zage-formatna-zaga-kdt.jpg\" class=\"attachment-original size-original\" alt=\"\" srcset=\"https:\/\/kdt-machinery.com\/wp-content\/uploads\/2024\/05\/mocna-konstrukcija-zage-formatna-zaga-kdt.jpg 800w, https:\/\/kdt-machinery.com\/wp-content\/uploads\/2024\/05\/mocna-konstrukcija-zage-formatna-zaga-kdt-400x400.jpg 400w, https:\/\/kdt-machinery.com\/wp-content\/uploads\/2024\/05\/mocna-konstrukcija-zage-formatna-zaga-kdt-280x280.jpg 280w, https:\/\/kdt-machinery.com\/wp-content\/uploads\/2024\/05\/mocna-konstrukcija-zage-formatna-zaga-kdt-768x768.jpg 768w, https:\/\/kdt-machinery.com\/wp-content\/uploads\/2024\/05\/mocna-konstrukcija-zage-formatna-zaga-kdt-350x350.jpg 350w, https:\/\/kdt-machinery.com\/wp-content\/uploads\/2024\/05\/mocna-konstrukcija-zage-formatna-zaga-kdt-100x100.jpg 100w\" sizes=\"auto, (max-width: 800px) 100vw, 800px\" \/>\t\t\t\t\t\t\n\t\t\t\t\t<\/div>\n\t\t\t\t\t\t\t\t\n<style>\n#image_1385131083 {\n  width: 100%;\n}\n<\/style>\n\t<\/div>\n\t\r\n\r\n\t\t<\/div>\n\t\t\t\t\t<\/div>\n\n\t\r\n\n\t<div id=\"col-553963312\" class=\"col pb-0 medium-8 small-12 large-8\"  >\n\t\t\t\t<div class=\"col-inner\"  >\n\t\t\t\n\t\t\t\r\n\r\n<p>Za miran rad ma\u0161ine bez vibracija najva\u017enija je njena konstrukcija.<\/p> <p>Formatne pile KDT imaju \u010dvrstu, zavarenu konstrukciju, a zbog svoje veli\u010dine su i te\u017ee.<\/p> <p>Zahvaljuju\u0107i tome, pile su pogodne za industrijsku upotrebu.<\/p>\r\n\r\n\t\t<\/div>\n\t\t\t\t\t<\/div>\n\n\t\r\n\r\n<\/div>\r\n\r\n\t\t<\/div>\n\t<\/div>\n\t\r\n\t<div id=\"accordion-1546770127\" class=\"accordion-item\">\n\t\t<a id=\"accordion-1546770127-label\" class=\"accordion-title plain\" href=\"#accordion-item-veliki-za\u0161titni-poklopac\" aria-expanded=\"false\" aria-controls=\"accordion-1546770127-content\">\n\t\t\t<button class=\"toggle\" aria-label=\"Toggle\"><i class=\"icon-angle-down\" aria-hidden=\"true\"><\/i><\/button>\n\t\t\t<span>Veliki za\u0161titni poklopac<\/span>\n\t\t<\/a>\n\t\t<div id=\"accordion-1546770127-content\" class=\"accordion-inner\" aria-labelledby=\"accordion-1546770127-label\">\n\t\t\t\r\n\r\n<div class=\"row align-middle\"  id=\"row-1664095616\">\r\n\r\n\n\t<div id=\"col-976136796\" class=\"col pb-0 medium-4 small-12 large-4\"  >\n\t\t\t\t<div class=\"col-inner\"  >\n\t\t\t\n\t\t\t\r\n\r\n\t<div class=\"img has-hover im-single x md-x lg-x y md-y lg-y\" id=\"image_71096777\">\n\t\t\t\t\t\t\t\t<div class=\"img-inner dark\" >\n\t\t\t<img loading=\"lazy\" decoding=\"async\" width=\"800\" height=\"800\" src=\"https:\/\/kdt-machinery.com\/wp-content\/uploads\/2024\/05\/kdt-kvalitetna-in-velika-zascitna-kapa.png\" class=\"attachment-original size-original\" alt=\"\" srcset=\"https:\/\/kdt-machinery.com\/wp-content\/uploads\/2024\/05\/kdt-kvalitetna-in-velika-zascitna-kapa.png 800w, https:\/\/kdt-machinery.com\/wp-content\/uploads\/2024\/05\/kdt-kvalitetna-in-velika-zascitna-kapa-400x400.png 400w, https:\/\/kdt-machinery.com\/wp-content\/uploads\/2024\/05\/kdt-kvalitetna-in-velika-zascitna-kapa-280x280.png 280w, https:\/\/kdt-machinery.com\/wp-content\/uploads\/2024\/05\/kdt-kvalitetna-in-velika-zascitna-kapa-768x768.png 768w, https:\/\/kdt-machinery.com\/wp-content\/uploads\/2024\/05\/kdt-kvalitetna-in-velika-zascitna-kapa-350x350.png 350w, https:\/\/kdt-machinery.com\/wp-content\/uploads\/2024\/05\/kdt-kvalitetna-in-velika-zascitna-kapa-100x100.png 100w\" sizes=\"auto, (max-width: 800px) 100vw, 800px\" \/>\t\t\t\t\t\t\n\t\t\t\t\t<\/div>\n\t\t\t\t\t\t\t\t\n<style>\n#image_71096777 {\n  width: 100%;\n}\n<\/style>\n\t<\/div>\n\t\r\n\r\n\t\t<\/div>\n\t\t\t\t\t<\/div>\n\n\t\r\n\n\t<div id=\"col-1418638344\" class=\"col pb-0 medium-8 small-12 large-8\"  >\n\t\t\t\t<div class=\"col-inner\"  >\n\t\t\t\n\t\t\t\r\n\r\n<p>Za\u0161titni poklopac je obavezan dio svake formatne pile, ali kod KDT pila on je ve\u0107i, vrlo lako podesiv i providan sa strane. Sve ove prednosti omogu\u0107avaju da piljenje KDT pilama bude sigurno, jednostavno, precizno i \u010disto.<\/p>\r\n\r\n\t\t<\/div>\n\t\t\t\t\t<\/div>\n\n\t\r\n\r\n<\/div>\r\n\r\n\t\t<\/div>\n\t<\/div>\n\t\r\n\t<div id=\"accordion-2144921914\" class=\"accordion-item\">\n\t\t<a id=\"accordion-2144921914-label\" class=\"accordion-title plain\" href=\"#accordion-item-kvalitetne-vodilice-i-servo-motori\" aria-expanded=\"false\" aria-controls=\"accordion-2144921914-content\">\n\t\t\t<button class=\"toggle\" aria-label=\"Toggle\"><i class=\"icon-angle-down\" aria-hidden=\"true\"><\/i><\/button>\n\t\t\t<span>Kvalitetne vodilice i servo motori<\/span>\n\t\t<\/a>\n\t\t<div id=\"accordion-2144921914-content\" class=\"accordion-inner\" aria-labelledby=\"accordion-2144921914-label\">\n\t\t\t\r\n\r\n<div class=\"row align-middle\"  id=\"row-661665793\">\r\n\r\n\n\t<div id=\"col-1113357481\" class=\"col pb-0 medium-4 small-12 large-4\"  >\n\t\t\t\t<div class=\"col-inner\"  >\n\t\t\t\n\t\t\t\r\n\r\n\t<div class=\"img has-hover im-single x md-x lg-x y md-y lg-y\" id=\"image_1569975168\">\n\t\t\t\t\t\t\t\t<div class=\"img-inner dark\" >\n\t\t\t<img loading=\"lazy\" decoding=\"async\" width=\"800\" height=\"800\" src=\"https:\/\/kdt-machinery.com\/wp-content\/uploads\/2024\/05\/kdt-kvalitetna-vodila-in-servo-motorji.jpg\" class=\"attachment-original size-original\" alt=\"\" srcset=\"https:\/\/kdt-machinery.com\/wp-content\/uploads\/2024\/05\/kdt-kvalitetna-vodila-in-servo-motorji.jpg 800w, https:\/\/kdt-machinery.com\/wp-content\/uploads\/2024\/05\/kdt-kvalitetna-vodila-in-servo-motorji-400x400.jpg 400w, https:\/\/kdt-machinery.com\/wp-content\/uploads\/2024\/05\/kdt-kvalitetna-vodila-in-servo-motorji-280x280.jpg 280w, https:\/\/kdt-machinery.com\/wp-content\/uploads\/2024\/05\/kdt-kvalitetna-vodila-in-servo-motorji-768x768.jpg 768w, https:\/\/kdt-machinery.com\/wp-content\/uploads\/2024\/05\/kdt-kvalitetna-vodila-in-servo-motorji-350x350.jpg 350w, https:\/\/kdt-machinery.com\/wp-content\/uploads\/2024\/05\/kdt-kvalitetna-vodila-in-servo-motorji-100x100.jpg 100w\" sizes=\"auto, (max-width: 800px) 100vw, 800px\" \/>\t\t\t\t\t\t\n\t\t\t\t\t<\/div>\n\t\t\t\t\t\t\t\t\n<style>\n#image_1569975168 {\n  width: 100%;\n}\n<\/style>\n\t<\/div>\n\t\r\n\r\n\t\t<\/div>\n\t\t\t\t\t<\/div>\n\n\t\r\n\n\t<div id=\"col-750171627\" class=\"col pb-0 medium-8 small-12 large-8\"  >\n\t\t\t\t<div class=\"col-inner\"  >\n\t\t\t\n\t\t\t\r\n\r\n<p>Servo motor omogu\u0107ava ta\u010dno i brzo piljenje s desnom vodilicom, koja postavlja \u017eeljenu dimenziju s precizno\u0161\u0107u do 0,1 mm. Svima postavkama se upravlja putem ekrana osjetljivog na dodir.<\/p>\r\n\r\n\t\t<\/div>\n\t\t\t\t\t<\/div>\n\n\t\r\n\r\n<\/div>\r\n\r\n\t\t<\/div>\n\t<\/div>\n\t\r\n\r\n<\/div>\r\n\r\n\t\t<\/div>\n\t\t\t\t\t<\/div>\n\n\t\r\n\r\n<\/div>\r\n\r\n\t\t<\/div>\n\t\t\t\t\t<\/div>\n\n\t\r\n\r\n<\/div>\r\n\r\n\t\t<\/div>\n\n\t\t\n<style>\n#section_525954909 {\n  padding-top: 0px;\n  padding-bottom: 0px;\n}\n<\/style>\n\t<\/section>\n\t\n","protected":false},"excerpt":{"rendered":"<p>Pila za gornji format iz KDT-a. Pila je namijenjena <strong>svim stolarima koji \u017eele potpuno automatiziranu formatnu pilu<\/strong> <strong>po pristupa\u010dnoj cijeni.<\/strong> Pila KS-132PV namijenjena je za upotrebu u industrijskim pogonima, jer ima sna\u017ean motor od 7 kW, kvalitetne vodilice, ekran osjetljiv na dodir s 15 kolona, motorizirano podizanje lista pile, automatsko pomjeranje desne vodilice, elektronske \u010dita\u010de i jo\u0161 mnogo toga.<\/p>\n","protected":false},"featured_media":4051,"comment_status":"closed","ping_status":"closed","template":"","meta":{"_acf_changed":false},"product_brand":[],"product_cat":[106],"product_tag":[],"class_list":{"0":"post-3979","1":"product","2":"type-product","3":"status-publish","4":"has-post-thumbnail","6":"product_cat-formatne-pile","8":"first","9":"instock","10":"shipping-taxable","11":"product-type-simple"},"acf":[],"_links":{"self":[{"href":"https:\/\/kdt-machinery.com\/bs\/wp-json\/wp\/v2\/product\/3979","targetHints":{"allow":["GET"]}}],"collection":[{"href":"https:\/\/kdt-machinery.com\/bs\/wp-json\/wp\/v2\/product"}],"about":[{"href":"https:\/\/kdt-machinery.com\/bs\/wp-json\/wp\/v2\/types\/product"}],"replies":[{"embeddable":true,"href":"https:\/\/kdt-machinery.com\/bs\/wp-json\/wp\/v2\/comments?post=3979"}],"wp:featuredmedia":[{"embeddable":true,"href":"https:\/\/kdt-machinery.com\/bs\/wp-json\/wp\/v2\/media\/4051"}],"wp:attachment":[{"href":"https:\/\/kdt-machinery.com\/bs\/wp-json\/wp\/v2\/media?parent=3979"}],"wp:term":[{"taxonomy":"product_brand","embeddable":true,"href":"https:\/\/kdt-machinery.com\/bs\/wp-json\/wp\/v2\/product_brand?post=3979"},{"taxonomy":"product_cat","embeddable":true,"href":"https:\/\/kdt-machinery.com\/bs\/wp-json\/wp\/v2\/product_cat?post=3979"},{"taxonomy":"product_tag","embeddable":true,"href":"https:\/\/kdt-machinery.com\/bs\/wp-json\/wp\/v2\/product_tag?post=3979"}],"curies":[{"name":"wp","href":"https:\/\/api.w.org\/{rel}","templated":true}]}}