{"id":3980,"date":"2024-05-22T08:51:52","date_gmt":"2024-05-22T08:51:52","guid":{"rendered":"https:\/\/kdt-machinery.com\/?post_type=product&#038;p=3980"},"modified":"2025-11-19T09:45:45","modified_gmt":"2025-11-19T09:45:45","slug":"raskrajac-kdt-ks-832d-843d","status":"publish","type":"product","link":"https:\/\/kdt-machinery.com\/bs\/proizvod\/raskrajac-kdt-ks-832d-843d\/","title":{"rendered":"Raskraja\u010d KDT KS &#8211; 832D\/843D"},"content":{"rendered":"\n\t<section class=\"section no-padding\" id=\"section_1533932577\">\n\t\t<div class=\"section-bg fill\" >\n\t\t\t\t\t\t\t\t\t\n\t\t\t\n\n\t\t<\/div>\n\n\t\t\n\n\t\t<div class=\"section-content relative\">\n\t\t\t\r\n\r\n<div class=\"row\"  id=\"row-893420796\">\r\n\r\n\n\t<div id=\"col-1567447367\" class=\"col pb-0 small-12 large-12\"  >\n\t\t\t\t<div class=\"col-inner\"  >\n\t\t\t\n\t\t\t\r\n\r\n<h2>Karakteristike KDT KS - 832D\/843D ma\u0161ina za rezanje<\/h2> <p class=\"mb-0\">Robusna konstrukcija koja smanjuje vibracije i omogu\u0107ava brze pokrete. Ma\u0161ina se odlikuje <strong>servo pokretima<\/strong> agregata pile za maksimalno ubrzanje i usporavanje te <strong>brz povratak agregata<\/strong> <strong>u po\u010detni polo\u017eaj<\/strong>. Nije u pitanju samo brzina \u2013 zra\u010dni sto u podru\u010dju rezanja omogu\u0107ava kvalitetno rezanje osjetljivijih materijala i lak\u0161e klizanje te\u017eih komada. Ima kontrolisanu bo\u010dnu NC pre\u0161u, koja je br\u017ea od konvencionalnih pneumatskih pre\u0161a. Magnetna traka osigurava visoku preciznost od 0,1 mm.<\/p>\r\n<iframe loading=\"lazy\" title=\"YouTube video player\" src=\"https:\/\/www.youtube.com\/embed\/jO5mVhQhkgw?si=JPn4wdsg-VnwgSWX\" width=\"420\" height=\"236\" frameborder=\"0\" allowfullscreen=\"allowfullscreen\"><\/iframe>\r\n\r\n\t<div id=\"gap-1803223016\" class=\"gap-element clearfix\" style=\"display:block; height:auto;\">\n\t\t\n<style>\n#gap-1803223016 {\n  padding-top: 15px;\n}\n@media (min-width:550px) {\n  #gap-1803223016 {\n    padding-top: 30px;\n  }\n}\n<\/style>\n\t<\/div>\n\t\r\n\r\n\t\t<\/div>\n\t\t\t\t\t<\/div>\n\n\t\r\n\r\n<\/div>\r\n\r\n\t\t<\/div>\n\n\t\t\n<style>\n#section_1533932577 {\n  padding-top: 0px;\n  padding-bottom: 0px;\n}\n<\/style>\n\t<\/section>\n\t\r\n\n\t<section class=\"section no-padding\" id=\"section_1311123964\">\n\t\t<div class=\"section-bg fill\" >\n\t\t\t\t\t\t\t\t\t\n\t\t\t\n\n\t\t<\/div>\n\n\t\t\n\n\t\t<div class=\"section-content relative\">\n\t\t\t\r\n\r\n<div class=\"row\"  id=\"row-815235154\">\r\n\r\n\n\t<div id=\"col-2041634739\" class=\"col pb-0 small-12 large-12\"  >\n\t\t\t\t<div class=\"col-inner\"  >\n\t\t\t\n\t\t\t\r\n\r\n\r\n\r\n<p class=\"divider-lesmak\"><\/p>  \t<div id=\"gap-824094536\" class=\"gap-element clearfix\" style=\"display:block; height:auto;\">\n\t\t\n<style>\n#gap-824094536 {\n  padding-top: 23px;\n}\n@media (min-width:550px) {\n  #gap-824094536 {\n    padding-top: 38px;\n  }\n}\n<\/style>\n\t<\/div>\n\t <p style=\"font-weight: 500;\">Robusna konstrukcija koja smanjuje vibracije i omogu\u0107ava brze pokrete. Ma\u0161ina ima <b><strong>servo pokrete<\/strong><\/b> agregata pile za maksimalno ubrzanje i usporavanje te <b><strong>brz povratak agregata<\/strong><\/b> <b><strong>u po\u010detni polo\u017eaj<\/strong><\/b>. Nije u pitanju samo brzina \u2013 zra\u010dni sto u podru\u010dju rezanja omogu\u0107ava kvalitetno rezanje osjetljivijih materijala i lak\u0161e klizanje te\u017eih komada.<\/strong><\/b> Ima kontrolisanu NC bo\u010dnu pre\u0161u, koja je br\u017ea od konvencionalnih pneumatskih pre\u0161a. Magnetna traka osigurava visoku preciznost od 0,1 mm.<\/p> <p style=\"font-weight: 500;\">S novom verzijom 832D i 843D, servo pogon za pode\u0161avanje predreza\u010da je standardna oprema, \u0161to omogu\u0107ava izradu izreza i utora.<\/p> <p style=\"font-weight: 500;\"><b><strong>Ulazni zra\u010dni stolovi omogu\u0107avaju lako klizanje obradaka<\/strong><\/b>. Mogu\u0107nost pomjeranja radnog stola lijevo i desno dodatno je rje\u0161enje koje korisniku olak\u0161ava rad.<\/p> <p style=\"font-weight: 500;\">Visina pile se automatski pode\u0161ava prema visini obratka. Ovo <b><strong>omogu\u0107ava optimalnu visinu lista pile<\/strong><\/b> bez obzira na visinu obratka, \u010dime se posti\u017ee najbolji kvalitet reza. Brza zamjena lista kru\u017ene pile pove\u0107ava efikasnost same ma\u0161ine.<\/p> <p style=\"font-weight: 500;\">Dok ve\u0107ina renomiranih proizvo\u0111a\u010da ugra\u0111uje skupe ekrane osjetljive na dodir (\u201ctouchscreen\u201d), KDT ma\u0161ine za rezanje opremljene su klasi\u010dnim industrijskim ra\u010dunarima s <b><strong>Windows operativnim sistemom<\/strong><\/b>, koji su <b><strong>vrlo stabilni, pristupa\u010dni i jednostavni za odr\u017eavanje<\/strong><\/b>, a iznad svega povoljni za korisnika u slu\u010daju kvara. Efikasno upravljanje ma\u0161inom osigurano je mo\u0107nim, korisni\u010dki prilago\u0111enim softverom <b><strong>KDTsoft<\/strong><\/b>, koji uklju\u010duje naprednu optimizaciju rezanja i odli\u010dan prinos.<\/p> <p style=\"font-weight: 500;\">Ma\u0161ina KS-832D je <b><strong>izuzetno sna\u017ena<\/strong><\/b> i ima sve karakteristike znatno skupljih industrijskih ma\u0161ina na tr\u017ei\u0161tu, zbog \u010dega je vrijedna svakog ulo\u017eenog eura.<\/p>\r\n\r\n\t<div id=\"gap-1642413495\" class=\"gap-element clearfix\" style=\"display:block; height:auto;\">\n\t\t\n<style>\n#gap-1642413495 {\n  padding-top: 15px;\n}\n@media (min-width:550px) {\n  #gap-1642413495 {\n    padding-top: 30px;\n  }\n}\n<\/style>\n\t<\/div>\n\t\r\n\r\n\t\t<\/div>\n\t\t\t\t\t<\/div>\n\n\t\r\n\r\n<\/div>\r\n\r\n\t\t<\/div>\n\n\t\t\n<style>\n#section_1311123964 {\n  padding-top: 0px;\n  padding-bottom: 0px;\n}\n<\/style>\n\t<\/section>\n\t\n","protected":false},"excerpt":{"rendered":"<p>KS-832D i 843D trenutno su jedne od najkonkurentnijih ma\u0161ina za rezanje na tr\u017ei\u0161tu, jer po svojim karakteristikama i opremi nadma\u0161uju ve\u0107inu sli\u010dnih ma\u0161ina, a po cijeni su <strong>pristupa\u010dne \u010dak i manjim stolarskim radionicama<\/strong> koje \u017eele vrhunsku pilu.<\/p>\n<p>Novi modeli 832D i 843D standardno dolaze sa servo motorima za pomjeranje predreza\u010da, \u0161to omogu\u0107ava precizne rezove i utore u materijalu.<\/p>\n","protected":false},"featured_media":4660,"comment_status":"closed","ping_status":"closed","template":"","meta":{"_acf_changed":false},"product_brand":[],"product_cat":[110],"product_tag":[],"class_list":{"0":"post-3980","1":"product","2":"type-product","3":"status-publish","4":"has-post-thumbnail","6":"product_cat-raskrajaci","8":"first","9":"instock","10":"shipping-taxable","11":"product-type-simple"},"acf":[],"_links":{"self":[{"href":"https:\/\/kdt-machinery.com\/bs\/wp-json\/wp\/v2\/product\/3980","targetHints":{"allow":["GET"]}}],"collection":[{"href":"https:\/\/kdt-machinery.com\/bs\/wp-json\/wp\/v2\/product"}],"about":[{"href":"https:\/\/kdt-machinery.com\/bs\/wp-json\/wp\/v2\/types\/product"}],"replies":[{"embeddable":true,"href":"https:\/\/kdt-machinery.com\/bs\/wp-json\/wp\/v2\/comments?post=3980"}],"wp:featuredmedia":[{"embeddable":true,"href":"https:\/\/kdt-machinery.com\/bs\/wp-json\/wp\/v2\/media\/4660"}],"wp:attachment":[{"href":"https:\/\/kdt-machinery.com\/bs\/wp-json\/wp\/v2\/media?parent=3980"}],"wp:term":[{"taxonomy":"product_brand","embeddable":true,"href":"https:\/\/kdt-machinery.com\/bs\/wp-json\/wp\/v2\/product_brand?post=3980"},{"taxonomy":"product_cat","embeddable":true,"href":"https:\/\/kdt-machinery.com\/bs\/wp-json\/wp\/v2\/product_cat?post=3980"},{"taxonomy":"product_tag","embeddable":true,"href":"https:\/\/kdt-machinery.com\/bs\/wp-json\/wp\/v2\/product_tag?post=3980"}],"curies":[{"name":"wp","href":"https:\/\/api.w.org\/{rel}","templated":true}]}}