{"id":3981,"date":"2024-05-22T08:48:42","date_gmt":"2024-05-22T08:48:42","guid":{"rendered":"https:\/\/kdt-machinery.com\/?post_type=product&#038;p=3981"},"modified":"2025-11-19T09:58:09","modified_gmt":"2025-11-19T09:58:09","slug":"raskrajac-kdt-ks-832h","status":"publish","type":"product","link":"https:\/\/kdt-machinery.com\/bs\/proizvod\/raskrajac-kdt-ks-832h\/","title":{"rendered":"Raskraja\u010d KDT KS &#8211; 832H"},"content":{"rendered":"<div class=\"row align-middle\"  id=\"row-1618656759\">\r\n\r\n\n\t<div id=\"col-1815402567\" class=\"col pb-0 medium-6 small-12 large-6\"  >\n\t\t\t\t<div class=\"col-inner\"  >\n\t\t\t\n\t\t\t\r\n\r\n\t<div id=\"gap-1545143025\" class=\"gap-element clearfix show-for-small\" style=\"display:block; height:auto;\">\n\t\t\n<style>\n#gap-1545143025 {\n  padding-top: 15px;\n}\n@media (min-width:550px) {\n  #gap-1545143025 {\n    padding-top: 30px;\n  }\n}\n<\/style>\n\t<\/div>\n\t\r\n\r\n<h2>Raskraja\u010d KDT KS - 832H<\/h2> <p><strong>Robusna konstrukcija<\/strong> koja smanjuje vibracije i omogu\u0107ava brze pokrete. Ma\u0161ina ima servo pogone za agregat pile radi maksimalnog ubrzanja i usporavanja te brzog vra\u0107anja agregata u po\u010detni polo\u017eaj. Nije u pitanju samo brzina \u2014 <strong>zra\u010dni sto<\/strong> u podru\u010dju rezanja omogu\u0107ava kvalitetno rezanje osjetljivijih materijala i lak\u0161e klizanje te\u017eih komada. Bo\u010dna pre\u0161a je NC kontrolisana i br\u017ea je od konvencionalnih pneumatskih pre\u0161a. Magnetna traka osigurava visoku preciznost od 0,1 mm.<\/p> <p>Ulazni zra\u010dni stolovi omogu\u0107avaju lako klizanje obradaka. Mogu\u0107nost pomjeranja radnog stola lijevo-desno dodatno je rje\u0161enje koje korisniku olak\u0161ava rad.<\/p>\r\n\r\n\t\t<\/div>\n\t\t\t\t\t<\/div>\n\n\t\r\n\n\t<div id=\"col-156405936\" class=\"col pb-0 medium-6 small-12 large-6 small-col-first\"  >\n\t\t\t\t<div class=\"col-inner\"  >\n\t\t\t\n\t\t\t\r\n\r\n\r\n<div class=\"video video-fit mb mb-0\" style=\"padding-top:56.25%;\"><p><iframe loading=\"lazy\" title=\"NC Panel Saw KS-832H\" width=\"1020\" height=\"574\" src=\"https:\/\/www.youtube.com\/embed\/ARSVZsH7G0U?feature=oembed\" frameborder=\"0\" allow=\"accelerometer; autoplay; clipboard-write; encrypted-media; gyroscope; picture-in-picture; web-share\" referrerpolicy=\"strict-origin-when-cross-origin\" allowfullscreen><\/iframe><\/p>\n<\/div>\r\n\r\n\t\t<\/div>\n\t\t\t\t\t<\/div>\n\n\t\r\n\r\n<\/div>\r\n\t<div id=\"gap-1384304236\" class=\"gap-element clearfix\" style=\"display:block; height:auto;\">\n\t\t\n<style>\n#gap-1384304236 {\n  padding-top: 15px;\n}\n@media (min-width:550px) {\n  #gap-1384304236 {\n    padding-top: 30px;\n  }\n}\n<\/style>\n\t<\/div>\n\t\r\n\r\n\n\t<section class=\"section no-padding\" id=\"section_769143187\">\n\t\t<div class=\"section-bg fill\" >\n\t\t\t\t\t\t\t\t\t\n\t\t\t\n\n\t\t<\/div>\n\n\t\t\n\n\t\t<div class=\"section-content relative\">\n\t\t\t\r\n\r\n<div class=\"row\"  id=\"row-1792310776\">\r\n\r\n\n\t<div id=\"col-1389360139\" class=\"col pb-0 small-12 large-12\"  >\n\t\t\t\t<div class=\"col-inner\"  >\n\t\t\t\n\t\t\t\r\n\r\n<p><strong>Visina pile<\/strong> se <strong>automatski pode\u0161ava<\/strong> prema visini obratka. To omogu\u0107ava optimalnu visinu o\u0161trice bez obzira na visinu obratka, \u010dime se posti\u017ee najbolji kvalitet reza. Brza zamjena lista kru\u017ene pile pobolj\u0161ava efikasnost same ma\u0161ine.<\/p> <p>Dok ve\u0107ina poznatih proizvo\u0111a\u010da ugra\u0111uje skupe ekrane osjetljive na dodir, <strong>KDT ma\u0161ine za rezanje<\/strong> opremljene su klasi\u010dnim industrijskim PC ra\u010dunarima u Windows okru\u017eenju, koji su vrlo stabilni, pristupa\u010dni i laki za odr\u017eavanje, te prije svega povoljni za korisnika u slu\u010daju kvara. Efikasno upravljanje ma\u0161inom osigurano je sna\u017enim i korisniku prilago\u0111enim softverom <strong>KDTsoft<\/strong>, koji uklju\u010duje naprednu optimizaciju rezanja i odli\u010dan prinos.<\/p>\r\n\r\n\t<div id=\"gap-1702744038\" class=\"gap-element clearfix\" style=\"display:block; height:auto;\">\n\t\t\n<style>\n#gap-1702744038 {\n  padding-top: 15px;\n}\n@media (min-width:550px) {\n  #gap-1702744038 {\n    padding-top: 30px;\n  }\n}\n<\/style>\n\t<\/div>\n\t\r\n\r\n\t\t<\/div>\n\t\t\t\t\t<\/div>\n\n\t\r\n\r\n<\/div>\r\n\r\n\t\t<\/div>\n\n\t\t\n<style>\n#section_769143187 {\n  padding-top: 0px;\n  padding-bottom: 0px;\n}\n<\/style>\n\t<\/section>\n\t\r\n\n\t<section class=\"section no-padding\" id=\"section_642905222\">\n\t\t<div class=\"section-bg fill\" >\n\t\t\t\t\t\t\t\t\t\n\t\t\t\n\n\t\t<\/div>\n\n\t\t\n\n\t\t<div class=\"section-content relative\">\n\t\t\t\r\n\r\n<div class=\"row\"  id=\"row-936831878\">\r\n\r\n\n\t<div id=\"col-543371988\" class=\"col pb-0 small-12 large-12\"  >\n\t\t\t\t<div class=\"col-inner\"  >\n\t\t\t\n\t\t\t\r\n\r\n\r\n\r\n<p class=\"divider-lesmak\"><\/p>  \t<div id=\"gap-313313916\" class=\"gap-element clearfix\" style=\"display:block; height:auto;\">\n\t\t\n<style>\n#gap-313313916 {\n  padding-top: 23px;\n}\n@media (min-width:550px) {\n  #gap-313313916 {\n    padding-top: 38px;\n  }\n}\n<\/style>\n\t<\/div>\n\t <h3>Tehni\u010dke karakteristike i oprema ma\u0161ine<\/h3> <ul class=\"mb-0\"> <li><strong>Visina rezanja<\/strong> 90 mm<\/li> <li><strong>Dimenzije rezanja<\/strong> 3100 x 3200 mm<\/li> <li><strong>Maks. pre\u010dnik lista kru\u017ene pile<\/strong> 400 mm (otvor 75 mm)<\/li> <li><strong>Maks. pre\u010dnik predreza\u010da<\/strong> 200 mm (otvor 50 mm)<\/li> <li><strong>10 pneumatskih stezaljki<\/strong> \u2013 svaka stezaljka ima 4 prsta za sigurno dr\u017eanje materijala<\/li> <li><strong>Brzina rezanja<\/strong> 1\u201395 m\/min, SERVO motor za pomjeranje<\/li> <li><strong>Brzina kretanja jedinice pile<\/strong> do 120 m\/min<\/li> <li><strong>Kretanje steznog mosta<\/strong> 1\u201395 m\/min<\/li> <li><strong>PC ra\u010dunar<\/strong> s Windows okru\u017eenjem<\/li> <li><strong>Moderan softver s optimizacijom<\/strong><\/li> <li><strong>Pisa\u010d bar kodova<\/strong><\/li> <li><strong>Snaga glavnog motora<\/strong> 15 kW<\/li> <li><strong>Snaga motora predreza\u010da<\/strong> 1,5 kW<\/li> <li><strong>Predrez<\/strong> nezavisno podesiv<\/li> <li><strong>Pokretanje jedinice pile pomo\u0107u servo motora, zup\u010danika i zup\u010daste letve za brze pokrete<\/strong><\/li> <li><strong>3x zra\u010dni sto<\/strong> s kliznim valjcima na ulazu<\/li> <li><strong>Zra\u010dni sto<\/strong> u podru\u010dju rezanja za bolju obradu manjih komada<\/li> <li><strong>Motorizirani NC kontrolisani bo\u010dni hod pre\u0161e<\/strong> 2200 mm<\/li> <li><strong>Dimenzije ma\u0161ine<\/strong> 7480 x 5495 x 1890 mm<\/li> <li><strong>Robusna industrijska konstrukcija<\/strong> \u2013 te\u017eina ma\u0161ine 6000 kg<\/li> <\/ul>\r\n\r\n\t\t<\/div>\n\t\t\t\t\t<\/div>\n\n\t\r\n\r\n<\/div>\r\n\r\n\t\t<\/div>\n\n\t\t\n<style>\n#section_642905222 {\n  padding-top: 0px;\n  padding-bottom: 0px;\n}\n<\/style>\n\t<\/section>\n\t\n","protected":false},"excerpt":{"rendered":"<p>Raskraja\u010d <strong>KDT KS &#8211; 832 H<\/strong> namijenjen je za industrijsku upotrebu, jer ima <strong>ve\u0107u produktivnost<\/strong> od klasi\u010dnih ma\u0161ina za rezanje, zahvaljuju\u0107i dvostrukim samostalnim stezaljkama koje omogu\u0107avaju oko 25 do 30% ve\u0107u efikasnost. To zna\u010di da je va\u0161 <strong>posao<\/strong> zavr\u0161en <strong>br\u017ee.<\/strong><\/p>\n","protected":false},"featured_media":4067,"comment_status":"closed","ping_status":"closed","template":"","meta":{"_acf_changed":false},"product_brand":[],"product_cat":[110],"product_tag":[],"class_list":{"0":"post-3981","1":"product","2":"type-product","3":"status-publish","4":"has-post-thumbnail","6":"product_cat-raskrajaci","8":"first","9":"instock","10":"shipping-taxable","11":"product-type-simple"},"acf":[],"_links":{"self":[{"href":"https:\/\/kdt-machinery.com\/bs\/wp-json\/wp\/v2\/product\/3981","targetHints":{"allow":["GET"]}}],"collection":[{"href":"https:\/\/kdt-machinery.com\/bs\/wp-json\/wp\/v2\/product"}],"about":[{"href":"https:\/\/kdt-machinery.com\/bs\/wp-json\/wp\/v2\/types\/product"}],"replies":[{"embeddable":true,"href":"https:\/\/kdt-machinery.com\/bs\/wp-json\/wp\/v2\/comments?post=3981"}],"wp:featuredmedia":[{"embeddable":true,"href":"https:\/\/kdt-machinery.com\/bs\/wp-json\/wp\/v2\/media\/4067"}],"wp:attachment":[{"href":"https:\/\/kdt-machinery.com\/bs\/wp-json\/wp\/v2\/media?parent=3981"}],"wp:term":[{"taxonomy":"product_brand","embeddable":true,"href":"https:\/\/kdt-machinery.com\/bs\/wp-json\/wp\/v2\/product_brand?post=3981"},{"taxonomy":"product_cat","embeddable":true,"href":"https:\/\/kdt-machinery.com\/bs\/wp-json\/wp\/v2\/product_cat?post=3981"},{"taxonomy":"product_tag","embeddable":true,"href":"https:\/\/kdt-machinery.com\/bs\/wp-json\/wp\/v2\/product_tag?post=3981"}],"curies":[{"name":"wp","href":"https:\/\/api.w.org\/{rel}","templated":true}]}}