{"id":3985,"date":"2024-05-20T10:31:58","date_gmt":"2024-05-20T10:31:58","guid":{"rendered":"https:\/\/kdt-machinery.com\/?post_type=product&#038;p=3985"},"modified":"2025-11-19T10:34:05","modified_gmt":"2025-11-19T10:34:05","slug":"kanterica-kdt-ke-665-jska","status":"publish","type":"product","link":"https:\/\/kdt-machinery.com\/bs\/proizvod\/kanterica-kdt-ke-665-jska\/","title":{"rendered":"Kanterica KDT KE-665 JSKA"},"content":{"rendered":"\n\t<section class=\"section no-padding\" id=\"section_222261560\">\n\t\t<div class=\"section-bg fill\" >\n\t\t\t\t\t\t\t\t\t\n\t\t\t\n\n\t\t<\/div>\n\n\t\t\n\n\t\t<div class=\"section-content relative\">\n\t\t\t\r\n\r\n<div class=\"row\"  id=\"row-1150696400\">\r\n\r\n\n\t<div id=\"col-552994685\" class=\"col pb-0 small-12 large-12\"  >\n\t\t\t\t<div class=\"col-inner\"  >\n\t\t\t\n\t\t\t\r\n\r\n<h2>Kanterica KDT KE-665 JSKA<\/h2> <p>Rubna kanterica KDT KE-665 JSKA je unaprije\u0111eni model najprodavanije kanterice na evropskom tr\u017ei\u0161tu. Predstavlja optimalan odnos izme\u0111u izuzetne pouzdanosti, kompaktnih dimenzija, produktivnosti i pristupa\u010dne cijene. Osim toga, odr\u017eavanje je vrlo jednostavno i ekonomi\u010dno.<\/p> <p>Zbog svoje manje du\u017eine (5,8 m) pogodna je i za manje i za ve\u0107e firme. Ma\u0161ina je izuzetno produktivna i pouzdana zahvaljuju\u0107i sna\u017enoj osnovi konstrukcije i industrijskim agregatima. To zna\u010di da se mo\u017ee koristiti 24 sata dnevno, 7 dana u sedmici, uz zadr\u017eavanje visokih standarda kvaliteta.<\/p>\r\n\r\n\t<div id=\"gap-1680746247\" class=\"gap-element clearfix\" style=\"display:block; height:auto;\">\n\t\t\n<style>\n#gap-1680746247 {\n  padding-top: 15px;\n}\n@media (min-width:550px) {\n  #gap-1680746247 {\n    padding-top: 30px;\n  }\n}\n<\/style>\n\t<\/div>\n\t\r\n\r\n\t\t<\/div>\n\t\t\t\t\t<\/div>\n\n\t\r\n\r\n<\/div>\r\n\r\n\t\t<\/div>\n\n\t\t\n<style>\n#section_222261560 {\n  padding-top: 0px;\n  padding-bottom: 0px;\n}\n<\/style>\n\t<\/section>\n\t\r\n\n\t<section class=\"section no-padding\" id=\"section_700473024\">\n\t\t<div class=\"section-bg fill\" >\n\t\t\t\t\t\t\t\t\t\n\t\t\t\n\n\t\t<\/div>\n\n\t\t\n\n\t\t<div class=\"section-content relative\">\n\t\t\t\r\n\r\n<div class=\"row\"  id=\"row-569157337\">\r\n\r\n\n\t<div id=\"col-918863876\" class=\"col pb-0 small-12 large-12\"  >\n\t\t\t\t<div class=\"col-inner\"  >\n\t\t\t\n\t\t\t\r\n\r\n\r\n\r\n<p class=\"divider-lesmak\"><\/p>  \t<div id=\"gap-70012959\" class=\"gap-element clearfix\" style=\"display:block; height:auto;\">\n\t\t\n<style>\n#gap-70012959 {\n  padding-top: 23px;\n}\n@media (min-width:550px) {\n  #gap-70012959 {\n    padding-top: 38px;\n  }\n}\n<\/style>\n\t<\/div>\n\t <h3>Radni agregati<\/h3> <p>DIA predglodalice, nano\u0161enje ljepila, zona pritiska s 5 valjaka, giljotina, nagibne glodalice, rondomat s 2 motora, okrugli i ravni struga\u010di, \u010detke i nano\u0161enje te\u010dnosti.<\/p>\r\n\r\n\t<div id=\"gap-1504606096\" class=\"gap-element clearfix\" style=\"display:block; height:auto;\">\n\t\t\n<style>\n#gap-1504606096 {\n  padding-top: 15px;\n}\n@media (min-width:550px) {\n  #gap-1504606096 {\n    padding-top: 30px;\n  }\n}\n<\/style>\n\t<\/div>\n\t\r\n\r\n\t\t<\/div>\n\t\t\t\t\t<\/div>\n\n\t\r\n\r\n<\/div>\r\n\r\n\t\t<\/div>\n\n\t\t\n<style>\n#section_700473024 {\n  padding-top: 0px;\n  padding-bottom: 0px;\n}\n<\/style>\n\t<\/section>\n\t\r\n\n\t<section class=\"section no-padding\" id=\"section_1067153178\">\n\t\t<div class=\"section-bg fill\" >\n\t\t\t\t\t\t\t\t\t\n\t\t\t\n\n\t\t<\/div>\n\n\t\t\n\n\t\t<div class=\"section-content relative\">\n\t\t\t\r\n\r\n<div class=\"row\"  id=\"row-888412914\">\r\n\r\n\n\t<div id=\"col-663966771\" class=\"col pb-0 small-12 large-12\"  >\n\t\t\t\t<div class=\"col-inner\"  >\n\t\t\t\n\t\t\t\r\n\r\n\r\n\r\n<p class=\"divider-lesmak\"><\/p>  \t<div id=\"gap-940293976\" class=\"gap-element clearfix\" style=\"display:block; height:auto;\">\n\t\t\n<style>\n#gap-940293976 {\n  padding-top: 23px;\n}\n@media (min-width:550px) {\n  #gap-940293976 {\n    padding-top: 38px;\n  }\n}\n<\/style>\n\t<\/div>\n\t <h3>Osnovne karakteristike ma\u0161ine<\/h3> <ul> <li>Brzina kretanja 16\u201323 m\/min<\/li> <li>Pneumatski pokreti za zonu pritiska, nagibni reza\u010d i okrugle postglodalice<\/li> <li>Industrijski ra\u010dunar<\/li> <li>Intuitivan softver za jednostavan i brz rad \u2013 12 radnih programa<\/li> <li>Visina obrade 10\u201360 mm<\/li> <li>Dimenzije 5850 \u00d7 940 \u00d7 1960 mm, te\u017eina 2500 kg<\/li> <\/ul>\r\n\r\n\t<div id=\"gap-533360696\" class=\"gap-element clearfix\" style=\"display:block; height:auto;\">\n\t\t\n<style>\n#gap-533360696 {\n  padding-top: 15px;\n}\n@media (min-width:550px) {\n  #gap-533360696 {\n    padding-top: 30px;\n  }\n}\n<\/style>\n\t<\/div>\n\t\r\n\r\n\t\t<\/div>\n\t\t\t\t\t<\/div>\n\n\t\r\n\r\n<\/div>\r\n\r\n\t\t<\/div>\n\n\t\t\n<style>\n#section_1067153178 {\n  padding-top: 0px;\n  padding-bottom: 0px;\n}\n<\/style>\n\t<\/section>\n\t\r\n\n\t<section class=\"section no-padding\" id=\"section_731146270\">\n\t\t<div class=\"section-bg fill\" >\n\t\t\t\t\t\t\t\t\t\n\t\t\t\n\n\t\t<\/div>\n\n\t\t\n\n\t\t<div class=\"section-content relative\">\n\t\t\t\r\n\r\n<div class=\"row\"  id=\"row-1852115316\">\r\n\r\n\n\t<div id=\"col-359012476\" class=\"col pb-0 small-12 large-12\"  >\n\t\t\t\t<div class=\"col-inner\"  >\n\t\t\t\n\t\t\t\r\n\r\n\r\n\r\n<p class=\"divider-lesmak\"><\/p>  \t<div id=\"gap-624208512\" class=\"gap-element clearfix\" style=\"display:block; height:auto;\">\n\t\t\n<style>\n#gap-624208512 {\n  padding-top: 23px;\n}\n@media (min-width:550px) {\n  #gap-624208512 {\n    padding-top: 38px;\n  }\n}\n<\/style>\n\t<\/div>\n\t <h3>Prednosti industrijske konstrukcije<\/h3> <p>Vrlo robusna monolitna i \u010dvrsta konstrukcija ma\u0161ine, izra\u0111ena uz pomo\u0107 naprednih 3D alata za prora\u010dun i projektovanje, osigurava visoku stabilnost i omogu\u0107ava neprekidan rad 24 sata dnevno, 7 dana u sedmici, uz odr\u017eavanje visokog kvaliteta. KDT koristi najnovije tehnologije u izradi monolitnih okvira, uklju\u010duju\u0107i odabir visokokvalitetnih materijala, robotsko zavarivanje, vje\u0161ta\u010dko starenje radi rastere\u0107enja konstrukcije i glodanje na savremenim CNC ma\u0161inama.<\/p> <p>KDT garantuje pouzdan rad kroz sate i sate, dane i dane kori\u0161tenja, bez potrebe za stalnim pode\u0161avanjem ma\u0161ine.<\/p>\r\n\r\n\t<div id=\"gap-869614314\" class=\"gap-element clearfix\" style=\"display:block; height:auto;\">\n\t\t\n<style>\n#gap-869614314 {\n  padding-top: 15px;\n}\n@media (min-width:550px) {\n  #gap-869614314 {\n    padding-top: 30px;\n  }\n}\n<\/style>\n\t<\/div>\n\t\r\n\r\n\t\t<\/div>\n\t\t\t\t\t<\/div>\n\n\t\r\n\r\n<\/div>\r\n\r\n\t\t<\/div>\n\n\t\t\n<style>\n#section_731146270 {\n  padding-top: 0px;\n  padding-bottom: 0px;\n}\n<\/style>\n\t<\/section>\n\t\r\n\n\t<section class=\"section no-padding\" id=\"section_165084220\">\n\t\t<div class=\"section-bg fill\" >\n\t\t\t\t\t\t\t\t\t\n\t\t\t\n\n\t\t<\/div>\n\n\t\t\n\n\t\t<div class=\"section-content relative\">\n\t\t\t\r\n\r\n<div class=\"row\"  id=\"row-695249187\">\r\n\r\n\n\t<div id=\"col-1502915841\" class=\"col pb-0 small-12 large-12\"  >\n\t\t\t\t<div class=\"col-inner\"  >\n\t\t\t\n\t\t\t\r\n\r\n\r\n\r\n<p class=\"divider-lesmak\"><\/p>  \t<div id=\"gap-577685873\" class=\"gap-element clearfix\" style=\"display:block; height:auto;\">\n\t\t\n<style>\n#gap-577685873 {\n  padding-top: 23px;\n}\n@media (min-width:550px) {\n  #gap-577685873 {\n    padding-top: 38px;\n  }\n}\n<\/style>\n\t<\/div>\n\t <h3>Najbolja posuda za ljepilo<\/h3> <p>Moderni kotli\u0107 za izmjenu ljepila omogu\u0107ava jednostavnu upotrebu EVA i PUR ljepila. Omogu\u0107ava automatsku promjenu ljepila pomo\u0107u dodatne komore za su\u0161enje, odr\u017eavanje i predgrijavanje ljepila.<\/p> <p>Dodatni kotli\u0107 (opcija) mo\u017ee se prethodno zagrijati bez rada ma\u0161ine, \u0161to zna\u010di da se ne gubi dragocjeno vrijeme prilikom promjene vrste ljepila. Na taj na\u010din se mogu koristiti dvije razli\u010dite vrste ljepila unutar 2\u20133 minute, \u0161to je izuzetno efikasno.<\/p> <p>Prethodno zagrijavanje ljepila omogu\u0107ava stalno dodavanje minimalne koli\u010dine svje\u017eeg ljepila u glavni kotao, \u010dime se posti\u017ee bolja kvaliteta spojeva tokom cijelog procesa rada.<\/p>\r\n\r\n\t<div id=\"gap-196826632\" class=\"gap-element clearfix\" style=\"display:block; height:auto;\">\n\t\t\n<style>\n#gap-196826632 {\n  padding-top: 15px;\n}\n@media (min-width:550px) {\n  #gap-196826632 {\n    padding-top: 30px;\n  }\n}\n<\/style>\n\t<\/div>\n\t\r\n\r\n\t\t<\/div>\n\t\t\t\t\t<\/div>\n\n\t\r\n\r\n<\/div>\r\n\r\n\t\t<\/div>\n\n\t\t\n<style>\n#section_165084220 {\n  padding-top: 0px;\n  padding-bottom: 0px;\n}\n<\/style>\n\t<\/section>\n\t\r\n\n\t<section class=\"section no-padding\" id=\"section_535601958\">\n\t\t<div class=\"section-bg fill\" >\n\t\t\t\t\t\t\t\t\t\n\t\t\t\n\n\t\t<\/div>\n\n\t\t\n\n\t\t<div class=\"section-content relative\">\n\t\t\t\r\n\r\n<div class=\"row\"  id=\"row-2090066789\">\r\n\r\n\n\t<div id=\"col-202947203\" class=\"col pb-0 small-12 large-12\"  >\n\t\t\t\t<div class=\"col-inner\"  >\n\t\t\t\n\t\t\t\r\n\r\n\r\n\r\n<p class=\"divider-lesmak\"><\/p>  \t<div id=\"gap-1340165035\" class=\"gap-element clearfix\" style=\"display:block; height:auto;\">\n\t\t\n<style>\n#gap-1340165035 {\n  padding-top: 23px;\n}\n@media (min-width:550px) {\n  #gap-1340165035 {\n    padding-top: 38px;\n  }\n}\n<\/style>\n\t<\/div>\n\t <h3>Pneumatsko pomjeranje agregata<\/h3> <p>Pneumatskim i ru\u010dnim pode\u0161avanjem mogu\u0107e je posti\u0107i savr\u0161en izgled ivica kod razli\u010ditih debljina traka. Numeri\u010dki pokazatelji omogu\u0107avaju jednostavno i precizno pode\u0161avanje ma\u0161ine.<\/p>\r\n\r\n\t<div id=\"gap-1536545753\" class=\"gap-element clearfix\" style=\"display:block; height:auto;\">\n\t\t\n<style>\n#gap-1536545753 {\n  padding-top: 15px;\n}\n@media (min-width:550px) {\n  #gap-1536545753 {\n    padding-top: 30px;\n  }\n}\n<\/style>\n\t<\/div>\n\t\r\n\r\n\t\t<\/div>\n\t\t\t\t\t<\/div>\n\n\t\r\n\r\n<\/div>\r\n\r\n\t\t<\/div>\n\n\t\t\n<style>\n#section_535601958 {\n  padding-top: 0px;\n  padding-bottom: 0px;\n}\n<\/style>\n\t<\/section>\n\t\r\n\n\t<section class=\"section no-padding\" id=\"section_82238840\">\n\t\t<div class=\"section-bg fill\" >\n\t\t\t\t\t\t\t\t\t\n\t\t\t\n\n\t\t<\/div>\n\n\t\t\n\n\t\t<div class=\"section-content relative\">\n\t\t\t\r\n\r\n<div class=\"row\"  id=\"row-48477624\">\r\n\r\n\n\t<div id=\"col-1105809833\" class=\"col pb-0 small-12 large-12\"  >\n\t\t\t\t<div class=\"col-inner\"  >\n\t\t\t\n\t\t\t\r\n\r\n\r\n\r\n<p class=\"divider-lesmak\"><\/p>  \t<div id=\"gap-1898530836\" class=\"gap-element clearfix\" style=\"display:block; height:auto;\">\n\t\t\n<style>\n#gap-1898530836 {\n  padding-top: 23px;\n}\n@media (min-width:550px) {\n  #gap-1898530836 {\n    padding-top: 38px;\n  }\n}\n<\/style>\n\t<\/div>\n\t <h3>Pogonski remen umjesto to\u010dki\u0107a (opcija)<\/h3> <p>Ve\u0107ina industrijskih kanterica nudi dodatni gornji pogonski remen za pomjeranje obradaka kroz ma\u0161inu. Kada remen obuhvati obradak, smanjuje se kontakt i mogu\u0107nost lijepljenja pra\u0161ine na povr\u0161inu, \u0161to je naro\u010dito korisno kod osjetljivih materijala.<\/p>\r\n\r\n\t<div id=\"gap-731066041\" class=\"gap-element clearfix\" style=\"display:block; height:auto;\">\n\t\t\n<style>\n#gap-731066041 {\n  padding-top: 15px;\n}\n@media (min-width:550px) {\n  #gap-731066041 {\n    padding-top: 30px;\n  }\n}\n<\/style>\n\t<\/div>\n\t\r\n\r\n\t\t<\/div>\n\t\t\t\t\t<\/div>\n\n\t\r\n\r\n<\/div>\r\n\r\n\t\t<\/div>\n\n\t\t\n<style>\n#section_82238840 {\n  padding-top: 0px;\n  padding-bottom: 0px;\n}\n<\/style>\n\t<\/section>\n\t\r\n\n\t<section class=\"section no-padding\" id=\"section_2073030216\">\n\t\t<div class=\"section-bg fill\" >\n\t\t\t\t\t\t\t\t\t\n\t\t\t\n\n\t\t<\/div>\n\n\t\t\n\n\t\t<div class=\"section-content relative\">\n\t\t\t\r\n\r\n<div class=\"row\"  id=\"row-230051161\">\r\n\r\n\n\t<div id=\"col-1737541784\" class=\"col pb-0 small-12 large-12\"  >\n\t\t\t\t<div class=\"col-inner\"  >\n\t\t\t\n\t\t\t\r\n\r\n\r\n\r\n<p class=\"divider-lesmak\"><\/p>  \t<div id=\"gap-1951600338\" class=\"gap-element clearfix\" style=\"display:block; height:auto;\">\n\t\t\n<style>\n#gap-1951600338 {\n  padding-top: 23px;\n}\n@media (min-width:550px) {\n  #gap-1951600338 {\n    padding-top: 38px;\n  }\n}\n<\/style>\n\t<\/div>\n\t <h3>Efikasno usisavanje<\/h3> <p>Ma\u0161ina standardno dolazi s ugra\u0111enim priklju\u010dcima za odsisavanje ve\u0107eg pre\u010dnika, \u0161to omogu\u0107ava efikasnije uklanjanje pra\u0161ine tokom rada.<\/p>\r\n\r\n\t<div id=\"gap-327712920\" class=\"gap-element clearfix\" style=\"display:block; height:auto;\">\n\t\t\n<style>\n#gap-327712920 {\n  padding-top: 15px;\n}\n@media (min-width:550px) {\n  #gap-327712920 {\n    padding-top: 30px;\n  }\n}\n<\/style>\n\t<\/div>\n\t\r\n\r\n\t\t<\/div>\n\t\t\t\t\t<\/div>\n\n\t\r\n\r\n<\/div>\r\n\r\n\t\t<\/div>\n\n\t\t\n<style>\n#section_2073030216 {\n  padding-top: 0px;\n  padding-bottom: 0px;\n}\n<\/style>\n\t<\/section>\n\t\r\n\n\t<section class=\"section no-padding\" id=\"section_598340956\">\n\t\t<div class=\"section-bg fill\" >\n\t\t\t\t\t\t\t\t\t\n\t\t\t\n\n\t\t<\/div>\n\n\t\t\n\n\t\t<div class=\"section-content relative\">\n\t\t\t\r\n\r\n<div class=\"row\"  id=\"row-822961828\">\r\n\r\n\n\t<div id=\"col-1051139729\" class=\"col pb-0 small-12 large-12\"  >\n\t\t\t\t<div class=\"col-inner\"  >\n\t\t\t\n\t\t\t\r\n\r\n\r\n\r\n<p class=\"divider-lesmak\"><\/p>  \t<div id=\"gap-1800689320\" class=\"gap-element clearfix\" style=\"display:block; height:auto;\">\n\t\t\n<style>\n#gap-1800689320 {\n  padding-top: 23px;\n}\n@media (min-width:550px) {\n  #gap-1800689320 {\n    padding-top: 38px;\n  }\n}\n<\/style>\n\t<\/div>\n\t <h3>Dvije razli\u010dite jedinice za nano\u0161enje te\u010dnosti<\/h3> <p>Za savr\u0161ene zavr\u0161ne rezultate, KDT kanterice opremljene su sistemom za nano\u0161enje sredstva za odvajanje i \u010di\u0161\u0107enje.<\/p> <p>Sredstvo za odvajanje sprje\u010dava lijepljenje vi\u0161ka ljepila na gornju i donju povr\u0161inu obratka, dok sredstvo za \u010di\u0161\u0107enje pobolj\u0161ava efikasnost \u010detki i struga\u010da.<\/p>\r\n\r\n\t<div id=\"gap-1197492931\" class=\"gap-element clearfix\" style=\"display:block; height:auto;\">\n\t\t\n<style>\n#gap-1197492931 {\n  padding-top: 15px;\n}\n@media (min-width:550px) {\n  #gap-1197492931 {\n    padding-top: 30px;\n  }\n}\n<\/style>\n\t<\/div>\n\t\r\n\r\n\t\t<\/div>\n\t\t\t\t\t<\/div>\n\n\t\r\n\r\n<\/div>\r\n\r\n\t\t<\/div>\n\n\t\t\n<style>\n#section_598340956 {\n  padding-top: 0px;\n  padding-bottom: 0px;\n}\n<\/style>\n\t<\/section>\n\t\r\n\n\t<section class=\"section no-padding\" id=\"section_1917283377\">\n\t\t<div class=\"section-bg fill\" >\n\t\t\t\t\t\t\t\t\t\n\t\t\t\n\n\t\t<\/div>\n\n\t\t\n\n\t\t<div class=\"section-content relative\">\n\t\t\t\r\n\r\n<div class=\"row\"  id=\"row-94577167\">\r\n\r\n\n\t<div id=\"col-57648031\" class=\"col pb-0 small-12 large-12\"  >\n\t\t\t\t<div class=\"col-inner\"  >\n\t\t\t\n\t\t\t\r\n\r\n\r\n\r\n<p class=\"divider-lesmak\"><\/p>  \t<div id=\"gap-352831149\" class=\"gap-element clearfix\" style=\"display:block; height:auto;\">\n\t\t\n<style>\n#gap-352831149 {\n  padding-top: 23px;\n}\n@media (min-width:550px) {\n  #gap-352831149 {\n    padding-top: 38px;\n  }\n}\n<\/style>\n\t<\/div>\n\t <h3>Dvostruki rondomat za savr\u0161eno obra\u0111ene uglove<\/h3> <p>Rondomat je opremljen s dva visokofrekventna motora i pneumatskim pode\u0161avanjem u dva polo\u017eaja. Omogu\u0107ava obradu \u010detiri razli\u010dita profila \u2013 ravnih i zaobljenih (softforming).<\/p> <p>Ovaj sistem omogu\u0107ava preciznu i estetski savr\u0161enu obradu uglova bez potrebe za ru\u010dnim korekcijama.<\/p>\r\n\r\n\t<div id=\"gap-224652071\" class=\"gap-element clearfix\" style=\"display:block; height:auto;\">\n\t\t\n<style>\n#gap-224652071 {\n  padding-top: 15px;\n}\n@media (min-width:550px) {\n  #gap-224652071 {\n    padding-top: 30px;\n  }\n}\n<\/style>\n\t<\/div>\n\t\r\n\r\n\t\t<\/div>\n\t\t\t\t\t<\/div>\n\n\t\r\n\r\n<\/div>\r\n\r\n\t\t<\/div>\n\n\t\t\n<style>\n#section_1917283377 {\n  padding-top: 0px;\n  padding-bottom: 0px;\n}\n<\/style>\n\t<\/section>\n\t\r\n\n\t<section class=\"section no-padding\" id=\"section_173335085\">\n\t\t<div class=\"section-bg fill\" >\n\t\t\t\t\t\t\t\t\t\n\t\t\t\n\n\t\t<\/div>\n\n\t\t\n\n\t\t<div class=\"section-content relative\">\n\t\t\t\r\n\r\n<div class=\"row\"  id=\"row-40180396\">\r\n\r\n\n\t<div id=\"col-1454961551\" class=\"col pb-0 small-12 large-12\"  >\n\t\t\t\t<div class=\"col-inner\"  >\n\t\t\t\n\t\t\t\r\n\r\n\r\n\r\n<p class=\"divider-lesmak\"><\/p>  \t<div id=\"gap-113980012\" class=\"gap-element clearfix\" style=\"display:block; height:auto;\">\n\t\t\n<style>\n#gap-113980012 {\n  padding-top: 23px;\n}\n@media (min-width:550px) {\n  #gap-113980012 {\n    padding-top: 38px;\n  }\n}\n<\/style>\n\t<\/div>\n\t <h3>Okrugli i ravni struga\u010di za vrhunsku zavr\u0161nu obradu<\/h3> <p class=\"mb-0\">Industrijski struga\u010di daju bolje rezultate od ve\u0107ine ma\u0161ina na tr\u017ei\u0161tu. Stabilnost tokom rada, veliki pre\u010dnici kopirnih to\u010dki\u0107a, efikasno odsisavanje i pneumatske stezaljke omogu\u0107avaju precizno skidanje strugotine s obratka.<\/p>\r\n\r\n\t\t<\/div>\n\t\t\t\t\t<\/div>\n\n\t\r\n\r\n<\/div>\r\n\r\n\t\t<\/div>\n\n\t\t\n<style>\n#section_173335085 {\n  padding-top: 0px;\n  padding-bottom: 0px;\n}\n<\/style>\n\t<\/section>\n\t\r\n<iframe width=\"560\" height=\"315\" \r\nsrc=\"https:\/\/www.youtube.com\/embed\/O__kMn2mrdY\" \r\ntitle=\"YouTube video player\" frameborder=\"0\" \r\nallow=\"accelerometer; autoplay; clipboard-write; encrypted-media; gyroscope; picture-in-picture; web-share\" \r\nallowfullscreen><\/iframe>\n","protected":false},"excerpt":{"rendered":"<p><strong>KDT KE-665 JSKA kanterica je unaprije\u0111eni model najprodavanije kanterice na evropskom tr\u017ei\u0161tu<\/strong>. Brzina rada iznosi 16\u201323 m\/min, opremljena je industrijskim agregatima, kompletnom opremom i pneumatskim pode\u0161avanjima. Predstavlja optimalan odnos izme\u0111u izuzetne pouzdanosti, kompaktnih dimenzija, visoke produktivnosti i pristupa\u010dne cijene. Osim toga, odr\u017eavanje je vrlo jednostavno i ekonomi\u010dno.<\/p>\n","protected":false},"featured_media":4114,"comment_status":"closed","ping_status":"closed","template":"","meta":{"_acf_changed":false},"product_brand":[],"product_cat":[107],"product_tag":[],"class_list":{"0":"post-3985","1":"product","2":"type-product","3":"status-publish","4":"has-post-thumbnail","6":"product_cat-kanterice","8":"first","9":"instock","10":"shipping-taxable","11":"product-type-simple"},"acf":[],"_links":{"self":[{"href":"https:\/\/kdt-machinery.com\/bs\/wp-json\/wp\/v2\/product\/3985","targetHints":{"allow":["GET"]}}],"collection":[{"href":"https:\/\/kdt-machinery.com\/bs\/wp-json\/wp\/v2\/product"}],"about":[{"href":"https:\/\/kdt-machinery.com\/bs\/wp-json\/wp\/v2\/types\/product"}],"replies":[{"embeddable":true,"href":"https:\/\/kdt-machinery.com\/bs\/wp-json\/wp\/v2\/comments?post=3985"}],"wp:featuredmedia":[{"embeddable":true,"href":"https:\/\/kdt-machinery.com\/bs\/wp-json\/wp\/v2\/media\/4114"}],"wp:attachment":[{"href":"https:\/\/kdt-machinery.com\/bs\/wp-json\/wp\/v2\/media?parent=3985"}],"wp:term":[{"taxonomy":"product_brand","embeddable":true,"href":"https:\/\/kdt-machinery.com\/bs\/wp-json\/wp\/v2\/product_brand?post=3985"},{"taxonomy":"product_cat","embeddable":true,"href":"https:\/\/kdt-machinery.com\/bs\/wp-json\/wp\/v2\/product_cat?post=3985"},{"taxonomy":"product_tag","embeddable":true,"href":"https:\/\/kdt-machinery.com\/bs\/wp-json\/wp\/v2\/product_tag?post=3985"}],"curies":[{"name":"wp","href":"https:\/\/api.w.org\/{rel}","templated":true}]}}