{"id":3987,"date":"2024-05-20T10:01:17","date_gmt":"2024-05-20T10:01:17","guid":{"rendered":"https:\/\/kdt-machinery.com\/?post_type=product&#038;p=3987"},"modified":"2025-11-19T11:11:53","modified_gmt":"2025-11-19T11:11:53","slug":"cnc-obradni-centar-s-3-ose-kp-3013","status":"publish","type":"product","link":"https:\/\/kdt-machinery.com\/bs\/proizvod\/cnc-obradni-centar-s-3-ose-kp-3013\/","title":{"rendered":"CNC obradni centar s 3 ose KP-3013"},"content":{"rendered":"\n\t<section class=\"section no-padding\" id=\"section_1517194099\">\n\t\t<div class=\"section-bg fill\" >\n\t\t\t\t\t\t\t\t\t\n\t\t\t\n\n\t\t<\/div>\n\n\t\t\n\n\t\t<div class=\"section-content relative\">\n\t\t\t\r\n\r\n<div class=\"row\"  id=\"row-2104239886\">\r\n\r\n\n\t<div id=\"col-1387943330\" class=\"col pb-0 small-12 large-12\"  >\n\t\t\t\t<div class=\"col-inner\"  >\n\t\t\t\n\t\t\t\r\n\r\n<h2>Glavne karakteristike ma\u0161ine KP-3013<\/h2> <p style=\"font-weight: 500;\">Inovativna upravlja\u010dka jedinica: CNC KP se mo\u017ee pohvaliti naprednom upravlja\u010dkom jedinicom koja uklju\u010duje ra\u010dunar i moderni TPA CAD softver. Ova oprema, rezultat dugogodi\u0161njeg razvoja i iskustva, nudi jednostavno 3D grafi\u010dko okru\u017eenje koje olak\u0161ava upotrebu, a istovremeno je dovoljno sna\u017eno da zadovolji zahtjeve i najiskusnijih stolara.<\/p> <p style=\"font-weight: 500;\">Prostrano radno polje: Ma\u0161ina nudi veliko radno polje dimenzija 3250 \u00d7 1250 mm i dubine 200 mm po Z osi, \u0161to omogu\u0107ava jednostavnu obradu ve\u0107ih komada materijala.<\/p> <p style=\"font-weight: 500;\">Vrhunska glodalna jedinica: Srce ma\u0161ine \u010dini sna\u017ena HSD glodalna jedinica koju pokre\u0107e motor od 13,2 kW i HSK F63 spojka. Brzi revolverski magazin sa 16 pozicija omogu\u0107ava brzu i efikasnu izmjenu alata, \u010dime se zna\u010dajno ubrzava proces obrade.<\/p>\r\n\r\n\t<div id=\"gap-406600221\" class=\"gap-element clearfix\" style=\"display:block; height:auto;\">\n\t\t\n<style>\n#gap-406600221 {\n  padding-top: 15px;\n}\n@media (min-width:550px) {\n  #gap-406600221 {\n    padding-top: 30px;\n  }\n}\n<\/style>\n\t<\/div>\n\t\r\n\r\n\t\t<\/div>\n\t\t\t\t\t<\/div>\n\n\t\r\n\r\n<\/div>\r\n\r\n\t\t<\/div>\n\n\t\t\n<style>\n#section_1517194099 {\n  padding-top: 0px;\n  padding-bottom: 0px;\n}\n<\/style>\n\t<\/section>\n\t\r\n\n\t<section class=\"section no-padding\" id=\"section_29731108\">\n\t\t<div class=\"section-bg fill\" >\n\t\t\t\t\t\t\t\t\t\n\t\t\t\n\n\t\t<\/div>\n\n\t\t\n\n\t\t<div class=\"section-content relative\">\n\t\t\t\r\n\r\n<div class=\"row\"  id=\"row-1191263897\">\r\n\r\n\n\t<div id=\"col-1194048197\" class=\"col pb-0 small-12 large-12\"  >\n\t\t\t\t<div class=\"col-inner\"  >\n\t\t\t\n\t\t\t\r\n\r\n\r\n\r\n<p class=\"divider-lesmak\"><\/p>  \t<div id=\"gap-1163084931\" class=\"gap-element clearfix\" style=\"display:block; height:auto;\">\n\t\t\n<style>\n#gap-1163084931 {\n  padding-top: 23px;\n}\n@media (min-width:550px) {\n  #gap-1163084931 {\n    padding-top: 38px;\n  }\n}\n<\/style>\n\t<\/div>\n\t <h3>Tehni\u010dke karakteristike i oprema ma\u0161ine<\/h3> <ul> <li style=\"font-weight: 500;\">Dimenzije obrade (ose X, Y, Z): 3250 \u00d7 1250 \u00d7 200 mm<\/li> <li style=\"font-weight: 500;\">Glodalni agregat: HSD tip ES951 sa prihvatom HSK-F63 i maksimalnom snagom od 13,2 kW<\/li> <li style=\"font-weight: 500;\">Nosa\u010di: \u0161est pomi\u010dnih nosa\u010da bez cijevi i 18 SCHMALZ vakuumskih hvataljki<\/li> <li style=\"font-weight: 500;\">Bu\u0161a\u0107a jedinica: PROTEAN s 15 svrdla i integrisanom pilom pre\u010dnika 120 mm za utore \u0161irine 4 mm<\/li> <li style=\"font-weight: 500;\">Kontroler: napredni TPA kontroler s inovativnim TPA CAD softverom<\/li> <li style=\"font-weight: 500;\">Vodilice: po X osi \u2013 Hiwin zup\u010dasta letva i zup\u010danik; po Y i Z osama \u2013 TBI kugli\u010dni navoj<\/li> <li style=\"font-weight: 500;\">Dodatna oprema: Isporu\u010den daljinski upravlja\u010d za jednostavnije rukovanje<\/li> <li style=\"font-weight: 500;\">Brzina pomjeranja: X\/Y\/Z 80\/70\/20 m\/min<\/li> <li style=\"font-weight: 500;\">Motori: DELTA precizni servo motori za pomjeranje osa<\/li> <li style=\"font-weight: 500;\">Vakuum pumpa: sna\u017ena pumpa s protokom od 160 m\u00b3\/h<\/li> <li style=\"font-weight: 500;\">Ukupna instalirana snaga: 26,45 kW<\/li> <li style=\"font-weight: 500;\">Dimenzije ma\u0161ine: 4876 \u00d7 3077 \u00d7 2530 mm<\/li> <li style=\"font-weight: 500;\">Te\u017eina: 4000 kg<\/li> <\/ul> <p><strong>Sigurnost:<\/strong> U skladu s CE sigurnosnim standardima (za\u0161titna ograda + foto\u0107elije)<\/p> <p>S CNC ma\u0161inom KDT KP-3013 mo\u017eete podi\u0107i svoju proizvodnju na vi\u0161i nivo, uz zagarantovan kvalitet i pouzdanost koje donosi vrhunska tehnologija. Pozivamo vas da otkrijete sve njene prednosti i unaprijedite svoje stolarske projekte.<\/p>\r\n\r\n\t<div id=\"gap-73814884\" class=\"gap-element clearfix\" style=\"display:block; height:auto;\">\n\t\t\n<style>\n#gap-73814884 {\n  padding-top: 15px;\n}\n@media (min-width:550px) {\n  #gap-73814884 {\n    padding-top: 30px;\n  }\n}\n<\/style>\n\t<\/div>\n\t\r\n\r\n\t\t<\/div>\n\t\t\t\t\t<\/div>\n\n\t\r\n\r\n<\/div>\r\n\r\n\t\t<\/div>\n\n\t\t\n<style>\n#section_29731108 {\n  padding-top: 0px;\n  padding-bottom: 0px;\n}\n<\/style>\n\t<\/section>\n\t\r\n<iframe width=\"560\" height=\"315\" \r\nsrc=\"https:\/\/www.youtube.com\/embed\/w_aXNPoarHQ\" \r\ntitle=\"YouTube video player\" frameborder=\"0\" \r\nallow=\"accelerometer; autoplay; clipboard-write; encrypted-media; gyroscope; picture-in-picture; web-share\" \r\nallowfullscreen><\/iframe>\n","protected":false},"excerpt":{"rendered":"<p><strong>Otkrijte vrhunski troosni CNC obradni centar serije KDT KP<\/strong>, dizajniran za savremenog stolara. Sa impresivnim tehni\u010dkim karakteristikama, visokokvalitetnim komponentama i izuzetno konkurentnom cijenom, ova ma\u0161ina je spremna da zadovolji potrebe i najzahtjevnijih majstora drvne industrije.<\/p>\n","protected":false},"featured_media":4128,"comment_status":"closed","ping_status":"closed","template":"","meta":{"_acf_changed":false},"product_brand":[],"product_cat":[112],"product_tag":[],"class_list":{"0":"post-3987","1":"product","2":"type-product","3":"status-publish","4":"has-post-thumbnail","6":"product_cat-univerzalne-cnc-masine","8":"first","9":"instock","10":"shipping-taxable","11":"product-type-simple"},"acf":[],"_links":{"self":[{"href":"https:\/\/kdt-machinery.com\/bs\/wp-json\/wp\/v2\/product\/3987","targetHints":{"allow":["GET"]}}],"collection":[{"href":"https:\/\/kdt-machinery.com\/bs\/wp-json\/wp\/v2\/product"}],"about":[{"href":"https:\/\/kdt-machinery.com\/bs\/wp-json\/wp\/v2\/types\/product"}],"replies":[{"embeddable":true,"href":"https:\/\/kdt-machinery.com\/bs\/wp-json\/wp\/v2\/comments?post=3987"}],"wp:featuredmedia":[{"embeddable":true,"href":"https:\/\/kdt-machinery.com\/bs\/wp-json\/wp\/v2\/media\/4128"}],"wp:attachment":[{"href":"https:\/\/kdt-machinery.com\/bs\/wp-json\/wp\/v2\/media?parent=3987"}],"wp:term":[{"taxonomy":"product_brand","embeddable":true,"href":"https:\/\/kdt-machinery.com\/bs\/wp-json\/wp\/v2\/product_brand?post=3987"},{"taxonomy":"product_cat","embeddable":true,"href":"https:\/\/kdt-machinery.com\/bs\/wp-json\/wp\/v2\/product_cat?post=3987"},{"taxonomy":"product_tag","embeddable":true,"href":"https:\/\/kdt-machinery.com\/bs\/wp-json\/wp\/v2\/product_tag?post=3987"}],"curies":[{"name":"wp","href":"https:\/\/api.w.org\/{rel}","templated":true}]}}