{"id":3989,"date":"2024-05-20T08:38:52","date_gmt":"2024-05-20T08:38:52","guid":{"rendered":"https:\/\/kdt-machinery.com\/?post_type=product&#038;p=3989"},"modified":"2025-10-28T17:54:19","modified_gmt":"2025-10-28T17:54:19","slug":"protocna-cnc-masina-kdt-kd-610-h","status":"publish","type":"product","link":"https:\/\/kdt-machinery.com\/bs\/proizvod\/protocna-cnc-masina-kdt-kd-610-h\/","title":{"rendered":"Proto\u010dna CNC ma\u0161ina KDT KD-610 H"},"content":{"rendered":"<div class=\"row align-middle\"  id=\"row-1768929822\">\r\n\r\n\n\t<div id=\"col-841731914\" class=\"col pb-0 medium-6 small-12 large-6\"  >\n\t\t\t\t<div class=\"col-inner\"  >\n\t\t\t\n\t\t\t\r\n\r\n\t<div id=\"gap-496471651\" class=\"gap-element clearfix show-for-small\" style=\"display:block; height:auto;\">\n\t\t\n<style>\n#gap-496471651 {\n  padding-top: 15px;\n}\n@media (min-width:550px) {\n  #gap-496471651 {\n    padding-top: 30px;\n  }\n}\n<\/style>\n\t<\/div>\n\t\r\n\r\n<h2>Glavne karakteristike proto\u010dne CNC ma\u0161ine KDT KD-610 H<\/h2> <p>Upravljanje ma\u0161inom jednostavno je putem industrijskog <strong>ra\u010dunara s Windows okru\u017eenjem<\/strong> i korisni\u010dki prilago\u0111enog softvera <strong>KDT DrillTop<\/strong>. Za rad s bar kodovima uklju\u010den je \u010dita\u010d bar kodova. Ma\u0161ina KDT KD-610 H ima omogu\u0107enu ONLINE podr\u0161ku putem TeamViewera. Programi se mogu izra\u0111ivati direktno na ma\u0161ini ili u kancelariji. Mogu\u0107e je povezivanje s programima kao \u0161to su MegaTISCHLER, Corpus 3D, LestrojBox, Alphacam i Solidworks. Softver je jednostavan za kori\u0161tenje, grafi\u010dki podr\u017ean i parametarski prilagodljiv.<\/p>\r\n\r\n\t\t<\/div>\n\t\t\t\t\t<\/div>\n\n\t\r\n\n\t<div id=\"col-1838497139\" class=\"col pb-0 medium-6 small-12 large-6 small-col-first\"  >\n\t\t\t\t<div class=\"col-inner\"  >\n\t\t\t\n\t\t\t\r\n\r\n<div class=\"video video-fit mb mb-0\" style=\"padding-top:56.25%;\"><p>https:\/\/www.youtube.com\/watch?v=sUAmPQ4sMiE<\/p>\n<\/div>\r\n\r\n\t\t<\/div>\n\t\t\t\t\t<\/div>\n\n\t\r\n\r\n<\/div>\r\n\n\t<section class=\"section no-padding\" id=\"section_1344622807\">\n\t\t<div class=\"section-bg fill\" >\n\t\t\t\t\t\t\t\t\t\n\t\t\t\n\n\t\t<\/div>\n\n\t\t\n\n\t\t<div class=\"section-content relative\">\n\t\t\t\r\n\r\n<div class=\"row\"  id=\"row-157633223\">\r\n\r\n\n\t<div id=\"col-65371998\" class=\"col pb-0 small-12 large-12\"  >\n\t\t\t\t<div class=\"col-inner\"  >\n\t\t\t\n\t\t\t\r\n\r\n\t<div id=\"gap-455549411\" class=\"gap-element clearfix\" style=\"display:block; height:auto;\">\n\t\t\n<style>\n#gap-455549411 {\n  padding-top: 15px;\n}\n@media (min-width:550px) {\n  #gap-455549411 {\n    padding-top: 30px;\n  }\n}\n<\/style>\n\t<\/div>\n\t\r\n\r\n\t\t<\/div>\n\t\t\t\t\t<\/div>\n\n\t\r\n\r\n<\/div>\r\n\r\n\t\t<\/div>\n\n\t\t\n<style>\n#section_1344622807 {\n  padding-top: 0px;\n  padding-bottom: 0px;\n}\n<\/style>\n\t<\/section>\n\t\r\n\n\t<section class=\"section no-padding\" id=\"section_595357643\">\n\t\t<div class=\"section-bg fill\" >\n\t\t\t\t\t\t\t\t\t\n\t\t\t\n\n\t\t<\/div>\n\n\t\t\n\n\t\t<div class=\"section-content relative\">\n\t\t\t\r\n\r\n<div class=\"row\"  id=\"row-921576692\">\r\n\r\n\n\t<div id=\"col-1344303861\" class=\"col pb-0 small-12 large-12\"  >\n\t\t\t\t<div class=\"col-inner\"  >\n\t\t\t\n\t\t\t\r\n\r\n\r\n\r\n<p class=\"divider-lesmak\"><\/p>  \t<div id=\"gap-2045816407\" class=\"gap-element clearfix\" style=\"display:block; height:auto;\">\n\t\t\n<style>\n#gap-2045816407 {\n  padding-top: 23px;\n}\n@media (min-width:550px) {\n  #gap-2045816407 {\n    padding-top: 38px;\n  }\n}\n<\/style>\n\t<\/div>\n\t <h3>Karakteristike ma\u0161ine KDT KD-610 H<\/h3> <p><strong>KD-610 H<\/strong> je opremljena glodalnom jedinicom snage 5,5 kW za utore i izreze, s automatskom izmjenom alata i <strong>integrisanom testerom za utore pre\u010dnika 120 mm<\/strong>, namijenjenom za izradu \u017eljebova na zadnjim panelima.<\/p> <p><strong>CNC ma\u0161ina je opremljena parom nezavisnih stezaljki koje se automatski pode\u0161avaju<\/strong> prema polo\u017eaju rupa. Du\u017eina vodilica stezaljki iznosi 5500 mm, \u0161to omogu\u0107ava obradu du\u017eih komada bez ponovnog hvatanja. <strong>Radni sto s ulaznim zra\u010dnim jastukom<\/strong> omogu\u0107ava lak\u0161e pomjeranje obradaka, posebno onih s osjetljivom povr\u0161inom.<\/p> <p>Duplo stezanje omogu\u0107ava br\u017ei rad i ve\u0107u preciznost. Pokretna traka slu\u017ei za <strong>automatsko uklanjanje otpadnog materijala iz ma\u0161ine.<\/strong><\/p> <p><strong>Proto\u010dna CNC ma\u0161ina KDT KD-610 H<\/strong> jednostavna je za kori\u0161tenje jer ne zahtijeva mehani\u010dka pode\u0161avanja, a zahvaljuju\u0107i bar kod sistemu ne zahtijeva ni iskusnog operatera.<\/p>\r\n\r\n\t<div id=\"gap-1476609719\" class=\"gap-element clearfix\" style=\"display:block; height:auto;\">\n\t\t\n<style>\n#gap-1476609719 {\n  padding-top: 15px;\n}\n@media (min-width:550px) {\n  #gap-1476609719 {\n    padding-top: 30px;\n  }\n}\n<\/style>\n\t<\/div>\n\t\r\n\r\n\t\t<\/div>\n\t\t\t\t\t<\/div>\n\n\t\r\n\r\n<\/div>\r\n\r\n\t\t<\/div>\n\n\t\t\n<style>\n#section_595357643 {\n  padding-top: 0px;\n  padding-bottom: 0px;\n}\n<\/style>\n\t<\/section>\n\t\r\n\n\t<section class=\"section no-padding\" id=\"section_518314147\">\n\t\t<div class=\"section-bg fill\" >\n\t\t\t\t\t\t\t\t\t\n\t\t\t\n\n\t\t<\/div>\n\n\t\t\n\n\t\t<div class=\"section-content relative\">\n\t\t\t\r\n\r\n<div class=\"row\"  id=\"row-1529972198\">\r\n\r\n\n\t<div id=\"col-293199554\" class=\"col pb-0 small-12 large-12\"  >\n\t\t\t\t<div class=\"col-inner\"  >\n\t\t\t\n\t\t\t\r\n\r\n\r\n\r\n<p class=\"divider-lesmak\"><\/p>  \t<div id=\"gap-729551550\" class=\"gap-element clearfix\" style=\"display:block; height:auto;\">\n\t\t\n<style>\n#gap-729551550 {\n  padding-top: 23px;\n}\n@media (min-width:550px) {\n  #gap-729551550 {\n    padding-top: 38px;\n  }\n}\n<\/style>\n\t<\/div>\n\t <h3>Tehni\u010dke karakteristike i oprema ma\u0161ine KDT KD-610 H<\/h3> <ul class=\"mb-0\"> <li><strong>2 nezavisne bu\u0161a\u0107e jedinice + glodalni agregat 5,5 kW,<\/strong><\/li> <li><strong>Gornje bu\u0161a\u0107e jedinice<\/strong> s 12 vertikalnih i 8 horizontalnih svrdla,<\/li> <li>Donja bu\u0161a\u0107a jedinica s 9 vertikalnih svrdla,<\/li> <li>Obrada sa svih <strong>\u0161est strana obratka,<\/strong><\/li> <li><strong>Integrisana testera<\/strong> pre\u010dnika 120 mm i debljine 4 mm,<\/li> <li>Industrijski <strong>ra\u010dunar s Windows okru\u017eenjem i KDT softverom,<\/strong> kontroler,<\/li> <li><strong>Dvostruke<\/strong> nezavisne <strong>stezaljke,<\/strong><\/li> <li><strong>\u010cita\u010d bar kodova,<\/strong><\/li> <li>Ulazni zra\u010dni sto + izlazni zra\u010dni radni sto,<\/li> <li>Sigurnosne za\u0161titne ograde i CE certifikat,<\/li> <li>Du\u017eina obratka: 70\u20132850 mm,<\/li> <li>\u0160irina obratka: 50\u20131000 mm (min. \u0161irina 35 mm ako je obradak kra\u0107i od 1000 mm),<\/li> <li>Debljina obratka: 9\u201360 mm,<\/li> <li>Brzina kretanja stezaljki: 140 m\/min,<\/li> <li>Ukupne dimenzije: 7300 \u00d7 2660 \u00d7 2190 mm,<\/li> <li>Ukupna priklju\u010dna snaga: 21,9 kW,<\/li> <li>Te\u017eina: 2900 kg.<\/li> <\/ul>\r\n\r\n\t\t<\/div>\n\t\t\t\t\t<\/div>\n\n\t\r\n\r\n<\/div>\r\n\r\n\t\t<\/div>\n\n\t\t\n<style>\n#section_518314147 {\n  padding-top: 0px;\n  padding-bottom: 0px;\n}\n<\/style>\n\t<\/section>\n\t\n","protected":false},"excerpt":{"rendered":"<p><strong>KDT KD-610 H<\/strong> je osnovni model KDT CNC ma\u0161ine za proto\u010dnu obradu.<\/p>\n<p>Sna\u017ena i izuzetno pristupa\u010dna.<\/p>\n<p><strong>Konfiguracija:<\/strong> 2 bu\u0161a\u0107e jedinice, 2 glodalne jedinice, testera za utore, radna \u0161irina 1000 mm!<\/p>\n<p><strong>6 bo\u010dnih obrada \u2013<\/strong> Jedna bu\u0161a\u0107a glava montirana je na vrhu, a jedna na dnu (20 + 9 svrdla). Omogu\u0107ena je obrada dva obratka istovremeno.<\/p>\n<p><strong>Izvanredna brzina obrade:<\/strong> 140\/90\/50 m\/min.<\/p>\n<p><strong>Testera za utore:<\/strong> 120 mm.<\/p>\n<p><strong>Glodalna jedinica snage 5,5 kW s MK2 prihvatom.<\/strong><\/p>\n<p>Minimalna dimenzija obratka iznosi samo <strong>70 x 35 mm.<\/strong><\/p>\n<p><strong>Mo\u0107an softver<\/strong> s brojnim inovativnim rje\u0161enjima za br\u017ei i efikasniji rad.<\/p>\n<p><strong>\u010cita\u010d bar kodova.<\/strong><\/p>\n<p>U paketu je uklju\u010den softver za izradu namje\u0161taja <strong>LestrojBOX<\/strong>.<\/p>\n","protected":false},"featured_media":4162,"comment_status":"closed","ping_status":"closed","template":"","meta":{"_acf_changed":false},"product_brand":[],"product_cat":[109],"product_tag":[],"class_list":{"0":"post-3989","1":"product","2":"type-product","3":"status-publish","4":"has-post-thumbnail","6":"product_cat-protocne-cnc-masine","8":"first","9":"instock","10":"shipping-taxable","11":"product-type-simple"},"acf":[],"_links":{"self":[{"href":"https:\/\/kdt-machinery.com\/bs\/wp-json\/wp\/v2\/product\/3989","targetHints":{"allow":["GET"]}}],"collection":[{"href":"https:\/\/kdt-machinery.com\/bs\/wp-json\/wp\/v2\/product"}],"about":[{"href":"https:\/\/kdt-machinery.com\/bs\/wp-json\/wp\/v2\/types\/product"}],"replies":[{"embeddable":true,"href":"https:\/\/kdt-machinery.com\/bs\/wp-json\/wp\/v2\/comments?post=3989"}],"wp:featuredmedia":[{"embeddable":true,"href":"https:\/\/kdt-machinery.com\/bs\/wp-json\/wp\/v2\/media\/4162"}],"wp:attachment":[{"href":"https:\/\/kdt-machinery.com\/bs\/wp-json\/wp\/v2\/media?parent=3989"}],"wp:term":[{"taxonomy":"product_brand","embeddable":true,"href":"https:\/\/kdt-machinery.com\/bs\/wp-json\/wp\/v2\/product_brand?post=3989"},{"taxonomy":"product_cat","embeddable":true,"href":"https:\/\/kdt-machinery.com\/bs\/wp-json\/wp\/v2\/product_cat?post=3989"},{"taxonomy":"product_tag","embeddable":true,"href":"https:\/\/kdt-machinery.com\/bs\/wp-json\/wp\/v2\/product_tag?post=3989"}],"curies":[{"name":"wp","href":"https:\/\/api.w.org\/{rel}","templated":true}]}}