{"id":4140,"date":"2024-05-20T08:39:36","date_gmt":"2024-05-20T08:39:36","guid":{"rendered":"https:\/\/kdt-machinery.com\/?post_type=product&#038;p=4140"},"modified":"2025-10-28T17:52:19","modified_gmt":"2025-10-28T17:52:19","slug":"protocna-cnc-masina-kdt-kn-612-khsa","status":"publish","type":"product","link":"https:\/\/kdt-machinery.com\/bs\/proizvod\/protocna-cnc-masina-kdt-kn-612-khsa\/","title":{"rendered":"Proto\u010dna CNC ma\u0161ina KDT KN-612 KHSA"},"content":{"rendered":"<div class=\"row align-middle\"  id=\"row-1064762502\">\r\n\r\n\n\t<div id=\"col-1584326932\" class=\"col pb-0 medium-6 small-12 large-6\"  >\n\t\t\t\t<div class=\"col-inner\"  >\n\t\t\t\n\t\t\t\r\n\r\n\t<div id=\"gap-2146737950\" class=\"gap-element clearfix show-for-small\" style=\"display:block; height:auto;\">\n\t\t\n<style>\n#gap-2146737950 {\n  padding-top: 15px;\n}\n@media (min-width:550px) {\n  #gap-2146737950 {\n    padding-top: 30px;\n  }\n}\n<\/style>\n\t<\/div>\n\t\r\n\r\n<h2>Proto\u010dna CNC ma\u0161ina KDT KN-612 KHSA<\/h2> <p style=\"font-weight: 500;\">CNC KDT KN-612 KHSA je izuzetno produktivna proto\u010dna automatska ma\u0161ina za bu\u0161enje i glodanje s tri nezavisne bu\u0161a\u0107e glave koje omogu\u0107avaju efikasniji rad i ve\u0107u produktivnost, te <b><strong>dva glodalna agregata (5 kW i 3,4 kW)<\/strong><\/b>. Ma\u0161ina je opremljena s dvije nezavisne gornje bu\u0161a\u0107e glave <b><strong>sa po 18 + 18 svrdla i jednom donjom bu\u0161a\u0107om jedinicom sa 9 svrdla.<\/strong><\/b><\/p>\r\n\r\n\t\t<\/div>\n\t\t\t\t\t<\/div>\n\n\t\r\n\n\t<div id=\"col-915351886\" class=\"col pb-0 medium-6 small-12 large-6 small-col-first\"  >\n\t\t\t\t<div class=\"col-inner\"  >\n\t\t\t\n\t\t\t\r\n\r\n<div class=\"video video-fit mb mb-0\" style=\"padding-top:56.25%;\"><p>https:\/\/www.youtube.com\/watch?v=00b43xDuJOk<\/p>\n<\/div>\r\n\r\n\t\t<\/div>\n\t\t\t\t\t<\/div>\n\n\t\r\n\r\n<\/div>\r\n\n\t<section class=\"section no-padding\" id=\"section_1940310428\">\n\t\t<div class=\"section-bg fill\" >\n\t\t\t\t\t\t\t\t\t\n\t\t\t\n\n\t\t<\/div>\n\n\t\t\n\n\t\t<div class=\"section-content relative\">\n\t\t\t\r\n\r\n<div class=\"row\"  id=\"row-2094889081\">\r\n\r\n\n\t<div id=\"col-1187936199\" class=\"col pb-0 small-12 large-12\"  >\n\t\t\t\t<div class=\"col-inner\"  >\n\t\t\t\n\t\t\t\r\n\r\n\t<div id=\"gap-961997009\" class=\"gap-element clearfix\" style=\"display:block; height:auto;\">\n\t\t\n<style>\n#gap-961997009 {\n  padding-top: 15px;\n}\n@media (min-width:550px) {\n  #gap-961997009 {\n    padding-top: 30px;\n  }\n}\n<\/style>\n\t<\/div>\n\t\r\n\r\n\t\t<\/div>\n\t\t\t\t\t<\/div>\n\n\t\r\n\r\n<\/div>\r\n\r\n\t\t<\/div>\n\n\t\t\n<style>\n#section_1940310428 {\n  padding-top: 0px;\n  padding-bottom: 0px;\n}\n<\/style>\n\t<\/section>\n\t\r\n\n\t<section class=\"section no-padding\" id=\"section_112045032\">\n\t\t<div class=\"section-bg fill\" >\n\t\t\t\t\t\t\t\t\t\n\t\t\t\n\n\t\t<\/div>\n\n\t\t\n\n\t\t<div class=\"section-content relative\">\n\t\t\t\r\n\r\n<div class=\"row\"  id=\"row-1662811492\">\r\n\r\n\n\t<div id=\"col-485461160\" class=\"col pb-0 small-12 large-12\"  >\n\t\t\t\t<div class=\"col-inner\"  >\n\t\t\t\n\t\t\t\r\n\r\n\r\n\r\n<p class=\"divider-lesmak\"><\/p>  \t<div id=\"gap-652078364\" class=\"gap-element clearfix\" style=\"display:block; height:auto;\">\n\t\t\n<style>\n#gap-652078364 {\n  padding-top: 23px;\n}\n@media (min-width:550px) {\n  #gap-652078364 {\n    padding-top: 38px;\n  }\n}\n<\/style>\n\t<\/div>\n\t <h3>Karakteristike ma\u0161ine KDT KN-612 KHSA<\/h3> <p style=\"font-weight: 500;\"><b><strong>Transportni sistem s valjcima<\/strong><\/b> omogu\u0107ava automatsko pomjeranje obratka u ma\u0161inu i iz nje. QR skener (Datalogic opti\u010dki sistem) postavljen je na ulaznom dijelu i <b><strong>automatski skenira svaki komad, aktiviraju\u0107i odgovaraju\u0107i program<\/strong><\/b> za obradu. Na taj na\u010din se \u0161tedi vrijeme i energija te se zna\u010dajno pove\u0107ava produktivnost.<\/p> <p style=\"font-weight: 500;\">Ma\u0161ina ne zahtijeva nikakvu dodatnu intervenciju operatera tokom rada \u2013 sve funkcioni\u0161e automatski.<\/p> <p style=\"font-weight: 500;\">Kapacitet obrade iznosi <b><strong>do 210 komada na sat<\/strong><\/b> ili <b><strong>od 720 do 1680 komada po radnoj smjeni (8 sati).<\/strong><\/b><\/p> <p style=\"font-weight: 500;\">Gornja bu\u0161a\u0107a jedinica ima <b><strong>integrisanu pilu za utore na stra\u017enjoj strani.<\/strong><\/b><\/p> <p>Ma\u0161ina je opremljena parom nezavisnih stezaljki koje se automatski pozicioniraju kako bi se izbjeglo njihovo zahvatanje prilikom bu\u0161enja. Du\u017eina vodilica stezaljki iznosi 5500 mm, \u0161to omogu\u0107ava obradu du\u017eih komada bez ponovnog hvatanja. Dvostruki zra\u010dni radni stol omogu\u0107ava lak\u0161e pomjeranje obradaka, posebno kod onih s osjetljivom povr\u0161inom. <b><strong>Dvostruke stezaljke<\/strong><\/b> omogu\u0107avaju br\u017ei rad i preciznije dr\u017eanje, dok pokretna traka slu\u017ei za automatsko uklanjanje otpadnog materijala iz ma\u0161ine.<\/p> <p>Brzina pomjeranja stezaljki iznosi <b><strong>140 m\/min,<\/strong><\/b> \u0161to je izuzetno visok nivo performansi.<\/p> <p>Ma\u0161inom se upravlja putem korisni\u010dkog softvera KDT DrillTop na DELL mobilnoj kontrolnoj jedinici s Windows okru\u017eenjem. Mogu\u0107e je povezivanje sa softverima kao \u0161to su MegaTISCHLER, IMOS, Corpus 3D, LestrojBox, Alphacam i Solidworks.<\/p> <p>Program KDT DrillTop je jednostavan za kori\u0161tenje, <b><strong>grafi\u010dki podr\u017ean (CAD) i parametarski.<\/strong><\/b> Simulacija obrade i radna statistika uklju\u010dene su u standardni paket.<\/p> <p>Kori\u0161tenje ma\u0161ine je vrlo jednostavno jer ne zahtijeva mehani\u010dka pode\u0161avanja.<\/p> <p>Ma\u0161ina je sigurna za operatera i proizvedena u skladu s EU standardima, uz za\u0161titnu ogradu i sigurnosne foto\u0107elije.<\/p>\r\n\r\n\t<div id=\"gap-1007601111\" class=\"gap-element clearfix\" style=\"display:block; height:auto;\">\n\t\t\n<style>\n#gap-1007601111 {\n  padding-top: 15px;\n}\n@media (min-width:550px) {\n  #gap-1007601111 {\n    padding-top: 30px;\n  }\n}\n<\/style>\n\t<\/div>\n\t\r\n\r\n\t\t<\/div>\n\t\t\t\t\t<\/div>\n\n\t\r\n\r\n<\/div>\r\n\r\n\t\t<\/div>\n\n\t\t\n<style>\n#section_112045032 {\n  padding-top: 0px;\n  padding-bottom: 0px;\n}\n<\/style>\n\t<\/section>\n\t\r\n\n\t<section class=\"section no-padding\" id=\"section_1131081740\">\n\t\t<div class=\"section-bg fill\" >\n\t\t\t\t\t\t\t\t\t\n\t\t\t\n\n\t\t<\/div>\n\n\t\t\n\n\t\t<div class=\"section-content relative\">\n\t\t\t\r\n\r\n<div class=\"row\"  id=\"row-1153851556\">\r\n\r\n\n\t<div id=\"col-1219920931\" class=\"col pb-0 small-12 large-12\"  >\n\t\t\t\t<div class=\"col-inner\"  >\n\t\t\t\n\t\t\t\r\n\r\n\r\n\r\n<p class=\"divider-lesmak\"><\/p>  \t<div id=\"gap-1061115656\" class=\"gap-element clearfix\" style=\"display:block; height:auto;\">\n\t\t\n<style>\n#gap-1061115656 {\n  padding-top: 23px;\n}\n@media (min-width:550px) {\n  #gap-1061115656 {\n    padding-top: 38px;\n  }\n}\n<\/style>\n\t<\/div>\n\t <h3>Tehni\u010dke karakteristike i oprema ma\u0161ine KDT KN-612 KSA (KHSA)<\/h3> <ul class=\"mb-0\"> <li style=\"font-weight: 500;\">Tri nezavisne Protean bu\u0161a\u0107e jedinice s 18 + 18 svrdla (24 vertikalna + 12 horizontalnih) i 9 donjih svrdla \u2013 ukupno 45 svrdla \u2013 obrada svih 6 strana obratka,<\/li> <li style=\"font-weight: 500;\">integrisana testera za utore na zadnjoj strani, pre\u010dnik 120 mm,<\/li> <li style=\"font-weight: 500;\">2x glodalna jedinica \u2013 gornja i donja, 5 kW i 3,5 kW, s ER25 prihvatom,<\/li> <li style=\"font-weight: 500;\">DELL ra\u010dunar (Windows 10) na mobilnoj kontrolnoj jedinici,<\/li> <li style=\"font-weight: 500;\">obrada svih 6 strana obratka,<\/li> <li style=\"font-weight: 500;\">dvostruke stezaljke, brzina 140 m\/min,<\/li> <li style=\"font-weight: 500;\">transportna traka s valjcima naprijed i nazad, s mogu\u0107no\u0161\u0107u povrata obratka,<\/li> <li style=\"font-weight: 500;\">mogu\u0107nost nadogradnje linije robotskim sistemom za manipulaciju obradaka (utovar i istovar),<\/li> <li style=\"font-weight: 500;\">sna\u017ean KDT softver putem DELTA kontrolera i DELL ra\u010dunara s Windows 10 okru\u017eenjem,<\/li> <li style=\"font-weight: 500;\">du\u017eina obratka: 250\u20132850 mm,<\/li> <li style=\"font-weight: 500;\">\u0161irina obratka: 50\u20131200 mm,<\/li> <li style=\"font-weight: 500;\">debljina obratka: 9\u201360 mm,<\/li> <li style=\"font-weight: 500;\">brzina pomjeranja stezaljki: 140 m\/min,<\/li> <li style=\"font-weight: 500;\">brzina Y ose: 75 m\/min,<\/li> <li style=\"font-weight: 500;\">ukupne dimenzije: 7100 \u00d7 2855 \u00d7 2190 mm,<\/li> <li style=\"font-weight: 500;\">ukupna instalirana snaga: 30,12 kW,<\/li> <li style=\"font-weight: 500;\">te\u017eina: 5000 kg.<\/li> <\/ul>\r\n\r\n\t\t<\/div>\n\t\t\t\t\t<\/div>\n\n\t\r\n\r\n<\/div>\r\n\r\n\t\t<\/div>\n\n\t\t\n<style>\n#section_1131081740 {\n  padding-top: 0px;\n  padding-bottom: 0px;\n}\n<\/style>\n\t<\/section>\n\t\n","protected":false},"excerpt":{"rendered":"<p>Vrhunska proto\u010dna bu\u0161ilica s automatskim <strong>skeniranjem obratka tokom transporta.<\/strong><\/p>\n<p>Kapacitet obrade iznosi <strong>do 210 obradaka na sat<\/strong>, odnosno <strong>od 720 do 1680 komada po radnoj smjeni (8 sati).<\/strong><\/p>\n","protected":false},"featured_media":4141,"comment_status":"closed","ping_status":"closed","template":"","meta":{"_acf_changed":false},"product_brand":[],"product_cat":[109],"product_tag":[],"class_list":{"0":"post-4140","1":"product","2":"type-product","3":"status-publish","4":"has-post-thumbnail","6":"product_cat-protocne-cnc-masine","8":"first","9":"instock","10":"shipping-taxable","11":"product-type-simple"},"acf":[],"_links":{"self":[{"href":"https:\/\/kdt-machinery.com\/bs\/wp-json\/wp\/v2\/product\/4140","targetHints":{"allow":["GET"]}}],"collection":[{"href":"https:\/\/kdt-machinery.com\/bs\/wp-json\/wp\/v2\/product"}],"about":[{"href":"https:\/\/kdt-machinery.com\/bs\/wp-json\/wp\/v2\/types\/product"}],"replies":[{"embeddable":true,"href":"https:\/\/kdt-machinery.com\/bs\/wp-json\/wp\/v2\/comments?post=4140"}],"wp:featuredmedia":[{"embeddable":true,"href":"https:\/\/kdt-machinery.com\/bs\/wp-json\/wp\/v2\/media\/4141"}],"wp:attachment":[{"href":"https:\/\/kdt-machinery.com\/bs\/wp-json\/wp\/v2\/media?parent=4140"}],"wp:term":[{"taxonomy":"product_brand","embeddable":true,"href":"https:\/\/kdt-machinery.com\/bs\/wp-json\/wp\/v2\/product_brand?post=4140"},{"taxonomy":"product_cat","embeddable":true,"href":"https:\/\/kdt-machinery.com\/bs\/wp-json\/wp\/v2\/product_cat?post=4140"},{"taxonomy":"product_tag","embeddable":true,"href":"https:\/\/kdt-machinery.com\/bs\/wp-json\/wp\/v2\/product_tag?post=4140"}],"curies":[{"name":"wp","href":"https:\/\/api.w.org\/{rel}","templated":true}]}}