{"id":5139,"date":"2026-02-06T10:54:46","date_gmt":"2026-02-06T10:54:46","guid":{"rendered":"https:\/\/kdt-machinery.com\/izdelek\/kanterica-kdt-ke-710gbsut\/"},"modified":"2026-02-17T11:37:11","modified_gmt":"2026-02-17T11:37:11","slug":"kanterica-kdt-ke-710gbsut","status":"publish","type":"product","link":"https:\/\/kdt-machinery.com\/bs\/proizvod\/kanterica-kdt-ke-710gbsut\/","title":{"rendered":"Kanterica KDT KE 710GBSUT"},"content":{"rendered":"<p>KDT 710 GBSUT je namijenjen korisnicima koji \u010desto koriste razli\u010dite vrste ljepila, jer posjeduje <strong>2 jedinice za ljepilo<\/strong>. To \u0161tedi vrijeme jer zamjena ljepila nije potrebna, a istovremeno omogu\u0107ava brz prelazak izme\u0111u EVA i PUR ljepila, \u0161to zna\u010dajno pove\u0107ava produktivnost.<\/p>\n<p><strong>Ma\u0161ina za kantiranje ivica KDT KE 710GBSUT<\/strong> je unaprije\u0111ena verzija dobro poznatog modela <strong>KDT 710<\/strong>, dizajnirana za zahtjevnije proizvodne uslove i ve\u0107u preciznost pri lijepljenju ivica. Zadr\u017eava robusnu i kompaktnu konstrukciju osnovnog modela, a istovremeno donosi brojna unapre\u0111enja koja rad \u010dine br\u017eim, jednostavnijim i fleksibilnijim.<\/p>\n<h3>Glavne prednosti KDT 710 GBSUT u pore\u0111enju sa standardnim KDT 710:<\/h3>\n<p><strong>Dva kotla za ljepilo:<\/strong> idealno rje\u0161enje za korisnike koji \u010desto koriste razli\u010dite vrste ljepila (EVA i PUR). Dva kotla omogu\u0107avaju brzo prebacivanje izme\u0111u ljepila bez gubitka vremena na zamjenu, \u0161to zna\u010dajno pove\u0107ava produktivnost.<\/p>\n<p><strong>Automatsko inteligentno pozicioniranje:<\/strong> pritisne jedinice se automatski prilago\u0111avaju debljini obratka, \u010dime se osigurava savr\u0161eno prijanjanje kant trake bez ru\u010dnog pode\u0161avanja.<\/p>\n<p><strong>Pritisna jedinica s V-remenom:<\/strong> omogu\u0107ava ve\u0107u stabilnost i bolji kontakt izme\u0111u kant trake i plo\u010de, \u010dime se pobolj\u0161ava kvalitet lijepljenja i smanjuje mogu\u0107nost gre\u0161aka.<\/p>\n<p><strong>Napredne pneumatske funkcije:<\/strong> automatsko obrezivanje krajeva kant trake i zaobljavanje uglova \u0161tede vrijeme i smanjuju potrebu za dodatnim ru\u010dnim radom.<\/p>\n<p><strong>Brzo pode\u0161avanje i visoka fleksibilnost:<\/strong> servo pomaci i mogu\u0107nost izbora izme\u0111u dva radijusa omogu\u0107avaju preciznost do 0,01 mm te jednostavno prilago\u0111avanje razli\u010ditim debljinama materijala.<\/p>\n<p><strong>Stabilna konstrukcija za neprekidan rad:<\/strong> monolitna i \u010dvrsta konstrukcija, izra\u0111ena robotskim varenjem i CNC obradom, osigurava pouzdan rad u re\u017eimu 24\/7.<\/p>\n<p><strong>Savr\u0161ene ivice:<\/strong> dvostruki rondomat s dva visokofrekventna motora omogu\u0107ava obradu \u010detiri razli\u010dita profila te osigurava estetski savr\u0161eno obra\u0111ene uglove bez ru\u010dnih korekcija.<\/p>\n<p><strong>Specifikacije ma\u0161ine za kantiranje ivica:<\/strong><\/p>\n<p><strong>Jedinice ma\u0161ine:<\/strong><\/p>\n<ul>\n<li>Predglodanje<\/li>\n<li>Pritisna grupa<\/li>\n<li>Struga\u010d<\/li>\n<li>Prva glodala jedinica za uklanjanje vi\u0161ka<\/li>\n<li>Druga glodala jedinica za uklanjanje vi\u0161ka<\/li>\n<li>Zaobljavanje uglova<\/li>\n<li>Profilni struga\u010d<\/li>\n<li>Struga\u010d ljepila<\/li>\n<li>Prva polirna jedinica<\/li>\n<li>Druga polirna jedinica<\/li>\n<\/ul>\n<p><strong>Minimalna dimenzija obratka:<\/strong> 120 \u00d7 90 mm<br \/>\n<strong>Debljina kant trake:<\/strong> 0,4\u20133 mm<br \/>\n<strong>Debljina obratka:<\/strong> 9\u201360 mm<br \/>\n<strong>\u0160irina obratka:<\/strong> \u2265 90 mm<br \/>\n<strong>Du\u017eina obratka:<\/strong> \u2265 120 mm<br \/>\n<strong>Ukupna snaga:<\/strong> 28 kW<br \/>\n<strong>Radni pritisak:<\/strong> 0,6 MPa<br \/>\n<strong>Dimenzije (D \u00d7 \u0160 \u00d7 V):<\/strong> 8800 \u00d7 940 \u00d7 1960 mm<br \/>\n<strong>Te\u017eina:<\/strong> 3000 kg<\/p>\n<p><strong>Investirajte pametno. Investirajte u KDT.<\/strong><\/p>\n<table border=\"1\" cellspacing=\"0\" cellpadding=\"8\">\n<thead>\n<tr>\n<th>Slika<\/th>\n<th>Opis<\/th>\n<\/tr>\n<\/thead>\n<tbody>\n<tr>\n<td><img loading=\"lazy\" decoding=\"async\" class=\"alignnone size-medium wp-image-5140\" src=\"https:\/\/kdt-machinery.com\/wp-content\/uploads\/2026\/02\/kdt-710gbsut-6-533x400.jpg\" alt=\"\" width=\"533\" height=\"400\" srcset=\"https:\/\/kdt-machinery.com\/wp-content\/uploads\/2026\/02\/kdt-710gbsut-6-533x400.jpg 533w, https:\/\/kdt-machinery.com\/wp-content\/uploads\/2026\/02\/kdt-710gbsut-6-1067x800.jpg 1067w, https:\/\/kdt-machinery.com\/wp-content\/uploads\/2026\/02\/kdt-710gbsut-6-768x576.jpg 768w, https:\/\/kdt-machinery.com\/wp-content\/uploads\/2026\/02\/kdt-710gbsut-6-1000x750.jpg 1000w, https:\/\/kdt-machinery.com\/wp-content\/uploads\/2026\/02\/kdt-710gbsut-6.jpg 1200w\" sizes=\"auto, (max-width: 533px) 100vw, 533px\" \/><\/td>\n<td>Ma\u0161ina ima <strong>2 kotla za ljepilo<\/strong>. Prvi je automatski gornji kotao za ljepilo s predtaljenjem, zapremine 5 litara. Ljepilo se dozira i ne pregrijava tokom mirovanja ma\u0161ine. Kontrolni prozor omogu\u0107ava nadzor prisutnosti ljepila. Vrijeme zagrijavanja i spremnost za rad iznosi 15 minuta.<\/td>\n<\/tr>\n<tr>\n<td><img loading=\"lazy\" decoding=\"async\" class=\"alignnone size-medium wp-image-5161\" src=\"https:\/\/kdt-machinery.com\/wp-content\/uploads\/2026\/02\/glue-bunker-6-533x400.jpg\" alt=\"\" width=\"533\" height=\"400\" srcset=\"https:\/\/kdt-machinery.com\/wp-content\/uploads\/2026\/02\/glue-bunker-6-533x400.jpg 533w, https:\/\/kdt-machinery.com\/wp-content\/uploads\/2026\/02\/glue-bunker-6-1067x800.jpg 1067w, https:\/\/kdt-machinery.com\/wp-content\/uploads\/2026\/02\/glue-bunker-6-768x576.jpg 768w, https:\/\/kdt-machinery.com\/wp-content\/uploads\/2026\/02\/glue-bunker-6-1536x1152.jpg 1536w, https:\/\/kdt-machinery.com\/wp-content\/uploads\/2026\/02\/glue-bunker-6-1000x750.jpg 1000w, https:\/\/kdt-machinery.com\/wp-content\/uploads\/2026\/02\/glue-bunker-6.jpg 1600w\" sizes=\"auto, (max-width: 533px) 100vw, 533px\" \/><\/td>\n<td>Ma\u0161ina je opremljena automatskim pneumatskim punjenjem granuliranog ljepila. Na dnu postolja nalazi se veliki rezervoar kapaciteta 12,5 kg, iz kojeg se granule pomo\u0107u zra\u010dnog toka transportuju u gornji rezervoar za predtaljenje.<\/td>\n<\/tr>\n<tr>\n<td><img loading=\"lazy\" decoding=\"async\" class=\"alignnone size-medium wp-image-5165\" src=\"https:\/\/kdt-machinery.com\/wp-content\/uploads\/2026\/02\/tehno-pereryv-3-663x400.jpg\" alt=\"\" width=\"663\" height=\"400\" srcset=\"https:\/\/kdt-machinery.com\/wp-content\/uploads\/2026\/02\/tehno-pereryv-3-663x400.jpg 663w, https:\/\/kdt-machinery.com\/wp-content\/uploads\/2026\/02\/tehno-pereryv-3-768x463.jpg 768w, https:\/\/kdt-machinery.com\/wp-content\/uploads\/2026\/02\/tehno-pereryv-3.jpg 1000w\" sizes=\"auto, (max-width: 663px) 100vw, 663px\" \/><\/td>\n<td>Mogu\u0107nost programiranja tehnolo\u0161kih prekida zagrijavanja kotla za ljepilo.<\/td>\n<\/tr>\n<tr>\n<td><img loading=\"lazy\" decoding=\"async\" class=\"alignnone size-medium wp-image-5169\" src=\"https:\/\/kdt-machinery.com\/wp-content\/uploads\/2026\/02\/ke-706-radius-scrapping-unit-2-613x400.jpg\" alt=\"\" width=\"613\" height=\"400\" srcset=\"https:\/\/kdt-machinery.com\/wp-content\/uploads\/2026\/02\/ke-706-radius-scrapping-unit-2-613x400.jpg 613w, https:\/\/kdt-machinery.com\/wp-content\/uploads\/2026\/02\/ke-706-radius-scrapping-unit-2-768x502.jpg 768w, https:\/\/kdt-machinery.com\/wp-content\/uploads\/2026\/02\/ke-706-radius-scrapping-unit-2-1000x653.jpg 1000w, https:\/\/kdt-machinery.com\/wp-content\/uploads\/2026\/02\/ke-706-radius-scrapping-unit-2.jpg 1225w\" sizes=\"auto, (max-width: 613px) 100vw, 613px\" \/><\/td>\n<td>Potpuna servo kontrola. Struga\u010da jedinica na servo pogonima opremljena je s dva no\u017ea od tvrde legure za radijus, koji nakon glodanja uklanjaju tanak sloj s obra\u0111enog dijela ivice i elimini\u0161u kinemati\u010dko talasanje, \u010dime se dobija glatka povr\u0161ina. Prebacivanje jedinice na drugu debljinu ivice (od R2 do R1) vr\u0161i se putem servo pogona direktno s upravlja\u010dke plo\u010de.<\/td>\n<\/tr>\n<tr>\n<td><img loading=\"lazy\" decoding=\"async\" class=\"alignnone size-medium wp-image-5173\" src=\"https:\/\/kdt-machinery.com\/wp-content\/uploads\/2026\/02\/ke-706-trimming-unit-4-619x400.jpg\" alt=\"\" width=\"619\" height=\"400\" srcset=\"https:\/\/kdt-machinery.com\/wp-content\/uploads\/2026\/02\/ke-706-trimming-unit-4-619x400.jpg 619w, https:\/\/kdt-machinery.com\/wp-content\/uploads\/2026\/02\/ke-706-trimming-unit-4-768x497.jpg 768w, https:\/\/kdt-machinery.com\/wp-content\/uploads\/2026\/02\/ke-706-trimming-unit-4-1000x647.jpg 1000w, https:\/\/kdt-machinery.com\/wp-content\/uploads\/2026\/02\/ke-706-trimming-unit-4.jpg 1200w\" sizes=\"auto, (max-width: 619px) 100vw, 619px\" \/><\/td>\n<td>Servo glodala jedinica sastoji se od dva visokofrekventna elektromotora s dijamantskim no\u017eevima za radijus, koji omogu\u0107avaju obradu kant materijala debljine od 0,4 do 3,0 mm. Obradak se vodi preko dva velika okrugla to\u010dka (po jedan na svakom motoru), montirana na plivaju\u0107oj nose\u0107oj konstrukciji, \u010dime se sprje\u010dava stvaranje otpada tokom glodanja. Prva jedinica koristi no\u017eeve radijusa 2 mm, a druga radijusa 1 mm. Svaka jedinica je pode\u0161ena za razli\u010dite debljine ivice, a prebacivanje izme\u0111u njih vr\u0161i se jednostavno putem upravlja\u010dke plo\u010de.<\/td>\n<\/tr>\n<tr>\n<td><img loading=\"lazy\" decoding=\"async\" class=\"alignnone size-medium wp-image-5193\" src=\"https:\/\/kdt-machinery.com\/wp-content\/uploads\/2026\/02\/ke-706-safety-door-look-7-576x400.jpg\" alt=\"\" width=\"576\" height=\"400\" srcset=\"https:\/\/kdt-machinery.com\/wp-content\/uploads\/2026\/02\/ke-706-safety-door-look-7-576x400.jpg 576w, https:\/\/kdt-machinery.com\/wp-content\/uploads\/2026\/02\/ke-706-safety-door-look-7-768x533.jpg 768w, https:\/\/kdt-machinery.com\/wp-content\/uploads\/2026\/02\/ke-706-safety-door-look-7.jpg 974w\" sizes=\"auto, (max-width: 576px) 100vw, 576px\" \/><\/td>\n<td>Vrata kabine ma\u0161ine opremljena su posebnim senzorima, \u0161to osigurava siguran rad.<\/td>\n<\/tr>\n<tr>\n<td><img loading=\"lazy\" decoding=\"async\" class=\"alignnone size-full wp-image-5201\" src=\"https:\/\/kdt-machinery.com\/wp-content\/uploads\/2026\/02\/smazka-2.jpg\" alt=\"\" width=\"485\" height=\"324\" \/><\/td>\n<td>Centralizirana jedinica za podmazivanje automatski podmazuje vodilice struga\u010da jedinice.<\/td>\n<\/tr>\n<tr>\n<td><img loading=\"lazy\" decoding=\"async\" class=\"alignnone size-medium wp-image-5205\" src=\"https:\/\/kdt-machinery.com\/wp-content\/uploads\/2026\/02\/electric-grease-pump-4-447x400.jpg\" alt=\"\" width=\"447\" height=\"400\" srcset=\"https:\/\/kdt-machinery.com\/wp-content\/uploads\/2026\/02\/electric-grease-pump-4-447x400.jpg 447w, https:\/\/kdt-machinery.com\/wp-content\/uploads\/2026\/02\/electric-grease-pump-4.jpg 642w\" sizes=\"auto, (max-width: 447px) 100vw, 447px\" \/><\/td>\n<td>Automatsko podmazivanje transportera vr\u0161i se putem elektri\u010dne pumpe.<\/td>\n<\/tr>\n<tr>\n<td><img loading=\"lazy\" decoding=\"async\" class=\"alignnone size-medium wp-image-5217\" src=\"https:\/\/kdt-machinery.com\/wp-content\/uploads\/2026\/02\/polir-bez-oscil-1-4-533x400.jpg\" alt=\"\" width=\"533\" height=\"400\" srcset=\"https:\/\/kdt-machinery.com\/wp-content\/uploads\/2026\/02\/polir-bez-oscil-1-4-533x400.jpg 533w, https:\/\/kdt-machinery.com\/wp-content\/uploads\/2026\/02\/polir-bez-oscil-1-4-1067x800.jpg 1067w, https:\/\/kdt-machinery.com\/wp-content\/uploads\/2026\/02\/polir-bez-oscil-1-4-768x576.jpg 768w, https:\/\/kdt-machinery.com\/wp-content\/uploads\/2026\/02\/polir-bez-oscil-1-4-1000x750.jpg 1000w, https:\/\/kdt-machinery.com\/wp-content\/uploads\/2026\/02\/polir-bez-oscil-1-4.jpg 1200w\" sizes=\"auto, (max-width: 533px) 100vw, 533px\" \/><\/td>\n<td><strong>Dvostruka polirna jedinica<\/strong> polira obra\u0111eni dio ivice. Za postizanje zavr\u0161nog sjaja instalirana je jedinica za nano\u0161enje polirne te\u010dnosti.<\/td>\n<\/tr>\n<tr>\n<td><img loading=\"lazy\" decoding=\"async\" class=\"alignnone size-medium wp-image-5253\" src=\"https:\/\/kdt-machinery.com\/wp-content\/uploads\/2026\/02\/ke-706-rounding-13-531x400.jpg\" alt=\"\" width=\"531\" height=\"400\" srcset=\"https:\/\/kdt-machinery.com\/wp-content\/uploads\/2026\/02\/ke-706-rounding-13-531x400.jpg 531w, https:\/\/kdt-machinery.com\/wp-content\/uploads\/2026\/02\/ke-706-rounding-13-1062x800.jpg 1062w, https:\/\/kdt-machinery.com\/wp-content\/uploads\/2026\/02\/ke-706-rounding-13-768x578.jpg 768w, https:\/\/kdt-machinery.com\/wp-content\/uploads\/2026\/02\/ke-706-rounding-13-1000x753.jpg 1000w, https:\/\/kdt-machinery.com\/wp-content\/uploads\/2026\/02\/ke-706-rounding-13.jpg 1187w\" sizes=\"auto, (max-width: 531px) 100vw, 531px\" \/><\/td>\n<td>Jedinica je opremljena s dva motora i radi brzinom 24 m\/min. Opremljena je dijamantskim no\u017eevima za radijus. Dostupna su \u010detiri re\u017eima rada jedinice.<\/td>\n<\/tr>\n<\/tbody>\n<\/table>\n","protected":false},"excerpt":{"rendered":"<p><strong>Kanterica KDT KE-710GBSUT<\/strong> \u2013 ma\u0161ina je namijenjena korisnicima koji \u010desto koriste razli\u010dite vrste ljepila, jer posjeduje <strong>2 jedinice za ljepilo<\/strong>, \u0161to \u0161tedi vrijeme jer zamjena ljepila nije potrebna. Inteligentno pozicioniranje, automatsko obrezivanje i zaobljavanje ivica te mogu\u0107nost kori\u0161tenja dva sistema ljepila (EVA\/PUR) osiguravaju br\u017ei, precizniji i fleksibilniji rad. Stabilna i robusna konstrukcija u kombinaciji sa servo pomacima omogu\u0107ava savr\u0161ene ivice u svakodnevnoj industrijskoj upotrebi. Idealna je za radionice i korisnike koji zahtijevaju visoku produktivnost i beskompromisnu kvalitetu.<\/p>\n","protected":false},"featured_media":6402,"comment_status":"closed","ping_status":"closed","template":"","meta":{"_acf_changed":false},"product_brand":[],"product_cat":[107],"product_tag":[],"class_list":{"0":"post-5139","1":"product","2":"type-product","3":"status-publish","4":"has-post-thumbnail","6":"product_cat-kanterice","8":"first","9":"instock","10":"shipping-taxable","11":"product-type-simple"},"acf":[],"_links":{"self":[{"href":"https:\/\/kdt-machinery.com\/bs\/wp-json\/wp\/v2\/product\/5139","targetHints":{"allow":["GET"]}}],"collection":[{"href":"https:\/\/kdt-machinery.com\/bs\/wp-json\/wp\/v2\/product"}],"about":[{"href":"https:\/\/kdt-machinery.com\/bs\/wp-json\/wp\/v2\/types\/product"}],"replies":[{"embeddable":true,"href":"https:\/\/kdt-machinery.com\/bs\/wp-json\/wp\/v2\/comments?post=5139"}],"wp:featuredmedia":[{"embeddable":true,"href":"https:\/\/kdt-machinery.com\/bs\/wp-json\/wp\/v2\/media\/6402"}],"wp:attachment":[{"href":"https:\/\/kdt-machinery.com\/bs\/wp-json\/wp\/v2\/media?parent=5139"}],"wp:term":[{"taxonomy":"product_brand","embeddable":true,"href":"https:\/\/kdt-machinery.com\/bs\/wp-json\/wp\/v2\/product_brand?post=5139"},{"taxonomy":"product_cat","embeddable":true,"href":"https:\/\/kdt-machinery.com\/bs\/wp-json\/wp\/v2\/product_cat?post=5139"},{"taxonomy":"product_tag","embeddable":true,"href":"https:\/\/kdt-machinery.com\/bs\/wp-json\/wp\/v2\/product_tag?post=5139"}],"curies":[{"name":"wp","href":"https:\/\/api.w.org\/{rel}","templated":true}]}}