{"id":5593,"date":"2026-02-20T07:04:43","date_gmt":"2026-02-20T07:04:43","guid":{"rendered":"https:\/\/kdt-machinery.com\/izdelek\/masina-za-kantiranje-kdt-526g\/"},"modified":"2026-02-20T12:20:44","modified_gmt":"2026-02-20T12:20:44","slug":"masina-za-kantiranje-kdt-526g","status":"publish","type":"product","link":"https:\/\/kdt-machinery.com\/bs\/proizvod\/masina-za-kantiranje-kdt-526g\/","title":{"rendered":"Ma\u0161ina za kantiranje KDT 526G"},"content":{"rendered":"<p><strong>Ma\u0161ina za kantiranje KDT 526G<\/strong><\/p>\n<p><strong>Namjena:<\/strong><br \/>\nVisokobrzinska automatska proto\u010dna ma\u0161ina za kantiranje KE-526G namijenjena je istovremenoj obradi ravnih ivica plo\u010da od namje\u0161taja sa sinteti\u010dkom kant trakom iz role.<\/p>\n<hr \/>\n<h3>Sastavni sklopovi ma\u0161ine<\/h3>\n<ul>\n<li>Predglodalna jedinica<\/li>\n<li>Stezna jedinica<\/li>\n<li>Lijepljenje i pritiskanje<\/li>\n<li>Prva glodalna jedinica za skidanje vi\u0161ka<\/li>\n<li>Druga glodalna jedinica za skidanje vi\u0161ka<\/li>\n<li>Kontur (radius) jedinica<\/li>\n<li>Prva struga\u010da sa radijus no\u017eevima<\/li>\n<li>Druga struga\u010da sa radijus no\u017eevima<\/li>\n<li>Struga\u010d sa ravnim no\u017eevima<\/li>\n<li>Prva polirna jedinica<\/li>\n<li>Druga polirna jedinica<\/li>\n<\/ul>\n<hr \/>\n<h3>Posebne karakteristike<\/h3>\n<ul>\n<li>Brzina posmaka: 22\u201330 m\/min<\/li>\n<li>Dvije gornje posude za ljepilo: EVA i PUR<\/li>\n<li>Magazin za kant trake: 6+6 pozicija sa servo pogonom<\/li>\n<li>Pneumatsko pode\u0161avanje debljine kant trake sa upravlja\u010dkog panela<\/li>\n<li>Pritisna traka umjesto valjaka za precizno vo\u0111enje obratka<\/li>\n<li>Horizontalna odsje\u010dna jedinica<\/li>\n<li>Kontur jedinica sa 4 motora<\/li>\n<li>Grupa sa 7 pritisnih valjaka i struga\u010da<\/li>\n<li>Upravljanje: touch screen (Windows)<\/li>\n<li>Dodatni pritisni valjci<\/li>\n<li>Beskontaktna kontrola radnih jedinica<\/li>\n<li>Programiranje tehnolo\u0161kih pauza zagrijavanja ljepila<\/li>\n<li>Visokoprecizni broja\u010di<\/li>\n<li>Automatsko pode\u0161avanje mosta putem enkodera<\/li>\n<li>Digitalni broja\u010d na vodilici za predglodanje<\/li>\n<li>Frekventni pretvara\u010d na svakoj jedinici<\/li>\n<li>Predgrijavaju\u0107a lampa za ivicu obratka<\/li>\n<li>Osvjetljenje za\u0161titne kabine<\/li>\n<li>Sigurnosni prekida\u010di na vratima kabine<\/li>\n<li>Potisna \u0161ipka protiv o\u0161te\u0107enja<\/li>\n<li>Pneumatska zavjesa protiv zaprljanja ljepilnog valjka<\/li>\n<li>Pode\u0161avanje vi\u0161ka sa kontrolne plo\u010de<\/li>\n<li>CE izvedba<\/li>\n<\/ul>\n<hr \/>\n<h3>Jedinice za nano\u0161enje te\u010dnosti<\/h3>\n<ul>\n<li><strong>Separaciona te\u010dnost<\/strong> \u2013 2 dizne prije predglodalne jedinice, sprje\u010dava lijepljenje iscurenog ljepila.<\/li>\n<li><strong>Polirna te\u010dnost<\/strong> \u2013 2 dizne prije polirne jedinice, uklanja ostatke ljepila i daje sjaj.<\/li>\n<\/ul>\n<hr \/>\n<h2>Konstrukcijske prednosti<\/h2>\n<p><strong>Postolje ma\u0161ine:<\/strong><br \/>\nKruta kutijasta konstrukcija sa oja\u010danjima osigurava stabilnost i preciznost.<\/p>\n<p><strong>Upravlja\u010dka plo\u010da:<\/strong><br \/>\nIndustrijski PC sa Windows sistemom i touch screen ekranom.<\/p>\n<p><strong>Tehnolo\u0161ke pauze:<\/strong><br \/>\nProgramabilni ciklusi zagrijavanja ljepila.<\/p>\n<p><strong>Magazin za kant trake:<\/strong><br \/>\nServo pogon, automatska izmjena traka, manja potro\u0161nja materijala.<\/p>\n<p><strong>Predglodalna jedinica:<\/strong><br \/>\nDva HF motora, dijamantski alati (40\/65 mm), uklanjaju stepenice i strugotinu.<\/p>\n<p><strong>Predgrijavanje:<\/strong><br \/>\nBolje prianjanje kant trake.<\/p>\n<p><strong>Pritisna jedinica:<\/strong><br \/>\n7 valjaka sa struga\u010dima, pneumatski pogon.<\/p>\n<p><strong>Posude za ljepilo:<\/strong><br \/>\nEVA sa predtopionikom 5 l; PUR u zatvorenoj komori.<br \/>\nVrijeme zagrijavanja EVA: 15 min.<\/p>\n<p><strong>Punjenje ljepila:<\/strong><br \/>\nAutomatski pneumatski transport granulata iz spremnika od 12,5 kg.<\/p>\n<p><strong>Odsje\u010dna jedinica:<\/strong><br \/>\nHorizontalni rez, automatsko pode\u0161avanje ugla.<\/p>\n<p><strong>Glodalne jedinice:<\/strong><br \/>\nDijamantski alati, prate\u0107i valjci, R2 + R1, prebacivanje debljine sa panela.<\/p>\n<p><strong>Kontur jedinica:<\/strong><br \/>\n4 motora, dijamantski no\u017eevi, stabilan rad pri 30 m\/min.<\/p>\n<p><strong>Struga\u010di:<\/strong><br \/>\nR2 i R1 uklanjaju valovitost; ravni struga\u010d \u010disti spoj ljepila.<\/p>\n<p><strong>Polirne jedinice:<\/strong><br \/>\nPneumatska oscilacija i nano\u0161enje polirne te\u010dnosti.<\/p>\n<p><strong>Broja\u010di:<\/strong><br \/>\nVisoka ponovljivost pode\u0161avanja.<\/p>\n<p><strong>Pritisna traka:<\/strong><br \/>\n\u010celi\u010dna nose\u0107a greda sa V-trakom.<\/p>\n<p><strong>Dodatni valjci:<\/strong><br \/>\nBolja stabilizacija obratka.<\/p>\n<p><strong>Enkoder:<\/strong><br \/>\nAutomatsko pode\u0161avanje mosta prema debljini obratka.<\/p>\n<p><strong>Automatsko podmazivanje:<\/strong><br \/>\nCentralno podmazivanje vodilica odsje\u010dne jedinice.<\/p>\n<p><strong>Elektri\u010dni dijelovi:<\/strong><br \/>\nU skladu sa CE standardima.<br \/>\n<iframe loading=\"lazy\" title=\"YouTube video player\" src=\"https:\/\/www.youtube.com\/embed\/U2I0mqi24eI?si=Z409p5apZWfVTSaY\" width=\"560\" height=\"315\" frameborder=\"0\" allowfullscreen=\"allowfullscreen\"><\/iframe><\/p>\n","protected":false},"excerpt":{"rendered":"<p><strong>Ma\u0161ina za kantiranje KDT KE-526G<\/strong> je visokobrzinska proto\u010dna ma\u0161ina, projektovana za preciznu i pouzdanu obradu ivica pri brzini do 30 m\/min. Opremljena je sa dvije posude za ljepilo (EVA i PUR), servo magazinom 6+6, konturisanjem sa 4 motora te naprednim upravljanjem putem touch screen ekrana, \u0161to osigurava vrhunski kvalitet obrade i visoku produktivnost.<\/p>\n","protected":false},"featured_media":5466,"comment_status":"closed","ping_status":"closed","template":"","meta":{"_acf_changed":false},"product_brand":[],"product_cat":[107],"product_tag":[],"class_list":{"0":"post-5593","1":"product","2":"type-product","3":"status-publish","4":"has-post-thumbnail","6":"product_cat-kanterice","8":"first","9":"instock","10":"shipping-taxable","11":"product-type-simple"},"acf":[],"_links":{"self":[{"href":"https:\/\/kdt-machinery.com\/bs\/wp-json\/wp\/v2\/product\/5593","targetHints":{"allow":["GET"]}}],"collection":[{"href":"https:\/\/kdt-machinery.com\/bs\/wp-json\/wp\/v2\/product"}],"about":[{"href":"https:\/\/kdt-machinery.com\/bs\/wp-json\/wp\/v2\/types\/product"}],"replies":[{"embeddable":true,"href":"https:\/\/kdt-machinery.com\/bs\/wp-json\/wp\/v2\/comments?post=5593"}],"wp:featuredmedia":[{"embeddable":true,"href":"https:\/\/kdt-machinery.com\/bs\/wp-json\/wp\/v2\/media\/5466"}],"wp:attachment":[{"href":"https:\/\/kdt-machinery.com\/bs\/wp-json\/wp\/v2\/media?parent=5593"}],"wp:term":[{"taxonomy":"product_brand","embeddable":true,"href":"https:\/\/kdt-machinery.com\/bs\/wp-json\/wp\/v2\/product_brand?post=5593"},{"taxonomy":"product_cat","embeddable":true,"href":"https:\/\/kdt-machinery.com\/bs\/wp-json\/wp\/v2\/product_cat?post=5593"},{"taxonomy":"product_tag","embeddable":true,"href":"https:\/\/kdt-machinery.com\/bs\/wp-json\/wp\/v2\/product_tag?post=5593"}],"curies":[{"name":"wp","href":"https:\/\/api.w.org\/{rel}","templated":true}]}}