{"id":5675,"date":"2026-02-23T13:35:20","date_gmt":"2026-02-23T13:35:20","guid":{"rendered":"https:\/\/kdt-machinery.com\/izdelek\/kanterica-kdt-ke-710\/"},"modified":"2026-02-23T13:35:20","modified_gmt":"2026-02-23T13:35:20","slug":"kanterica-kdt-ke-710","status":"publish","type":"product","link":"https:\/\/kdt-machinery.com\/bs\/proizvod\/kanterica-kdt-ke-710\/","title":{"rendered":"Kanterica KDT KE-710"},"content":{"rendered":"<p><strong>Rubna ma\u0161ina KDT KE-710<\/strong><\/p>\n<p><strong>Kompaktna du\u017eina od 6,2 m<\/strong> omogu\u0107ava kori\u0161tenje ma\u0161ine u ve\u0107im firmama, ali i u manjim radionicama. Zahvaljuju\u0107i robusnoj konstrukciji i visokokvalitetnim komponentama, ma\u0161ina ima iznadprosje\u010dnu produktivnost i pouzdanost te mo\u017ee <strong>raditi 24 sata dnevno, 7 dana u sedmici<\/strong>, uz stalno odr\u017eavanje visokih standarda kvaliteta.<\/p>\n<p>KDT u proizvodnji koristi <strong>najsavremenije tehnologije<\/strong>, robotsko varenje, visokokvalitetne materijale, vje\u0161ta\u010dko starenje radi uklanjanja naprezanja u konstrukciji te obradu na najsavremenijim CNC ma\u0161inama. Monolitna i \u010dvrsta konstrukcija, dizajnirana pomo\u0107u naprednih 3D alata za projektovanje, \u010dini ma\u0161inu izuzetno stabilnom i <strong>omogu\u0107ava visoko precizan kontinuiran rad<\/strong> bez potrebe za stalnim pode\u0161avanjima.<\/p>\n<p>Jednostavno kori\u0161tenje EVA i PUR ljepila omogu\u0107ava <strong>napredni kotao za ljepilo<\/strong> sa automatskom izmjenom ljepila i dodatnom komorom za skladi\u0161tenje, odr\u017eavanje i predgrijavanje. <strong>Bez gubitka vremena<\/strong> (2\u20133 min) vr\u0161i se izmjena ljepila, uz kori\u0161tenje svje\u017eih i kvalitetnih ljepila.<\/p>\n<p>Za savr\u0161en izgled kod razli\u010ditih debljina materijala, sa <strong>precizno\u0161\u0107u do 0,01 mm<\/strong>, omogu\u0107ena je opcija izbora izme\u0111u dva radijusa i servo pomaka. Pode\u0161avanja se mogu sa\u010duvati i koristiti u bilo kojem trenutku za br\u017ee pode\u0161avanje ma\u0161ine, \u0161to zna\u010dajno pove\u0107ava produktivnost.<\/p>\n<p>Kao opcija dostupan je <strong>pogonski remen<\/strong>, koji je posebno koristan kod osjetljivih povr\u0161ina jer smanjuje kontakt i mogu\u0107nost zadr\u017eavanja pra\u0161ine na obratku.<\/p>\n<p>Standardno su uz ma\u0161inu uklju\u010deni i priklju\u010dci za odsisavanje pra\u0161ine ve\u0107eg promjera.<\/p>\n<p>Za <strong>pove\u0107anu efikasnost<\/strong> \u010detki i struga\u010da te optimalne zavr\u0161ne rezultate, ma\u0161ina koristi nano\u0161enje separacionog i sredstva za \u010di\u0161\u0107enje koje sprje\u010dava lijepljenje.<\/p>\n<p><strong>Dvostruki rondomat<\/strong> sa dva visokofrekventna motora i pneumatskim pode\u0161avanjem <strong>omogu\u0107ava obradu \u010detiri razli\u010dita profila<\/strong> te osigurava vizuelno savr\u0161ene uglove bez potrebe za ru\u010dnim doradama.<\/p>\n<p>Stabilnost tokom obrade, veliki kopirni to\u010dkovi i efikasno uklanjanje pra\u0161ine \u2013 uz pomo\u0107 industrijskih struga\u010da \u2013 omogu\u0107avaju da ma\u0161ina posti\u017ee <strong>bolje rezultate od ve\u0107ine ma\u0161ina na tr\u017ei\u0161tu.<\/strong><\/p>\n<p>&nbsp;<br \/>\n&nbsp;<\/p>\n<p class=\"page_heading\">Podaci<\/p>\n<dl class=\"data-sheet flex_container\">\n<dt class=\"name\">Brzina pomaka<\/dt>\n<dt class=\"name\">15\u201324 m\/min<\/dt>\n<\/dl>\n<dl class=\"data-sheet flex_container\">\n<dt class=\"name\">Debljina obratka<\/dt>\n<dt class=\"name\">10\u201360 mm<\/dt>\n<\/dl>\n<dl class=\"data-sheet flex_container\">\n<dt class=\"name\">Priklju\u010dna snaga<\/dt>\n<dt class=\"name\">21 kW<\/dt>\n<\/dl>\n<dl class=\"data-sheet flex_container\">\n<dt class=\"name\">Dimenzije ma\u0161ine<\/dt>\n<dt class=\"name\">6200 x 940 x 1960 mm<\/dt>\n<\/dl>\n<dl class=\"data-sheet flex_container\">\n<dt class=\"name\">Te\u017eina (kg)<\/dt>\n<dt class=\"name\">2600<\/dt>\n<\/dl>\n<p><iframe loading=\"lazy\" title=\"YouTube video player\" src=\"https:\/\/www.youtube.com\/embed\/MTzz9eLeiJA?si=6q1ftQGYhKvvWXzq\" width=\"560\" height=\"315\" frameborder=\"0\" allowfullscreen=\"allowfullscreen\"><\/iframe><\/p>\n","protected":false},"excerpt":{"rendered":"<p><strong>Rubna ma\u0161ina KDT KE-710<\/strong> predstavlja unaprije\u0111enu verziju najprodavanijeg modela na evropskom tr\u017ei\u0161tu, koja kombinuje <strong>odli\u010dan odnos<\/strong> izme\u0111u pouzdanosti, kompaktnosti, produktivnosti i pristupa\u010dne cijene. Njeno odr\u017eavanje je jednostavno i ekonomi\u010dno.<\/p>\n<p>Kompletna konfiguracija sa dva razli\u010dita radijusa i servo pomacima. <strong>Brzina do 15\u201324 m\/min!<\/strong><\/p>\n","protected":false},"featured_media":5671,"comment_status":"closed","ping_status":"closed","template":"","meta":{"_acf_changed":false},"product_brand":[],"product_cat":[107],"product_tag":[],"class_list":{"0":"post-5675","1":"product","2":"type-product","3":"status-publish","4":"has-post-thumbnail","6":"product_cat-kanterice","8":"first","9":"instock","10":"shipping-taxable","11":"product-type-simple"},"acf":[],"_links":{"self":[{"href":"https:\/\/kdt-machinery.com\/bs\/wp-json\/wp\/v2\/product\/5675","targetHints":{"allow":["GET"]}}],"collection":[{"href":"https:\/\/kdt-machinery.com\/bs\/wp-json\/wp\/v2\/product"}],"about":[{"href":"https:\/\/kdt-machinery.com\/bs\/wp-json\/wp\/v2\/types\/product"}],"replies":[{"embeddable":true,"href":"https:\/\/kdt-machinery.com\/bs\/wp-json\/wp\/v2\/comments?post=5675"}],"wp:featuredmedia":[{"embeddable":true,"href":"https:\/\/kdt-machinery.com\/bs\/wp-json\/wp\/v2\/media\/5671"}],"wp:attachment":[{"href":"https:\/\/kdt-machinery.com\/bs\/wp-json\/wp\/v2\/media?parent=5675"}],"wp:term":[{"taxonomy":"product_brand","embeddable":true,"href":"https:\/\/kdt-machinery.com\/bs\/wp-json\/wp\/v2\/product_brand?post=5675"},{"taxonomy":"product_cat","embeddable":true,"href":"https:\/\/kdt-machinery.com\/bs\/wp-json\/wp\/v2\/product_cat?post=5675"},{"taxonomy":"product_tag","embeddable":true,"href":"https:\/\/kdt-machinery.com\/bs\/wp-json\/wp\/v2\/product_tag?post=5675"}],"curies":[{"name":"wp","href":"https:\/\/api.w.org\/{rel}","templated":true}]}}