{"id":6271,"date":"2026-04-14T10:44:24","date_gmt":"2026-04-14T10:44:24","guid":{"rendered":"https:\/\/kdt-machinery.com\/izdelek\/kdt-305mt-nova-generacija-krivolinijskih-kant-masina\/"},"modified":"2026-04-16T11:10:16","modified_gmt":"2026-04-16T11:10:16","slug":"kdt-305mt-nova-generacija-krivolinijskih-kant-masina","status":"publish","type":"product","link":"https:\/\/kdt-machinery.com\/bs\/proizvod\/kdt-305mt-nova-generacija-krivolinijskih-kant-masina\/","title":{"rendered":"KDT-305MT \u2013 nova generacija krivolinijskih kanterica"},"content":{"rendered":"<p data-start=\"115\" data-end=\"304\">KDT razumije potrebe kupaca i donosi vrhunska rje\u0161enja s novom kanterica za obradu neravnih rubova <strong data-start=\"217\" data-end=\"230\">KDT-305MT<\/strong>. Primjena je prvenstveno kod kutnih polica, ovalnih stolova te plo\u010da itd.<\/p>\n<p data-start=\"306\" data-end=\"470\">Kompaktan dizajn, u\u0161teda prostora i prilagodljiva rotiraju\u0107a ruka omogu\u0107uju jednostavno rukovanje kant trakama kod okruglih, ovalnih i zaobljenih pravokutnih plo\u010da.<\/p>\n<p data-start=\"472\" data-end=\"546\">Rezultat? Savr\u0161ena estetika koja svaki komad namje\u0161taja pretvara u unikat!<\/p>\n<hr data-start=\"548\" data-end=\"551\">\n<h3 data-section-id=\"7f0f1o\" data-start=\"553\" data-end=\"607\"><span role=\"text\"><strong data-start=\"557\" data-end=\"607\">Preciznost i automatizacija na najvi\u0161oj razini<\/strong><\/span><\/h3>\n<p data-start=\"609\" data-end=\"725\">KDT-305MT opremljen je naprednim laserskim senzorom koji automatski detektira preostalu duljinu plo\u010de za kantiranje.<\/p>\n<p data-start=\"727\" data-end=\"851\">S tolerancijom od samo <strong data-start=\"750\" data-end=\"761\">\u00b10,3 mm<\/strong> (za ravne rubove do duljine 400 mm) osigurava izuzetno precizno i besprijekorno spajanje.<\/p>\n<hr data-start=\"853\" data-end=\"856\">\n<h3 data-section-id=\"1jeq8bv\" data-start=\"858\" data-end=\"908\"><span role=\"text\"><strong data-start=\"862\" data-end=\"908\">Snaga, stabilnost i jednostavno kori\u0161tenje<\/strong><\/span><\/h3>\n<p data-start=\"910\" data-end=\"1077\">Sna\u017ean vakuumski prihvat osigurava stabilno dr\u017eanje plo\u010de za glatko i precizno lijepljenje.<br data-start=\"1001\" data-end=\"1004\">No\u017eni pedal omogu\u0107uje jednostavno aktiviranje prihvata i dodavanja trake.<\/p>\n<p data-start=\"1079\" data-end=\"1267\">Automatsko uvla\u010denje plo\u010da prilago\u0111ava se razli\u010ditim debljinama, \u0161to pove\u0107ava u\u010dinkovitost rada.<br data-start=\"1175\" data-end=\"1178\">Dvostupanjsko pritiskanje nakon lijepljenja osigurava \u010dvrsto prianjanje trake na obradak.<\/p>\n<hr data-start=\"1269\" data-end=\"1272\">\n<h3 data-section-id=\"1qsgzc8\" data-start=\"1274\" data-end=\"1323\"><span role=\"text\"><strong data-start=\"1278\" data-end=\"1323\">Pametna tehnologija za savr\u0161ene rezultate<\/strong><\/span><\/h3>\n<p data-start=\"1325\" data-end=\"1474\">Intuitivno korisni\u010dko su\u010delje omogu\u0107uje brzo i jednostavno pode\u0161avanje stroja.<br data-start=\"1403\" data-end=\"1406\">Automatska prilagodba debljini plo\u010de osigurava fleksibilnost u radu.<\/p>\n<p data-start=\"1476\" data-end=\"1571\">Istovremeno gornje i donje obrezivanje omogu\u0107uje besprijekornu zavr\u0161nu obradu u jednom prolazu.<\/p>\n<hr data-start=\"1573\" data-end=\"1576\">\n<h3 data-section-id=\"1yl4woz\" data-start=\"1578\" data-end=\"1614\"><span role=\"text\"><strong data-start=\"1582\" data-end=\"1614\">Inovativna posuda za ljepilo<\/strong><\/span><\/h3>\n<p data-start=\"1616\" data-end=\"1813\">Posuda za ljepilo omogu\u0107uje kori\u0161tenje <strong data-start=\"1655\" data-end=\"1676\">EVA i PUR ljepila<\/strong>.<br data-start=\"1677\" data-end=\"1680\">Ista posuda koristi se kao i kod ostalih KDT strojeva, \u0161to omogu\u0107uje kompatibilnost i jednostavnu upotrebu kroz cijeli KDT asortiman.<\/p>\n<hr data-start=\"1815\" data-end=\"1818\">\n<h3 data-section-id=\"10xwvg7\" data-start=\"1820\" data-end=\"1850\"><span role=\"text\"><strong data-start=\"1824\" data-end=\"1850\">Tehni\u010dke specifikacije<\/strong><\/span><\/h3>\n<ul data-start=\"1852\" data-end=\"1968\">\n<li data-section-id=\"e5blp3\" data-start=\"1852\" data-end=\"1878\">\u0160irina trake: 14\u201370 mm<\/li>\n<li data-section-id=\"1uc7dg0\" data-start=\"1879\" data-end=\"1907\">Debljina trake: 0,4\u20133 mm<\/li>\n<li data-section-id=\"zo5par\" data-start=\"1908\" data-end=\"1941\">Brzina kantiranja: 0\u201318 m\/min<\/li>\n<li data-section-id=\"1855lo4\" data-start=\"1942\" data-end=\"1968\">Minimalni radijus: R20<\/li>\n<\/ul>\n","protected":false},"excerpt":{"rendered":"<div class=\"group relative inline-flex gap-2 bg-bg-300 rounded-xl pl-2.5 py-2.5 break-words text-text-100 transition-all max-w-[75ch] flex-col !px-4 max-w-[85%]\">\n<div class=\"flex flex-row gap-2 relative\">\n<div class=\"flex-1\">\n<div class=\"font-large !font-user-message grid grid-cols-1 gap-2 py-0.5 relative [&amp;_ul]:!space-y-0 [&amp;_ol]:!space-y-0 [&amp;_ul]:pl-8 [&amp;_ol]:pl-8\" data-testid=\"user-message\">\n<div class=\"group relative inline-flex gap-2 bg-bg-300 rounded-xl pl-2.5 py-2.5 break-words text-text-100 transition-all max-w-[75ch] flex-col !px-4 max-w-[85%]\">\n<div class=\"flex flex-row gap-2 relative\">\n<div class=\"flex-1\">\n<div class=\"font-large !font-user-message grid grid-cols-1 gap-2 py-0.5 relative [&amp;_ul]:!space-y-0 [&amp;_ol]:!space-y-0 [&amp;_ul]:pl-8 [&amp;_ol]:pl-8\" data-testid=\"user-message\">\n<div class=\"group relative inline-flex gap-2 bg-bg-300 rounded-xl pl-2.5 py-2.5 break-words text-text-100 transition-all max-w-[75ch] flex-col !px-4 max-w-[85%]\">\n<div class=\"flex flex-row gap-2 relative\">\n<div class=\"flex-1\">\n<div class=\"font-large !font-user-message grid grid-cols-1 gap-2 py-0.5 relative [&amp;_ul]:!space-y-0 [&amp;_ol]:!space-y-0 [&amp;_ul]:pl-8 [&amp;_ol]:pl-8\" data-testid=\"user-message\">\n<p class=\"whitespace-pre-wrap break-words\">KDT-305MT je pametna kanterica koja uz naprednu tehnologiju, preciznost i jednostavnost kori\u0161tenja omogu\u0107uje vrhunsku obradu neravnih rubova kod okruglih, ovalnih i zaobljenih plo\u010da. Kompaktan dizajn, automatizacija i inovativna rje\u0161enja osiguravaju da svaki komad namje\u0161taja izgleda savr\u0161eno \u2013 pouzdano, u\u010dinkovito i bez kompromisa.<\/p>\n<\/div>\n<\/div>\n<\/div>\n<\/div>\n<div class=\"flex justify-start opacity-0 group-hover:opacity-100 group-focus-within:opacity-100 transition\" role=\"group\" aria-label=\"Message actions\">\n<div class=\"text-text-300\">\n<div class=\"text-text-300 flex items-stretch justify-between\"><\/div>\n<\/div>\n<\/div>\n<\/div>\n<\/div>\n<\/div>\n<\/div>\n<\/div>\n<\/div>\n<\/div>\n<\/div>\n","protected":false},"featured_media":6249,"comment_status":"closed","ping_status":"closed","template":"","meta":{"_acf_changed":false},"product_brand":[],"product_cat":[107],"product_tag":[],"class_list":{"0":"post-6271","1":"product","2":"type-product","3":"status-publish","4":"has-post-thumbnail","6":"product_cat-kanterice","8":"first","9":"instock","10":"shipping-taxable","11":"product-type-simple"},"acf":[],"_links":{"self":[{"href":"https:\/\/kdt-machinery.com\/bs\/wp-json\/wp\/v2\/product\/6271","targetHints":{"allow":["GET"]}}],"collection":[{"href":"https:\/\/kdt-machinery.com\/bs\/wp-json\/wp\/v2\/product"}],"about":[{"href":"https:\/\/kdt-machinery.com\/bs\/wp-json\/wp\/v2\/types\/product"}],"replies":[{"embeddable":true,"href":"https:\/\/kdt-machinery.com\/bs\/wp-json\/wp\/v2\/comments?post=6271"}],"wp:featuredmedia":[{"embeddable":true,"href":"https:\/\/kdt-machinery.com\/bs\/wp-json\/wp\/v2\/media\/6249"}],"wp:attachment":[{"href":"https:\/\/kdt-machinery.com\/bs\/wp-json\/wp\/v2\/media?parent=6271"}],"wp:term":[{"taxonomy":"product_brand","embeddable":true,"href":"https:\/\/kdt-machinery.com\/bs\/wp-json\/wp\/v2\/product_brand?post=6271"},{"taxonomy":"product_cat","embeddable":true,"href":"https:\/\/kdt-machinery.com\/bs\/wp-json\/wp\/v2\/product_cat?post=6271"},{"taxonomy":"product_tag","embeddable":true,"href":"https:\/\/kdt-machinery.com\/bs\/wp-json\/wp\/v2\/product_tag?post=6271"}],"curies":[{"name":"wp","href":"https:\/\/api.w.org\/{rel}","templated":true}]}}