{"id":1917,"date":"2024-05-22T11:45:44","date_gmt":"2024-05-22T11:45:44","guid":{"rendered":"https:\/\/lesmak.intop.si\/izdelek\/kdt-za-rezanje-gnijezda-s-kapacitetom-od-30-ploca-sat\/"},"modified":"2024-05-22T11:45:44","modified_gmt":"2024-05-22T11:45:44","slug":"kdt-za-rezanje-gnijezda-s-kapacitetom-od-30-ploca-sat","status":"publish","type":"product","link":"https:\/\/kdt-machinery.com\/hr\/proizvod\/kdt-za-rezanje-gnijezda-s-kapacitetom-od-30-ploca-sat\/","title":{"rendered":"KDT za rezanje gnijezda s kapacitetom od 30 plo\u010da \/ sat"},"content":{"rendered":"","protected":false},"excerpt":{"rendered":"<p>KDT reza\u010d za gnijezda s kapacitetom od <strong>30 plo\u010da na sat<\/strong> je stroj visokih performansi dizajniran za precizno i \u200b\u200bu\u010dinkovito rezanje plo\u010da. Ovaj je stroj dizajniran za optimiziranje iskori\u0161tenja materijala kori\u0161tenjem napredne tehnologije ugnije\u017e\u0111ivanja koja omogu\u0107uje maksimalno iskori\u0161tenje plo\u010da. S kapacitetom do 30 plo\u010da na sat, idealan je za intenzivnu proizvodnju u industrijskim okru\u017eenjima gdje su <strong>brzina<\/strong>, <strong>to\u010dnost<\/strong> i <strong>smanjenje otpada<\/strong> klju\u010dni . Sustav <strong>osigurava visok stupanj automatizacije i fleksibilnosti<\/strong>, \u0161to omogu\u0107uje prilagodbu razli\u010ditim zahtjevima i specifikacijama obrade.<\/p>\n","protected":false},"featured_media":1417,"comment_status":"closed","ping_status":"closed","template":"","meta":{"_acf_changed":false},"product_brand":[],"product_cat":[42],"product_tag":[],"class_list":{"0":"post-1917","1":"product","2":"type-product","3":"status-publish","4":"has-post-thumbnail","6":"product_cat-automatizacija","8":"first","9":"instock","10":"shipping-taxable","11":"product-type-simple"},"acf":[],"_links":{"self":[{"href":"https:\/\/kdt-machinery.com\/hr\/wp-json\/wp\/v2\/product\/1917","targetHints":{"allow":["GET"]}}],"collection":[{"href":"https:\/\/kdt-machinery.com\/hr\/wp-json\/wp\/v2\/product"}],"about":[{"href":"https:\/\/kdt-machinery.com\/hr\/wp-json\/wp\/v2\/types\/product"}],"replies":[{"embeddable":true,"href":"https:\/\/kdt-machinery.com\/hr\/wp-json\/wp\/v2\/comments?post=1917"}],"wp:featuredmedia":[{"embeddable":true,"href":"https:\/\/kdt-machinery.com\/hr\/wp-json\/wp\/v2\/media\/1417"}],"wp:attachment":[{"href":"https:\/\/kdt-machinery.com\/hr\/wp-json\/wp\/v2\/media?parent=1917"}],"wp:term":[{"taxonomy":"product_brand","embeddable":true,"href":"https:\/\/kdt-machinery.com\/hr\/wp-json\/wp\/v2\/product_brand?post=1917"},{"taxonomy":"product_cat","embeddable":true,"href":"https:\/\/kdt-machinery.com\/hr\/wp-json\/wp\/v2\/product_cat?post=1917"},{"taxonomy":"product_tag","embeddable":true,"href":"https:\/\/kdt-machinery.com\/hr\/wp-json\/wp\/v2\/product_tag?post=1917"}],"curies":[{"name":"wp","href":"https:\/\/api.w.org\/{rel}","templated":true}]}}