{"id":1919,"date":"2024-05-22T11:47:49","date_gmt":"2024-05-22T11:47:49","guid":{"rendered":"https:\/\/lesmak.intop.si\/izdelek\/protocni-cnc-stroj-612-khsa-s-robotskom-manipulacijom-i-transporterima\/"},"modified":"2024-05-22T11:47:49","modified_gmt":"2024-05-22T11:47:49","slug":"protocni-cnc-stroj-612-khsa-s-robotskom-manipulacijom-i-transporterima","status":"publish","type":"product","link":"https:\/\/kdt-machinery.com\/hr\/proizvod\/protocni-cnc-stroj-612-khsa-s-robotskom-manipulacijom-i-transporterima\/","title":{"rendered":"Proto\u010dni CNC stroj 612 KHSA s robotskom manipulacijom i transporterima"},"content":{"rendered":"","protected":false},"excerpt":{"rendered":"<p><strong>Flow CNC stroj 612 KHSA<\/strong> s robotskom manipulacijom i transporterima je napredni proizvodni sustav dizajniran za visoku preciznost i automatizaciju u industrijskim procesima. Ovaj stroj omogu\u0107uje kontinuiranu obradu materijala s integriranom robotskom rukom koja osigurava preciznu manipulaciju obradcima. Transportne trake omogu\u0107uju u\u010dinkovit i brz protok materijala kroz razli\u010dite faze obrade, pove\u0107avaju\u0107i produktivnost i skra\u0107uju\u0107i vrijeme ciklusa. Sustav je idealan za masovnu proizvodnju gdje su brzina, to\u010dnost i pouzdanost klju\u010dni.<\/p>\n","protected":false},"featured_media":1415,"comment_status":"closed","ping_status":"closed","template":"","meta":{"_acf_changed":false},"product_brand":[],"product_cat":[42],"product_tag":[],"class_list":{"0":"post-1919","1":"product","2":"type-product","3":"status-publish","4":"has-post-thumbnail","6":"product_cat-automatizacija","8":"first","9":"instock","10":"shipping-taxable","11":"product-type-simple"},"acf":[],"_links":{"self":[{"href":"https:\/\/kdt-machinery.com\/hr\/wp-json\/wp\/v2\/product\/1919","targetHints":{"allow":["GET"]}}],"collection":[{"href":"https:\/\/kdt-machinery.com\/hr\/wp-json\/wp\/v2\/product"}],"about":[{"href":"https:\/\/kdt-machinery.com\/hr\/wp-json\/wp\/v2\/types\/product"}],"replies":[{"embeddable":true,"href":"https:\/\/kdt-machinery.com\/hr\/wp-json\/wp\/v2\/comments?post=1919"}],"wp:featuredmedia":[{"embeddable":true,"href":"https:\/\/kdt-machinery.com\/hr\/wp-json\/wp\/v2\/media\/1415"}],"wp:attachment":[{"href":"https:\/\/kdt-machinery.com\/hr\/wp-json\/wp\/v2\/media?parent=1919"}],"wp:term":[{"taxonomy":"product_brand","embeddable":true,"href":"https:\/\/kdt-machinery.com\/hr\/wp-json\/wp\/v2\/product_brand?post=1919"},{"taxonomy":"product_cat","embeddable":true,"href":"https:\/\/kdt-machinery.com\/hr\/wp-json\/wp\/v2\/product_cat?post=1919"},{"taxonomy":"product_tag","embeddable":true,"href":"https:\/\/kdt-machinery.com\/hr\/wp-json\/wp\/v2\/product_tag?post=1919"}],"curies":[{"name":"wp","href":"https:\/\/api.w.org\/{rel}","templated":true}]}}