{"id":1924,"date":"2024-05-22T08:48:42","date_gmt":"2024-05-22T08:48:42","guid":{"rendered":"https:\/\/lesmak.intop.si\/izdelek\/raskrajac-kdt-ks-832h\/"},"modified":"2025-11-19T09:58:42","modified_gmt":"2025-11-19T09:58:42","slug":"raskrajac-kdt-ks-832h","status":"publish","type":"product","link":"https:\/\/kdt-machinery.com\/hr\/proizvod\/raskrajac-kdt-ks-832h\/","title":{"rendered":"Raskraja\u010d KDT KS &#8211; 832H"},"content":{"rendered":"<div class=\"row align-middle\"  id=\"row-1746545493\">\r\n\r\n\n\t<div id=\"col-1593116519\" class=\"col pb-0 medium-6 small-12 large-6\"  >\n\t\t\t\t<div class=\"col-inner\"  >\n\t\t\t\n\t\t\t\r\n\r\n\t<div id=\"gap-743449113\" class=\"gap-element clearfix show-for-small\" style=\"display:block; height:auto;\">\n\t\t\n<style>\n#gap-743449113 {\n  padding-top: 15px;\n}\n@media (min-width:550px) {\n  #gap-743449113 {\n    padding-top: 30px;\n  }\n}\n<\/style>\n\t<\/div>\n\t\r\n\r\n<h2>Raskraja\u010d KDT KS - 832H<\/h2>\r\n<p><strong>Robusna konstrukcija<\/strong> koja smanjuje vibracije i omogu\u0107uje brze pokrete. Stroj ima servo pogone za agregat pile za maksimalno ubrzanje i usporavanje te brzo vra\u0107anje agregata u po\u010detni polo\u017eaj. Ne samo brzina.<strong>Zra\u010dna plo\u010da<\/strong> u podru\u010dju rezanja omogu\u0107uje kvalitetno rezanje osjetljivijih materijala i lak\u0161e klizanje te\u017eih obradaka. Bo\u010dna pre\u0161a je NC kontrolirana i br\u017ea je od konvencionalnih predrotiraju\u0107ih pre\u0161a. Magnetska traka osigurava visoku to\u010dnost od 0,1 mm.<\/p>\r\n<p>Ulazni zra\u010dni stolovi omogu\u0107uju jednostavno klizanje izradaka. Mogu\u0107nost pomicanja radnog stola lijevo-desno dodatno je rje\u0161enje koje korisniku mo\u017ee olak\u0161ati rad.<\/p>\r\n\r\n\r\n\t\t<\/div>\n\t\t\t\t\t<\/div>\n\n\t\r\n\n\t<div id=\"col-715053549\" class=\"col pb-0 medium-6 small-12 large-6 small-col-first\"  >\n\t\t\t\t<div class=\"col-inner\"  >\n\t\t\t\n\t\t\t\r\n\r\n<div class=\"video video-fit mb mb-0\" style=\"padding-top:56.25%;\"><p><iframe loading=\"lazy\" title=\"NC Panel Saw KS-832H\" width=\"1020\" height=\"574\" src=\"https:\/\/www.youtube.com\/embed\/ARSVZsH7G0U?feature=oembed\" frameborder=\"0\" allow=\"accelerometer; autoplay; clipboard-write; encrypted-media; gyroscope; picture-in-picture; web-share\" referrerpolicy=\"strict-origin-when-cross-origin\" allowfullscreen><\/iframe><\/p>\n<\/div>\r\n\r\n\t\t<\/div>\n\t\t\t\t\t<\/div>\n\n\t\r\n\r\n<\/div>\r\n\t<div id=\"gap-542892976\" class=\"gap-element clearfix\" style=\"display:block; height:auto;\">\n\t\t\n<style>\n#gap-542892976 {\n  padding-top: 15px;\n}\n@media (min-width:550px) {\n  #gap-542892976 {\n    padding-top: 30px;\n  }\n}\n<\/style>\n\t<\/div>\n\t\r\n\r\n\n\t<section class=\"section no-padding\" id=\"section_986468865\">\n\t\t<div class=\"section-bg fill\" >\n\t\t\t\t\t\t\t\t\t\n\t\t\t\n\n\t\t<\/div>\n\n\t\t\n\n\t\t<div class=\"section-content relative\">\n\t\t\t\r\n\r\n<div class=\"row\"  id=\"row-1292564417\">\r\n\r\n\n\t<div id=\"col-1660668130\" class=\"col pb-0 small-12 large-12\"  >\n\t\t\t\t<div class=\"col-inner\"  >\n\t\t\t\n\t\t\t\r\n\r\n<p><strong>Visina pile<\/strong> <strong>automatski se pode\u0161ava<\/strong> prema visini obratka. To omogu\u0107uje optimalnu visinu o\u0161trice bez obzira na visinu obratka i posljedi\u010dno najbolju kvalitetu rezanja. Brza izmjena lista kru\u017ene pile pobolj\u0161ava u\u010dinkovitost same pile.<\/p>\r\n<p>Dok ve\u0107ina poznatih proizvo\u0111a\u010da ugra\u0111uje vrijedne ekrane osjetljive na dodir, <strong>KDT reza\u010di<\/strong> KDT su opremljeni klasi\u010dnim industrijskim PC ra\u010dunalima u Windows okru\u017eenju, koja su vrlo stabilna, pristupa\u010dna i laka za odr\u017eavanje, te posebno prilago\u0111en nov\u010daniku u slu\u010daju kvarova. U\u010dinkovito upravljanje strojem osigurano je sna\u017enim i korisniku prilago\u0111enim softverom KDTsoft, koji tako\u0111er uklju\u010duje u\u010dinkovitu optimizaciju rezanja i dobar prinos.<\/p>\r\n\r\n\t<div id=\"gap-939671210\" class=\"gap-element clearfix\" style=\"display:block; height:auto;\">\n\t\t\n<style>\n#gap-939671210 {\n  padding-top: 15px;\n}\n@media (min-width:550px) {\n  #gap-939671210 {\n    padding-top: 30px;\n  }\n}\n<\/style>\n\t<\/div>\n\t\r\n\r\n\r\n\t\t<\/div>\n\t\t\t\t\t<\/div>\n\n\t\r\n\r\n<\/div>\r\n\r\n\t\t<\/div>\n\n\t\t\n<style>\n#section_986468865 {\n  padding-top: 0px;\n  padding-bottom: 0px;\n}\n<\/style>\n\t<\/section>\n\t\r\n\n\t<section class=\"section no-padding\" id=\"section_543007063\">\n\t\t<div class=\"section-bg fill\" >\n\t\t\t\t\t\t\t\t\t\n\t\t\t\n\n\t\t<\/div>\n\n\t\t\n\n\t\t<div class=\"section-content relative\">\n\t\t\t\r\n\r\n<div class=\"row\"  id=\"row-498561221\">\r\n\r\n\n\t<div id=\"col-83037475\" class=\"col pb-0 small-12 large-12\"  >\n\t\t\t\t<div class=\"col-inner\"  >\n\t\t\t\n\t\t\t\r\n\r\n\r\n\r\n<p class=\"divider-lesmak\"><\/p>\r\n\r\n\t<div id=\"gap-64795294\" class=\"gap-element clearfix\" style=\"display:block; height:auto;\">\n\t\t\n<style>\n#gap-64795294 {\n  padding-top: 23px;\n}\n@media (min-width:550px) {\n  #gap-64795294 {\n    padding-top: 38px;\n  }\n}\n<\/style>\n\t<\/div>\n\t\r\n\r\n<h3>Tehni\u010dke karakteristike i oprema stroja<\/h3>\r\n<ul class=\"mb-0\">\r\n<li><strong>Visina rezanja<\/strong> 90 mm<\/li>\r\n<li><strong>Rezanje<\/strong> 3100 x 3200 mm<\/li>\r\n<li><strong>Maks. promjer lista kru\u017ene pile<\/strong> 400 mm (provrt 75 mm)<\/li>\r\n<li><strong>Maks. promjer prethodnog rezanja<\/strong> 200 mm (provrt 50 mm)<\/li>\r\n<li><strong>10 pneumatskih klije\u0161ta<\/strong> - svaka klije\u0161ta imaju 4 prsta ili shvatio<\/li>\r\n<li><strong>Brzina rezanja<\/strong> 1-95 m\/min, SERVO motor za pomicanje<\/li>\r\n<li><strong>Brzina kretanja jedinice pile<\/strong> do 120 m\/min<\/li>\r\n<li><strong>Kretanje klije\u0161tastog mosta<\/strong> 1 - 95 m\/min<\/li>\r\n<li><strong>PC ra\u010dunalo<\/strong> s Windows okru\u017eenjem<\/li>\r\n<li><strong>Moderan softver s optimizacijom<\/strong><\/li>\r\n<li><strong>Pisa\u010d crti\u010dnog koda<\/strong><\/li>\r\n<li><strong>Snaga glavnog motora<\/strong> 15 kW<\/li>\r\n<li><strong>Snaga motora predreza\u010da<\/strong> 1,5 kW<\/li>\r\n<li><strong>Pretcut<\/strong> nezavisno podesiv<\/li>\r\n<li><strong>Pokretanje jedinice pile putem servo motora, zup\u010danika i zup\u010daste letve za brze pokrete<\/strong><\/li>\r\n<li><strong>3x zra\u010dni stol<\/strong> s kliznim valjcima na ulazu<\/li>\r\n<li><strong>Zra\u010dni stol<\/strong> u podru\u010dju rezanja za bolju obradu manjih komada<\/li>\r\n<li><strong>Motorizirani NC kontrolirani bo\u010dni hod pre\u0161e<\/strong> 2200 mm<\/li>\r\n<li><strong>Dimenzije stroja<\/strong> 7480x5495x1890<\/li>\r\n<li><strong>Robusna industrijska konstrukcija<\/strong> - te\u017eina stroja 6000 kg<\/li>\r\n<\/ul>\r\n\r\n\r\n\t\t<\/div>\n\t\t\t\t\t<\/div>\n\n\t\r\n\r\n<\/div>\r\n\r\n\t\t<\/div>\n\n\t\t\n<style>\n#section_543007063 {\n  padding-top: 0px;\n  padding-bottom: 0px;\n}\n<\/style>\n\t<\/section>\n\t\n","protected":false},"excerpt":{"rendered":"<p>Raskraja\u010d <strong>KDT KS &#8211; 832 H<\/strong> je namijenjen za industrijsku upotrebu, jer ima <strong>ve\u0107u produktivnost<\/strong> od klasi\u010dnih reza\u010da, jer ima samostalna dupla klije\u0161ta koja omogu\u0107avaju cca. 25 do 30% ve\u0107a produktivnost. To zna\u010di da je va\u0161 <strong>posao <\/strong>obavljen <strong>br\u017ee.<\/strong><\/p>\n","protected":false},"featured_media":1371,"comment_status":"closed","ping_status":"closed","template":"","meta":{"_acf_changed":false},"product_brand":[],"product_cat":[52],"product_tag":[],"class_list":{"0":"post-1924","1":"product","2":"type-product","3":"status-publish","4":"has-post-thumbnail","6":"product_cat-raskrajaci","8":"first","9":"instock","10":"shipping-taxable","11":"product-type-simple"},"acf":[],"_links":{"self":[{"href":"https:\/\/kdt-machinery.com\/hr\/wp-json\/wp\/v2\/product\/1924","targetHints":{"allow":["GET"]}}],"collection":[{"href":"https:\/\/kdt-machinery.com\/hr\/wp-json\/wp\/v2\/product"}],"about":[{"href":"https:\/\/kdt-machinery.com\/hr\/wp-json\/wp\/v2\/types\/product"}],"replies":[{"embeddable":true,"href":"https:\/\/kdt-machinery.com\/hr\/wp-json\/wp\/v2\/comments?post=1924"}],"wp:featuredmedia":[{"embeddable":true,"href":"https:\/\/kdt-machinery.com\/hr\/wp-json\/wp\/v2\/media\/1371"}],"wp:attachment":[{"href":"https:\/\/kdt-machinery.com\/hr\/wp-json\/wp\/v2\/media?parent=1924"}],"wp:term":[{"taxonomy":"product_brand","embeddable":true,"href":"https:\/\/kdt-machinery.com\/hr\/wp-json\/wp\/v2\/product_brand?post=1924"},{"taxonomy":"product_cat","embeddable":true,"href":"https:\/\/kdt-machinery.com\/hr\/wp-json\/wp\/v2\/product_cat?post=1924"},{"taxonomy":"product_tag","embeddable":true,"href":"https:\/\/kdt-machinery.com\/hr\/wp-json\/wp\/v2\/product_tag?post=1924"}],"curies":[{"name":"wp","href":"https:\/\/api.w.org\/{rel}","templated":true}]}}