{"id":1927,"date":"2024-05-22T08:51:52","date_gmt":"2024-05-22T08:51:52","guid":{"rendered":"https:\/\/lesmak.intop.si\/izdelek\/raskrajac-kdt-ks-832d-843d\/"},"modified":"2025-11-19T09:44:56","modified_gmt":"2025-11-19T09:44:56","slug":"raskrajac-kdt-ks-832d-843d","status":"publish","type":"product","link":"https:\/\/kdt-machinery.com\/hr\/proizvod\/raskrajac-kdt-ks-832d-843d\/","title":{"rendered":"Raskraja\u010d KDT KS &#8211; 832D\/843D"},"content":{"rendered":"\n\t<section class=\"section no-padding\" id=\"section_1546658486\">\n\t\t<div class=\"section-bg fill\" >\n\t\t\t\t\t\t\t\t\t\n\t\t\t\n\n\t\t<\/div>\n\n\t\t\n\n\t\t<div class=\"section-content relative\">\n\t\t\t\r\n\r\n<div class=\"row\"  id=\"row-1022230658\">\r\n\r\n\n\t<div id=\"col-277904764\" class=\"col pb-0 small-12 large-12\"  >\n\t\t\t\t<div class=\"col-inner\"  >\n\t\t\t\n\t\t\t\r\n\r\n<h2>Zna\u010dajke KDT KS - 832D\/843D raskraja\u010da<\/h2>\r\n<p class=\"mb-0\">Robusna konstrukcija koja smanjuje vibracije i omogu\u0107uje brze pokrete. Stroj se odlikuje <strong>servo kretnjama<\/strong> za agregat pile za maksimalno ubrzanje i usporavanje i <strong>brzo vra\u0107anje agregata<\/strong> <strong>u po\u010detni polo\u017eaj<\/strong>. Ne samo brzina - zra\u010dni stol u podru\u010dju rezanja omogu\u0107uje kvalitetno rezanje osjetljivijih materijala i lak\u0161e klizanje te\u017eih obradaka. Ima kontroliranu bo\u010dnu pre\u0161u NC, koja je br\u017ea od konvencionalnih pneumatskih pre\u0161a. Magnetska traka osigurava visoku to\u010dnost od 0,1 mm.<\/p>\r\n<iframe loading=\"lazy\" title=\"YouTube video player\" src=\"https:\/\/www.youtube.com\/embed\/jO5mVhQhkgw?si=JPn4wdsg-VnwgSWX\" width=\"420\" height=\"236\" frameborder=\"0\" allowfullscreen=\"allowfullscreen\"><\/iframe>\r\n\r\n\t<div id=\"gap-1697587353\" class=\"gap-element clearfix\" style=\"display:block; height:auto;\">\n\t\t\n<style>\n#gap-1697587353 {\n  padding-top: 15px;\n}\n@media (min-width:550px) {\n  #gap-1697587353 {\n    padding-top: 30px;\n  }\n}\n<\/style>\n\t<\/div>\n\t\r\n\r\n\r\n\t\t<\/div>\n\t\t\t\t\t<\/div>\n\n\t\r\n\r\n<\/div>\r\n\r\n\t\t<\/div>\n\n\t\t\n<style>\n#section_1546658486 {\n  padding-top: 0px;\n  padding-bottom: 0px;\n}\n<\/style>\n\t<\/section>\n\t\r\n\n\t<section class=\"section no-padding\" id=\"section_1657612385\">\n\t\t<div class=\"section-bg fill\" >\n\t\t\t\t\t\t\t\t\t\n\t\t\t\n\n\t\t<\/div>\n\n\t\t\n\n\t\t<div class=\"section-content relative\">\n\t\t\t\r\n\r\n<div class=\"row\"  id=\"row-1277925190\">\r\n\r\n\n\t<div id=\"col-1440341896\" class=\"col pb-0 small-12 large-12\"  >\n\t\t\t\t<div class=\"col-inner\"  >\n\t\t\t\n\t\t\t\r\n\r\n\r\n\r\n<p class=\"divider-lesmak\"><\/p>\r\n\r\n\t<div id=\"gap-2045688098\" class=\"gap-element clearfix\" style=\"display:block; height:auto;\">\n\t\t\n<style>\n#gap-2045688098 {\n  padding-top: 23px;\n}\n@media (min-width:550px) {\n  #gap-2045688098 {\n    padding-top: 38px;\n  }\n}\n<\/style>\n\t<\/div>\n\t\r\n\r\n<p style=\"font-weight: 500;\">Robusna konstrukcija koja smanjuje vibracije i omogu\u0107uje brze pokrete. Stroj ima <b><strong>servo pokrete<\/strong><\/b> za agregat pile za maksimalno ubrzanje i usporavanje i <b><strong>brzi povratak agregata<\/strong><\/b> <b ><strong> u po\u010detni polo\u017eaj<\/strong><\/b>. Ne samo brzina - zra\u010dni stol u podru\u010dju rezanja omogu\u0107uje kvalitetan rez osjetljivijih materijala i lak\u0161e klizanje te\u017eih obradaka.<\/strong><\/b> Ima kontroliranu NC bo\u010dnu pre\u0161u, koja je br\u017ea od konvencionalnih pneumatskih pre\u0161a. Magnetska traka osigurava visoku to\u010dnost od 0,1 mm.<\/p>\r\n<p style=\"font-weight: 500;\">S novom verzijom 832D i 843D, servo dodava\u010d za pode\u0161avanje predreza\u010da je standardna oprema, \u0161to omogu\u0107uje izradu izreza i utora,<\/p>\r\n<p style=\"font-weight: 500;\"><b><strong>Ulazni zra\u010dni stolovi omogu\u0107uju jednostavno klizanje izradaka<\/strong><\/b>. Mogu\u0107nost pomicanja radnog stola lijevo i desno dodatno je rje\u0161enje koje korisniku mo\u017ee olak\u0161ati rad.<\/p>\r\n<p style=\"font-weight: 500;\">Visina pile automatski se pode\u0161ava prema visini obratka. Ovo<b><strong>omogu\u0107uje optimalnu visinu lista pile<\/strong><\/b>bez obzira na visinu obratka i posljedi\u010dno najbolju kvalitetu reza. Brza izmjena lista kru\u017ene pile pobolj\u0161ava u\u010dinkovitost same pile.<\/p>\r\n<p style=\"font-weight: 500;\">Dok ve\u0107ina renomiranih proizvo\u0111a\u010da ugra\u0111uje vrijedne ekrane osjetljive na dodir (\"touchscreen\"), KDT reza\u010di opremljeni su klasi\u010dnim industrijskim ra\u010dunalima s <b><strong>Windows operativnim sustavom<\/p =\"font-weight: 500;\">strong><\/b>, koji su <b><strong>vrlo stabilni, pristupa\u010dni i jednostavni za odr\u017eavanje<\/strong><\/b>, a iznad svega prijateljski nastrojeni prema nov\u010daniku u slu\u010daju kvarova. U\u010dinkovito upravljanje strojem osigurano je mo\u0107nim softverom prilago\u0111enim korisniku <b><strong>KDTsoft<\/strong><\/b>, koji tako\u0111er uklju\u010duje u\u010dinkovitu optimizaciju rezanja i dobar prinos.<\/p>\r\n<p style=\"font-weight: 500;\">Sjeckalica KS-832D je<b><strong>izuzetno sna\u017ena<\/strong><\/b> i ima sve \u0161to imaju znatno skuplji industrijski sjeckalice na tr\u017ei\u0161tu<\/b> strong><\/b>, stoga je vrijedan svakog ulo\u017eenog eura.<\/p>\r\n\r\n\t<div id=\"gap-1826533196\" class=\"gap-element clearfix\" style=\"display:block; height:auto;\">\n\t\t\n<style>\n#gap-1826533196 {\n  padding-top: 15px;\n}\n@media (min-width:550px) {\n  #gap-1826533196 {\n    padding-top: 30px;\n  }\n}\n<\/style>\n\t<\/div>\n\t\r\n\r\n\r\n\t\t<\/div>\n\t\t\t\t\t<\/div>\n\n\t\r\n\r\n<\/div>\r\n\r\n\t\t<\/div>\n\n\t\t\n<style>\n#section_1657612385 {\n  padding-top: 0px;\n  padding-bottom: 0px;\n}\n<\/style>\n\t<\/section>\n\t\n","protected":false},"excerpt":{"rendered":"<p>KS-832D i 843D su trenutno jedni od najkonkurentnijih strojeva za rezanje na tr\u017ei\u0161tu, jer nadma\u0161uju ve\u0107inu sli\u010dnih strojeva na tr\u017ei\u0161tu po karakteristikama i opremi, a cijenom su <strong>pristupa\u010dni \u010dak i za malu stolarsku radionicu<\/strong> koja \u017eeli vrhunsku pilu.<\/p>\n<p>Novi 832D i 843D standardno dolaze sa servo motorima za pomicanje predreza\u010da, omogu\u0107uju\u0107i rezove i utore u materijalu.<\/p>\n","protected":false},"featured_media":4661,"comment_status":"closed","ping_status":"closed","template":"","meta":{"_acf_changed":false},"product_brand":[],"product_cat":[52],"product_tag":[],"class_list":{"0":"post-1927","1":"product","2":"type-product","3":"status-publish","4":"has-post-thumbnail","6":"product_cat-raskrajaci","8":"first","9":"instock","10":"shipping-taxable","11":"product-type-simple"},"acf":[],"_links":{"self":[{"href":"https:\/\/kdt-machinery.com\/hr\/wp-json\/wp\/v2\/product\/1927","targetHints":{"allow":["GET"]}}],"collection":[{"href":"https:\/\/kdt-machinery.com\/hr\/wp-json\/wp\/v2\/product"}],"about":[{"href":"https:\/\/kdt-machinery.com\/hr\/wp-json\/wp\/v2\/types\/product"}],"replies":[{"embeddable":true,"href":"https:\/\/kdt-machinery.com\/hr\/wp-json\/wp\/v2\/comments?post=1927"}],"wp:featuredmedia":[{"embeddable":true,"href":"https:\/\/kdt-machinery.com\/hr\/wp-json\/wp\/v2\/media\/4661"}],"wp:attachment":[{"href":"https:\/\/kdt-machinery.com\/hr\/wp-json\/wp\/v2\/media?parent=1927"}],"wp:term":[{"taxonomy":"product_brand","embeddable":true,"href":"https:\/\/kdt-machinery.com\/hr\/wp-json\/wp\/v2\/product_brand?post=1927"},{"taxonomy":"product_cat","embeddable":true,"href":"https:\/\/kdt-machinery.com\/hr\/wp-json\/wp\/v2\/product_cat?post=1927"},{"taxonomy":"product_tag","embeddable":true,"href":"https:\/\/kdt-machinery.com\/hr\/wp-json\/wp\/v2\/product_tag?post=1927"}],"curies":[{"name":"wp","href":"https:\/\/api.w.org\/{rel}","templated":true}]}}