{"id":1928,"date":"2024-05-20T10:31:58","date_gmt":"2024-05-20T10:31:58","guid":{"rendered":"https:\/\/lesmak.intop.si\/izdelek\/kanterica-kdt-ke-665-jska\/"},"modified":"2025-11-19T10:33:25","modified_gmt":"2025-11-19T10:33:25","slug":"kanterica-kdt-ke-665-jska","status":"publish","type":"product","link":"https:\/\/kdt-machinery.com\/hr\/proizvod\/kanterica-kdt-ke-665-jska\/","title":{"rendered":"Kanterica KDT KE-665 JSKA"},"content":{"rendered":"\n\t<section class=\"section no-padding\" id=\"section_1605022618\">\n\t\t<div class=\"section-bg fill\" >\n\t\t\t\t\t\t\t\t\t\n\t\t\t\n\n\t\t<\/div>\n\n\t\t\n\n\t\t<div class=\"section-content relative\">\n\t\t\t\r\n\r\n<div class=\"row\"  id=\"row-1184566145\">\r\n\r\n\n\t<div id=\"col-1583404286\" class=\"col pb-0 small-12 large-12\"  >\n\t\t\t\t<div class=\"col-inner\"  >\n\t\t\t\n\t\t\t\r\n\r\n<h2>Kanterica KDT KE-665 JSKA<\/h2>\r\n<p>Rubno ljepilo KDT KE-665 JSKA je obnovljeni model najprodavanijeg ljepila na europskom tr\u017ei\u0161tu. To je optimalan odnos izme\u0111u iznimne pouzdanosti, veli\u010dine, produktivnosti i pristupa\u010dne cijene. Osim toga, odr\u017eavanje je vrlo jednostavno i pristupa\u010dno.<\/p>\r\n<p>Zbog svoje manje veli\u010dine (5,8m du\u017eine) namijenjen je kako manjim tvrtkama tako i velikim tvrtkama, stroj je natprosje\u010dno produktivan i pouzdan, ponajprije zbog jake baze stroja (konstrukcije) i industrijskih agregata. To zna\u010di da se stroj mo\u017ee koristiti 24 sata dnevno, 7 dana u tjednu, uz odr\u017eavanje visokih standarda kvalitete.<\/p>\r\n\r\n\t<div id=\"gap-411688211\" class=\"gap-element clearfix\" style=\"display:block; height:auto;\">\n\t\t\n<style>\n#gap-411688211 {\n  padding-top: 15px;\n}\n@media (min-width:550px) {\n  #gap-411688211 {\n    padding-top: 30px;\n  }\n}\n<\/style>\n\t<\/div>\n\t\r\n\r\n\r\n\t\t<\/div>\n\t\t\t\t\t<\/div>\n\n\t\r\n\r\n<\/div>\r\n\r\n\t\t<\/div>\n\n\t\t\n<style>\n#section_1605022618 {\n  padding-top: 0px;\n  padding-bottom: 0px;\n}\n<\/style>\n\t<\/section>\n\t\r\n\n\t<section class=\"section no-padding\" id=\"section_417277477\">\n\t\t<div class=\"section-bg fill\" >\n\t\t\t\t\t\t\t\t\t\n\t\t\t\n\n\t\t<\/div>\n\n\t\t\n\n\t\t<div class=\"section-content relative\">\n\t\t\t\r\n\r\n<div class=\"row\"  id=\"row-2058408931\">\r\n\r\n\n\t<div id=\"col-136394317\" class=\"col pb-0 small-12 large-12\"  >\n\t\t\t\t<div class=\"col-inner\"  >\n\t\t\t\n\t\t\t\r\n\r\n\r\n\r\n<p class=\"divider-lesmak\"><\/p>\r\n\r\n\t<div id=\"gap-1157107515\" class=\"gap-element clearfix\" style=\"display:block; height:auto;\">\n\t\t\n<style>\n#gap-1157107515 {\n  padding-top: 23px;\n}\n@media (min-width:550px) {\n  #gap-1157107515 {\n    padding-top: 38px;\n  }\n}\n<\/style>\n\t<\/div>\n\t\r\n\r\n<h3>Radni agregati<\/h3>\r\n<p>DIA predglodalice, nano\u0161enje ljepila, tla\u010dna zona od 5 valjaka, blanje, nagibne glodalice, rondomat 2 motora, okrugli i ravni struga\u010di, \u010detke, nano\u0161enje teku\u0107ine.<\/p>\r\n\r\n\t<div id=\"gap-1096302788\" class=\"gap-element clearfix\" style=\"display:block; height:auto;\">\n\t\t\n<style>\n#gap-1096302788 {\n  padding-top: 15px;\n}\n@media (min-width:550px) {\n  #gap-1096302788 {\n    padding-top: 30px;\n  }\n}\n<\/style>\n\t<\/div>\n\t\r\n\r\n\r\n\t\t<\/div>\n\t\t\t\t\t<\/div>\n\n\t\r\n\r\n<\/div>\r\n\r\n\t\t<\/div>\n\n\t\t\n<style>\n#section_417277477 {\n  padding-top: 0px;\n  padding-bottom: 0px;\n}\n<\/style>\n\t<\/section>\n\t\r\n\n\t<section class=\"section no-padding\" id=\"section_788273138\">\n\t\t<div class=\"section-bg fill\" >\n\t\t\t\t\t\t\t\t\t\n\t\t\t\n\n\t\t<\/div>\n\n\t\t\n\n\t\t<div class=\"section-content relative\">\n\t\t\t\r\n\r\n<div class=\"row\"  id=\"row-431797311\">\r\n\r\n\n\t<div id=\"col-531814812\" class=\"col pb-0 small-12 large-12\"  >\n\t\t\t\t<div class=\"col-inner\"  >\n\t\t\t\n\t\t\t\r\n\r\n\r\n\r\n<p class=\"divider-lesmak\"><\/p>\r\n\r\n\t<div id=\"gap-197736952\" class=\"gap-element clearfix\" style=\"display:block; height:auto;\">\n\t\t\n<style>\n#gap-197736952 {\n  padding-top: 23px;\n}\n@media (min-width:550px) {\n  #gap-197736952 {\n    padding-top: 38px;\n  }\n}\n<\/style>\n\t<\/div>\n\t\r\n\r\n<h3>Osnovne zna\u010dajke stroja<\/h3>\r\n<ul>\r\n<li>Brzina kretanja 16-23 m\/min<\/li>\r\n<li>Pneumatski pokreti za zonu pritiska, nagibni reza\u010d i okrugli postgala<\/li>\r\n<li>Industrijsko ra\u010dunalo<\/li>\r\n<li>Intuitivni softver za jednostavan i brz rad - 12 programa rada<\/li>\r\n<li>Visina obrade 10 - 60 mm<\/li>\r\n<li>Dimenzije 5850x940x1960 mm, te\u017eina 2500 kg.<\/li>\r\n<\/ul>\r\n\r\n\t<div id=\"gap-765920865\" class=\"gap-element clearfix\" style=\"display:block; height:auto;\">\n\t\t\n<style>\n#gap-765920865 {\n  padding-top: 15px;\n}\n@media (min-width:550px) {\n  #gap-765920865 {\n    padding-top: 30px;\n  }\n}\n<\/style>\n\t<\/div>\n\t\r\n\r\n\r\n\t\t<\/div>\n\t\t\t\t\t<\/div>\n\n\t\r\n\r\n<\/div>\r\n\r\n\t\t<\/div>\n\n\t\t\n<style>\n#section_788273138 {\n  padding-top: 0px;\n  padding-bottom: 0px;\n}\n<\/style>\n\t<\/section>\n\t\r\n\n\t<section class=\"section no-padding\" id=\"section_327133419\">\n\t\t<div class=\"section-bg fill\" >\n\t\t\t\t\t\t\t\t\t\n\t\t\t\n\n\t\t<\/div>\n\n\t\t\n\n\t\t<div class=\"section-content relative\">\n\t\t\t\r\n\r\n<div class=\"row\"  id=\"row-571620753\">\r\n\r\n\n\t<div id=\"col-1757476541\" class=\"col pb-0 small-12 large-12\"  >\n\t\t\t\t<div class=\"col-inner\"  >\n\t\t\t\n\t\t\t\r\n\r\n\r\n\r\n<p class=\"divider-lesmak\"><\/p>\r\n\r\n\t<div id=\"gap-1964317592\" class=\"gap-element clearfix\" style=\"display:block; height:auto;\">\n\t\t\n<style>\n#gap-1964317592 {\n  padding-top: 23px;\n}\n@media (min-width:550px) {\n  #gap-1964317592 {\n    padding-top: 38px;\n  }\n}\n<\/style>\n\t<\/div>\n\t\r\n\r\n<h3>Prednosti industrijske gradnje<\/h3>\r\n<p>Vrlo robusna monolitna i kruta konstrukcija stroja, koja je dimenzionirana najsuvremenijim alatima, 3D programima za prora\u010dun i projektiranje, osigurava visoku stabilnost i omogu\u0107uje kontinuirani rad stroja 24 sata dnevno, 7 dana u tjednu, odr\u017eavanje visokih standarda kvalitete. KDT koristi najnoviju tehnologiju za izradu monolitnih okvira, uz odabir najkvalitetnijeg materijala, robotsko zavarivanje, umjetno starenje za rastere\u0107enje konstrukcije i glodanje na najsuvremenijim CNC strojevima.<\/p>\r\n<p>KDT vam jam\u010di najpouzdaniji rad kroz sate i sate, dane i dane kori\u0161tenja, bez stalnog pode\u0161avanja stroja.<\/p>\r\n\r\n\t<div id=\"gap-1161694170\" class=\"gap-element clearfix\" style=\"display:block; height:auto;\">\n\t\t\n<style>\n#gap-1161694170 {\n  padding-top: 15px;\n}\n@media (min-width:550px) {\n  #gap-1161694170 {\n    padding-top: 30px;\n  }\n}\n<\/style>\n\t<\/div>\n\t\r\n\r\n\r\n\t\t<\/div>\n\t\t\t\t\t<\/div>\n\n\t\r\n\r\n<\/div>\r\n\r\n\t\t<\/div>\n\n\t\t\n<style>\n#section_327133419 {\n  padding-top: 0px;\n  padding-bottom: 0px;\n}\n<\/style>\n\t<\/section>\n\t\r\n\n\t<section class=\"section no-padding\" id=\"section_806320771\">\n\t\t<div class=\"section-bg fill\" >\n\t\t\t\t\t\t\t\t\t\n\t\t\t\n\n\t\t<\/div>\n\n\t\t\n\n\t\t<div class=\"section-content relative\">\n\t\t\t\r\n\r\n<div class=\"row\"  id=\"row-1184385509\">\r\n\r\n\n\t<div id=\"col-1202167805\" class=\"col pb-0 small-12 large-12\"  >\n\t\t\t\t<div class=\"col-inner\"  >\n\t\t\t\n\t\t\t\r\n\r\n\r\n\r\n<p class=\"divider-lesmak\"><\/p>\r\n\r\n\t<div id=\"gap-106542920\" class=\"gap-element clearfix\" style=\"display:block; height:auto;\">\n\t\t\n<style>\n#gap-106542920 {\n  padding-top: 23px;\n}\n@media (min-width:550px) {\n  #gap-106542920 {\n    padding-top: 38px;\n  }\n}\n<\/style>\n\t<\/div>\n\t\r\n\r\n<h3>Najbolja posuda za ljepilo<\/h3>\r\n<p>Moderni kotli\u0107 za izmjenu ljepila omogu\u0107uje jednostavno kori\u0161tenje EVA i PUR ljepila. Omogu\u0107uje jednostavnu automatsku promjenu ljepila uz pomo\u0107 dodatne komore za su\u0161enje, odr\u017eavanje i predgrijavanje kotla za ljepilo.<\/p>\r\n<p>Dodatni kotli\u0107 (opcija) mo\u017ee se predgrijati bez kori\u0161tenja stroja, \u0161to zna\u010di da ne gubimo dragocjeno vrijeme pri promjeni vrste ljepila. To zna\u010di da mo\u017eemo upotrijebiti 2 razli\u010dita ljepila unutar 2 do 3 minute, \u0161to je impresivno.<\/p>\r\n<p>Prethodno zagrijavanje ljepila omogu\u0107uje stalno dodavanje minimalne koli\u010dine ljepila u glavni kotao. To osigurava najsvje\u017eije ljepilo tijekom cijele upotrebe i posljedi\u010dno bolju kvalitetu spojeva.<\/p>\r\n\r\n\t<div id=\"gap-558128904\" class=\"gap-element clearfix\" style=\"display:block; height:auto;\">\n\t\t\n<style>\n#gap-558128904 {\n  padding-top: 15px;\n}\n@media (min-width:550px) {\n  #gap-558128904 {\n    padding-top: 30px;\n  }\n}\n<\/style>\n\t<\/div>\n\t\r\n\r\n\r\n\t\t<\/div>\n\t\t\t\t\t<\/div>\n\n\t\r\n\r\n<\/div>\r\n\r\n\t\t<\/div>\n\n\t\t\n<style>\n#section_806320771 {\n  padding-top: 0px;\n  padding-bottom: 0px;\n}\n<\/style>\n\t<\/section>\n\t\r\n\n\t<section class=\"section no-padding\" id=\"section_1830355246\">\n\t\t<div class=\"section-bg fill\" >\n\t\t\t\t\t\t\t\t\t\n\t\t\t\n\n\t\t<\/div>\n\n\t\t\n\n\t\t<div class=\"section-content relative\">\n\t\t\t\r\n\r\n<div class=\"row\"  id=\"row-1696501934\">\r\n\r\n\n\t<div id=\"col-994991516\" class=\"col pb-0 small-12 large-12\"  >\n\t\t\t\t<div class=\"col-inner\"  >\n\t\t\t\n\t\t\t\r\n\r\n\r\n\r\n<p class=\"divider-lesmak\"><\/p>\r\n\r\n\t<div id=\"gap-297266534\" class=\"gap-element clearfix\" style=\"display:block; height:auto;\">\n\t\t\n<style>\n#gap-297266534 {\n  padding-top: 23px;\n}\n@media (min-width:550px) {\n  #gap-297266534 {\n    padding-top: 38px;\n  }\n}\n<\/style>\n\t<\/div>\n\t\r\n\r\n<h3>Pneumatska kretanja agregata<\/h3>\r\n<p>Pneumatskim i ru\u010dnim pode\u0161avanjem mo\u017eemo posti\u0107i savr\u0161eniji izgled s razli\u010ditim debljinama tankih traka. Numeri\u010dki pokazatelji omogu\u0107uju nam jednostavno i pouzdano postavljanje stroja.<\/p>\r\n\r\n\t<div id=\"gap-506789707\" class=\"gap-element clearfix\" style=\"display:block; height:auto;\">\n\t\t\n<style>\n#gap-506789707 {\n  padding-top: 15px;\n}\n@media (min-width:550px) {\n  #gap-506789707 {\n    padding-top: 30px;\n  }\n}\n<\/style>\n\t<\/div>\n\t\r\n\r\n\r\n\t\t<\/div>\n\t\t\t\t\t<\/div>\n\n\t\r\n\r\n<\/div>\r\n\r\n\t\t<\/div>\n\n\t\t\n<style>\n#section_1830355246 {\n  padding-top: 0px;\n  padding-bottom: 0px;\n}\n<\/style>\n\t<\/section>\n\t\r\n\n\t<section class=\"section no-padding\" id=\"section_707894801\">\n\t\t<div class=\"section-bg fill\" >\n\t\t\t\t\t\t\t\t\t\n\t\t\t\n\n\t\t<\/div>\n\n\t\t\n\n\t\t<div class=\"section-content relative\">\n\t\t\t\r\n\r\n<div class=\"row\"  id=\"row-295017907\">\r\n\r\n\n\t<div id=\"col-1529503890\" class=\"col pb-0 small-12 large-12\"  >\n\t\t\t\t<div class=\"col-inner\"  >\n\t\t\t\n\t\t\t\r\n\r\n\r\n\r\n<p class=\"divider-lesmak\"><\/p>\r\n\r\n\t<div id=\"gap-1788345750\" class=\"gap-element clearfix\" style=\"display:block; height:auto;\">\n\t\t\n<style>\n#gap-1788345750 {\n  padding-top: 23px;\n}\n@media (min-width:550px) {\n  #gap-1788345750 {\n    padding-top: 38px;\n  }\n}\n<\/style>\n\t<\/div>\n\t\r\n\r\n<h3>Pogonski remen umjesto kota\u010da (opcija)<\/h3>\r\n<p>Ve\u0107ina industrijskih drobilica nudi dodatni gornji remen za pomicanje obradaka kroz stroj. Kada remen obujmi izradak, manje je izlo\u017een kontaktu i mogu\u0107nosti lijepljenja pra\u0161ine na povr\u0161inu izratka. Preporu\u010dljivo za kori\u0161tenje na vrlo osjetljivim povr\u0161inama.<\/p>\r\n\r\n\t<div id=\"gap-1730643277\" class=\"gap-element clearfix\" style=\"display:block; height:auto;\">\n\t\t\n<style>\n#gap-1730643277 {\n  padding-top: 15px;\n}\n@media (min-width:550px) {\n  #gap-1730643277 {\n    padding-top: 30px;\n  }\n}\n<\/style>\n\t<\/div>\n\t\r\n\r\n\r\n\t\t<\/div>\n\t\t\t\t\t<\/div>\n\n\t\r\n\r\n<\/div>\r\n\r\n\t\t<\/div>\n\n\t\t\n<style>\n#section_707894801 {\n  padding-top: 0px;\n  padding-bottom: 0px;\n}\n<\/style>\n\t<\/section>\n\t\r\n\n\t<section class=\"section no-padding\" id=\"section_1289403285\">\n\t\t<div class=\"section-bg fill\" >\n\t\t\t\t\t\t\t\t\t\n\t\t\t\n\n\t\t<\/div>\n\n\t\t\n\n\t\t<div class=\"section-content relative\">\n\t\t\t\r\n\r\n<div class=\"row\"  id=\"row-1299428001\">\r\n\r\n\n\t<div id=\"col-2113112022\" class=\"col pb-0 small-12 large-12\"  >\n\t\t\t\t<div class=\"col-inner\"  >\n\t\t\t\n\t\t\t\r\n\r\n\r\n\r\n<p class=\"divider-lesmak\"><\/p>\r\n\r\n\t<div id=\"gap-1517829083\" class=\"gap-element clearfix\" style=\"display:block; height:auto;\">\n\t\t\n<style>\n#gap-1517829083 {\n  padding-top: 23px;\n}\n@media (min-width:550px) {\n  #gap-1517829083 {\n    padding-top: 38px;\n  }\n}\n<\/style>\n\t<\/div>\n\t\r\n\r\n<h3>U\u010dinkovita ekstrakcija<\/h3>\r\n<p>Stroj ve\u0107 standardno ima ugra\u0111ene usisne priklju\u010dke. Imaju ve\u0107i promjer, \u0161to osigurava u\u010dinkovitije usisavanje. <\/p>\r\n\r\n\t<div id=\"gap-1554269877\" class=\"gap-element clearfix\" style=\"display:block; height:auto;\">\n\t\t\n<style>\n#gap-1554269877 {\n  padding-top: 15px;\n}\n@media (min-width:550px) {\n  #gap-1554269877 {\n    padding-top: 30px;\n  }\n}\n<\/style>\n\t<\/div>\n\t\r\n\r\n\r\n\t\t<\/div>\n\t\t\t\t\t<\/div>\n\n\t\r\n\r\n<\/div>\r\n\r\n\t\t<\/div>\n\n\t\t\n<style>\n#section_1289403285 {\n  padding-top: 0px;\n  padding-bottom: 0px;\n}\n<\/style>\n\t<\/section>\n\t\r\n\n\t<section class=\"section no-padding\" id=\"section_906611725\">\n\t\t<div class=\"section-bg fill\" >\n\t\t\t\t\t\t\t\t\t\n\t\t\t\n\n\t\t<\/div>\n\n\t\t\n\n\t\t<div class=\"section-content relative\">\n\t\t\t\r\n\r\n<div class=\"row\"  id=\"row-190265390\">\r\n\r\n\n\t<div id=\"col-1404908033\" class=\"col pb-0 small-12 large-12\"  >\n\t\t\t\t<div class=\"col-inner\"  >\n\t\t\t\n\t\t\t\r\n\r\n\r\n\r\n<p class=\"divider-lesmak\"><\/p>\r\n\r\n\t<div id=\"gap-1137291481\" class=\"gap-element clearfix\" style=\"display:block; height:auto;\">\n\t\t\n<style>\n#gap-1137291481 {\n  padding-top: 23px;\n}\n@media (min-width:550px) {\n  #gap-1137291481 {\n    padding-top: 38px;\n  }\n}\n<\/style>\n\t<\/div>\n\t\r\n\r\n<h3>2 razli\u010dite jedinice za nano\u0161enje teku\u0107ine<\/h3>\r\n<p>Za savr\u0161ene kona\u010dne rezultate, KDT rubna ljepila opremljena su primjenom sredstva za odvajanje i \u010di\u0161\u0107enje.<\/p>\r\n<p>Sredstvo za odvajanje sprje\u010dava da se vi\u0161ak ljepila zalijepi za gornju i donju povr\u0161inu, a sredstvo za \u010di\u0161\u0107enje poma\u017ee da \u010detke i struga\u010di budu u\u010dinkovitiji.<\/p>\r\n\r\n\t<div id=\"gap-1748144381\" class=\"gap-element clearfix\" style=\"display:block; height:auto;\">\n\t\t\n<style>\n#gap-1748144381 {\n  padding-top: 15px;\n}\n@media (min-width:550px) {\n  #gap-1748144381 {\n    padding-top: 30px;\n  }\n}\n<\/style>\n\t<\/div>\n\t\r\n\r\n\r\n\t\t<\/div>\n\t\t\t\t\t<\/div>\n\n\t\r\n\r\n<\/div>\r\n\r\n\t\t<\/div>\n\n\t\t\n<style>\n#section_906611725 {\n  padding-top: 0px;\n  padding-bottom: 0px;\n}\n<\/style>\n\t<\/section>\n\t\r\n\n\t<section class=\"section no-padding\" id=\"section_1352506020\">\n\t\t<div class=\"section-bg fill\" >\n\t\t\t\t\t\t\t\t\t\n\t\t\t\n\n\t\t<\/div>\n\n\t\t\n\n\t\t<div class=\"section-content relative\">\n\t\t\t\r\n\r\n<div class=\"row\"  id=\"row-1519066736\">\r\n\r\n\n\t<div id=\"col-372335062\" class=\"col pb-0 small-12 large-12\"  >\n\t\t\t\t<div class=\"col-inner\"  >\n\t\t\t\n\t\t\t\r\n\r\n\r\n\r\n<p class=\"divider-lesmak\"><\/p>\r\n\r\n\t<div id=\"gap-1732177047\" class=\"gap-element clearfix\" style=\"display:block; height:auto;\">\n\t\t\n<style>\n#gap-1732177047 {\n  padding-top: 23px;\n}\n@media (min-width:550px) {\n  #gap-1732177047 {\n    padding-top: 38px;\n  }\n}\n<\/style>\n\t<\/div>\n\t\r\n\r\n<h3>Dvostruki rondomat za savr\u0161eno obra\u0111ene kutove<\/h3>\r\n<p>Rondomat je opremljen s dva visokofrekventna motora i pneumatskim pode\u0161avanjem polo\u017eaja u dva polo\u017eaja. Omogu\u0107uje obradu 4 razli\u010dita kutna profila, ravnih i zaobljenih (softforming).<\/p>\r\n<p>Ovaj rondomat omogu\u0107uje obradu opti\u010dki savr\u0161enog kuta bez ru\u010dne korekcije.<\/p>\r\n\r\n\t<div id=\"gap-1005588639\" class=\"gap-element clearfix\" style=\"display:block; height:auto;\">\n\t\t\n<style>\n#gap-1005588639 {\n  padding-top: 15px;\n}\n@media (min-width:550px) {\n  #gap-1005588639 {\n    padding-top: 30px;\n  }\n}\n<\/style>\n\t<\/div>\n\t\r\n\r\n\r\n\t\t<\/div>\n\t\t\t\t\t<\/div>\n\n\t\r\n\r\n<\/div>\r\n\r\n\t\t<\/div>\n\n\t\t\n<style>\n#section_1352506020 {\n  padding-top: 0px;\n  padding-bottom: 0px;\n}\n<\/style>\n\t<\/section>\n\t\r\n\n\t<section class=\"section no-padding\" id=\"section_966955454\">\n\t\t<div class=\"section-bg fill\" >\n\t\t\t\t\t\t\t\t\t\n\t\t\t\n\n\t\t<\/div>\n\n\t\t\n\n\t\t<div class=\"section-content relative\">\n\t\t\t\r\n\r\n<div class=\"row\"  id=\"row-1814107976\">\r\n\r\n\n\t<div id=\"col-697633184\" class=\"col pb-0 small-12 large-12\"  >\n\t\t\t\t<div class=\"col-inner\"  >\n\t\t\t\n\t\t\t\r\n\r\n\r\n\r\n<p class=\"divider-lesmak\"><\/p>\r\n\r\n\t<div id=\"gap-710124874\" class=\"gap-element clearfix\" style=\"display:block; height:auto;\">\n\t\t\n<style>\n#gap-710124874 {\n  padding-top: 23px;\n}\n@media (min-width:550px) {\n  #gap-710124874 {\n    padding-top: 38px;\n  }\n}\n<\/style>\n\t<\/div>\n\t\r\n\r\n<h3>Okrugla i ravna strugala za vrhunsku zavr\u0161nu obradu<\/h3>\r\n<p class=\"mb-0\">Industrijski struga\u010di rade svoj posao bolje od ve\u0107ine strojeva na tr\u017ei\u0161tu. Stabilnost tijekom obrade, veliki promjeri kopirnih kota\u010da, u\u010dinkovito usisavanje, pneumatska klije\u0161ta za skidanje strugotine s obratka.<\/p>\r\n\r\n\r\n\t\t<\/div>\n\t\t\t\t\t<\/div>\n\n\t\r\n\r\n<\/div>\r\n\r\n\t\t<\/div>\n\n\t\t\n<style>\n#section_966955454 {\n  padding-top: 0px;\n  padding-bottom: 0px;\n}\n<\/style>\n\t<\/section>\n\t\r\n<iframe width=\"560\" height=\"315\" \r\nsrc=\"https:\/\/www.youtube.com\/embed\/O__kMn2mrdY\" \r\ntitle=\"YouTube video player\" frameborder=\"0\" \r\nallow=\"accelerometer; autoplay; clipboard-write; encrypted-media; gyroscope; picture-in-picture; web-share\" \r\nallowfullscreen><\/iframe>\n","protected":false},"excerpt":{"rendered":"<p><strong>KDT KE-665 JSKA kanterica je obnovljeni model najprodavanije kanterice na europskom tr\u017ei\u0161tu<\/strong>. Posprema 16-23 m\/min, industrijski agregati, kompletna oprema, pneumatske postavke. To je optimalan odnos izme\u0111u iznimne pouzdanosti, veli\u010dine, produktivnosti i pristupa\u010dne cijene. Osim toga, odr\u017eavanje je vrlo jednostavno i pristupa\u010dno.<\/p>\n","protected":false},"featured_media":1321,"comment_status":"closed","ping_status":"closed","template":"","meta":{"_acf_changed":false},"product_brand":[],"product_cat":[54],"product_tag":[],"class_list":{"0":"post-1928","1":"product","2":"type-product","3":"status-publish","4":"has-post-thumbnail","6":"product_cat-kanterice","8":"first","9":"instock","10":"shipping-taxable","11":"product-type-simple"},"acf":[],"_links":{"self":[{"href":"https:\/\/kdt-machinery.com\/hr\/wp-json\/wp\/v2\/product\/1928","targetHints":{"allow":["GET"]}}],"collection":[{"href":"https:\/\/kdt-machinery.com\/hr\/wp-json\/wp\/v2\/product"}],"about":[{"href":"https:\/\/kdt-machinery.com\/hr\/wp-json\/wp\/v2\/types\/product"}],"replies":[{"embeddable":true,"href":"https:\/\/kdt-machinery.com\/hr\/wp-json\/wp\/v2\/comments?post=1928"}],"wp:featuredmedia":[{"embeddable":true,"href":"https:\/\/kdt-machinery.com\/hr\/wp-json\/wp\/v2\/media\/1321"}],"wp:attachment":[{"href":"https:\/\/kdt-machinery.com\/hr\/wp-json\/wp\/v2\/media?parent=1928"}],"wp:term":[{"taxonomy":"product_brand","embeddable":true,"href":"https:\/\/kdt-machinery.com\/hr\/wp-json\/wp\/v2\/product_brand?post=1928"},{"taxonomy":"product_cat","embeddable":true,"href":"https:\/\/kdt-machinery.com\/hr\/wp-json\/wp\/v2\/product_cat?post=1928"},{"taxonomy":"product_tag","embeddable":true,"href":"https:\/\/kdt-machinery.com\/hr\/wp-json\/wp\/v2\/product_tag?post=1928"}],"curies":[{"name":"wp","href":"https:\/\/api.w.org\/{rel}","templated":true}]}}