{"id":1933,"date":"2024-05-20T08:39:36","date_gmt":"2024-05-20T08:39:36","guid":{"rendered":"https:\/\/lesmak.intop.si\/izdelek\/protocni-cnc-stroj-kdt-kn-612-khsa\/"},"modified":"2024-05-20T08:39:36","modified_gmt":"2024-05-20T08:39:36","slug":"protocni-cnc-stroj-kdt-kn-612-khsa","status":"publish","type":"product","link":"https:\/\/kdt-machinery.com\/hr\/proizvod\/protocni-cnc-stroj-kdt-kn-612-khsa\/","title":{"rendered":"Proto\u010dni CNC stroj KDT KN-612 KHSA"},"content":{"rendered":"<div class=\"row align-middle\"  id=\"row-1738820618\">\n\n\n\t<div id=\"col-2045472597\" class=\"col pb-0 medium-6 small-12 large-6\"  >\n\t\t\t\t<div class=\"col-inner\"  >\n\t\t\t\n\t\t\t\n\n\t<div id=\"gap-228816642\" class=\"gap-element clearfix show-for-small\" style=\"display:block; height:auto;\">\n\t\t\n<style>\n#gap-228816642 {\n  padding-top: 15px;\n}\n@media (min-width:550px) {\n  #gap-228816642 {\n    padding-top: 30px;\n  }\n}\n<\/style>\n\t<\/div>\n\t\n\n<h2>Proto\u010dni CNC stroj KDT KN-612 KHSA<\/h2>\n<p style=\"font-weight: 500;\">CNC KDT KN-612 KHSA proto\u010dni automatski stroj iznimno je produktivan CNC stroj za bu\u0161enje i glodanje s tri neovisne glave za bu\u0161enje za u\u010dinkovitiji rad i ve\u0107u produktivnost, te<b>< strong> dva agregata za mljevenje (5 kW i 3,4 KW)<\/strong><\/b>. Stroj je opremljen s dvije neovisne glave za bu\u0161enje<b><strong>s 18 + 18 svrdla iznad i jednom jedinicom za bu\u0161enje sa 9 svrdala ispod.<\/strong><\/b><\/p>\n\n\n\t\t<\/div>\n\t\t\t\t\t<\/div>\n\n\t\n\n\t<div id=\"col-1379382052\" class=\"col pb-0 medium-6 small-12 large-6 small-col-first\"  >\n\t\t\t\t<div class=\"col-inner\"  >\n\t\t\t\n\t\t\t\n\n<div class=\"video video-fit mb mb-0\" style=\"padding-top:56.25%;\"><p><iframe loading=\"lazy\" title=\"Avtomatska vrtalna linija z robotom KDT ( Mesedge) KN-612 KHSA\" width=\"1020\" height=\"574\" src=\"https:\/\/www.youtube.com\/embed\/00b43xDuJOk?feature=oembed\" frameborder=\"0\" allow=\"accelerometer; autoplay; clipboard-write; encrypted-media; gyroscope; picture-in-picture; web-share\" referrerpolicy=\"strict-origin-when-cross-origin\" allowfullscreen><\/iframe><\/p>\n<\/div>\n\n\n\t\t<\/div>\n\t\t\t\t\t<\/div>\n\n\t\n\n<\/div>\n\n\t<section class=\"section no-padding\" id=\"section_276802499\">\n\t\t<div class=\"section-bg fill\" >\n\t\t\t\t\t\t\t\t\t\n\t\t\t\n\n\t\t<\/div>\n\n\t\t\n\n\t\t<div class=\"section-content relative\">\n\t\t\t\n\n<div class=\"row\"  id=\"row-508640144\">\n\n\n\t<div id=\"col-111899678\" class=\"col pb-0 small-12 large-12\"  >\n\t\t\t\t<div class=\"col-inner\"  >\n\t\t\t\n\t\t\t\n\n\t<div id=\"gap-2144941583\" class=\"gap-element clearfix\" style=\"display:block; height:auto;\">\n\t\t\n<style>\n#gap-2144941583 {\n  padding-top: 15px;\n}\n@media (min-width:550px) {\n  #gap-2144941583 {\n    padding-top: 30px;\n  }\n}\n<\/style>\n\t<\/div>\n\t\n\n\n\t\t<\/div>\n\t\t\t\t\t<\/div>\n\n\t\n\n<\/div>\n\n\t\t<\/div>\n\n\t\t\n<style>\n#section_276802499 {\n  padding-top: 0px;\n  padding-bottom: 0px;\n}\n<\/style>\n\t<\/section>\n\t\n\n\t<section class=\"section no-padding\" id=\"section_1239746567\">\n\t\t<div class=\"section-bg fill\" >\n\t\t\t\t\t\t\t\t\t\n\t\t\t\n\n\t\t<\/div>\n\n\t\t\n\n\t\t<div class=\"section-content relative\">\n\t\t\t\n\n<div class=\"row\"  id=\"row-377160604\">\n\n\n\t<div id=\"col-1664648116\" class=\"col pb-0 small-12 large-12\"  >\n\t\t\t\t<div class=\"col-inner\"  >\n\t\t\t\n\t\t\t\n\n\n\n<p class=\"divider-lesmak\"><\/p>\n\n\t<div id=\"gap-1238279099\" class=\"gap-element clearfix\" style=\"display:block; height:auto;\">\n\t\t\n<style>\n#gap-1238279099 {\n  padding-top: 23px;\n}\n@media (min-width:550px) {\n  #gap-1238279099 {\n    padding-top: 38px;\n  }\n}\n<\/style>\n\t<\/div>\n\t\n\n<h3>Zna\u010dajke stroja KDT KN-612 KHSA<\/h3>\n<p style=\"font-weight: 500;\"><b><strong>Naprava za transport s valjcima<\/strong><\/b> omogu\u0107uje automatsko pomicanje obratka u i iz stroja. QR skener (Datalogic optics system) postavljen je na ulazu, na nosa\u010du. On <b><strong>automatski skenira svaki komad i aktivira odre\u0111eni program<\/strong><\/b> za obradu obratka. To \u0161tedi mnogo vremena i energije i zna\u010dajno pove\u0107ava produktivnost.<\/p>\n<p style=\"font-weight: 500;\">Stroj ne zahtijeva nikakvu dodatnu korisni\u010dku aktivaciju tijekom obrade. Sve je automatski.<\/p>\n<p style=\"font-weight: 500;\">Kapacitet obrade <b><strong>do 210 radnih komada\/sat<\/strong><\/b> ili<b><strong>od 720 do 1680 radnika po radnoj smjeni (8 sati).<\/strong><\/b><\/p>\n<p style=\"font-weight: 500;\">Gornja jedinica za bu\u0161enje ima <b><strong>integriranu stra\u017enju pilu za proreze.<\/strong><\/b><\/p>\n<p>Stroj je opremljen parom neovisnih klije\u0161ta i automatski detektira rupe kako bi se izbjeglo da se klije\u0161ta zaka\u010de. Duljina vodilica klije\u0161ta je 5500 mm za obradu dugih komada bez hvatanja klije\u0161ta. Dvostruki zra\u010dni radni stol za lak\u0161e pomicanje izradaka, posebno izradaka s osjetljivom povr\u0161inom.<b><strong>Dvostruka klije\u0161ta<\/strong><\/b> za br\u017ei rad i preciznije dr\u017eanje. Pokretna traka za premje\u0161tanje otpadnog materijala iz stroja.<\/p>\n<p>Brzina kretanja klije\u0161ta je <b><strong>140 m\/min,<\/strong><\/b> \u0161to je izuzetno.<\/p>\n<p>Stroj se kontrolira pomo\u0107u korisni\u010dkog softvera KDT DrillTop na DELL mobilnoj kontrolnoj jedinici s okru\u017eenjem Windows. Mogu\u0107e je povezati stroj s programima kao \u0161to su MegaTISCHLER, IMOS, Corpus 3D, LestrojBox, Alphacam i Solidworks.<\/strong><\/b><\/p>\n<p>Program KDT DrilTop jednostavan je za kori\u0161tenje, <b><strong>grafi\u010dki je podr\u017ean (CAD) i parametarski.<\/strong><\/b> Simulacija obrade i radna statistika ve\u0107 su uklju\u010deni u standardni paket.<\/ p><\/p>\n<p>Kori\u0161tenje stroja je jednostavno jer ne zahtijeva mehani\u010dke postavke.<\/p>\n<p>Stroj je siguran za korisnika i proizveden je prema EU standardima. Prilago\u0111ena sigurnosna ograda i sigurnosne foto\u0107elije.<\/p>\n\n\t<div id=\"gap-848583744\" class=\"gap-element clearfix\" style=\"display:block; height:auto;\">\n\t\t\n<style>\n#gap-848583744 {\n  padding-top: 15px;\n}\n@media (min-width:550px) {\n  #gap-848583744 {\n    padding-top: 30px;\n  }\n}\n<\/style>\n\t<\/div>\n\t\n\n\n\t\t<\/div>\n\t\t\t\t\t<\/div>\n\n\t\n\n<\/div>\n\n\t\t<\/div>\n\n\t\t\n<style>\n#section_1239746567 {\n  padding-top: 0px;\n  padding-bottom: 0px;\n}\n<\/style>\n\t<\/section>\n\t\n\n\t<section class=\"section no-padding\" id=\"section_1857022953\">\n\t\t<div class=\"section-bg fill\" >\n\t\t\t\t\t\t\t\t\t\n\t\t\t\n\n\t\t<\/div>\n\n\t\t\n\n\t\t<div class=\"section-content relative\">\n\t\t\t\n\n<div class=\"row\"  id=\"row-1416519073\">\n\n\n\t<div id=\"col-1944357563\" class=\"col pb-0 small-12 large-12\"  >\n\t\t\t\t<div class=\"col-inner\"  >\n\t\t\t\n\t\t\t\n\n\n\n<p class=\"divider-lesmak\"><\/p>\n\n\t<div id=\"gap-1840444529\" class=\"gap-element clearfix\" style=\"display:block; height:auto;\">\n\t\t\n<style>\n#gap-1840444529 {\n  padding-top: 23px;\n}\n@media (min-width:550px) {\n  #gap-1840444529 {\n    padding-top: 38px;\n  }\n}\n<\/style>\n\t<\/div>\n\t\n\n<h3>Tehni\u010dke karakteristike i oprema stroja KDT KN-612 KSA (KHSA)<\/h3>\n<ul class=\"mb-0\">\n<li style=\"font-weight: 500;\">Tri neovisne Protean jedinice za bu\u0161enje s 18 + 18 svrdla (24 okomita + 12 vodoravnih svrdla) i 9 donjih svrdla - ukupno 45 svrdla - obrada svih 6 strana,<\/li>\n<li style=\"font-weight: 500;\">integrirana pila za urezivanje stra\u017enje strane promjera 120 mm,<\/li>\n<li style=\"font-weight: 500;\">2x jedinica za mljevenje - gornja, donja, 5 kW i 3,5 kW s ER25 monta\u017eom,<\/li>\n<li style=\"font-weight: 500;\">DELL ra\u010dunalo (Windows 10) na mobilnoj upravlja\u010dkoj jedinici,<\/li>\n<li style=\"font-weight: 500;\">obrada svih 6 strana izratka,<\/li>\n<li style=\"font-weight: 500;\">dvostruka klije\u0161ta brzina 140 m\/min,<\/li>\n<li style=\"font-weight: 500;\">traka s valjcima sprijeda i straga s mogu\u0107no\u0161\u0107u vra\u0107anja obratka,<\/li>\n<li style=\"font-weight: 500;\">mogu\u0107nost nadogradnje linije robotskom manipulacijom obradacima (utovar, istovar),<\/li>\n<li style=\"font-weight: 500;\">sna\u017ean KDT softver preko DELTA kontrolera i DELL ra\u010dunala s Windows 10 okru\u017eenjem,<\/li>\n<li style=\"font-weight: 500;\">duljina obratka: 250-2850 mm,<\/li>\n<li style=\"font-weight: 500;\">\u0161irina obratka: 50-1200 mm,<\/li>\n<li style=\"font-weight: 500;\">debljina obratka: 9-60 mm,<\/li>\n<li style=\"font-weight: 500;\">brzina kretanja klije\u0161ta: 140 m\/min,<\/li>\n<li style=\"font-weight: 500;\">Brzina Y osi: 75 m\/min,<\/li>\n<li style=\"font-weight: 500;\">ukupne dimenzije: 7100 \u00d7 2855 \u00d7 2190 mm,<\/li>\n<li style=\"font-weight: 500;\">ukupna priklju\u010dna snaga: 30,12 kW,<\/li>\n<li style=\"font-weight: 500;\">te\u017eina:\u00a0 5000 kg.<\/li>\n<\/ul>\n\n\n\t\t<\/div>\n\t\t\t\t\t<\/div>\n\n\t\n\n<\/div>\n\n\t\t<\/div>\n\n\t\t\n<style>\n#section_1857022953 {\n  padding-top: 0px;\n  padding-bottom: 0px;\n}\n<\/style>\n\t<\/section>\n\t\n","protected":false},"excerpt":{"rendered":"<p>Vrhunska proto\u010dna bu\u0161ilica s automatskim <strong>skeniranjem obratka u transportu.<\/strong><\/p>\n<p>Kapacitet obrade <strong>do 210 obradaka\/sat<\/strong> odn<strong>od 720 do 1680 radnika po radnoj smjeni (8 sati).<\/strong><\/p>\n","protected":false},"featured_media":1195,"comment_status":"closed","ping_status":"closed","template":"","meta":{"_acf_changed":false},"product_brand":[],"product_cat":[50],"product_tag":[],"class_list":{"0":"post-1933","1":"product","2":"type-product","3":"status-publish","4":"has-post-thumbnail","6":"product_cat-protocni-cnc-strojevi","8":"first","9":"instock","10":"shipping-taxable","11":"product-type-simple"},"acf":[],"_links":{"self":[{"href":"https:\/\/kdt-machinery.com\/hr\/wp-json\/wp\/v2\/product\/1933","targetHints":{"allow":["GET"]}}],"collection":[{"href":"https:\/\/kdt-machinery.com\/hr\/wp-json\/wp\/v2\/product"}],"about":[{"href":"https:\/\/kdt-machinery.com\/hr\/wp-json\/wp\/v2\/types\/product"}],"replies":[{"embeddable":true,"href":"https:\/\/kdt-machinery.com\/hr\/wp-json\/wp\/v2\/comments?post=1933"}],"wp:featuredmedia":[{"embeddable":true,"href":"https:\/\/kdt-machinery.com\/hr\/wp-json\/wp\/v2\/media\/1195"}],"wp:attachment":[{"href":"https:\/\/kdt-machinery.com\/hr\/wp-json\/wp\/v2\/media?parent=1933"}],"wp:term":[{"taxonomy":"product_brand","embeddable":true,"href":"https:\/\/kdt-machinery.com\/hr\/wp-json\/wp\/v2\/product_brand?post=1933"},{"taxonomy":"product_cat","embeddable":true,"href":"https:\/\/kdt-machinery.com\/hr\/wp-json\/wp\/v2\/product_cat?post=1933"},{"taxonomy":"product_tag","embeddable":true,"href":"https:\/\/kdt-machinery.com\/hr\/wp-json\/wp\/v2\/product_tag?post=1933"}],"curies":[{"name":"wp","href":"https:\/\/api.w.org\/{rel}","templated":true}]}}