{"id":4436,"date":"2025-11-10T11:31:49","date_gmt":"2025-11-10T11:31:49","guid":{"rendered":"https:\/\/kdt-machinery.com\/?post_type=product&#038;p=4436"},"modified":"2026-02-18T12:37:05","modified_gmt":"2026-02-18T12:37:05","slug":"protocni-cnc-stroj-kdt-kd-612nchsd","status":"publish","type":"product","link":"https:\/\/kdt-machinery.com\/hr\/proizvod\/protocni-cnc-stroj-kdt-kd-612nchsd\/","title":{"rendered":"Proto\u010dni CNC stroj KDT KD-612NCHSD"},"content":{"rendered":"<p><strong>PROTO\u010cNI CNC STROJ KDT KN-612 NCHSD<\/strong><\/p>\n<p><strong>KDT KN-612 NCHSD<\/strong> je izuzetno produktivan proto\u010dni stroj za <strong>bu\u0161enje, glodanje i piljenje<\/strong>. Odlikuju ga <strong>tri nezavisne bu\u0161ilice<\/strong>\u00a0koje omogu\u0107uju <strong>obradu dva komada istovremeno<\/strong> i osiguravaju <strong>visoku produktivnost<\/strong>. <strong>Dvije bu\u0161a\u0107e glave<\/strong> postavljene su <strong>odozgo<\/strong>, a <strong>jedna odozdo<\/strong>. Prednost ovog stroja je <strong>bo\u010dno bu\u0161enje s dva agregata s gornje strane<\/strong>. <strong>Donji bu\u0161a\u0107i agregat<\/strong> je kompaktno dizajniran kako bi zauzeo \u0161to manje prostora, \u0161to zna\u010di da je <strong>otvor u radnom stolu manji<\/strong> i <strong>obrada stabilnija i preciznija<\/strong> zahvaljuju\u0107i boljoj potpori obratka tijekom bu\u0161enja.<\/p>\n<p>Stroj ima <strong>ugra\u0111enu utornu pilu \u00d8120 mm<\/strong>, namijenjenu izradi utora za stra\u017enje stranice elemenata.<\/p>\n<p><strong>AI su\u010delje, ve\u0107a bu\u0161ilica i fiksna kutna glava s 4 izlaza<\/strong> osiguravaju naprednu, preciznu i sna\u017enu obradu za bolju iskoristivost stroja i kra\u0107e proizvodno vrijeme.<\/p>\n<p><strong>KN-612 NCHSD<\/strong> ima i <strong>\u010detiri nezavisna glodalna agregata<\/strong> za utore i izreze sa svih \u0161est strana. Novost je <strong>glodalica snage 6 kW<\/strong> s <strong>fiksnom kutnom glavom<\/strong> i <strong>\u010detiri izlaza za bo\u010dne utore<\/strong> na sve \u010detiri strane. <strong>Dodatni donji fiksni glodalni agregat<\/strong> ima <strong>ru\u010dnu izmjenu alata<\/strong>, \u0161to zna\u010di da stroj ima <strong>dva donja glodalna agregata<\/strong> za <strong>dva razli\u010dita alata za utore<\/strong>. <strong>Glavni gornji glodalni agregat 5,5 kW<\/strong> ima <strong>automatsku izmjenu alata sa \u0161est pozicija<\/strong>.<\/p>\n<p><strong>Upravljanje strojem<\/strong> je jednostavno pomo\u0107u <strong>industrijskog ra\u010dunala (Windows)<\/strong> i <strong>softvera KDT DrillTop<\/strong>. Stroj je opremljen <strong>\u010dita\u010dem bar koda<\/strong> za rad s oznakama. Podr\u017eava <strong>ONLINE servis putem TeamViewera<\/strong>, a programe je mogu\u0107e izra\u0111ivati <strong>na stroju ili u uredu<\/strong>. U kompletu je uklju\u010dena i <strong>jednogodi\u0161nja licenca za LestrojBOX<\/strong> za automatsko kreiranje namje\u0161taja.<\/p>\n<p><strong>Dvostrane nezavisne stezaljke<\/strong> omogu\u0107uju <strong>br\u017ei i precizniji rad<\/strong>. <strong>Duljina vodilica stezaljki<\/strong> iznosi <strong>5500 mm<\/strong>, \u0161to omogu\u0107uje <strong>obradu dugih komada bez ponovnog stezanja<\/strong>. <strong>Ulazni zra\u010dni stol<\/strong> omogu\u0107uje lak\u0161e pomicanje obradaka s osjetljivom povr\u0161inom, dok <strong>popre\u010dni transportni sustav<\/strong> omogu\u0107uje izbacivanje obratka iz stroja. <strong>Transportna traka<\/strong> odvodi <strong>otpadni materijal<\/strong>.<\/p>\n<p>Stroj je <strong>jednostavan za uporabu<\/strong>, <strong>ne zahtijeva mehani\u010dke postavke<\/strong> i zahvaljuju\u0107i <strong>sustavu bar koda<\/strong> <strong>nije potreban iskusan operater<\/strong>.<\/p>\n<h3><strong>TEHNI\u010cKE KARAKTERISTIKE:<\/strong><\/h3>\n<ul>\n<li><strong>3 nezavisne bu\u0161ilice<\/strong>\u00a0(ukupno 51 svrdlo)<\/li>\n<li><strong>4 glodalna agregata<\/strong> (gornji 5,5 kW s ATC 6 pozicija, gornji fiksni 6 kW s 4 izlaza, 2 donja po 3,5 kW)<\/li>\n<li><strong>Ugra\u0111ena utorna pila \u00d8120 \u00d7 20 \u00d7 4 mm<\/strong><\/li>\n<li><strong>Dvostrane nezavisne stezaljke<\/strong>, brzina <strong>140 m\/min<\/strong><\/li>\n<li><strong>Obrada sa svih \u0161est strana<\/strong><\/li>\n<li><strong>Ulazni zra\u010dni stol<\/strong> i <strong>izlazni transportni sustav<\/strong><\/li>\n<li><strong>\u010cita\u010d bar koda<\/strong> i <strong>CE sigurnosna za\u0161tita<\/strong><\/li>\n<li><strong>Dimenzije obratka:<\/strong> 70\u20133000 \u00d7 35\u20131220 \u00d7 9\u201360 mm<\/li>\n<li><strong>Brzina kretanja stezaljke:<\/strong> 140 m\/min; <strong>os Y:<\/strong> 90 m\/min; <strong>os Z:<\/strong> 50 m\/min<\/li>\n<li><strong>Priklju\u010dna snaga:<\/strong> maks. 37,22 kW; <strong>te\u017eina:<\/strong> 4000 kg<\/li>\n<\/ul>\n<table class=\"layui-table\">\n<tbody>\n<tr>\n<td>\n<h1><img loading=\"lazy\" decoding=\"async\" class=\"alignnone size-medium wp-image-4431\" src=\"https:\/\/kdt-machinery.com\/wp-content\/uploads\/2025\/11\/view-506x400.webp\" alt=\"\" width=\"506\" height=\"400\" srcset=\"https:\/\/kdt-machinery.com\/wp-content\/uploads\/2025\/11\/view-506x400.webp 506w, https:\/\/kdt-machinery.com\/wp-content\/uploads\/2025\/11\/view-768x607.webp 768w, https:\/\/kdt-machinery.com\/wp-content\/uploads\/2025\/11\/view.webp 888w\" sizes=\"auto, (max-width: 506px) 100vw, 506px\" \/><\/h1>\n<\/td>\n<td class=\"layui-col-space10\"><strong>1. Bu\u0161ilice<\/strong><br \/>\nGornja vertikalna bu\u0161ilica 26V + vodoravna bu\u0161ilica 16H + donja vertikalna bu\u0161ilica 9V. Gornji i donji bu\u0161a\u0107i paketi rade sinkronizirano, pokrivaju \u0161iroku povr\u0161inu, optimiziraju bu\u0161enje i pove\u0107avaju u\u010dinkovitost.<\/td>\n<\/tr>\n<tr>\n<td><img loading=\"lazy\" decoding=\"async\" class=\"alignnone size-full wp-image-4391\" src=\"https:\/\/kdt-machinery.com\/wp-content\/uploads\/2025\/11\/2csd_-320x400-1.webp\" alt=\"\" width=\"320\" height=\"400\" \/><\/td>\n<td class=\"layui-col-space10\"><strong>2. Raspored vretena<\/strong><br \/>\nGornji dio: motor za bo\u010dno glodanje snage 6 kW, s ve\u0107om snagom i u\u010dinkovito\u0161\u0107u za bo\u010dno glodanje. Agregat je montiran neovisno, \u0161to olak\u0161ava ugradnju alata, odr\u017eavanje i servisiranje, a mo\u017ee biti opremljen jednostranim ili \u010detverostranim agregatom.<br \/>\nDonji dio: dvostruko vreteno 3,5 kW \u00d7 2, koje se mo\u017ee opremiti alatima za utore i ravnim glodalicama, \u0161to osigurava ve\u0107u preciznost obrade.<\/td>\n<\/tr>\n<tr>\n<td><img loading=\"lazy\" decoding=\"async\" class=\"alignnone size-full wp-image-4395\" src=\"https:\/\/kdt-machinery.com\/wp-content\/uploads\/2025\/11\/3csd_-523x400-1.webp\" alt=\"\" width=\"523\" height=\"400\" \/><\/td>\n<td class=\"layui-col-space10\"><strong>3. Dvoslojno vreteno sa 6 pozicija za automatsku izmjenu alata (ATC)<\/strong><br \/>\nDva sloja s po 6 pozicija omogu\u0107uju kori\u0161tenje razli\u010ditih alata razli\u010ditih specifikacija. Mogu\u0107e je pohranjivanje vodoravnih no\u017eeva za grubu i laminatnu obradu. Sustav omogu\u0107uje automatsko pode\u0161avanje i detekciju duljine alata.<\/td>\n<\/tr>\n<tr>\n<td><img loading=\"lazy\" decoding=\"async\" class=\"alignnone size-full wp-image-4399\" src=\"https:\/\/kdt-machinery.com\/wp-content\/uploads\/2025\/11\/4csd_.webp\" alt=\"\" width=\"643\" height=\"388\" \/><\/td>\n<td class=\"layui-col-space10\"><strong>4. Pozicijska \u0161ipka s tri le\u017eaja<\/strong><br \/>\nOmogu\u0107uje precizno pozicioniranje manjih plo\u010da bez o\u0161te\u0107enja prilikom promjene stezaljke.<\/td>\n<\/tr>\n<tr>\n<td><img loading=\"lazy\" decoding=\"async\" class=\"alignnone size-full wp-image-4403\" src=\"https:\/\/kdt-machinery.com\/wp-content\/uploads\/2025\/11\/5csd_-536x400-1.webp\" alt=\"\" width=\"536\" height=\"400\" \/><\/td>\n<td class=\"layui-col-space10\"><strong>5. Dvostrajni pozicijski ure\u0111aj<\/strong><br \/>\nMogu\u0107e je birati izme\u0111u dva na\u010dina pozicioniranja ovisno o dimenzijama plo\u010de.<\/td>\n<\/tr>\n<tr>\n<td><img loading=\"lazy\" decoding=\"async\" class=\"alignnone size-full wp-image-4407\" src=\"https:\/\/kdt-machinery.com\/wp-content\/uploads\/2025\/11\/6csd_.webp\" alt=\"\" width=\"658\" height=\"379\" \/><\/td>\n<td class=\"layui-col-space10\"><strong>6. Plutaju\u0107e stezaljke s funkcijom automatskog \u010di\u0161\u0107enja<\/strong><br \/>\nVodilica duljine 5,5 m omogu\u0107uje brzinu kretanja stezaljke do 140 m\/min, pri \u010demu se u\u010dinkovito uklanja pra\u0161ina s povr\u0161ine plo\u010de.<\/td>\n<\/tr>\n<tr>\n<td><img loading=\"lazy\" decoding=\"async\" class=\"alignnone size-full wp-image-4411\" src=\"https:\/\/kdt-machinery.com\/wp-content\/uploads\/2025\/11\/7csd_.webp\" alt=\"\" width=\"500\" height=\"331\" \/><\/td>\n<td class=\"layui-col-space10\"><strong>7. Dvostruka translacijska zra\u010dna platforma (patent)<\/strong><br \/>\nPlutaju\u0107a platforma s vi\u0161e radnih segmenata omogu\u0107uje pametnije izbjegavanje i optimalnu potporu tijekom obrade.<\/td>\n<\/tr>\n<tr>\n<td><img loading=\"lazy\" decoding=\"async\" class=\"alignnone size-full wp-image-4415\" src=\"https:\/\/kdt-machinery.com\/wp-content\/uploads\/2025\/11\/8csd_.webp\" alt=\"\" width=\"651\" height=\"383\" \/><\/td>\n<td class=\"layui-col-space10\"><strong>8. Zra\u010dna pritisna plo\u010da (patent)<\/strong><br \/>\nPokriva veliku povr\u0161inu, osigurava minimalne vibracije tijekom obrade i visoku preciznost, a istovremeno \u0161titi plo\u010du od ogrebotina.<\/td>\n<\/tr>\n<tr>\n<td><img loading=\"lazy\" decoding=\"async\" class=\"alignnone size-full wp-image-4419\" src=\"https:\/\/kdt-machinery.com\/wp-content\/uploads\/2025\/11\/9csd_-744x400-1.webp\" alt=\"\" width=\"744\" height=\"400\" \/><\/td>\n<td class=\"layui-col-space10\"><strong>9. Novi sustav upravljanja<\/strong><br \/>\nPrediktivno bu\u0161enje s inteligentnim AI algoritmom planira optimalnu putanju, a bu\u0161a\u0107a \u0161ipka djeluje unaprijed, pove\u0107avaju\u0107i u\u010dinkovitost za 15%.<\/td>\n<\/tr>\n<tr>\n<td><img loading=\"lazy\" decoding=\"async\" class=\"alignnone size-full wp-image-4423\" src=\"https:\/\/kdt-machinery.com\/wp-content\/uploads\/2025\/11\/10csd_-581x400-1.webp\" alt=\"\" width=\"581\" height=\"400\" \/><\/td>\n<td class=\"layui-col-space10\"><strong>10. Skener (standardno s pi\u0161toljem za skeniranje)<\/strong><br \/>\nOmogu\u0107uje skeniranje etiketa i prepoznavanje radnih datoteka.<\/td>\n<\/tr>\n<tr>\n<td><img loading=\"lazy\" decoding=\"async\" class=\"alignnone size-full wp-image-4427\" src=\"https:\/\/kdt-machinery.com\/wp-content\/uploads\/2025\/11\/11csd_-495x400-1.webp\" alt=\"\" width=\"495\" height=\"400\" \/><\/td>\n<td class=\"layui-col-space10\"><strong>11. Obrade<\/strong><br \/>\nPodr\u017eava razli\u010dite procese i zna\u010dajno pobolj\u0161ava proizvodnu u\u010dinkovitost.<\/td>\n<\/tr>\n<\/tbody>\n<\/table>\n<p><iframe width=\"560\" height=\"315\" \nsrc=\"https:\/\/www.youtube.com\/embed\/7ToZgfnb8Ag\" \ntitle=\"YouTube video player\" frameborder=\"0\" \nallow=\"accelerometer; autoplay; clipboard-write; encrypted-media; gyroscope; picture-in-picture; web-share\" \nallowfullscreen><\/iframe><\/p>\n","protected":false},"excerpt":{"rendered":"<p><strong>Proto\u010dni hibridni CNC stroj KDT KN-612 NCHSD<\/strong> omogu\u0107uje <strong>istodobno bu\u0161enje i glodanje dva obratka<\/strong> te <strong>potpunu obradu svih \u0161est strana<\/strong> s <strong>iznimnom precizno\u0161\u0107u i brzinom<\/strong>.<br \/>\nOpremljen je s <strong>tri nezavisne bu\u0161ilice<\/strong> (ukupno <strong>51 svrdlo<\/strong>), <strong>\u010detiri glodalna agregata s automatskom izmjenom alata<\/strong> i <strong>utorom pilom<\/strong>, \u0161to osigurava <strong>vrhunsku prilagodljivost i u\u010dinkovitost<\/strong>.<br \/>\n<strong>Dvoslojni magazin alata<\/strong> sa <strong>\u0161est pozicija<\/strong> omogu\u0107uje <strong>brzu pripremu i izmjenu alata<\/strong>, dok <strong>proto\u010dni sustav s automatskim vra\u0107anjem obratka<\/strong> osigurava <strong>neprekidan radni ciklus i maksimalnu produktivnost<\/strong>.<\/p>\n","protected":false},"featured_media":5291,"comment_status":"closed","ping_status":"closed","template":"","meta":{"_acf_changed":false},"product_brand":[],"product_cat":[50],"product_tag":[],"class_list":{"0":"post-4436","1":"product","2":"type-product","3":"status-publish","4":"has-post-thumbnail","6":"product_cat-protocni-cnc-strojevi","8":"first","9":"instock","10":"shipping-taxable","11":"product-type-simple"},"acf":[],"_links":{"self":[{"href":"https:\/\/kdt-machinery.com\/hr\/wp-json\/wp\/v2\/product\/4436","targetHints":{"allow":["GET"]}}],"collection":[{"href":"https:\/\/kdt-machinery.com\/hr\/wp-json\/wp\/v2\/product"}],"about":[{"href":"https:\/\/kdt-machinery.com\/hr\/wp-json\/wp\/v2\/types\/product"}],"replies":[{"embeddable":true,"href":"https:\/\/kdt-machinery.com\/hr\/wp-json\/wp\/v2\/comments?post=4436"}],"wp:featuredmedia":[{"embeddable":true,"href":"https:\/\/kdt-machinery.com\/hr\/wp-json\/wp\/v2\/media\/5291"}],"wp:attachment":[{"href":"https:\/\/kdt-machinery.com\/hr\/wp-json\/wp\/v2\/media?parent=4436"}],"wp:term":[{"taxonomy":"product_brand","embeddable":true,"href":"https:\/\/kdt-machinery.com\/hr\/wp-json\/wp\/v2\/product_brand?post=4436"},{"taxonomy":"product_cat","embeddable":true,"href":"https:\/\/kdt-machinery.com\/hr\/wp-json\/wp\/v2\/product_cat?post=4436"},{"taxonomy":"product_tag","embeddable":true,"href":"https:\/\/kdt-machinery.com\/hr\/wp-json\/wp\/v2\/product_tag?post=4436"}],"curies":[{"name":"wp","href":"https:\/\/api.w.org\/{rel}","templated":true}]}}