{"id":5594,"date":"2026-02-20T07:04:43","date_gmt":"2026-02-20T07:04:43","guid":{"rendered":"https:\/\/kdt-machinery.com\/izdelek\/kanterica-kdt-526g\/"},"modified":"2026-02-20T12:22:52","modified_gmt":"2026-02-20T12:22:52","slug":"kanterica-kdt-526g","status":"publish","type":"product","link":"https:\/\/kdt-machinery.com\/hr\/proizvod\/kanterica-kdt-526g\/","title":{"rendered":"Kanterica KE-KDT 526G"},"content":{"rendered":"<p><strong>Kanterica KE-KDT 526G<\/strong><\/p>\n<p><strong>Namjena:<\/strong> Visokobrzinski automatski proto\u010dni rubni stroj KE-526G namijenjen je istodobnoj obradi ravnih rubova plo\u010da namje\u0161taja sa sinteti\u010dkom rubnom trakom iz role.<\/p>\n<hr \/>\n<h2>Sastavni sklopovi stroja<\/h2>\n<ul>\n<li>Predglodalna jedinica<\/li>\n<li>Stezna jedinica<\/li>\n<li>Lijepljenje i pritisak<\/li>\n<li>Prva glodalna jedinica za uklanjanje prevjesa<\/li>\n<li>Druga glodalna jedinica za uklanjanje prevjesa<\/li>\n<li>Konturna (radius) jedinica<\/li>\n<li>Prvi struga\u010di s radijskim no\u017eevima<\/li>\n<li>Drugi struga\u010di s radijskim no\u017eevima<\/li>\n<li>Struga\u010d s ravnim no\u017eevima<\/li>\n<li>Prva polirna jedinica<\/li>\n<li>Druga polirna jedinica<\/li>\n<\/ul>\n<hr \/>\n<h2>Posebne zna\u010dajke<\/h2>\n<ul>\n<li>Brzina posmaka: 22\u201330 m\/min<\/li>\n<li>Dvije gornje posude za ljepilo: EVA i PUR<\/li>\n<li>Magazin za rubove: 6+6 pozicija sa servo pogonom<\/li>\n<li>Pneumatsko pode\u0161avanje debljine ruba s upravlja\u010dke plo\u010de<\/li>\n<li>Pritisna traka umjesto valjaka za precizno vo\u0111enje obratka<\/li>\n<li>Horizontalna odrezna jedinica<\/li>\n<li>Konturna jedinica s 4 motora<\/li>\n<li>Skupina sa 7 pritisnih valjaka i struga\u010da<\/li>\n<li>Upravljanje: zaslon na dodir (Windows)<\/li>\n<li>Dodatni pritisni valjci<\/li>\n<li>Beskontaktni nadzor radnih jedinica<\/li>\n<li>Programiranje tehnolo\u0161kih pauza zagrijavanja ljepila<\/li>\n<li>Visokoprecizni broja\u010di<\/li>\n<li>Automatsko pode\u0161avanje mosta putem enkodera<\/li>\n<li>Digitalni broja\u010d na vodilici za predglodanje<\/li>\n<li>Frekvencijski pretvara\u010d na svakoj jedinici<\/li>\n<li>Predgrijavaju\u0107a lampa za rub obratka<\/li>\n<li>Rasvjeta za\u0161titne kabine<\/li>\n<li>Sigurnosni prekida\u010di na vratima kabine<\/li>\n<li>Potisna \u0161ipka protiv o\u0161te\u0107enja<\/li>\n<li>Pneumatska zavjesa protiv zaprljanja ljepilnog valjka<\/li>\n<li>Pode\u0161avanje prevjesa s kontrolne plo\u010de<\/li>\n<li>CE izvedba<\/li>\n<\/ul>\n<hr \/>\n<h2>Jedinice za nano\u0161enje teku\u0107ina<\/h2>\n<ul>\n<li><strong>Razdjelna teku\u0107ina<\/strong> \u2013 2 mlaznice prije predglodalne jedinice, sprje\u010dava prianjanje iscurelog ljepila.<\/li>\n<li><strong>Polirna teku\u0107ina<\/strong> \u2013 2 mlaznice prije polirne jedinice, uklanja ostatke ljepila i daje sjaj.<\/li>\n<\/ul>\n<hr \/>\n<h2>Konstrukcijske prednosti<\/h2>\n<p><strong>Postolje stroja:<\/strong> Kruta kutijasta konstrukcija s oja\u010danjima osigurava stabilnost i preciznost.<\/p>\n<p><strong>Upravlja\u010dka plo\u010da:<\/strong> Industrijsko ra\u010dunalo s Windows sustavom i zaslonom na dodir.<\/p>\n<p><strong>Tehnolo\u0161ke pauze:<\/strong> Programabilni ciklusi zagrijavanja ljepila.<\/p>\n<p><strong>Magazin za rubove:<\/strong> Servo pogon, automatska izmjena rubova, manja potro\u0161nja materijala.<\/p>\n<p><strong>Predglodalna jedinica:<\/strong> Dva HF motora, dijamantni alati (40\/65 mm), uklanjaju stepenice i strugotine.<\/p>\n<p><strong>Predgrijavanje:<\/strong> Bolje prianjanje ruba.<\/p>\n<p><strong>Pritisna jedinica:<\/strong> 7 valjaka sa struga\u010dima, pneumatski pogon.<\/p>\n<p><strong>Posude za ljepilo:<\/strong> EVA s predtali\u0161tem 5 l; PUR u zatvorenoj komori. Vrijeme zagrijavanja EVA: 15 min.<\/p>\n<p><strong>Punjenje ljepila:<\/strong> Automatski pneumatski transport granula iz spremnika 12,5 kg.<\/p>\n<p><strong>Odrezna jedinica:<\/strong> Horizontalni odrez, automatsko pode\u0161avanje kuta.<\/p>\n<p><strong>Glodalne jedinice:<\/strong> Dijamantni alati, prate\u0107i valjci, R2 + R1, prebacivanje debljine s panela.<\/p>\n<p><strong>Konturna jedinica:<\/strong> 4 motora, dijamantni no\u017eevi, stabilan rad pri 30 m\/min.<\/p>\n<p><strong>Struga\u010di:<\/strong> R2 i R1 uklanjaju valovitost; ravni struga\u010d \u010disti spoj ljepila.<\/p>\n<p><strong>Polirne jedinice:<\/strong> Pneumatska oscilacija i nano\u0161enje polirne teku\u0107ine.<\/p>\n<p><strong>Broja\u010di:<\/strong> Visoka ponovljivost pode\u0161avanja.<\/p>\n<p><strong>Pritisna traka:<\/strong> \u010celi\u010dna nosiva greda s V-trakom.<\/p>\n<p><strong>Dodatni valjci:<\/strong> Bolja stabilizacija obratka.<\/p>\n<p><strong>Enkoder:<\/strong> Automatsko pode\u0161avanje mosta prema debljini obratka.<\/p>\n<p><strong>Automatsko podmazivanje:<\/strong> Centralno podmazivanje vodilica odrezne jedinice.<\/p>\n<p><strong>Elektri\u010dni dijelovi:<\/strong> U skladu s CE standardima.<br \/>\n<iframe loading=\"lazy\" title=\"YouTube video player\" src=\"https:\/\/www.youtube.com\/embed\/U2I0mqi24eI?si=Z409p5apZWfVTSaY\" width=\"560\" height=\"315\" frameborder=\"0\" allowfullscreen=\"allowfullscreen\"><\/iframe><\/p>\n","protected":false},"excerpt":{"rendered":"<p><strong>Rubna ljeplilica KDT KE-526G<\/strong> je visokobrzinski proto\u010dni rubni stroj, konstruiran za preciznu i pouzdanu obradu rubova pri brzini do 30 m\/min. Opremljen je s dvije posude za ljepilo (EVA i PUR), servo magazinom 6+6, konturnom jedinicom s 4 motora te naprednim upravljanjem putem zaslona na dodir, \u0161to osigurava vrhunsku kvalitetu i visoku produktivnost.<\/p>\n","protected":false},"featured_media":5467,"comment_status":"closed","ping_status":"closed","template":"","meta":{"_acf_changed":false},"product_brand":[],"product_cat":[54],"product_tag":[],"class_list":{"0":"post-5594","1":"product","2":"type-product","3":"status-publish","4":"has-post-thumbnail","6":"product_cat-kanterice","8":"first","9":"instock","10":"shipping-taxable","11":"product-type-simple"},"acf":[],"_links":{"self":[{"href":"https:\/\/kdt-machinery.com\/hr\/wp-json\/wp\/v2\/product\/5594","targetHints":{"allow":["GET"]}}],"collection":[{"href":"https:\/\/kdt-machinery.com\/hr\/wp-json\/wp\/v2\/product"}],"about":[{"href":"https:\/\/kdt-machinery.com\/hr\/wp-json\/wp\/v2\/types\/product"}],"replies":[{"embeddable":true,"href":"https:\/\/kdt-machinery.com\/hr\/wp-json\/wp\/v2\/comments?post=5594"}],"wp:featuredmedia":[{"embeddable":true,"href":"https:\/\/kdt-machinery.com\/hr\/wp-json\/wp\/v2\/media\/5467"}],"wp:attachment":[{"href":"https:\/\/kdt-machinery.com\/hr\/wp-json\/wp\/v2\/media?parent=5594"}],"wp:term":[{"taxonomy":"product_brand","embeddable":true,"href":"https:\/\/kdt-machinery.com\/hr\/wp-json\/wp\/v2\/product_brand?post=5594"},{"taxonomy":"product_cat","embeddable":true,"href":"https:\/\/kdt-machinery.com\/hr\/wp-json\/wp\/v2\/product_cat?post=5594"},{"taxonomy":"product_tag","embeddable":true,"href":"https:\/\/kdt-machinery.com\/hr\/wp-json\/wp\/v2\/product_tag?post=5594"}],"curies":[{"name":"wp","href":"https:\/\/api.w.org\/{rel}","templated":true}]}}