{"id":6270,"date":"2026-04-14T10:44:24","date_gmt":"2026-04-14T10:44:24","guid":{"rendered":"https:\/\/kdt-machinery.com\/izdelek\/kdt-305mt-nova-generacija-krivolinijskih-rubnih-kanterica\/"},"modified":"2026-04-16T07:33:16","modified_gmt":"2026-04-16T07:33:16","slug":"kdt-305mt-nova-generacija-krivolinijskih-rubnih-kanterica","status":"publish","type":"product","link":"https:\/\/kdt-machinery.com\/hr\/proizvod\/kdt-305mt-nova-generacija-krivolinijskih-rubnih-kanterica\/","title":{"rendered":"KDT-305MT \u2013 nova generacija krivolinijskih kanterica"},"content":{"rendered":"<p data-start=\"126\" data-end=\"315\">KDT razumije potrebe kupaca i donosi vrhunska rje\u0161enja s novom kantericom za obradu neravnih rubova KDT-305MT. Posebno je prikladna za primjenu kod kutnih polica, ovalnih stolova i plo\u010da.<\/p>\n<p data-start=\"317\" data-end=\"479\">Kompaktna izvedba, u\u0161teda prostora i prilagodljiva rotiraju\u0107a ruka omogu\u0107uju jednostavno rukovanje trakama kod okruglih, ovalnih i zaobljenih pravokutnih plo\u010da.<\/p>\n<p data-start=\"481\" data-end=\"555\">Rezultat? Savr\u0161ena estetika koja svaki komad namje\u0161taja pretvara u unikat!<\/p>\n<hr data-start=\"557\" data-end=\"560\" \/>\n<p data-start=\"562\" data-end=\"612\"><strong data-start=\"562\" data-end=\"612\">Preciznost i automatizacija na najvi\u0161oj razini<\/strong><\/p>\n<p data-start=\"614\" data-end=\"734\">KDT-305MT opremljena je naprednim laserskim senzorom koji automatski detektira preostalu duljinu plo\u010de za obradu ruba.<\/p>\n<p data-start=\"736\" data-end=\"855\">S tolerancijom od samo \u00b10,3 mm (za ravne rubove do duljine 400 mm) osigurava iznimno precizno i besprijekorno spajanje.<\/p>\n<hr data-start=\"857\" data-end=\"860\" \/>\n<p data-start=\"862\" data-end=\"912\"><strong data-start=\"862\" data-end=\"912\">U\u010dinkovitost, stabilnost i jednostavna uporaba<\/strong><\/p>\n<p data-start=\"914\" data-end=\"1275\">Sna\u017eno vakuumsko prihvatno postolje osigurava stabilno dr\u017eanje plo\u010de za glatko i precizno lijepljenje.<br data-start=\"1016\" data-end=\"1019\" \/>No\u017ena pedala omogu\u0107uje jednostavnu aktivaciju prihvata i uvla\u010denja trake.<br data-start=\"1092\" data-end=\"1095\" \/>Automatsko uvla\u010denje plo\u010da prilago\u0111ava se razli\u010ditim debljinama, \u0161to pove\u0107ava u\u010dinkovitost.<br data-start=\"1186\" data-end=\"1189\" \/>Dvostupanjsko pre\u0161anje nakon lijepljenja osigurava \u010dvrsto prianjanje trake na obradak.<\/p>\n<hr data-start=\"1277\" data-end=\"1280\" \/>\n<p data-start=\"1282\" data-end=\"1327\"><strong data-start=\"1282\" data-end=\"1327\">Pametna tehnologija za savr\u0161ene rezultate<\/strong><\/p>\n<p data-start=\"1329\" data-end=\"1751\">Intuitivno korisni\u010dko su\u010delje omogu\u0107uje brzu i jednostavnu postavu stroja.<br data-start=\"1403\" data-end=\"1406\" \/>Automatsko prilago\u0111avanje debljini plo\u010de osigurava fleksibilnost u radu.<br data-start=\"1478\" data-end=\"1481\" \/>Istodobno gornje i donje obrezivanje omogu\u0107uje besprijekornu zavr\u0161nu obradu u jednom prolazu.<br data-start=\"1574\" data-end=\"1577\" \/>Inovativna ljepilna posuda omogu\u0107uje uporabu EVA i PUR ljepila.<br data-start=\"1640\" data-end=\"1643\" \/>Ljepilna posuda identi\u010dna je onoj na ostalim KDT kantericama \u2013 prednost: ista posuda na svim KDT strojevima.<\/p>\n<hr data-start=\"1753\" data-end=\"1756\" \/>\n<p data-start=\"1758\" data-end=\"1784\"><strong data-start=\"1758\" data-end=\"1784\">Tehni\u010dke specifikacije<\/strong><\/p>\n<p data-start=\"1786\" data-end=\"1892\">\u0160irina trake: 14\u201370 mm<br data-start=\"1808\" data-end=\"1811\" \/>Debljina trake: 0,4\u20133 mm<br data-start=\"1835\" data-end=\"1838\" \/>Brzina kantiranja: 0\u201318 m\/min<br data-start=\"1867\" data-end=\"1870\" \/>Minimalni radij: R20<\/p>\n","protected":false},"excerpt":{"rendered":"<p><strong>KDT-305MT<\/strong>&nbsp;je pametna&nbsp;<strong>krivolinijska kanterica<\/strong>, koja naprednom tehnologijom, precizno\u0161\u0107u i jednostavnom uporabom omogu\u0107uje vrhunsku obradu neravnih rubova na okruglim, ovalnim i zaobljenim plo\u010dama. Kompaktna konstrukcija, automatizacija i inovativna rje\u0161enja osiguravaju da svaki komad namje\u0161taja zasja u potpunoj estetici \u2013 pouzdano, u\u010dinkovito i bez kompromisa.<\/p>\n","protected":false},"featured_media":6250,"comment_status":"closed","ping_status":"closed","template":"","meta":{"_acf_changed":false},"product_brand":[],"product_cat":[54],"product_tag":[],"class_list":{"0":"post-6270","1":"product","2":"type-product","3":"status-publish","4":"has-post-thumbnail","6":"product_cat-kanterice","8":"first","9":"instock","10":"shipping-taxable","11":"product-type-simple"},"acf":[],"_links":{"self":[{"href":"https:\/\/kdt-machinery.com\/hr\/wp-json\/wp\/v2\/product\/6270","targetHints":{"allow":["GET"]}}],"collection":[{"href":"https:\/\/kdt-machinery.com\/hr\/wp-json\/wp\/v2\/product"}],"about":[{"href":"https:\/\/kdt-machinery.com\/hr\/wp-json\/wp\/v2\/types\/product"}],"replies":[{"embeddable":true,"href":"https:\/\/kdt-machinery.com\/hr\/wp-json\/wp\/v2\/comments?post=6270"}],"wp:featuredmedia":[{"embeddable":true,"href":"https:\/\/kdt-machinery.com\/hr\/wp-json\/wp\/v2\/media\/6250"}],"wp:attachment":[{"href":"https:\/\/kdt-machinery.com\/hr\/wp-json\/wp\/v2\/media?parent=6270"}],"wp:term":[{"taxonomy":"product_brand","embeddable":true,"href":"https:\/\/kdt-machinery.com\/hr\/wp-json\/wp\/v2\/product_brand?post=6270"},{"taxonomy":"product_cat","embeddable":true,"href":"https:\/\/kdt-machinery.com\/hr\/wp-json\/wp\/v2\/product_cat?post=6270"},{"taxonomy":"product_tag","embeddable":true,"href":"https:\/\/kdt-machinery.com\/hr\/wp-json\/wp\/v2\/product_tag?post=6270"}],"curies":[{"name":"wp","href":"https:\/\/api.w.org\/{rel}","templated":true}]}}