{"id":6394,"date":"2026-02-23T13:35:20","date_gmt":"2026-02-23T13:35:20","guid":{"rendered":"https:\/\/kdt-machinery.com\/izdelek\/kanterica-kdt-ke-712\/"},"modified":"2026-04-20T07:47:50","modified_gmt":"2026-04-20T07:47:50","slug":"kanterica-kdt-ke-712","status":"publish","type":"product","link":"https:\/\/kdt-machinery.com\/hr\/proizvod\/kanterica-kdt-ke-712\/","title":{"rendered":"Kanterica KDT KE-712"},"content":{"rendered":"<p data-start=\"93\" data-end=\"138\"><strong data-start=\"93\" data-end=\"138\">Kanterica KDT KE-712 (nadogradnja KE-710)<\/strong><\/p>\n<p data-start=\"140\" data-end=\"428\">Kompaktan dizajn duljine 6,2 m omogu\u0107uje kori\u0161tenje stroja kako u ve\u0107im proizvodnim pogonima, tako i u manjim radionicama. Robusna konstrukcija i vrhunske komponente osiguravaju visoku produktivnost, pouzdan rad i mogu\u0107nost neprekidnog rada (24\/7), uz zadr\u017eavanje visoke kvalitete obrade.<\/p>\n<p data-start=\"430\" data-end=\"784\">Pri izradi KDT koristi najsuvremenije tehnologije, kao \u0161to su robotsko zavarivanje, visokokvalitetni materijali, umjetno starenje konstrukcije radi uklanjanja unutarnjih naprezanja te precizna CNC obrada. Monolitna i kruta konstrukcija, razvijena naprednim 3D alatima, omogu\u0107uje iznimnu stabilnost i stalnu preciznost bez potrebe za \u010destim pode\u0161avanjima.<\/p>\n<p data-start=\"786\" data-end=\"1049\">Napredni sustav lijepljenja omogu\u0107uje jednostavnu upotrebu EVA i PUR ljepila. Lonac za ljepilo s dodatnom komorom za skladi\u0161tenje, odr\u017eavanje i predgrijavanje omogu\u0107uje brzu izmjenu ljepila (2\u20133 minute), bez gubitka vremena i uz kori\u0161tenje uvijek svje\u017eeg ljepila.<\/p>\n<p data-start=\"1051\" data-end=\"1316\">Za savr\u0161en zavr\u0161ni izgled pri razli\u010ditim debljinama materijala brinu precizni servo pomaci i mogu\u0107nost izbora izme\u0111u dva radijusa, s to\u010dno\u0161\u0107u do 0,01 mm. Postavke se mogu spremiti i ponovno koristiti, \u0161to zna\u010dajno skra\u0107uje vrijeme pripreme i pove\u0107ava produktivnost.<\/p>\n<p data-start=\"1318\" data-end=\"1470\">Kao opcija dostupan je pogonski remen, posebno prikladan za obradu osjetljivih povr\u0161ina jer smanjuje kontakt i mogu\u0107nost nakupljanja pra\u0161ine na obratku.<\/p>\n<p data-start=\"1472\" data-end=\"1554\">Stroj je standardno opremljen ve\u0107im priklju\u010dcima za u\u010dinkovito usisavanje pra\u0161ine.<\/p>\n<p data-start=\"1556\" data-end=\"1704\">Za optimalne rezultate koristi se nano\u0161enje sredstva za odvajanje i \u010di\u0161\u0107enje, koje sprje\u010dava lijepljenje ljepila te pobolj\u0161ava rad strugala i \u010detki.<\/p>\n<p data-start=\"1706\" data-end=\"1908\">Dvostruki rondomatski agregat s dva visokofrekventna motora i pneumatskim pode\u0161avanjem omogu\u0107uje obradu \u010detiri razli\u010dita profila te osigurava savr\u0161eno zaobljavanje rubova bez potrebe za ru\u010dnim doradama.<\/p>\n<p data-start=\"1910\" data-end=\"2074\">Veliki kopirni kota\u010di, stabilno vo\u0111enje obratka i u\u010dinkovito uklanjanje pra\u0161ine omogu\u0107uju vrhunske rezultate koji nadma\u0161uju ve\u0107inu usporedivih kanterica na tr\u017ei\u0161tu.<\/p>\n<hr data-start=\"2076\" data-end=\"2079\">\n<h2 data-section-id=\"1pwpzqi\" data-start=\"2081\" data-end=\"2109\">Novosti kod modela KE-712<\/h2>\n<ul data-start=\"2110\" data-end=\"2247\">\n<li data-section-id=\"14i5w19\" data-start=\"2110\" data-end=\"2168\">Obrada uskih komada minimalnih dimenzija <strong data-start=\"2153\" data-end=\"2168\">300 \u00d7 40 mm<\/strong><\/li>\n<li data-section-id=\"1j3zogf\" data-start=\"2169\" data-end=\"2214\">Servo motor na rondomatu za ve\u0107u preciznost<\/li>\n<li data-section-id=\"1cthi2a\" data-start=\"2215\" data-end=\"2247\">Automatsko zaobljavanje rubova<\/li>\n<\/ul>\n<hr data-start=\"2249\" data-end=\"2252\">\n<h2 data-section-id=\"gswjxg\" data-start=\"2254\" data-end=\"2272\">Tehni\u010dki podaci<\/h2>\n<ul data-start=\"2273\" data-end=\"2435\" data-is-last-node=\"\" data-is-only-node=\"\">\n<li data-section-id=\"1ka2x32\" data-start=\"2273\" data-end=\"2305\">Brzina pomaka: <strong data-start=\"2290\" data-end=\"2305\">15\u201324 m\/min<\/strong><\/li>\n<li data-section-id=\"1l111fp\" data-start=\"2306\" data-end=\"2338\">Debljina obratka: <strong data-start=\"2326\" data-end=\"2338\">10\u201360 mm<\/strong><\/li>\n<li data-section-id=\"gcqtpi\" data-start=\"2339\" data-end=\"2368\">Priklju\u010dna snaga: <strong data-start=\"2359\" data-end=\"2368\">21 kW<\/strong><\/li>\n<li data-section-id=\"lx0iyr\" data-start=\"2369\" data-end=\"2413\">Dimenzije stroja: <strong data-start=\"2389\" data-end=\"2413\">6200 \u00d7 940 \u00d7 1960 mm<\/strong><\/li>\n<li data-section-id=\"1vb5jcj\" data-start=\"2414\" data-end=\"2435\" data-is-last-node=\"\">Te\u017eina: <strong data-start=\"2424\" data-end=\"2435\" data-is-last-node=\"\">2600 kg<\/strong><\/li>\n<\/ul>\n","protected":false},"excerpt":{"rendered":"<p><strong>Kanterica KDT KE-712 predstavlja unaprije\u0111enu verziju najprodavanijeg modela na europskom tr\u017ei\u0161tu, koja objedinjuje odli\u010dan omjer pouzdanosti, kompaktnosti, produktivnosti i pristupa\u010dnosti. Njeno odr\u017eavanje je jednostavno i ekonomi\u010dno.<\/strong><\/p>\n<p>Kompletna konfiguracija s dva razli\u010dita radijusa i servo pomacima. <strong>Brzina do 15\u201324 m\/min!<\/strong><\/p>\n","protected":false},"featured_media":5672,"comment_status":"closed","ping_status":"closed","template":"","meta":{"_acf_changed":false},"product_brand":[],"product_cat":[54],"product_tag":[],"class_list":{"0":"post-6394","1":"product","2":"type-product","3":"status-publish","4":"has-post-thumbnail","6":"product_cat-kanterice","8":"first","9":"instock","10":"shipping-taxable","11":"product-type-simple"},"acf":[],"_links":{"self":[{"href":"https:\/\/kdt-machinery.com\/hr\/wp-json\/wp\/v2\/product\/6394","targetHints":{"allow":["GET"]}}],"collection":[{"href":"https:\/\/kdt-machinery.com\/hr\/wp-json\/wp\/v2\/product"}],"about":[{"href":"https:\/\/kdt-machinery.com\/hr\/wp-json\/wp\/v2\/types\/product"}],"replies":[{"embeddable":true,"href":"https:\/\/kdt-machinery.com\/hr\/wp-json\/wp\/v2\/comments?post=6394"}],"wp:featuredmedia":[{"embeddable":true,"href":"https:\/\/kdt-machinery.com\/hr\/wp-json\/wp\/v2\/media\/5672"}],"wp:attachment":[{"href":"https:\/\/kdt-machinery.com\/hr\/wp-json\/wp\/v2\/media?parent=6394"}],"wp:term":[{"taxonomy":"product_brand","embeddable":true,"href":"https:\/\/kdt-machinery.com\/hr\/wp-json\/wp\/v2\/product_brand?post=6394"},{"taxonomy":"product_cat","embeddable":true,"href":"https:\/\/kdt-machinery.com\/hr\/wp-json\/wp\/v2\/product_cat?post=6394"},{"taxonomy":"product_tag","embeddable":true,"href":"https:\/\/kdt-machinery.com\/hr\/wp-json\/wp\/v2\/product_tag?post=6394"}],"curies":[{"name":"wp","href":"https:\/\/api.w.org\/{rel}","templated":true}]}}